{"id":2330,"date":"2015-11-06T13:31:20","date_gmt":"2015-11-06T12:31:20","guid":{"rendered":"http:\/\/agora.xtec.cat\/escoladelparc\/?page_id=2330"},"modified":"2024-12-12T00:08:38","modified_gmt":"2024-12-11T23:08:38","slug":"introduccio","status":"publish","type":"page","link":"https:\/\/agora.xtec.cat\/escoladelparc\/historia\/introduccio\/","title":{"rendered":"Introducci\u00f3"},"content":{"rendered":"<p><img loading=\"lazy\" decoding=\"async\" class=\"alignnone\" src=\"https:\/\/lh4.googleusercontent.com\/-oKE9zJScLxc\/VNM8w0_FKMI\/AAAAAAAAHyA\/aIJT2A0x3X4\/w767-h494-no\/escola%2Bantiga.jpg\" alt=\"\" width=\"767\" height=\"494\" \/><br \/>\nL&#8217;Escola del Parc \u00e9s resultat d&#8217;una llarga hist\u00f2ria, que comen\u00e7a en els anys 30, del segle XX.<\/p>\n<p>Una instituci\u00f3 amb vuitanta anys d&#8217;hist\u00f2ria, reflexa els canvis i convulsions pol\u00edtiques d&#8217;aquest Estat (II\u00aa Rep\u00fablica, Guerra Civil, Franquisme, Monarquia Parlamentaria), les tend\u00e8ncies art\u00edstiques, la cultura oficial i la cultura popular d&#8217;aquest llarg per\u00edode. Els diferents noms de l&#8217;escola s\u00f3n l&#8217;exemple.<\/p>\n<p>Els esfor\u00e7os de gesti\u00f3 i econ\u00f2mics, que van suposar els diferents edificis que van ser seu de l&#8217;escola, s\u00f3n una bona mostra de la voluntat d&#8217;un poble, El Prat, perqu\u00e8 l&#8217;acc\u00e9s a l&#8217;educaci\u00f3 de qualitat sigui un dret democr\u00e0tic per a tothom.<\/p>\n<p><img loading=\"lazy\" decoding=\"async\" class=\"alignnone\" src=\"https:\/\/lh4.googleusercontent.com\/-k4HQRl5yG5U\/VNM8w93Xr5I\/AAAAAAAAHx0\/K0Q-JIO1YTg\/w640-h425-no\/escola%2Bnova.jpg\" alt=\"\" width=\"640\" height=\"425\" \/><\/p>\n<p>Avui \u00e9s una escola amb unes instal\u00b7lacions modernes, funcionals, de l\u00ednies pures i lluminositat, constru\u00efda amb estrictes criteris de respecte mediambiental.<\/p>\n<p><img loading=\"lazy\" decoding=\"async\" class=\"alignnone\" src=\"https:\/\/lh5.googleusercontent.com\/-T1SfM7oBcII\/VNM8w3NNJTI\/AAAAAAAAHx8\/fU2P3R5xck4\/w800-h374-no\/escola%2Bnova%2B2.jpg\" alt=\"\" width=\"800\" height=\"374\" \/><\/p>\n<p>De cada \u00e8poca de l&#8217;escola hi ha documentaci\u00f3 hist\u00f2rica, de l&#8217;Arxiu Municipal del Prat i fotografies, cedides pel propietari dels drets, per a aquest recull hist\u00f2ric.<\/p>\n<p>&nbsp;<\/p>\n","protected":false},"excerpt":{"rendered":"<p>L&#8217;Escola del Parc \u00e9s resultat d&#8217;una llarga hist\u00f2ria, que comen\u00e7a en els anys 30, del segle XX. Una instituci\u00f3 amb vuitanta anys d&#8217;hist\u00f2ria, reflexa els canvis i convulsions pol\u00edtiques d&#8217;aquest Estat (II\u00aa Rep\u00fablica, Guerra Civil, Franquisme, Monarquia Parlamentaria), les tend\u00e8ncies art\u00edstiques, la cultura oficial i la cultura popular d&#8217;aquest llarg per\u00edode. Els diferents noms de [&hellip;]<\/p>\n","protected":false},"author":1,"featured_media":0,"parent":26,"menu_order":0,"comment_status":"closed","ping_status":"closed","template":"","meta":{"_bbp_topic_count":0,"_bbp_reply_count":0,"_bbp_total_topic_count":0,"_bbp_total_reply_count":0,"_bbp_voice_count":0,"_bbp_anonymous_reply_count":0,"_bbp_topic_count_hidden":0,"_bbp_reply_count_hidden":0,"_bbp_forum_subforum_count":0,"site-sidebar-layout":"default","site-content-layout":"","ast-site-content-layout":"","site-content-style":"default","site-sidebar-style":"default","ast-global-header-display":"","ast-banner-title-visibility":"","ast-main-header-display":"","ast-hfb-above-header-display":"","ast-hfb-below-header-display":"","ast-hfb-mobile-header-display":"","site-post-title":"","ast-breadcrumbs-content":"","ast-featured-img":"","footer-sml-layout":"","theme-transparent-header-meta":"","adv-header-id-meta":"","stick-header-meta":"","header-above-stick-meta":"","header-main-stick-meta":"","header-below-stick-meta":"","astra-migrate-meta-layouts":"default","ast-page-background-enabled":"default","ast-page-background-meta":{"desktop":{"background-color":"var(--ast-global-color-4)","background-image":"","background-repeat":"repeat","background-position":"center center","background-size":"auto","background-attachment":"scroll","background-type":"","background-media":"","overlay-type":"","overlay-color":"","overlay-opacity":"","overlay-gradient":""},"tablet":{"background-color":"","background-image":"","background-repeat":"repeat","background-position":"center center","background-size":"auto","background-attachment":"scroll","background-type":"","background-media":"","overlay-type":"","overlay-color":"","overlay-opacity":"","overlay-gradient":""},"mobile":{"background-color":"","background-image":"","background-repeat":"repeat","background-position":"center center","background-size":"auto","background-attachment":"scroll","background-type":"","background-media":"","overlay-type":"","overlay-color":"","overlay-opacity":"","overlay-gradient":""}},"ast-content-background-meta":{"desktop":{"background-color":"var(--ast-global-color-5)","background-image":"","background-repeat":"repeat","background-position":"center center","background-size":"auto","background-attachment":"scroll","background-type":"","background-media":"","overlay-type":"","overlay-color":"","overlay-opacity":"","overlay-gradient":""},"tablet":{"background-color":"var(--ast-global-color-5)","background-image":"","background-repeat":"repeat","background-position":"center center","background-size":"auto","background-attachment":"scroll","background-type":"","background-media":"","overlay-type":"","overlay-color":"","overlay-opacity":"","overlay-gradient":""},"mobile":{"background-color":"var(--ast-global-color-5)","background-image":"","background-repeat":"repeat","background-position":"center center","background-size":"auto","background-attachment":"scroll","background-type":"","background-media":"","overlay-type":"","overlay-color":"","overlay-opacity":"","overlay-gradient":""}},"footnotes":""},"class_list":["post-2330","page","type-page","status-publish","hentry"],"post_mailing_queue_ids":[],"_links":{"self":[{"href":"https:\/\/agora.xtec.cat\/escoladelparc\/wp-json\/wp\/v2\/pages\/2330","targetHints":{"allow":["GET"]}}],"collection":[{"href":"https:\/\/agora.xtec.cat\/escoladelparc\/wp-json\/wp\/v2\/pages"}],"about":[{"href":"https:\/\/agora.xtec.cat\/escoladelparc\/wp-json\/wp\/v2\/types\/page"}],"author":[{"embeddable":true,"href":"https:\/\/agora.xtec.cat\/escoladelparc\/wp-json\/wp\/v2\/users\/1"}],"replies":[{"embeddable":true,"href":"https:\/\/agora.xtec.cat\/escoladelparc\/wp-json\/wp\/v2\/comments?post=2330"}],"version-history":[{"count":4,"href":"https:\/\/agora.xtec.cat\/escoladelparc\/wp-json\/wp\/v2\/pages\/2330\/revisions"}],"predecessor-version":[{"id":13811,"href":"https:\/\/agora.xtec.cat\/escoladelparc\/wp-json\/wp\/v2\/pages\/2330\/revisions\/13811"}],"up":[{"embeddable":true,"href":"https:\/\/agora.xtec.cat\/escoladelparc\/wp-json\/wp\/v2\/pages\/26"}],"wp:attachment":[{"href":"https:\/\/agora.xtec.cat\/escoladelparc\/wp-json\/wp\/v2\/media?parent=2330"}],"curies":[{"name":"wp","href":"https:\/\/api.w.org\/{rel}","templated":true}]}}