{"id":2311,"date":"2015-11-06T11:00:43","date_gmt":"2015-11-06T10:00:43","guid":{"rendered":"http:\/\/agora.xtec.cat\/escoladelparc\/?page_id=2311"},"modified":"2026-02-03T00:19:22","modified_gmt":"2026-02-02T23:19:22","slug":"objectius-educatius","status":"publish","type":"page","link":"https:\/\/agora.xtec.cat\/escoladelparc\/projecte-educatiu\/objectius-educatius\/","title":{"rendered":"Grans Objectius"},"content":{"rendered":"\n<p class=\"has-text-align-center has-ast-global-color-0-background-color has-background\"><strong>Objectius del Projecte Educatiu de Centre _PEC<\/strong><\/p>\n\n\n\n<h3 class=\"wp-block-heading\">Objectiu 1<\/h3>\n\n\n\n<p><strong>Garantir una educaci\u00f3 inclusiva, equitativa i de qualitat<\/strong>, que asseguri el desenvolupament integral de tot l\u2019alumnat, respectant els diferents ritmes, capacitats i necessitats.<\/p>\n\n\n\n<h3 class=\"wp-block-heading\">Objectiu 2<\/h3>\n\n\n\n<p><strong>Promoure un aprenentatge competencial, significatiu i actiu<\/strong>, mitjan\u00e7ant metodologies que fomentin l\u2019autonomia, el pensament cr\u00edtic, la cooperaci\u00f3 i la connexi\u00f3 amb la realitat.<\/p>\n\n\n\n<h3 class=\"wp-block-heading\">Objectiu 3<\/h3>\n\n\n\n<p><strong>Potenciar la compet\u00e8ncia comunicativa i ling\u00fc\u00edstica<\/strong>, amb una mirada integral de les lleng\u00fces, afavorint l\u2019expressi\u00f3 oral, la lectura, l\u2019escriptura i la comunicaci\u00f3 en contextos diversos.<\/p>\n\n\n\n<h3 class=\"wp-block-heading\">Objectiu 4<\/h3>\n\n\n\n<p><strong>Afavorir el benestar emocional i la conviv\u00e8ncia positiva<\/strong>, educant en la gesti\u00f3 de les emocions, la comunicaci\u00f3 respectuosa i la provenci\u00f3 del conflicte com a base del clima de centre.<\/p>\n\n\n\n<h3 class=\"wp-block-heading\">Objectiu 5<\/h3>\n\n\n\n<p><strong>Impulsar una educaci\u00f3 compromesa amb la sostenibilitat, l\u2019entorn i els valors socials<\/strong>, fomentant actituds responsables, cr\u00edtiques i respectuoses amb el medi i la comunitat.<\/p>\n\n\n\n<h3 class=\"wp-block-heading\">Objectiu 6<\/h3>\n\n\n\n<p><strong>Enfortir la participaci\u00f3 i la millora cont\u00ednua del centre<\/strong>, promovent la implicaci\u00f3 de la comunitat educativa, la compet\u00e8ncia digital i la coher\u00e8ncia entre PEC, PdD i pr\u00e0ctica educativa.<\/p>\n","protected":false},"excerpt":{"rendered":"<p>Objectius del Projecte Educatiu de Centre _PEC Objectiu 1 Garantir una educaci\u00f3 inclusiva, equitativa i de qualitat, que asseguri el desenvolupament integral de tot l\u2019alumnat, respectant els diferents ritmes, capacitats i necessitats. Objectiu 2 Promoure un aprenentatge competencial, significatiu i actiu, mitjan\u00e7ant metodologies que fomentin l\u2019autonomia, el pensament cr\u00edtic, la cooperaci\u00f3 i la connexi\u00f3 amb [&hellip;]<\/p>\n","protected":false},"author":1,"featured_media":0,"parent":1866,"menu_order":0,"comment_status":"closed","ping_status":"closed","template":"","meta":{"_bbp_topic_count":0,"_bbp_reply_count":0,"_bbp_total_topic_count":0,"_bbp_total_reply_count":0,"_bbp_voice_count":0,"_bbp_anonymous_reply_count":0,"_bbp_topic_count_hidden":0,"_bbp_reply_count_hidden":0,"_bbp_forum_subforum_count":0,"site-sidebar-layout":"default","site-content-layout":"","ast-site-content-layout":"default","site-content-style":"default","site-sidebar-style":"default","ast-global-header-display":"","ast-banner-title-visibility":"","ast-main-header-display":"","ast-hfb-above-header-display":"","ast-hfb-below-header-display":"","ast-hfb-mobile-header-display":"","site-post-title":"disabled","ast-breadcrumbs-content":"","ast-featured-img":"","footer-sml-layout":"","theme-transparent-header-meta":"","adv-header-id-meta":"","stick-header-meta":"","header-above-stick-meta":"","header-main-stick-meta":"","header-below-stick-meta":"","astra-migrate-meta-layouts":"set","ast-page-background-enabled":"default","ast-page-background-meta":{"desktop":{"background-color":"var(--ast-global-color-4)","background-image":"","background-repeat":"repeat","background-position":"center center","background-size":"auto","background-attachment":"scroll","background-type":"","background-media":"","overlay-type":"","overlay-color":"","overlay-opacity":"","overlay-gradient":""},"tablet":{"background-color":"","background-image":"","background-repeat":"repeat","background-position":"center center","background-size":"auto","background-attachment":"scroll","background-type":"","background-media":"","overlay-type":"","overlay-color":"","overlay-opacity":"","overlay-gradient":""},"mobile":{"background-color":"","background-image":"","background-repeat":"repeat","background-position":"center center","background-size":"auto","background-attachment":"scroll","background-type":"","background-media":"","overlay-type":"","overlay-color":"","overlay-opacity":"","overlay-gradient":""}},"ast-content-background-meta":{"desktop":{"background-color":"var(--ast-global-color-5)","background-image":"","background-repeat":"repeat","background-position":"center center","background-size":"auto","background-attachment":"scroll","background-type":"","background-media":"","overlay-type":"","overlay-color":"","overlay-opacity":"","overlay-gradient":""},"tablet":{"background-color":"var(--ast-global-color-5)","background-image":"","background-repeat":"repeat","background-position":"center center","background-size":"auto","background-attachment":"scroll","background-type":"","background-media":"","overlay-type":"","overlay-color":"","overlay-opacity":"","overlay-gradient":""},"mobile":{"background-color":"var(--ast-global-color-5)","background-image":"","background-repeat":"repeat","background-position":"center center","background-size":"auto","background-attachment":"scroll","background-type":"","background-media":"","overlay-type":"","overlay-color":"","overlay-opacity":"","overlay-gradient":""}},"footnotes":""},"class_list":["post-2311","page","type-page","status-publish","hentry"],"post_mailing_queue_ids":[],"_links":{"self":[{"href":"https:\/\/agora.xtec.cat\/escoladelparc\/wp-json\/wp\/v2\/pages\/2311","targetHints":{"allow":["GET"]}}],"collection":[{"href":"https:\/\/agora.xtec.cat\/escoladelparc\/wp-json\/wp\/v2\/pages"}],"about":[{"href":"https:\/\/agora.xtec.cat\/escoladelparc\/wp-json\/wp\/v2\/types\/page"}],"author":[{"embeddable":true,"href":"https:\/\/agora.xtec.cat\/escoladelparc\/wp-json\/wp\/v2\/users\/1"}],"replies":[{"embeddable":true,"href":"https:\/\/agora.xtec.cat\/escoladelparc\/wp-json\/wp\/v2\/comments?post=2311"}],"version-history":[{"count":5,"href":"https:\/\/agora.xtec.cat\/escoladelparc\/wp-json\/wp\/v2\/pages\/2311\/revisions"}],"predecessor-version":[{"id":15613,"href":"https:\/\/agora.xtec.cat\/escoladelparc\/wp-json\/wp\/v2\/pages\/2311\/revisions\/15613"}],"up":[{"embeddable":true,"href":"https:\/\/agora.xtec.cat\/escoladelparc\/wp-json\/wp\/v2\/pages\/1866"}],"wp:attachment":[{"href":"https:\/\/agora.xtec.cat\/escoladelparc\/wp-json\/wp\/v2\/media?parent=2311"}],"curies":[{"name":"wp","href":"https:\/\/api.w.org\/{rel}","templated":true}]}}