{"id":1872,"date":"2015-09-28T19:06:30","date_gmt":"2015-09-28T17:06:30","guid":{"rendered":"http:\/\/agora.xtec.cat\/escoladelparc\/?page_id=1872"},"modified":"2026-02-02T22:02:56","modified_gmt":"2026-02-02T21:02:56","slug":"sortides-cicle-inicial","status":"publish","type":"page","link":"https:\/\/agora.xtec.cat\/escoladelparc\/pagina-exemple-2\/sortides\/sortides-cicle-inicial\/","title":{"rendered":"Mitjans CURS 2025\/2026"},"content":{"rendered":"\n<figure class=\"wp-block-table\"><table><tbody><tr><td colspan=\"5\">\n<p style=\"text-align: center;\"><span style=\"font-weight: 400;\"><b>ACTIVITATS DE MAT\u00cd o TARDA<\/b><\/span><\/p>\n<\/td><\/tr><tr><th>ACTIVITATS<\/th><th><b><i>OBJECTIUS<\/i><\/b><\/th><th><b><i>DATA<\/i><\/b><\/th><th><b><i>GRUP<\/i><\/b><\/th><th><b><i>Preu<\/i><\/b><\/th><\/tr><tr><td><b>Sortides al Parc Fondo d\u2019en Peixo<\/b><\/td><td><span style=\"font-weight: 400;\">Observar els canvis de la natura al llarg de l\u2019any.<\/span><span style=\"font-weight: 400;\">Fomentar actituds de respecte i de solidaritat envers els companys, el medi natural i el mobiliari urb\u00e0.<\/span><\/td><td><span style=\"font-weight: 400;\">Al llarg del curs<\/span><\/td><td><b>1r, 2n, 3r<\/b><\/td><td><span style=\"font-weight: 400;\">\u2014-<\/span><\/td><\/tr><tr><td><b>La Merla<\/b><\/td><td><span style=\"font-weight: 400;\">Introduir el concepte d\u2019\u00e9sser viu i la seva interacci\u00f3 amb l\u2019entorn.<\/span><span style=\"font-weight: 400;\">Donar a con\u00e8ixer l\u2019\u00fas i el valor dels animals del nostre entorn.<\/span><span style=\"font-weight: 400;\">Fomentar la cura del medi que ens envolta.<\/span><\/td><td><span style=\"font-weight: 400;\">Curs escolar<\/span><\/td><td><b>1r<\/b><\/td><td><span style=\"font-weight: 400;\">\u2014-<\/span><\/td><\/tr><tr><td><b>Visitem la biblioteca Antonio Mart\u00edn!<\/b><\/td><td><span style=\"font-weight: 400;\">Fomentar l&#8217;\u00fas del recurs de la biblioteca, aix\u00ed com veure el funcionament i enfortir els vincles amb l\u2019escola.<\/span><\/td><td><span style=\"font-weight: 400;\">Curs escolar<\/span><\/td><td><b>1r<\/b><\/td><td><span style=\"font-weight: 400;\">\u2014-<\/span><\/td><\/tr><tr><td><b>El Ricky vindr\u00e0 a l&#8217;escola<\/b><\/td><td><span style=\"font-weight: 400;\">Definir animal dom\u00e8stic, de companyia i ex\u00f2tic.<\/span><span style=\"font-weight: 400;\">Fomentar la tinen\u00e7a responsable, la protecci\u00f3 i l&#8217;adopci\u00f3 d&#8217;animals de companyia.<\/span><span style=\"font-weight: 400;\">Assolir les normes b\u00e0siques d\u2019higiene.<\/span> <p><span style=\"font-weight: 400;\">Reflexionar sobre l\u2019abandonament dels animals de companyia i les seves conseq\u00fc\u00e8ncies.<\/span><span style=\"font-family: inherit; font-size: inherit; font-weight: inherit; background-color: rgba(0, 0, 0, 0);\"> <\/span><\/p><p><span style=\"font-weight: 400;\">Donar a con\u00e8ixer els gats ferals i les col\u00f2nies felines del Prat, i explicar com es gestionen.<\/span><\/p><p><span style=\"font-weight: 400;\">Estimar i respectar els animals que formen part de la societat en qu\u00e8 vivim.<\/span><\/p><\/td><td><span style=\"font-weight: 400;\">Curs escolar<\/span><\/td><td><b>1r<\/b><\/td><td><span style=\"font-weight: 400;\">\u2014-<\/span><\/td><\/tr><tr><td><b>Mou-te pel carrer amb seguretat.<\/b><\/td><td><span style=\"font-weight: 400;\">Desenvolupar el concepte de risc i detectar aquelles accions que poden provocar-ho.<\/span><span style=\"font-weight: 400;\">Adquirir h\u00e0bits per a la mobilitat segura.<\/span><\/td><td><span style=\"font-weight: 400;\">Curs escolar<\/span><\/td><td><b>1r<\/b><\/td><td><span style=\"font-weight: 400;\">\u2014-<\/span><\/td><\/tr><tr><td><b>Actes de cloenda curs d\u2019educaci\u00f3 vi\u00e0ria<\/b><\/td><td><span style=\"font-weight: 400;\">Adquirir h\u00e0bits i coneixements relacionats amb la seguretat a l\u2019espai p\u00fablic<\/span><\/td><td><span style=\"font-weight: 400;\">Tercer trimestre<\/span><\/td><td><b>1r<\/b><\/td><td><span style=\"font-weight: 400;\">\u2014-<\/span><\/td><\/tr><tr><td><b>Inf\u00e0ncia i Salut a Cicle Inicial. Dents Netes, S\u00ed!<\/b><\/td><td><span style=\"font-weight: 400;\">Adquirir coneixements i actituds amb relaci\u00f3 als h\u00e0bits b\u00e0sics de salut i benestar.<\/span><span style=\"font-weight: 400;\">Adquirir coneixements i h\u00e0bits higiene bucodental.<\/span><span style=\"font-weight: 400;\">Con\u00e8ixer les normes b\u00e0siques de prevenci\u00f3.<\/span><\/td><td><span style=\"font-weight: 400;\">Curs escolar<\/span><\/td><td><b>1r<\/b><\/td><td><span style=\"font-weight: 400;\">\u2014-<\/span><\/td><\/tr><tr><td><b>Nataci\u00f3 escolar<\/b><\/td><td><span style=\"font-weight: 400;\">Familiaritzar-se amb el medi<\/span><span style=\"font-weight: 400;\">Descobrir la immersi\u00f3<\/span><span style=\"font-weight: 400;\">Millorar i mantenir les qualitats f\u00edsiques b\u00e0siques<\/span> <p><span style=\"font-weight: 400;\">Treballar les habilitats aqu\u00e0tiques<\/span><\/p><p><span style=\"font-weight: 400;\">Consolidar i millorar la t\u00e8cnica dels estils<\/span><\/p><\/td><td><span style=\"font-weight: 400;\">D\u2019octubre a maig<\/span><\/td><td><b>1r<\/b><\/td><td><span style=\"font-weight: 400;\">\u2014-<\/span><\/td><\/tr><tr><td><b>Trobada Intercentres de Jocs locals al Prat (Jocs del M\u00f3n)<\/b><\/td><td><span style=\"font-weight: 400;\">Promocionar els Jocs del M\u00f3n i el foment de<\/span><span style=\"font-weight: 400;\">les interrelacions entre els alumnes dels diferents centres del municipi.<\/span><\/td><td><span style=\"font-weight: 400;\">Curs escolar<\/span><\/td><td><b>1r i 2n<\/b><\/td><td>\n<h5><span style=\"font-weight: 400;\">5,50\u20ac<\/span><\/h5>\n<\/td><\/tr><tr><td><b>SORTIDA DE M\u00daSICA:&nbsp;<\/b><b>L\u2019Auditori<\/b><b>Ullsclucs<\/b><\/td><td><span style=\"font-weight: 400;\">Una proposta musical amb l\u2019objectiu de fer una passejada amb \u200eles orelles ben obertes per descobrir el nostre entorn natural i hum\u00e0 a trav\u00e9s dels sons i les \u200em\u00fasiques que neixen d\u2019aquests sons des d\u2019una \u00f2ptica contempor\u00e0nia de la m\u00e0 de cinc m\u00fasics que beuen \u200etan del m\u00f3n tradicional com de la m\u00fasica m\u00e9s actual.<\/span><\/td><td><span style=\"font-weight: 400;\">Dimarts 28\/04\/26 a les 10:15<\/span><\/td><td><b>1r<\/b><\/td><td><span style=\"font-weight: 400;\">18,30 \u20ac<\/span><\/td><\/tr><tr><td><b>Taller de prevenci\u00f3 de l\u2019ab\u00fas sexual a la inf\u00e0ncia<\/b><\/td><td><span style=\"font-weight: 400;\">Conscienciar els infants sobre la import\u00e0ncia de respectar i protegir el propi cos, aprenent a diferenciar entre conductes adequades i inadequades.<\/span><span style=\"font-weight: 400;\">Dotar als infants d\u2019eines perqu\u00e8 puguin expressar-se amb confian\u00e7a, demanar ajuda i identificar persones de refer\u00e8ncia davant de situacions de risc o incomoditat.<\/span><\/td><td><span style=\"font-weight: 400;\">Curs escolar<\/span><\/td><td><b>2n<\/b><\/td><td><b>\u2014<\/b><\/td><\/tr><tr><td><b>Visita al Parc dels Bombers<\/b><\/td><td><span style=\"font-weight: 400;\">Con\u00e8ixer les tasques que fan els bombers i rebre consells de prevenci\u00f3 en cas d\u2019un sinistre.<\/span><\/td><td><span style=\"font-weight: 400;\">Curs escolar<\/span><\/td><td><b>2n<\/b><\/td><td><b>\u2014<\/b><\/td><\/tr><tr><td><b>Camins Vius: Tumbalafusta<\/b><\/td><td><span style=\"font-weight: 400;\">Despertar la imaginaci\u00f3 i la curiositat a trav\u00e9s del joc teatral amb la fusta, el text, la m\u00fasica i els objectes.<\/span><span style=\"font-weight: 400;\">Compartir preguntes i reflexions sobre el m\u00f3n entre int\u00e8rprets i p\u00fablic, fomentant l\u2019experi\u00e8ncia col\u00b7lectiva.<\/span>\n<p><span style=\"font-weight: 400;\">Acompanyar el proc\u00e9s de cr\u00e9ixer mostrant-lo com un cam\u00ed constant de descobriment.<\/span><\/p>\n<\/td><td><span style=\"font-weight: 400;\">Dijous 11\/12\/25 a les 9:30 h<\/span><\/td><td><b>2n<\/b><\/td><td><b>\u2014<\/b><\/td><\/tr><tr><td><b>Camins Vius: Aula del caos<\/b><\/td><td><span style=\"font-weight: 400;\">Crear escenaris d\u2019acci\u00f3 que donin veu als infants i reconeguin el valor de les seves creacions, opinions i decisions.<\/span><span style=\"font-weight: 400;\">Recuperar el fer manual com a eina de pensament i d\u2019expressi\u00f3.<\/span> <p><span style=\"font-weight: 400;\">Entendre el joc com una forma d\u2019explorar i transformar el m\u00f3n i un mateix.<\/span><span style=\"font-family: inherit; font-size: inherit; font-weight: inherit; background-color: rgba(0, 0, 0, 0);\"> <\/span><\/p><p><span style=\"font-weight: 400;\">Fomentar la creaci\u00f3 lliure, al marge de productes predissenyats i estereotipats, per acollir la difer\u00e8ncia.<\/span><\/p><p><span style=\"font-weight: 400;\">Potenciar la col\u00b7laboraci\u00f3 entre els participants per construir una societat m\u00e9s solid\u00e0ria i respectuosa amb la diversitat.<\/span><\/p><\/td><td><span style=\"font-weight: 400;\">Dijous, 19 de febrer de 2026 a les 15:15 h i Divendres, 20 de febrer de 2026 a les 15:15 h<\/span><\/td><td><b>2n<\/b><\/td><td><b>\u2014-<\/b><\/td><\/tr><tr><td><b>SORTIDA DE M\u00daSICA:&nbsp;<\/b><b>L\u2019Auditori<\/b><b>Els Colors del Metall<\/b><\/td><td><span style=\"font-weight: 400;\">Viure l\u2019experi\u00e8ncia d\u2019assistir a un espectacle en directe i compartir-ho amb altres nens i nenes.<\/span><span style=\"font-weight: 400;\">Desvetllar la imaginaci\u00f3 a trav\u00e9s del conte.<\/span><span style=\"font-weight: 400;\">Afavorir l\u2019intercanvi d\u2019impressions fomentant l\u2019inici del desenvolupament del sentit cr\u00edtic.<\/span> <p><span style=\"font-weight: 400;\">Con\u00e8ixer diferents manifestacions art\u00edstiques.<\/span><span style=\"font-family: inherit; font-size: inherit; font-weight: inherit; background-color: rgba(0, 0, 0, 0);\"> <\/span><\/p><p><span style=\"font-weight: 400;\">Apreciar la m\u00fasica que acompanya l\u2019espectacle.<\/span><\/p><\/td><td><span style=\"font-weight: 400;\">Dimecres 19 de novembre de 2025<\/span><span style=\"font-weight: 400;\">Migdia<\/span><\/td><td><b>2n<\/b><\/td><td><b>16 \u20ac<\/b><\/td><\/tr><tr><td><b>Activitat La Clika<\/b><b>Modern (El Prat)<\/b><\/td><td><span style=\"font-weight: 400;\">Participar d\u2019activitats socials i culturals.<\/span><span style=\"font-weight: 400;\">Viure l\u2019experi\u00e8ncia de participar d\u2019un espectacle en directe i compartir- ho amb d\u2019altres infants.<\/span><span style=\"font-weight: 400;\">Desenvolupar l\u2019empatia i el respecte amb la m\u00fasica.<\/span> <p><span style=\"font-weight: 400;\">Treballar en equip.<\/span><\/p><p><span style=\"font-weight: 400;\">Afavorir l\u2019intercanvi d\u2019impressions fomentant el sentit cr\u00edtic.<\/span><\/p><p><span style=\"font-weight: 400;\">Mostrar i donar a con\u00e8ixer diferents recursos i possibilitats sonores que ens ofereix la veu humana.<\/span><\/p><p><span style=\"font-weight: 400;\">Explorar els recursos vocals i les possibilitats sonores de la veu.<\/span><\/p><\/td><td><span style=\"font-weight: 400;\">Tercer trimestre<\/span><\/td><td><b>2n<\/b><\/td><td><b>16\u20ac per alumnes per les entrades<\/b><\/td><\/tr><tr><td><b>Inf\u00e0ncia i Salut a Cicle Mitj\u00e0. Visita a un forn de pa<\/b><\/td><td><span style=\"font-weight: 400;\">Potenciar i descobrir les capacitats i habilitats dels nens i nenes.<\/span><span style=\"font-weight: 400;\">Entendre que per cuidar la nostra salut cal una bona alimentaci\u00f3 i practicar exercici cada dia.<\/span><span style=\"font-weight: 400;\">Valorar i adquirir h\u00e0bits alimentaris que benefici\u00efn la salut.<\/span>\n<p><span style=\"font-weight: 400;\">Con\u00e8ixer l&#8217;ofici de forner i&nbsp; com s&#8217;elabora el pa.<\/span><\/p>\n<\/td><td><span style=\"font-weight: 400;\">Curs escolar<\/span><\/td><td><b>3r<\/b><\/td><td><b>\u2014-<\/b><\/td><\/tr><tr><td><b>Ens poden ajudar els gossos? Sessi\u00f3 pr\u00e0ctica<\/b><\/td><td><span style=\"font-weight: 400;\">Con\u00e8ixer els diferents tipus de gossos de treball. Aprofundir en el treball que fa un gos d&#8217;intervenci\u00f3.<\/span><span style=\"font-weight: 400;\">Con\u00e8ixer i respectar les necessitats i emocions dels altres.<\/span><span style=\"font-weight: 400;\">&nbsp;Treballar diferents emocions i habilitats mitjan\u00e7ant el joc amb els gossos.<\/span>\n<p><span style=\"font-weight: 400;\">&nbsp;Fomentar l&#8217;adopci\u00f3 de gossos i reflexionar sobre l&#8217;abandonament.<\/span><\/p>\n<\/td><td><span style=\"font-weight: 400;\">Curs escolar<\/span><\/td><td><b>3r<\/b><\/td><td><b>\u2014-<\/b><\/td><\/tr><tr><td><b>Jornada d\u2019atletisme (EF)<\/b><\/td><td><span style=\"font-weight: 400;\">Promoure la pr\u00e0ctica de la disciplina de l\u2019atletisme.<\/span><span style=\"font-weight: 400;\">Adquirir nous patrons motrius pr\u00f2pies de la disciplina.<\/span><span style=\"font-weight: 400;\">Vivenciar l\u2019experi\u00e8ncia en un entorn diferent.<\/span><\/td><td><span style=\"font-weight: 400;\">Curs escolar<\/span><\/td><td><b>3r<\/b><\/td><td><span style=\"font-weight: 400;\">4\u20ac<\/span><\/td><\/tr><tr><td><b>Mou-te pel carrer amb responsabilitat<\/b><\/td><td><span style=\"font-weight: 400;\">Identificar els conceptes de seguretat i&nbsp; perill en relaci\u00f3 amb els diferents espais de mobilitat.<\/span><span style=\"font-weight: 400;\">Adquirir h\u00e0bits per a la mobilitat segura.<\/span><\/td><td><span style=\"font-weight: 400;\">Curs escolar<\/span><\/td><td><b>3r<\/b><\/td><td><b>\u2014-<\/b><\/td><\/tr><tr><td><b>Actes de cloenda curs d\u2019educaci\u00f3 vi\u00e0ria<\/b><\/td><td><span style=\"font-weight: 400;\">Adquirir h\u00e0bits per a la mobilitat segura.<\/span><\/td><td><span style=\"font-weight: 400;\">Tercer trimestre<\/span><\/td><td><b>3r<\/b><\/td><td><b>\u2014-<\/b><\/td><\/tr><tr><td><b>Inf\u00e0ncia i Salut a Cicle Mitj\u00e0. El joc de la Motxi.<\/b><\/td><td><span style=\"font-weight: 400;\">Adquirir h\u00e0bits de salut i de cura del nostre cos i valorar-los.<\/span><span style=\"font-weight: 400;\">Con\u00e8ixer les normes d\u2019higiene postural b\u00e0siques i aprendre aplicar-les a les activitats de la vida di\u00e0ria.<\/span><span style=\"font-weight: 400;\">Con\u00e8ixer els factors i les pr\u00e0ctiques socials que afavoreixen o entorpeixen el desenvolupament del cos.<\/span>\n<p><span style=\"font-weight: 400;\">Comprendre necessitat de fer controls de salut peri\u00f2dicament, com a mesura preventiva.<\/span><\/p>\n<\/td><td><span style=\"font-weight: 400;\">Curs escolar<\/span><\/td><td><b>3r<\/b><\/td><td><b>\u2014-<\/b><\/td><\/tr><tr><td><b>SORTIDA DE M\u00daSICA:&nbsp;<\/b><b>Palau de la M\u00fasica Cat.<\/b><b>Cobla 2.0<\/b><\/td><td><span style=\"font-weight: 400;\">Con\u00e9ixer la formaci\u00f3 instrumental de Cobla a partir d\u2019una proposta esc\u00e8nica i musical de visi\u00f3 moderna i contempor\u00e0nia. Con\u00e9ixer la sonoritat caracter\u00edstica d&#8217;aquesta formaci\u00f3. M\u00fasics i p\u00fablic esdevindrem c\u00f2mplices d&#8217;una nova manera d&#8217;entendre i viure la m\u00fasica per a cobla: Jazz, funk, chanson francesa, m\u00fasica contempor\u00e0nia, m\u00fasica tradicional\u2026<\/span><\/td><td><span style=\"font-weight: 400;\">Dilluns 19 de gener de 2026<\/span><span style=\"font-weight: 400;\">Migdia<\/span><\/td><td><b>3r<\/b><\/td><td><b>18\u20ac<\/b><\/td><\/tr><tr><td><b>Sortides a la localitat relacionades amb el treball per Projectes<\/b><\/td><td><span style=\"font-weight: 400;\">Fomentar el treball globalitzat, relacionant els aprenentatges amb l\u2019entorn m\u00e9s proper<\/span><\/td><td><span style=\"font-weight: 400;\">Al llarg del curs<\/span><\/td><td><b>1r, 2n i 3r<\/b><\/td><td><b>\u2014-<\/b><\/td><\/tr><\/tbody><\/table><\/figure>\n\n\n\n<figure class=\"wp-block-table\"><table><tbody><tr><th colspan=\"5\"><b><i>EXCURSIONS D\u2019UN DIA i COL\u00d2NIES<\/i><\/b><\/th><\/tr><tr><th><b><i>ACTIVITATS<\/i><\/b><\/th><th><b><i>OBJECTIUS<\/i><\/b><\/th><th><b><i>DATA<\/i><\/b><\/th><th><b><i>GRUP<\/i><\/b><\/th><th><b><i>Preu<\/i><\/b><\/th><\/tr><tr><td><b>Activitat tardor: Can Mas (Torrelles de Llobregat)<\/b><\/td><td><span style=\"font-weight: 400;\">Cohesionar el nivell de 1r, compartint trobades a la natura.<\/span><\/td><td><b>14 d\u2019octubre de 2025<\/b><\/td><td><b>1r<\/b><\/td><td><span style=\"font-weight: 400;\">29,60\u20ac<\/span><\/td><\/tr><tr><td><b>Bosc dels Sentits&nbsp;&nbsp;<\/b><b>(Castell Vell de Llinars)<\/b><\/td><td><span style=\"font-weight: 400;\">Desenvolupar els coneixement del nostre cos, projecte que es treballa a l\u2019aula.<\/span><\/td><td><b>5 de mar\u00e7 de 2026<\/b><\/td><td><b>1r<\/b><\/td><td><span style=\"font-weight: 400;\">31,30 \u20ac<\/span><\/td><\/tr><tr><td><b>Activitat animals: CAVALLS<\/b><b>(Cardedeu)<\/b><\/td><td><span style=\"font-weight: 400;\">Aprofundir en el coneixement dels animals, relacionat amb el projecte <\/span><b>treballat<\/b><span style=\"font-weight: 400;\"> a l\u2019aula.<\/span><\/td><td><b>16 d\u2019abril de 2026<\/b><\/td><td><b>1r<\/b><\/td><td><span style=\"font-weight: 400;\">31\u20ac<\/span><\/td><\/tr><tr><td><b>Activitat hort Can Trilla<\/b><b>(Sant Boi de LLobregat)<\/b><\/td><td><span style=\"font-weight: 400;\">Observar i con\u00e8ixer l\u2019entorn natural i agr\u00edcola del poble, identificant plantes i cultius propis d\u2019un hort.<\/span><span style=\"font-weight: 400;\">Valorar la import\u00e0ncia del treball al camp i dels aliments de proximitat, fomentant el respecte per la natura i les persones que hi treballen.<\/span>\n<p><span style=\"font-weight: 400;\">Participar de manera activa i responsable en les activitats proposades a l\u2019hort, desenvolupant la cooperaci\u00f3 i el respecte per les normes de seguretat.<\/span><\/p>\n<\/td><td><b>26 de Mar\u00e7 2026<\/b><\/td><td><b>2n<\/b><\/td><td><span style=\"font-weight: 400;\">27,40 \u20ac<\/span><\/td><\/tr><tr><td><b>Col\u00f2nies a LA FARGA DEL MONTSENY<\/b><\/td><td><span style=\"font-weight: 400;\">Fomentar el treball en equip.<\/span><span style=\"font-weight: 400;\">Afavorir el companyerisme entre els nens i les nenes d&#8217;ambd\u00f3s grups.<\/span><span style=\"font-weight: 400;\">Facilitar l\u2019aprenentatge vivencial dels infants en contacte amb la natura.<\/span> <p><span style=\"font-weight: 400;\">Establir i cuidar les relacions entre iguals amb pautes de conviv\u00e8ncia v\u00e0lides que ajudin a desenvolupar en els infants el valor de la cooperaci\u00f3, el di\u00e0leg, la solidaritat i el respecte.<\/span><\/p><p><span style=\"font-weight: 400;\">Fomentar el companyerisme amb la resta de nens i nenes del grup.<\/span><\/p><p><span style=\"font-weight: 400;\">Experimentar la necessitat de desenvolupar i actuar amb m\u00e9s autonomia.<\/span><\/p><\/td><td><b>27 &#8211; 29 de maig de 2026<\/b><\/td><td><b>2n<\/b><\/td><td><span style=\"font-weight: 400;\">195 \u20ac <\/span><span style=\"font-weight: 400;\">aprox.<\/span><b>1r pagament-<\/b><b>&nbsp;&nbsp;&nbsp;&nbsp;20 Novembre (85\u20ac)<\/b>\n<p><b>2n pagament-<\/b><\/p>\n<p><b>1 Maig (110\u20ac)<\/b><\/p>\n<\/td><\/tr><tr><td><b>Taller de l&#8217;Oli a Pla del Pened\u00e8s<\/b><\/td><td><span style=\"font-weight: 400;\">Con\u00e8ixer el proc\u00e9s d\u2019elaboraci\u00f3 de l\u2019Oli.<\/span><span style=\"font-weight: 400;\">Visitar un mol\u00ed i con\u00e8ixer com funciona un trull.<\/span><span style=\"font-weight: 400;\">Elaborar olives macerades.<\/span> <p><span style=\"font-weight: 400;\">Enfortir la cohesi\u00f3 de grup.<\/span><span style=\"font-family: inherit; font-size: inherit; font-weight: inherit; background-color: rgba(0, 0, 0, 0);\"> <\/span><\/p><p><span style=\"font-weight: 400;\">Gaudir d\u2019un dia diferent fora de l\u2019escola.<\/span><\/p><\/td><td><b>30\/10\/25<\/b><\/td><td><b>3r<\/b><\/td><td><span style=\"font-weight: 400;\">27,60\u20ac<\/span><\/td><\/tr><tr><td><b>Planetari&nbsp; Can Vandrell (Hostalric)<\/b><\/td><td><span style=\"font-weight: 400;\">Aprofundir en el coneixement de l\u2019univers, iniciat en el projecte d\u2019aula.<\/span><span style=\"font-weight: 400;\">Enfortir la cohesi\u00f3 de grup.<\/span><span style=\"font-weight: 400;\">Gaudir d\u2019un dia diferent fora de l\u2019escola.&nbsp;<\/span><\/td><td><b>13\/3\/26<\/b><\/td><td><b>3r<\/b><\/td><td><span style=\"font-weight: 400;\">30,70\u20ac<\/span><\/td><\/tr><tr><td><b>Abelles. Parc Natural de Collserola<\/b><\/td><td><span style=\"font-weight: 400;\">El seu objectiu \u00e9s contribuir al coneixement de les abelles i apropar aquests insectes a grans i petits.<\/span><\/td><td><b>29\/4\/26<\/b><\/td><td><b>3r<\/b><\/td><td><span style=\"font-weight: 400;\">27,30\u20ac<\/span><\/td><\/tr><\/tbody><\/table><\/figure>\n","protected":false},"excerpt":{"rendered":"<p>ACTIVITATS DE MAT\u00cd o TARDA ACTIVITATS OBJECTIUS DATA GRUP Preu Sortides al Parc Fondo d\u2019en Peixo Observar els canvis de la natura al llarg de l\u2019any.Fomentar actituds de respecte i de solidaritat envers els companys, el medi natural i el mobiliari urb\u00e0. Al llarg del curs 1r, 2n, 3r \u2014- La Merla Introduir el concepte [&hellip;]<\/p>\n","protected":false},"author":1,"featured_media":0,"parent":1868,"menu_order":2,"comment_status":"closed","ping_status":"closed","template":"","meta":{"_bbp_topic_count":0,"_bbp_reply_count":0,"_bbp_total_topic_count":0,"_bbp_total_reply_count":0,"_bbp_voice_count":0,"_bbp_anonymous_reply_count":0,"_bbp_topic_count_hidden":0,"_bbp_reply_count_hidden":0,"_bbp_forum_subforum_count":0,"site-sidebar-layout":"default","site-content-layout":"","ast-site-content-layout":"default","site-content-style":"default","site-sidebar-style":"default","ast-global-header-display":"","ast-banner-title-visibility":"","ast-main-header-display":"","ast-hfb-above-header-display":"","ast-hfb-below-header-display":"","ast-hfb-mobile-header-display":"","site-post-title":"disabled","ast-breadcrumbs-content":"","ast-featured-img":"","footer-sml-layout":"","theme-transparent-header-meta":"","adv-header-id-meta":"","stick-header-meta":"","header-above-stick-meta":"","header-main-stick-meta":"","header-below-stick-meta":"","astra-migrate-meta-layouts":"set","ast-page-background-enabled":"default","ast-page-background-meta":{"desktop":{"background-color":"var(--ast-global-color-4)","background-image":"","background-repeat":"repeat","background-position":"center center","background-size":"auto","background-attachment":"scroll","background-type":"","background-media":"","overlay-type":"","overlay-color":"","overlay-opacity":"","overlay-gradient":""},"tablet":{"background-color":"","background-image":"","background-repeat":"repeat","background-position":"center center","background-size":"auto","background-attachment":"scroll","background-type":"","background-media":"","overlay-type":"","overlay-color":"","overlay-opacity":"","overlay-gradient":""},"mobile":{"background-color":"","background-image":"","background-repeat":"repeat","background-position":"center center","background-size":"auto","background-attachment":"scroll","background-type":"","background-media":"","overlay-type":"","overlay-color":"","overlay-opacity":"","overlay-gradient":""}},"ast-content-background-meta":{"desktop":{"background-color":"var(--ast-global-color-5)","background-image":"","background-repeat":"repeat","background-position":"center center","background-size":"auto","background-attachment":"scroll","background-type":"","background-media":"","overlay-type":"","overlay-color":"","overlay-opacity":"","overlay-gradient":""},"tablet":{"background-color":"var(--ast-global-color-5)","background-image":"","background-repeat":"repeat","background-position":"center center","background-size":"auto","background-attachment":"scroll","background-type":"","background-media":"","overlay-type":"","overlay-color":"","overlay-opacity":"","overlay-gradient":""},"mobile":{"background-color":"var(--ast-global-color-5)","background-image":"","background-repeat":"repeat","background-position":"center center","background-size":"auto","background-attachment":"scroll","background-type":"","background-media":"","overlay-type":"","overlay-color":"","overlay-opacity":"","overlay-gradient":""}},"footnotes":""},"class_list":["post-1872","page","type-page","status-publish","hentry"],"post_mailing_queue_ids":[],"_links":{"self":[{"href":"https:\/\/agora.xtec.cat\/escoladelparc\/wp-json\/wp\/v2\/pages\/1872","targetHints":{"allow":["GET"]}}],"collection":[{"href":"https:\/\/agora.xtec.cat\/escoladelparc\/wp-json\/wp\/v2\/pages"}],"about":[{"href":"https:\/\/agora.xtec.cat\/escoladelparc\/wp-json\/wp\/v2\/types\/page"}],"author":[{"embeddable":true,"href":"https:\/\/agora.xtec.cat\/escoladelparc\/wp-json\/wp\/v2\/users\/1"}],"replies":[{"embeddable":true,"href":"https:\/\/agora.xtec.cat\/escoladelparc\/wp-json\/wp\/v2\/comments?post=1872"}],"version-history":[{"count":6,"href":"https:\/\/agora.xtec.cat\/escoladelparc\/wp-json\/wp\/v2\/pages\/1872\/revisions"}],"predecessor-version":[{"id":15598,"href":"https:\/\/agora.xtec.cat\/escoladelparc\/wp-json\/wp\/v2\/pages\/1872\/revisions\/15598"}],"up":[{"embeddable":true,"href":"https:\/\/agora.xtec.cat\/escoladelparc\/wp-json\/wp\/v2\/pages\/1868"}],"wp:attachment":[{"href":"https:\/\/agora.xtec.cat\/escoladelparc\/wp-json\/wp\/v2\/media?parent=1872"}],"curies":[{"name":"wp","href":"https:\/\/api.w.org\/{rel}","templated":true}]}}