{"id":1866,"date":"2015-09-28T18:52:00","date_gmt":"2015-09-28T16:52:00","guid":{"rendered":"http:\/\/agora.xtec.cat\/escoladelparc\/?page_id=1866"},"modified":"2026-02-03T00:43:31","modified_gmt":"2026-02-02T23:43:31","slug":"projecte-educatiu","status":"publish","type":"page","link":"https:\/\/agora.xtec.cat\/escoladelparc\/projecte-educatiu\/","title":{"rendered":"Projecte Educatiu"},"content":{"rendered":"<p><strong>En proc\u00e9s d&#8217;actualitzaci\u00f3!!\u00a0 \u00a0 <\/strong><\/p>\n<p>El projecte educatiu de centre (PEC), \u00e9s la m\u00e0xima expressi\u00f3 de l\u2019autonomia del centre. Recull la identitat, n\u2019explicita els objectius, n\u2019orienta l\u2019activitat i hi d\u00f3na sentit amb la finalitat que els alumnes assoleixin les compet\u00e8ncies ba\u0300siques i el m\u00e0xim aprofitament educatiu, d\u2019acord amb el marc proporcionat pel Decret 102\/2010, de 3 d\u2019agost, d\u2019autonomia dels centres educatius, que situa la presa de decisions en l\u2019\u00e0mbit del centre per enfortir la instituci\u00f3 escolar i el lideratge educatiu.<\/p>\n<p>Mentre &#8230; podeu fer una ullada a les p\u00e0gines del marge esquerra i a la targeta\u00a0 <a href=\"https:\/\/agora.xtec.cat\/escoladelparc\/josocparcteam\/\">trets m\u00e9s identitaris del ParcTeam<\/a><\/p>\n","protected":false},"excerpt":{"rendered":"<p>En proc\u00e9s d&#8217;actualitzaci\u00f3!!\u00a0 \u00a0 El projecte educatiu de centre (PEC), \u00e9s la m\u00e0xima expressi\u00f3 de l\u2019autonomia del centre. Recull la identitat, n\u2019explicita els objectius, n\u2019orienta l\u2019activitat i hi d\u00f3na sentit amb la finalitat que els alumnes assoleixin les compet\u00e8ncies ba\u0300siques i el m\u00e0xim aprofitament educatiu, d\u2019acord amb el marc proporcionat pel Decret 102\/2010, de 3 [&hellip;]<\/p>\n","protected":false},"author":1,"featured_media":0,"parent":0,"menu_order":0,"comment_status":"closed","ping_status":"closed","template":"","meta":{"_bbp_topic_count":0,"_bbp_reply_count":0,"_bbp_total_topic_count":0,"_bbp_total_reply_count":0,"_bbp_voice_count":0,"_bbp_anonymous_reply_count":0,"_bbp_topic_count_hidden":0,"_bbp_reply_count_hidden":0,"_bbp_forum_subforum_count":0,"site-sidebar-layout":"default","site-content-layout":"","ast-site-content-layout":"default","site-content-style":"default","site-sidebar-style":"default","ast-global-header-display":"","ast-banner-title-visibility":"","ast-main-header-display":"","ast-hfb-above-header-display":"","ast-hfb-below-header-display":"","ast-hfb-mobile-header-display":"","site-post-title":"","ast-breadcrumbs-content":"","ast-featured-img":"","footer-sml-layout":"","theme-transparent-header-meta":"","adv-header-id-meta":"","stick-header-meta":"","header-above-stick-meta":"","header-main-stick-meta":"","header-below-stick-meta":"","astra-migrate-meta-layouts":"set","ast-page-background-enabled":"default","ast-page-background-meta":{"desktop":{"background-color":"var(--ast-global-color-4)","background-image":"","background-repeat":"repeat","background-position":"center center","background-size":"auto","background-attachment":"scroll","background-type":"","background-media":"","overlay-type":"","overlay-color":"","overlay-opacity":"","overlay-gradient":""},"tablet":{"background-color":"","background-image":"","background-repeat":"repeat","background-position":"center center","background-size":"auto","background-attachment":"scroll","background-type":"","background-media":"","overlay-type":"","overlay-color":"","overlay-opacity":"","overlay-gradient":""},"mobile":{"background-color":"","background-image":"","background-repeat":"repeat","background-position":"center center","background-size":"auto","background-attachment":"scroll","background-type":"","background-media":"","overlay-type":"","overlay-color":"","overlay-opacity":"","overlay-gradient":""}},"ast-content-background-meta":{"desktop":{"background-color":"var(--ast-global-color-5)","background-image":"","background-repeat":"repeat","background-position":"center center","background-size":"auto","background-attachment":"scroll","background-type":"","background-media":"","overlay-type":"","overlay-color":"","overlay-opacity":"","overlay-gradient":""},"tablet":{"background-color":"var(--ast-global-color-5)","background-image":"","background-repeat":"repeat","background-position":"center center","background-size":"auto","background-attachment":"scroll","background-type":"","background-media":"","overlay-type":"","overlay-color":"","overlay-opacity":"","overlay-gradient":""},"mobile":{"background-color":"var(--ast-global-color-5)","background-image":"","background-repeat":"repeat","background-position":"center center","background-size":"auto","background-attachment":"scroll","background-type":"","background-media":"","overlay-type":"","overlay-color":"","overlay-opacity":"","overlay-gradient":""}},"footnotes":""},"class_list":["post-1866","page","type-page","status-publish","hentry"],"post_mailing_queue_ids":[],"_links":{"self":[{"href":"https:\/\/agora.xtec.cat\/escoladelparc\/wp-json\/wp\/v2\/pages\/1866","targetHints":{"allow":["GET"]}}],"collection":[{"href":"https:\/\/agora.xtec.cat\/escoladelparc\/wp-json\/wp\/v2\/pages"}],"about":[{"href":"https:\/\/agora.xtec.cat\/escoladelparc\/wp-json\/wp\/v2\/types\/page"}],"author":[{"embeddable":true,"href":"https:\/\/agora.xtec.cat\/escoladelparc\/wp-json\/wp\/v2\/users\/1"}],"replies":[{"embeddable":true,"href":"https:\/\/agora.xtec.cat\/escoladelparc\/wp-json\/wp\/v2\/comments?post=1866"}],"version-history":[{"count":6,"href":"https:\/\/agora.xtec.cat\/escoladelparc\/wp-json\/wp\/v2\/pages\/1866\/revisions"}],"predecessor-version":[{"id":15619,"href":"https:\/\/agora.xtec.cat\/escoladelparc\/wp-json\/wp\/v2\/pages\/1866\/revisions\/15619"}],"wp:attachment":[{"href":"https:\/\/agora.xtec.cat\/escoladelparc\/wp-json\/wp\/v2\/media?parent=1866"}],"curies":[{"name":"wp","href":"https:\/\/api.w.org\/{rel}","templated":true}]}}