{"id":15447,"date":"2026-01-30T23:44:17","date_gmt":"2026-01-30T22:44:17","guid":{"rendered":"https:\/\/agora.xtec.cat\/escoladelparc\/?page_id=15447"},"modified":"2026-02-02T22:30:14","modified_gmt":"2026-02-02T21:30:14","slug":"comunicacio","status":"publish","type":"page","link":"https:\/\/agora.xtec.cat\/escoladelparc\/comunicacio\/","title":{"rendered":"Informaci\u00f3 i Canals de Comunicaci\u00f3"},"content":{"rendered":"\n<p>A l\u2019Escola del Parc utilitzem <strong>diferents canals de comunicaci\u00f3<\/strong> per garantir una informaci\u00f3 clara i ordenada amb tota la comunitat educativa.<\/p>\n\n\n\n<div class=\"wp-block-columns is-layout-flex wp-container-core-columns-is-layout-1 wp-block-columns-is-layout-flex\">\n<div class=\"wp-block-column is-layout-flow wp-block-column-is-layout-flow\">\n<figure class=\"wp-block-image size-large is-resized\"><a href=\"https:\/\/agora.xtec.cat\/escoladelparc\/wp-content\/uploads\/usu440\/2026\/01\/additio-blog.webp\"><img loading=\"lazy\" decoding=\"async\" width=\"1024\" height=\"572\" src=\"https:\/\/agora.xtec.cat\/escoladelparc\/wp-content\/uploads\/usu440\/2026\/01\/additio-blog-1024x572.webp\" alt=\"\" class=\"wp-image-15512\" style=\"width:311px;height:auto\" srcset=\"https:\/\/agora.xtec.cat\/escoladelparc\/wp-content\/uploads\/usu440\/2026\/01\/additio-blog-1024x572.webp 1024w, https:\/\/agora.xtec.cat\/escoladelparc\/wp-content\/uploads\/usu440\/2026\/01\/additio-blog-300x168.webp 300w, https:\/\/agora.xtec.cat\/escoladelparc\/wp-content\/uploads\/usu440\/2026\/01\/additio-blog-768x429.webp 768w, https:\/\/agora.xtec.cat\/escoladelparc\/wp-content\/uploads\/usu440\/2026\/01\/additio-blog.webp 1120w\" sizes=\"auto, (max-width: 1024px) 100vw, 1024px\" \/><\/a><\/figure>\n<\/div>\n\n\n\n<div class=\"wp-block-column is-layout-flow wp-block-column-is-layout-flow\">\n<figure class=\"wp-block-image size-full is-resized\"><a href=\"https:\/\/agora.xtec.cat\/escoladelparc\/wp-content\/uploads\/usu440\/2026\/01\/unnamed.jpg\"><img loading=\"lazy\" decoding=\"async\" width=\"512\" height=\"512\" src=\"https:\/\/agora.xtec.cat\/escoladelparc\/wp-content\/uploads\/usu440\/2026\/01\/unnamed.jpg\" alt=\"\" class=\"wp-image-15513\" style=\"width:151px;height:auto\" srcset=\"https:\/\/agora.xtec.cat\/escoladelparc\/wp-content\/uploads\/usu440\/2026\/01\/unnamed.jpg 512w, https:\/\/agora.xtec.cat\/escoladelparc\/wp-content\/uploads\/usu440\/2026\/01\/unnamed-300x300.jpg 300w, https:\/\/agora.xtec.cat\/escoladelparc\/wp-content\/uploads\/usu440\/2026\/01\/unnamed-150x150.jpg 150w\" sizes=\"auto, (max-width: 512px) 100vw, 512px\" \/><\/a><\/figure>\n<\/div>\n\n\n\n<div class=\"wp-block-column is-layout-flow wp-block-column-is-layout-flow\">\n<figure class=\"wp-block-image size-full is-resized\"><a href=\"https:\/\/agora.xtec.cat\/escoladelparc\/wp-content\/uploads\/usu440\/2026\/01\/mail.png\"><img loading=\"lazy\" decoding=\"async\" width=\"283\" height=\"178\" src=\"https:\/\/agora.xtec.cat\/escoladelparc\/wp-content\/uploads\/usu440\/2026\/01\/mail.png\" alt=\"\" class=\"wp-image-15515\" style=\"width:262px;height:auto\"\/><\/a><\/figure>\n<\/div>\n\n\n\n<div class=\"wp-block-column is-layout-flow wp-block-column-is-layout-flow\">\n<figure class=\"wp-block-image size-full is-resized\"><a href=\"https:\/\/agora.xtec.cat\/escoladelparc\/wp-content\/uploads\/usu440\/2026\/01\/internet-world-wide-web-degradada_78370-4896.avif\"><img loading=\"lazy\" decoding=\"async\" width=\"740\" height=\"740\" src=\"https:\/\/agora.xtec.cat\/escoladelparc\/wp-content\/uploads\/usu440\/2026\/01\/internet-world-wide-web-degradada_78370-4896.avif\" alt=\"\" class=\"wp-image-15517\" style=\"width:161px;height:auto\"\/><\/a><\/figure>\n<\/div>\n<\/div>\n\n\n\n<p><\/p>\n\n\n\n<p>A l\u2019Escola del Parc utilitzem les eines&nbsp;<strong>Additio<\/strong>&nbsp;i&nbsp;<strong>Edvoice<\/strong>&nbsp;per facilitar la&nbsp;<strong>comunicaci\u00f3<\/strong>, la&nbsp;<strong>gesti\u00f3 escolar<\/strong>&nbsp;i el&nbsp;<strong>seguiment del dia a dia<\/strong>&nbsp;de l\u2019alumnat.<\/p>\n\n\n\n<p><strong>Additio<\/strong>&nbsp;\u00e9s la plataforma de gesti\u00f3 educativa que utilitza el centre a nivell intern. Permet a l\u2019equip docent organitzar i registrar informaci\u00f3 relacionada amb l\u2019assist\u00e8ncia, l\u2019avaluaci\u00f3, les sortides i altres aspectes de la vida escolar, garantint una gesti\u00f3 ordenada i segura.<\/p>\n\n\n\n<p><strong>Edvoice<\/strong>&nbsp;\u00e9s l\u2019aplicaci\u00f3 vinculada a Additio pensada espec\u00edficament per a les&nbsp;<strong>fam\u00edlies<\/strong>, s\u2019utilitza com a <strong>canal informatiu unidireccional<\/strong>. A trav\u00e9s d\u2019aquesta aplicaci\u00f3, el centre fa arribar la informaci\u00f3 de manera&nbsp;<strong>centralitzada i clara<\/strong>, evitant la dispersi\u00f3 de missatges.<\/p>\n\n\n\n<p>Mitjan\u00e7ant Edvoice, les fam\u00edlies poden:<\/p>\n\n\n\n<ul class=\"wp-block-list\">\n<li>rebre&nbsp;<strong>comunicacions generals<\/strong>&nbsp;del centre (canal unidireccional)<\/li>\n\n\n\n<li>consultar els&nbsp;<strong>butlletins trimestrals d\u2019avaluaci\u00f3<\/strong><\/li>\n\n\n\n<li>veure el&nbsp;<strong>registre d\u2019assist\u00e8ncia<\/strong>&nbsp;de l\u2019alumnat<\/li>\n\n\n\n<li><strong>realitzar pagaments<\/strong>&nbsp;de sortides i activitats<\/li>\n\n\n\n<li><strong>signar autoritzacions<\/strong>&nbsp;i documents digitals<\/li>\n<\/ul>\n\n\n\n<p>L\u2019acc\u00e9s a Edvoice es gestiona&nbsp;<strong>directament des de l\u2019escola<\/strong>. En el moment de la matr\u00edcula, el centre crea un&nbsp;<strong>correu electr\u00f2nic institucional (@escoladelparc.cat)<\/strong>&nbsp;per a les fam\u00edlies, i a partir d\u2019<strong>I5<\/strong>&nbsp;tamb\u00e9 per a l\u2019alumnat, que permet utilitzar aquestes eines sense necessitat de fer cap registre extern.<\/p>\n\n\n\n<p>El <strong>correu electr\u00f2nic institucional (@escoladelparc.cat)<\/strong> s\u2019utilitza per a les comunicacions que <strong>requereixen resposta<\/strong>:<\/p>\n\n\n\n<ul class=\"wp-block-list\">\n<li>entre <strong>escola i fam\u00edlies<\/strong><\/li>\n\n\n\n<li>entre <strong>docents i fam\u00edlies<\/strong><\/li>\n\n\n\n<li>tamb\u00e9 entre <strong>docents i alumnat<\/strong>, com a eina educativa progressiva<\/li>\n<\/ul>\n\n\n\n<p>La <strong>web del centre<\/strong> \u00e9s l\u2019espai de refer\u00e8ncia on es pot consultar tota la informaci\u00f3 actualitzada sobre el projecte educatiu, les activitats i l\u2019organitzaci\u00f3 del centre.<\/p>\n\n\n\n<p>Aquesta combinaci\u00f3 de canals permet una comunicaci\u00f3 eficient, clara i adaptada a cada necessitat.<\/p>\n","protected":false},"excerpt":{"rendered":"<p>A l\u2019Escola del Parc utilitzem diferents canals de comunicaci\u00f3 per garantir una informaci\u00f3 clara i ordenada amb tota la comunitat educativa. A l\u2019Escola del Parc utilitzem les eines&nbsp;Additio&nbsp;i&nbsp;Edvoice&nbsp;per facilitar la&nbsp;comunicaci\u00f3, la&nbsp;gesti\u00f3 escolar&nbsp;i el&nbsp;seguiment del dia a dia&nbsp;de l\u2019alumnat. Additio&nbsp;\u00e9s la plataforma de gesti\u00f3 educativa que utilitza el centre a nivell intern. Permet a l\u2019equip docent [&hellip;]<\/p>\n","protected":false},"author":1,"featured_media":0,"parent":0,"menu_order":0,"comment_status":"closed","ping_status":"closed","template":"","meta":{"_bbp_topic_count":0,"_bbp_reply_count":0,"_bbp_total_topic_count":0,"_bbp_total_reply_count":0,"_bbp_voice_count":0,"_bbp_anonymous_reply_count":0,"_bbp_topic_count_hidden":0,"_bbp_reply_count_hidden":0,"_bbp_forum_subforum_count":0,"site-sidebar-layout":"default","site-content-layout":"","ast-site-content-layout":"default","site-content-style":"default","site-sidebar-style":"default","ast-global-header-display":"","ast-banner-title-visibility":"","ast-main-header-display":"","ast-hfb-above-header-display":"","ast-hfb-below-header-display":"","ast-hfb-mobile-header-display":"","site-post-title":"disabled","ast-breadcrumbs-content":"","ast-featured-img":"","footer-sml-layout":"","theme-transparent-header-meta":"","adv-header-id-meta":"","stick-header-meta":"","header-above-stick-meta":"","header-main-stick-meta":"","header-below-stick-meta":"","astra-migrate-meta-layouts":"set","ast-page-background-enabled":"default","ast-page-background-meta":{"desktop":{"background-color":"var(--ast-global-color-4)","background-image":"","background-repeat":"repeat","background-position":"center center","background-size":"auto","background-attachment":"scroll","background-type":"","background-media":"","overlay-type":"","overlay-color":"","overlay-opacity":"","overlay-gradient":""},"tablet":{"background-color":"","background-image":"","background-repeat":"repeat","background-position":"center center","background-size":"auto","background-attachment":"scroll","background-type":"","background-media":"","overlay-type":"","overlay-color":"","overlay-opacity":"","overlay-gradient":""},"mobile":{"background-color":"","background-image":"","background-repeat":"repeat","background-position":"center center","background-size":"auto","background-attachment":"scroll","background-type":"","background-media":"","overlay-type":"","overlay-color":"","overlay-opacity":"","overlay-gradient":""}},"ast-content-background-meta":{"desktop":{"background-color":"var(--ast-global-color-5)","background-image":"","background-repeat":"repeat","background-position":"center center","background-size":"auto","background-attachment":"scroll","background-type":"","background-media":"","overlay-type":"","overlay-color":"","overlay-opacity":"","overlay-gradient":""},"tablet":{"background-color":"var(--ast-global-color-5)","background-image":"","background-repeat":"repeat","background-position":"center center","background-size":"auto","background-attachment":"scroll","background-type":"","background-media":"","overlay-type":"","overlay-color":"","overlay-opacity":"","overlay-gradient":""},"mobile":{"background-color":"var(--ast-global-color-5)","background-image":"","background-repeat":"repeat","background-position":"center center","background-size":"auto","background-attachment":"scroll","background-type":"","background-media":"","overlay-type":"","overlay-color":"","overlay-opacity":"","overlay-gradient":""}},"footnotes":""},"class_list":["post-15447","page","type-page","status-publish","hentry"],"post_mailing_queue_ids":[],"_links":{"self":[{"href":"https:\/\/agora.xtec.cat\/escoladelparc\/wp-json\/wp\/v2\/pages\/15447","targetHints":{"allow":["GET"]}}],"collection":[{"href":"https:\/\/agora.xtec.cat\/escoladelparc\/wp-json\/wp\/v2\/pages"}],"about":[{"href":"https:\/\/agora.xtec.cat\/escoladelparc\/wp-json\/wp\/v2\/types\/page"}],"author":[{"embeddable":true,"href":"https:\/\/agora.xtec.cat\/escoladelparc\/wp-json\/wp\/v2\/users\/1"}],"replies":[{"embeddable":true,"href":"https:\/\/agora.xtec.cat\/escoladelparc\/wp-json\/wp\/v2\/comments?post=15447"}],"version-history":[{"count":6,"href":"https:\/\/agora.xtec.cat\/escoladelparc\/wp-json\/wp\/v2\/pages\/15447\/revisions"}],"predecessor-version":[{"id":15605,"href":"https:\/\/agora.xtec.cat\/escoladelparc\/wp-json\/wp\/v2\/pages\/15447\/revisions\/15605"}],"wp:attachment":[{"href":"https:\/\/agora.xtec.cat\/escoladelparc\/wp-json\/wp\/v2\/media?parent=15447"}],"curies":[{"name":"wp","href":"https:\/\/api.w.org\/{rel}","templated":true}]}}