{"id":15293,"date":"2026-01-28T18:58:05","date_gmt":"2026-01-28T17:58:05","guid":{"rendered":"https:\/\/agora.xtec.cat\/escoladelparc\/?page_id=15293"},"modified":"2026-01-28T23:17:18","modified_gmt":"2026-01-28T22:17:18","slug":"salut-2","status":"publish","type":"page","link":"https:\/\/agora.xtec.cat\/escoladelparc\/josocparcteam\/salut-2\/","title":{"rendered":"Salut"},"content":{"rendered":"\n<p class=\"has-text-align-center has-ast-global-color-0-background-color has-background\"><strong>Programa INFADIMED<\/strong><\/p>\n\n\n\n<div class=\"wp-block-columns is-layout-flex wp-container-core-columns-is-layout-1 wp-block-columns-is-layout-flex\">\n<div class=\"wp-block-column is-layout-flow wp-block-column-is-layout-flow\" style=\"flex-basis:33.33%\">\n<figure class=\"wp-block-image size-full\"><a href=\"https:\/\/agora.xtec.cat\/escoladelparc\/wp-content\/uploads\/usu440\/2023\/04\/INFADIMED.jpg\"><img loading=\"lazy\" decoding=\"async\" width=\"343\" height=\"305\" src=\"https:\/\/agora.xtec.cat\/escoladelparc\/wp-content\/uploads\/usu440\/2023\/04\/INFADIMED.jpg\" alt=\"\" class=\"wp-image-12674\" srcset=\"https:\/\/agora.xtec.cat\/escoladelparc\/wp-content\/uploads\/usu440\/2023\/04\/INFADIMED.jpg 343w, https:\/\/agora.xtec.cat\/escoladelparc\/wp-content\/uploads\/usu440\/2023\/04\/INFADIMED-300x267.jpg 300w\" sizes=\"auto, (max-width: 343px) 100vw, 343px\" \/><\/a><\/figure>\n<\/div>\n\n\n\n<div class=\"wp-block-column is-layout-flow wp-block-column-is-layout-flow\" style=\"flex-basis:66.66%\">\n<p>L\u2019Escola del Parc participa en el programa <strong>INFADIMED<\/strong>, una iniciativa educativa que promou <strong>h\u00e0bits de vida saludables<\/strong> i la <strong>prevenci\u00f3 des de la inf\u00e0ncia<\/strong>.<\/p>\n\n\n\n<p>A trav\u00e9s d\u2019activitats vivencials i adaptades a cada edat, els infants aprenen a <strong>alimentar-se de manera equilibrada<\/strong>, a <strong>mantenir-se actius<\/strong> i a <strong>prendre consci\u00e8ncia del propi cos<\/strong>, entenent la salut com un equilibri entre alimentaci\u00f3, activitat f\u00edsica i benestar emocional.<\/p>\n\n\n\n<p>El programa posa l\u2019accent en l\u2019educaci\u00f3 preventiva i en l\u2019adquisici\u00f3 d\u2019h\u00e0bits que acompanyaran els nens i nenes al llarg de la vida. <\/p>\n\n\n\n<p>Amb INFADIMED, l\u2019escola continua apostant per una educaci\u00f3 que <strong>cuida, acompanya i fa cr\u00e9ixer<\/strong>.<\/p>\n<\/div>\n<\/div>\n","protected":false},"excerpt":{"rendered":"<p>Programa INFADIMED L\u2019Escola del Parc participa en el programa INFADIMED, una iniciativa educativa que promou h\u00e0bits de vida saludables i la prevenci\u00f3 des de la inf\u00e0ncia. A trav\u00e9s d\u2019activitats vivencials i adaptades a cada edat, els infants aprenen a alimentar-se de manera equilibrada, a mantenir-se actius i a prendre consci\u00e8ncia del propi cos, entenent la [&hellip;]<\/p>\n","protected":false},"author":1,"featured_media":0,"parent":14830,"menu_order":10,"comment_status":"closed","ping_status":"closed","template":"","meta":{"_bbp_topic_count":0,"_bbp_reply_count":0,"_bbp_total_topic_count":0,"_bbp_total_reply_count":0,"_bbp_voice_count":0,"_bbp_anonymous_reply_count":0,"_bbp_topic_count_hidden":0,"_bbp_reply_count_hidden":0,"_bbp_forum_subforum_count":0,"site-sidebar-layout":"default","site-content-layout":"","ast-site-content-layout":"default","site-content-style":"default","site-sidebar-style":"default","ast-global-header-display":"","ast-banner-title-visibility":"","ast-main-header-display":"","ast-hfb-above-header-display":"","ast-hfb-below-header-display":"","ast-hfb-mobile-header-display":"","site-post-title":"","ast-breadcrumbs-content":"","ast-featured-img":"","footer-sml-layout":"","theme-transparent-header-meta":"","adv-header-id-meta":"","stick-header-meta":"","header-above-stick-meta":"","header-main-stick-meta":"","header-below-stick-meta":"","astra-migrate-meta-layouts":"set","ast-page-background-enabled":"default","ast-page-background-meta":{"desktop":{"background-color":"var(--ast-global-color-4)","background-image":"","background-repeat":"repeat","background-position":"center center","background-size":"auto","background-attachment":"scroll","background-type":"","background-media":"","overlay-type":"","overlay-color":"","overlay-opacity":"","overlay-gradient":""},"tablet":{"background-color":"","background-image":"","background-repeat":"repeat","background-position":"center center","background-size":"auto","background-attachment":"scroll","background-type":"","background-media":"","overlay-type":"","overlay-color":"","overlay-opacity":"","overlay-gradient":""},"mobile":{"background-color":"","background-image":"","background-repeat":"repeat","background-position":"center center","background-size":"auto","background-attachment":"scroll","background-type":"","background-media":"","overlay-type":"","overlay-color":"","overlay-opacity":"","overlay-gradient":""}},"ast-content-background-meta":{"desktop":{"background-color":"var(--ast-global-color-5)","background-image":"","background-repeat":"repeat","background-position":"center center","background-size":"auto","background-attachment":"scroll","background-type":"","background-media":"","overlay-type":"","overlay-color":"","overlay-opacity":"","overlay-gradient":""},"tablet":{"background-color":"var(--ast-global-color-5)","background-image":"","background-repeat":"repeat","background-position":"center center","background-size":"auto","background-attachment":"scroll","background-type":"","background-media":"","overlay-type":"","overlay-color":"","overlay-opacity":"","overlay-gradient":""},"mobile":{"background-color":"var(--ast-global-color-5)","background-image":"","background-repeat":"repeat","background-position":"center center","background-size":"auto","background-attachment":"scroll","background-type":"","background-media":"","overlay-type":"","overlay-color":"","overlay-opacity":"","overlay-gradient":""}},"footnotes":""},"class_list":["post-15293","page","type-page","status-publish","hentry"],"post_mailing_queue_ids":[],"_links":{"self":[{"href":"https:\/\/agora.xtec.cat\/escoladelparc\/wp-json\/wp\/v2\/pages\/15293","targetHints":{"allow":["GET"]}}],"collection":[{"href":"https:\/\/agora.xtec.cat\/escoladelparc\/wp-json\/wp\/v2\/pages"}],"about":[{"href":"https:\/\/agora.xtec.cat\/escoladelparc\/wp-json\/wp\/v2\/types\/page"}],"author":[{"embeddable":true,"href":"https:\/\/agora.xtec.cat\/escoladelparc\/wp-json\/wp\/v2\/users\/1"}],"replies":[{"embeddable":true,"href":"https:\/\/agora.xtec.cat\/escoladelparc\/wp-json\/wp\/v2\/comments?post=15293"}],"version-history":[{"count":3,"href":"https:\/\/agora.xtec.cat\/escoladelparc\/wp-json\/wp\/v2\/pages\/15293\/revisions"}],"predecessor-version":[{"id":15352,"href":"https:\/\/agora.xtec.cat\/escoladelparc\/wp-json\/wp\/v2\/pages\/15293\/revisions\/15352"}],"up":[{"embeddable":true,"href":"https:\/\/agora.xtec.cat\/escoladelparc\/wp-json\/wp\/v2\/pages\/14830"}],"wp:attachment":[{"href":"https:\/\/agora.xtec.cat\/escoladelparc\/wp-json\/wp\/v2\/media?parent=15293"}],"curies":[{"name":"wp","href":"https:\/\/api.w.org\/{rel}","templated":true}]}}