{"id":15284,"date":"2026-01-28T18:51:16","date_gmt":"2026-01-28T17:51:16","guid":{"rendered":"https:\/\/agora.xtec.cat\/escoladelparc\/?page_id=15284"},"modified":"2026-01-30T12:10:50","modified_gmt":"2026-01-30T11:10:50","slug":"treball-globalitzat","status":"publish","type":"page","link":"https:\/\/agora.xtec.cat\/escoladelparc\/josocparcteam\/treball-globalitzat\/","title":{"rendered":"Treball Globalitzat"},"content":{"rendered":"\n<div class=\"wp-block-columns is-layout-flex wp-container-core-columns-is-layout-1 wp-block-columns-is-layout-flex\">\n<div class=\"wp-block-column is-layout-flow wp-block-column-is-layout-flow\">\n<p class=\"has-text-align-center has-ast-global-color-0-background-color has-background\"><strong>Projectes d&#8217;Aula<\/strong><\/p>\n\n\n\n<p>A la nostra escola, el <strong>treball per projectes<\/strong> \u00e9s una eina educativa que complementa el <strong>treball globalitzat i sistem\u00e0tic<\/strong>, permetent que l\u2019alumnat construeixi el seu aprenentatge de manera activa i significativa.<\/p>\n\n\n\n<p><strong>A Infantil<\/strong>, els projectes sorgeixen del <strong>nom de la classe i altres centres d\u2019inter\u00e8s dels infants<\/strong>, adaptant-se als seus ritmes i curiositats. Aix\u00ed fomentem la participaci\u00f3, l\u2019expressi\u00f3, la descoberta i l\u2019experimentaci\u00f3 dins d\u2019un entorn proper i motivador.<\/p>\n\n\n\n<p><strong>A Prim\u00e0ria<\/strong>, els projectes es desenvolupen especialment a l\u2019\u00e0rea de <strong>Coneixement del Medi Natural i Social<\/strong>, integrant continguts d\u2019altres \u00e0rees sempre que \u00e9s possible. L\u2019alumnat apr\u00e8n a <strong>treballar en equip<\/strong>, a <strong>organitzar-se i col\u00b7laborar<\/strong>, i a <strong>construir el seu<\/strong> <strong>propi aprenentatge amb la guia dels mestres<\/strong>, que actuen com a acompanyants i facilitadors. Per aconseguir-ho, es fan servir <strong>diferents metodologies actives i adaptades a cada grup<\/strong>, com per exemple:<\/p>\n\n\n\n<p><strong>Capses d\u2019aprenentatge<\/strong> a la comunitat de grans, que permeten l\u2019experimentaci\u00f3 i el descobriment aut\u00f2nom.<\/p>\n\n\n\n<p>Altres<strong> t\u00e8cniques de treball cooperatiu<\/strong>. <\/p>\n\n\n\n<p>El treball per projectes t\u00e9 com a finalitat:<\/p>\n\n\n\n<ul class=\"wp-block-list\">\n<li>Desenvolupar la <strong>curiositat, l\u2019autonomia i el pensament cr\u00edtic<\/strong>.Fomentar <strong>compet\u00e8ncies socials i emocionals<\/strong>, com l\u2019escolta, la cooperaci\u00f3 i la responsabilitat compartida.<\/li>\n<\/ul>\n\n\n\n<ul class=\"wp-block-list\">\n<li>Motivar l\u2019alumnat perqu\u00e8 <strong>sigui protagonista del seu aprenentatge<\/strong> i pugui aplicar els coneixements en situacions significatives.<\/li>\n<\/ul>\n\n\n\n<p>Aix\u00ed, els projectes s\u2019emmarquen dins d\u2019un aprenentatge <strong>globalitzat, sistem\u00e0tic i inclusiu<\/strong>, que respecta els ritmes de cada infant i afavoreix la construcci\u00f3 de coneixement de manera <strong>activa, cooperativa i significativa<\/strong>.<\/p>\n<\/div>\n\n\n\n<div class=\"wp-block-column is-layout-flow wp-block-column-is-layout-flow\">\n<p class=\"has-text-align-center has-white-color has-ast-global-color-1-background-color has-text-color has-background has-link-color wp-elements-0f803d765a7c3aa460a9f1538a2efbc2\"><strong>Projectes Transversals<\/strong><\/p>\n\n\n\n<p>A la nostra escola, realitzem diversos <strong>projectes transversals<\/strong> que permeten a l\u2019alumnat <strong>aprendre de manera interdisciplin\u00e0ria<\/strong>, connectant diferents \u00e0rees i compet\u00e8ncies amb experi\u00e8ncies significatives. Aquests projectes fomenten la <strong>participaci\u00f3, la creativitat, la curiositat i el treball cooperatiu<\/strong>, i ajuden els alumnes a entendre la relaci\u00f3 entre el que aprenen i la realitat que els envolta.<\/p>\n\n\n\n<p>Alguns dels projectes que desenvolupem s\u00f3n:<\/p>\n\n\n\n<ul class=\"wp-block-list\">\n<li><strong>Projecte de la Festa Major del Prat<\/strong>: un projecte anual que permet als alumnes con\u00e8ixer, investigar i participar activament en la festa del municipi, treballant valors de ciutadania i cultura local.<\/li>\n\n\n\n<li><strong>Projecte de les dones cient\u00edfiques<\/strong>: relacionat amb el <strong>Dia Internacional de la Dona<\/strong>, on cada curs investiga la vida i el treball d\u2019una cient\u00edfica destacada:\n<ul class=\"wp-block-list\">\n<li>I3: Marie Curie<\/li>\n\n\n\n<li>I4: Mae Jemison<\/li>\n\n\n\n<li>I5: Maria Sibylla Merian<\/li>\n\n\n\n<li>1r: Jane Goodall<\/li>\n\n\n\n<li>2n: Michiyo Tsujimura<\/li>\n\n\n\n<li>3r: Valentina Tereishkova<\/li>\n\n\n\n<li>4t: Rosalind Franklin<\/li>\n\n\n\n<li>5\u00e8: Alexandra Cousteau<\/li>\n\n\n\n<li>6\u00e8: Margarita Salas<\/li>\n<\/ul>\n<\/li>\n\n\n\n<li><strong>Projecte &#8220;Viatgem per la hist\u00f2ria&#8221;<\/strong>: permet a l\u2019alumnat explorar esdeveniments, personatges i per\u00edodes hist\u00f2rics d\u2019una manera activa i significativa, desenvolupant habilitats de recerca, interpretaci\u00f3 i comunicaci\u00f3.<\/li>\n\n\n\n<li><strong>Projecte d\u2019interculturalitat<\/strong>: fomenta la <strong>comprensi\u00f3 i el respecte per la diversitat cultural<\/strong>, permetent als alumnes con\u00e8ixer altres cultures, tradicions i maneres de viure, i treballar valors com la toler\u00e0ncia i la conviv\u00e8ncia.<\/li>\n<\/ul>\n\n\n\n<p>Aquests projectes reflecteixen la nostra filosofia educativa: <strong>aprendre de manera globalitzada, significativa i cooperativa<\/strong>, connectant els aprenentatges amb el m\u00f3n real i amb els interessos de cada alumne.<\/p>\n<\/div>\n<\/div>\n\n\n\n<p><\/p>\n","protected":false},"excerpt":{"rendered":"<p>Projectes d&#8217;Aula A la nostra escola, el treball per projectes \u00e9s una eina educativa que complementa el treball globalitzat i sistem\u00e0tic, permetent que l\u2019alumnat construeixi el seu aprenentatge de manera activa i significativa. A Infantil, els projectes sorgeixen del nom de la classe i altres centres d\u2019inter\u00e8s dels infants, adaptant-se als seus ritmes i curiositats. [&hellip;]<\/p>\n","protected":false},"author":1,"featured_media":0,"parent":14830,"menu_order":13,"comment_status":"closed","ping_status":"closed","template":"","meta":{"_bbp_topic_count":0,"_bbp_reply_count":0,"_bbp_total_topic_count":0,"_bbp_total_reply_count":0,"_bbp_voice_count":0,"_bbp_anonymous_reply_count":0,"_bbp_topic_count_hidden":0,"_bbp_reply_count_hidden":0,"_bbp_forum_subforum_count":0,"site-sidebar-layout":"default","site-content-layout":"","ast-site-content-layout":"default","site-content-style":"default","site-sidebar-style":"default","ast-global-header-display":"","ast-banner-title-visibility":"","ast-main-header-display":"","ast-hfb-above-header-display":"","ast-hfb-below-header-display":"","ast-hfb-mobile-header-display":"","site-post-title":"","ast-breadcrumbs-content":"","ast-featured-img":"","footer-sml-layout":"","theme-transparent-header-meta":"","adv-header-id-meta":"","stick-header-meta":"","header-above-stick-meta":"","header-main-stick-meta":"","header-below-stick-meta":"","astra-migrate-meta-layouts":"set","ast-page-background-enabled":"default","ast-page-background-meta":{"desktop":{"background-color":"var(--ast-global-color-4)","background-image":"","background-repeat":"repeat","background-position":"center center","background-size":"auto","background-attachment":"scroll","background-type":"","background-media":"","overlay-type":"","overlay-color":"","overlay-opacity":"","overlay-gradient":""},"tablet":{"background-color":"","background-image":"","background-repeat":"repeat","background-position":"center center","background-size":"auto","background-attachment":"scroll","background-type":"","background-media":"","overlay-type":"","overlay-color":"","overlay-opacity":"","overlay-gradient":""},"mobile":{"background-color":"","background-image":"","background-repeat":"repeat","background-position":"center center","background-size":"auto","background-attachment":"scroll","background-type":"","background-media":"","overlay-type":"","overlay-color":"","overlay-opacity":"","overlay-gradient":""}},"ast-content-background-meta":{"desktop":{"background-color":"var(--ast-global-color-5)","background-image":"","background-repeat":"repeat","background-position":"center center","background-size":"auto","background-attachment":"scroll","background-type":"","background-media":"","overlay-type":"","overlay-color":"","overlay-opacity":"","overlay-gradient":""},"tablet":{"background-color":"var(--ast-global-color-5)","background-image":"","background-repeat":"repeat","background-position":"center center","background-size":"auto","background-attachment":"scroll","background-type":"","background-media":"","overlay-type":"","overlay-color":"","overlay-opacity":"","overlay-gradient":""},"mobile":{"background-color":"var(--ast-global-color-5)","background-image":"","background-repeat":"repeat","background-position":"center center","background-size":"auto","background-attachment":"scroll","background-type":"","background-media":"","overlay-type":"","overlay-color":"","overlay-opacity":"","overlay-gradient":""}},"footnotes":""},"class_list":["post-15284","page","type-page","status-publish","hentry"],"post_mailing_queue_ids":[],"_links":{"self":[{"href":"https:\/\/agora.xtec.cat\/escoladelparc\/wp-json\/wp\/v2\/pages\/15284","targetHints":{"allow":["GET"]}}],"collection":[{"href":"https:\/\/agora.xtec.cat\/escoladelparc\/wp-json\/wp\/v2\/pages"}],"about":[{"href":"https:\/\/agora.xtec.cat\/escoladelparc\/wp-json\/wp\/v2\/types\/page"}],"author":[{"embeddable":true,"href":"https:\/\/agora.xtec.cat\/escoladelparc\/wp-json\/wp\/v2\/users\/1"}],"replies":[{"embeddable":true,"href":"https:\/\/agora.xtec.cat\/escoladelparc\/wp-json\/wp\/v2\/comments?post=15284"}],"version-history":[{"count":4,"href":"https:\/\/agora.xtec.cat\/escoladelparc\/wp-json\/wp\/v2\/pages\/15284\/revisions"}],"predecessor-version":[{"id":15434,"href":"https:\/\/agora.xtec.cat\/escoladelparc\/wp-json\/wp\/v2\/pages\/15284\/revisions\/15434"}],"up":[{"embeddable":true,"href":"https:\/\/agora.xtec.cat\/escoladelparc\/wp-json\/wp\/v2\/pages\/14830"}],"wp:attachment":[{"href":"https:\/\/agora.xtec.cat\/escoladelparc\/wp-json\/wp\/v2\/media?parent=15284"}],"curies":[{"name":"wp","href":"https:\/\/api.w.org\/{rel}","templated":true}]}}