{"id":15274,"date":"2026-01-28T18:42:34","date_gmt":"2026-01-28T17:42:34","guid":{"rendered":"https:\/\/agora.xtec.cat\/escoladelparc\/?page_id=15274"},"modified":"2026-01-30T10:25:33","modified_gmt":"2026-01-30T09:25:33","slug":"comunitats-daprenentatge","status":"publish","type":"page","link":"https:\/\/agora.xtec.cat\/escoladelparc\/josocparcteam\/comunitats-daprenentatge\/","title":{"rendered":"Comunitats d&#8217;aprenentatge"},"content":{"rendered":"\n<div class=\"wp-block-columns is-layout-flex wp-container-core-columns-is-layout-1 wp-block-columns-is-layout-flex\">\n<div class=\"wp-block-column is-layout-flow wp-block-column-is-layout-flow\">\n<p class=\"has-text-align-center has-black-color has-luminous-vivid-orange-background-color has-text-color has-background has-link-color wp-elements-0c454a3cbcac6a3ac21673bcb2e2d6b2\"><strong>Ambients Art\u00edstics _ Comunitat de Mitjans i Grans<\/strong><\/p>\n\n\n\n<p>Treballem l\u2019\u00e0rea de visual i pl\u00e0stica a trav\u00e9s dels\u00a0<strong>ambients art\u00edstics<\/strong>, com una proposta d\u2019aprenentatge basada en la\u00a0<strong>creativitat<\/strong>, l\u2019<strong>expressi\u00f3 personal<\/strong>\u00a0i l\u2019experimentaci\u00f3 amb diferents llenguatges art\u00edstics.<\/p>\n\n\n\n<p>Els ambients es desenvolupen&nbsp;<strong>per comunitats<\/strong>, fomentant la barreja d\u2019edats. D\u2019una banda, la&nbsp;<strong>comunitat de Mitjans<\/strong>&nbsp;(1r, 2n i 3r) i, de l\u2019altra, la&nbsp;<strong>comunitat de Grans<\/strong>&nbsp;(4t, 5\u00e8 i 6\u00e8), amb dies diferenciats. Els grups es formen amb&nbsp;<strong>infants dels tres cursos de la comunitat<\/strong>, afavorint l\u2019aprenentatge entre iguals, l\u2019ajuda m\u00fatua i la conviv\u00e8ncia.<\/p>\n\n\n\n<p>En aquests espais, l\u2019alumnat pot&nbsp;<strong>dibuixar, pintar, modelar, construir o crear amb imatges, so i moviment<\/strong>, respectant els ritmes individuals i fomentant l\u2019autonomia i la presa de decisions. L\u2019error es viu com una part natural del proc\u00e9s creatiu.<\/p>\n\n\n\n<p>Els ambients art\u00edstics permeten expressar&nbsp;<strong>emocions, idees i viv\u00e8ncies<\/strong>, desenvolupar la imaginaci\u00f3 i el pensament divergent, i reforcen el valor de les arts com a element clau del creixement personal i col\u00b7lectiu.<\/p>\n<\/div>\n\n\n\n<div class=\"wp-block-column is-layout-flow wp-block-column-is-layout-flow\">\n<p class=\"has-text-align-center has-luminous-vivid-amber-background-color has-background\"><strong>Ambients _ Comunitat de Petits<\/strong><\/p>\n\n\n\n<p>Treballem els <strong>ambients d\u2019aprenentatge<\/strong> a educaci\u00f3 infantil com a <strong>espais d\u2019aprenentatge vivencials<\/strong> que es duen a terme a la <strong>comunitat de Petits<\/strong>, durant dues <strong>tardes<\/strong> <strong>setmanals<\/strong>.<\/p>\n\n\n\n<p>Els ambients s\u00f3n espais diversos on els infants poden <strong>jugar, explorar, experimentar, construir i imaginar<\/strong>, respectant els seus ritmes i interessos. A trav\u00e9s del joc lliure i l\u2019experimentaci\u00f3 amb materials variats, desenvolupen l\u2019autonomia, la curiositat i el plaer per aprendre.<\/p>\n\n\n\n<p>Els grups es formen per <strong>interessos<\/strong>, afavorint la relaci\u00f3 entre infants de diferents edats de la comunitat i l\u2019aprenentatge entre iguals. El paper de la mestra \u00e9s <strong>acompanyar, observar i guiar<\/strong>, proposant reptes i ajudant els infants a expressar all\u00f2 que descobreixen.<\/p>\n\n\n\n<p>A trav\u00e9s dels ambients d\u2019aprenentatge, els infants construeixen els seus aprenentatges de manera <strong>significativa, vivencial i respectuosa<\/strong>, en un entorn acollidor i segur.<\/p>\n<\/div>\n<\/div>\n\n\n\n<p><\/p>\n","protected":false},"excerpt":{"rendered":"<p>Ambients Art\u00edstics _ Comunitat de Mitjans i Grans Treballem l\u2019\u00e0rea de visual i pl\u00e0stica a trav\u00e9s dels\u00a0ambients art\u00edstics, com una proposta d\u2019aprenentatge basada en la\u00a0creativitat, l\u2019expressi\u00f3 personal\u00a0i l\u2019experimentaci\u00f3 amb diferents llenguatges art\u00edstics. Els ambients es desenvolupen&nbsp;per comunitats, fomentant la barreja d\u2019edats. D\u2019una banda, la&nbsp;comunitat de Mitjans&nbsp;(1r, 2n i 3r) i, de l\u2019altra, la&nbsp;comunitat de Grans&nbsp;(4t, [&hellip;]<\/p>\n","protected":false},"author":1,"featured_media":0,"parent":14830,"menu_order":2,"comment_status":"closed","ping_status":"closed","template":"","meta":{"_bbp_topic_count":0,"_bbp_reply_count":0,"_bbp_total_topic_count":0,"_bbp_total_reply_count":0,"_bbp_voice_count":0,"_bbp_anonymous_reply_count":0,"_bbp_topic_count_hidden":0,"_bbp_reply_count_hidden":0,"_bbp_forum_subforum_count":0,"site-sidebar-layout":"default","site-content-layout":"","ast-site-content-layout":"default","site-content-style":"default","site-sidebar-style":"default","ast-global-header-display":"","ast-banner-title-visibility":"","ast-main-header-display":"","ast-hfb-above-header-display":"","ast-hfb-below-header-display":"","ast-hfb-mobile-header-display":"","site-post-title":"","ast-breadcrumbs-content":"","ast-featured-img":"","footer-sml-layout":"","theme-transparent-header-meta":"","adv-header-id-meta":"","stick-header-meta":"","header-above-stick-meta":"","header-main-stick-meta":"","header-below-stick-meta":"","astra-migrate-meta-layouts":"set","ast-page-background-enabled":"default","ast-page-background-meta":{"desktop":{"background-color":"var(--ast-global-color-4)","background-image":"","background-repeat":"repeat","background-position":"center center","background-size":"auto","background-attachment":"scroll","background-type":"","background-media":"","overlay-type":"","overlay-color":"","overlay-opacity":"","overlay-gradient":""},"tablet":{"background-color":"","background-image":"","background-repeat":"repeat","background-position":"center center","background-size":"auto","background-attachment":"scroll","background-type":"","background-media":"","overlay-type":"","overlay-color":"","overlay-opacity":"","overlay-gradient":""},"mobile":{"background-color":"","background-image":"","background-repeat":"repeat","background-position":"center center","background-size":"auto","background-attachment":"scroll","background-type":"","background-media":"","overlay-type":"","overlay-color":"","overlay-opacity":"","overlay-gradient":""}},"ast-content-background-meta":{"desktop":{"background-color":"var(--ast-global-color-5)","background-image":"","background-repeat":"repeat","background-position":"center center","background-size":"auto","background-attachment":"scroll","background-type":"","background-media":"","overlay-type":"","overlay-color":"","overlay-opacity":"","overlay-gradient":""},"tablet":{"background-color":"var(--ast-global-color-5)","background-image":"","background-repeat":"repeat","background-position":"center center","background-size":"auto","background-attachment":"scroll","background-type":"","background-media":"","overlay-type":"","overlay-color":"","overlay-opacity":"","overlay-gradient":""},"mobile":{"background-color":"var(--ast-global-color-5)","background-image":"","background-repeat":"repeat","background-position":"center center","background-size":"auto","background-attachment":"scroll","background-type":"","background-media":"","overlay-type":"","overlay-color":"","overlay-opacity":"","overlay-gradient":""}},"footnotes":""},"class_list":["post-15274","page","type-page","status-publish","hentry"],"post_mailing_queue_ids":[],"_links":{"self":[{"href":"https:\/\/agora.xtec.cat\/escoladelparc\/wp-json\/wp\/v2\/pages\/15274","targetHints":{"allow":["GET"]}}],"collection":[{"href":"https:\/\/agora.xtec.cat\/escoladelparc\/wp-json\/wp\/v2\/pages"}],"about":[{"href":"https:\/\/agora.xtec.cat\/escoladelparc\/wp-json\/wp\/v2\/types\/page"}],"author":[{"embeddable":true,"href":"https:\/\/agora.xtec.cat\/escoladelparc\/wp-json\/wp\/v2\/users\/1"}],"replies":[{"embeddable":true,"href":"https:\/\/agora.xtec.cat\/escoladelparc\/wp-json\/wp\/v2\/comments?post=15274"}],"version-history":[{"count":5,"href":"https:\/\/agora.xtec.cat\/escoladelparc\/wp-json\/wp\/v2\/pages\/15274\/revisions"}],"predecessor-version":[{"id":15429,"href":"https:\/\/agora.xtec.cat\/escoladelparc\/wp-json\/wp\/v2\/pages\/15274\/revisions\/15429"}],"up":[{"embeddable":true,"href":"https:\/\/agora.xtec.cat\/escoladelparc\/wp-json\/wp\/v2\/pages\/14830"}],"wp:attachment":[{"href":"https:\/\/agora.xtec.cat\/escoladelparc\/wp-json\/wp\/v2\/media?parent=15274"}],"curies":[{"name":"wp","href":"https:\/\/api.w.org\/{rel}","templated":true}]}}