{"id":15271,"date":"2026-01-28T18:41:52","date_gmt":"2026-01-28T17:41:52","guid":{"rendered":"https:\/\/agora.xtec.cat\/escoladelparc\/?page_id=15271"},"modified":"2026-02-02T20:02:52","modified_gmt":"2026-02-02T19:02:52","slug":"entrada-acompanyada-a-educacio-infantil","status":"publish","type":"page","link":"https:\/\/agora.xtec.cat\/escoladelparc\/josocparcteam\/entrada-acompanyada-a-educacio-infantil\/","title":{"rendered":"Entrada Acompanyada a Educaci\u00f3 Infantil"},"content":{"rendered":"\n<p class=\"has-text-align-center has-light-green-cyan-background-color has-background has-medium-font-size\"><strong>Espais d&#8217;aprenentatge<\/strong><\/p>\n\n\n\n<p>A l\u2019etapa d\u2019<strong>Educaci\u00f3 Infantil<\/strong>, el centre ofereix la possibilitat que les fam\u00edlies <strong>accedeixin a l\u2019aula amb els infants d\u2019I3, I4 i I5<\/strong> a l\u2019inici del mat\u00ed, fins a les <strong>9.15 h<\/strong>, compartint un espai tranquil i acollidor abans de comen\u00e7ar la jornada lectiva.<\/p>\n\n\n\n<p>Durant aquesta estona, els infants poden <strong>gaudir de diverses propostes educatives<\/strong> que troben a l\u2019aula. Aquestes activitats estan pensades per facilitar una <strong>entrada progressiva a l\u2019escola<\/strong>, afavorint el benestar emocional, la seguretat afectiva i l\u2019autonomia dels infants.<\/p>\n\n\n\n<p>Les propostes de mat\u00ed permeten treballar, de manera l\u00fadica i significativa:<\/p>\n\n\n\n<ul class=\"wp-block-list\">\n<li>La <strong>motricitat fina<\/strong>, mitjan\u00e7ant activitats manipulatives i de precisi\u00f3.<\/li>\n\n\n\n<li>L\u2019<strong>aprenentatge de jocs de taula<\/strong>, promovent l\u2019atenci\u00f3, el respecte de normes i la socialitzaci\u00f3.<\/li>\n\n\n\n<li><strong>Propostes matem\u00e0tiques<\/strong>, que afavoreixen el raonament i el pensament l\u00f2gic.<\/li>\n\n\n\n<li>Activitats d\u2019<strong>iniciaci\u00f3 a la consci\u00e8ncia fonol\u00f2gica<\/strong>, que contribueixen al desenvolupament del llenguatge i a l\u2019aprenentatge de la lectura.<\/li>\n<\/ul>\n\n\n\n<p>Aquesta metodologia permet que els infants <strong>comencin el dia amb calma<\/strong>, en un entorn segur i compartit amb la fam\u00edlia, i facilita una transici\u00f3 suau cap a les activitats del grup. Alhora, refor\u00e7a la <strong>relaci\u00f3 fam\u00edlia-escola<\/strong>, afavorint una participaci\u00f3 propera i positiva.<\/p>\n","protected":false},"excerpt":{"rendered":"<p>Espais d&#8217;aprenentatge A l\u2019etapa d\u2019Educaci\u00f3 Infantil, el centre ofereix la possibilitat que les fam\u00edlies accedeixin a l\u2019aula amb els infants d\u2019I3, I4 i I5 a l\u2019inici del mat\u00ed, fins a les 9.15 h, compartint un espai tranquil i acollidor abans de comen\u00e7ar la jornada lectiva. Durant aquesta estona, els infants poden gaudir de diverses propostes [&hellip;]<\/p>\n","protected":false},"author":1,"featured_media":0,"parent":14830,"menu_order":5,"comment_status":"closed","ping_status":"closed","template":"","meta":{"_bbp_topic_count":0,"_bbp_reply_count":0,"_bbp_total_topic_count":0,"_bbp_total_reply_count":0,"_bbp_voice_count":0,"_bbp_anonymous_reply_count":0,"_bbp_topic_count_hidden":0,"_bbp_reply_count_hidden":0,"_bbp_forum_subforum_count":0,"site-sidebar-layout":"default","site-content-layout":"","ast-site-content-layout":"default","site-content-style":"default","site-sidebar-style":"default","ast-global-header-display":"","ast-banner-title-visibility":"","ast-main-header-display":"","ast-hfb-above-header-display":"","ast-hfb-below-header-display":"","ast-hfb-mobile-header-display":"","site-post-title":"disabled","ast-breadcrumbs-content":"","ast-featured-img":"","footer-sml-layout":"","theme-transparent-header-meta":"","adv-header-id-meta":"","stick-header-meta":"","header-above-stick-meta":"","header-main-stick-meta":"","header-below-stick-meta":"","astra-migrate-meta-layouts":"set","ast-page-background-enabled":"default","ast-page-background-meta":{"desktop":{"background-color":"var(--ast-global-color-4)","background-image":"","background-repeat":"repeat","background-position":"center center","background-size":"auto","background-attachment":"scroll","background-type":"","background-media":"","overlay-type":"","overlay-color":"","overlay-opacity":"","overlay-gradient":""},"tablet":{"background-color":"","background-image":"","background-repeat":"repeat","background-position":"center center","background-size":"auto","background-attachment":"scroll","background-type":"","background-media":"","overlay-type":"","overlay-color":"","overlay-opacity":"","overlay-gradient":""},"mobile":{"background-color":"","background-image":"","background-repeat":"repeat","background-position":"center center","background-size":"auto","background-attachment":"scroll","background-type":"","background-media":"","overlay-type":"","overlay-color":"","overlay-opacity":"","overlay-gradient":""}},"ast-content-background-meta":{"desktop":{"background-color":"var(--ast-global-color-5)","background-image":"","background-repeat":"repeat","background-position":"center center","background-size":"auto","background-attachment":"scroll","background-type":"","background-media":"","overlay-type":"","overlay-color":"","overlay-opacity":"","overlay-gradient":""},"tablet":{"background-color":"var(--ast-global-color-5)","background-image":"","background-repeat":"repeat","background-position":"center center","background-size":"auto","background-attachment":"scroll","background-type":"","background-media":"","overlay-type":"","overlay-color":"","overlay-opacity":"","overlay-gradient":""},"mobile":{"background-color":"var(--ast-global-color-5)","background-image":"","background-repeat":"repeat","background-position":"center center","background-size":"auto","background-attachment":"scroll","background-type":"","background-media":"","overlay-type":"","overlay-color":"","overlay-opacity":"","overlay-gradient":""}},"footnotes":""},"class_list":["post-15271","page","type-page","status-publish","hentry"],"post_mailing_queue_ids":[],"_links":{"self":[{"href":"https:\/\/agora.xtec.cat\/escoladelparc\/wp-json\/wp\/v2\/pages\/15271","targetHints":{"allow":["GET"]}}],"collection":[{"href":"https:\/\/agora.xtec.cat\/escoladelparc\/wp-json\/wp\/v2\/pages"}],"about":[{"href":"https:\/\/agora.xtec.cat\/escoladelparc\/wp-json\/wp\/v2\/types\/page"}],"author":[{"embeddable":true,"href":"https:\/\/agora.xtec.cat\/escoladelparc\/wp-json\/wp\/v2\/users\/1"}],"replies":[{"embeddable":true,"href":"https:\/\/agora.xtec.cat\/escoladelparc\/wp-json\/wp\/v2\/comments?post=15271"}],"version-history":[{"count":5,"href":"https:\/\/agora.xtec.cat\/escoladelparc\/wp-json\/wp\/v2\/pages\/15271\/revisions"}],"predecessor-version":[{"id":15436,"href":"https:\/\/agora.xtec.cat\/escoladelparc\/wp-json\/wp\/v2\/pages\/15271\/revisions\/15436"}],"up":[{"embeddable":true,"href":"https:\/\/agora.xtec.cat\/escoladelparc\/wp-json\/wp\/v2\/pages\/14830"}],"wp:attachment":[{"href":"https:\/\/agora.xtec.cat\/escoladelparc\/wp-json\/wp\/v2\/media?parent=15271"}],"curies":[{"name":"wp","href":"https:\/\/api.w.org\/{rel}","templated":true}]}}