{"id":15268,"date":"2026-01-28T18:40:58","date_gmt":"2026-01-28T17:40:58","guid":{"rendered":"https:\/\/agora.xtec.cat\/escoladelparc\/?page_id=15268"},"modified":"2026-01-28T23:10:41","modified_gmt":"2026-01-28T22:10:41","slug":"esport","status":"publish","type":"page","link":"https:\/\/agora.xtec.cat\/escoladelparc\/josocparcteam\/esport\/","title":{"rendered":"Esport"},"content":{"rendered":"\n<div class=\"wp-block-columns is-layout-flex wp-container-core-columns-is-layout-2 wp-block-columns-is-layout-flex\">\n<div class=\"wp-block-column is-layout-flow wp-block-column-is-layout-flow\">\n<p class=\"has-text-align-center has-ast-global-color-0-background-color has-background\"><strong>Nataci\u00f3 _ 1r de Prim\u00e0ria<\/strong><\/p>\n\n\n\n<p>L&#8217;alumnat de <strong>1r de p<\/strong>rim\u00e0ria participa en l\u2019activitat de <strong>nataci\u00f3 escolar<\/strong>, una proposta esportiva i educativa <strong>subvencionada per l\u2019Ajuntament del Prat de Llobregat<\/strong>.<\/p>\n\n\n\n<p>La nataci\u00f3 \u00e9s molt m\u00e9s que una activitat f\u00edsica: \u00e9s <strong>guanyar confian\u00e7a, desenvolupar autonomia i sentir-se segur dins l\u2019aigua.<\/strong> A trav\u00e9s del joc i l\u2019experi\u00e8ncia compartida, els infants aprenen a relacionar-se amb el medi aqu\u00e0tic d\u2019una manera positiva i respectuosa.<\/p>\n\n\n\n<p>Amb la nataci\u00f3 escolar, continuem apostant per experi\u00e8ncies educatives que afavoreixen el <strong>benestar<\/strong>, els <strong>h\u00e0bits saludables<\/strong> i el creixement integral dels nens i nenes.<\/p>\n<\/div>\n\n\n\n<div class=\"wp-block-column is-layout-flow wp-block-column-is-layout-flow\">\n<p class=\"has-text-align-center has-white-color has-ast-global-color-1-background-color has-text-color has-background has-link-color wp-elements-fba1f2804df66465b1fff92fe8489a74\"><strong>Vela _ 5\u00e8 de Prim\u00e0ria<\/strong><\/p>\n\n\n\n<div class=\"wp-block-columns is-layout-flex wp-container-core-columns-is-layout-1 wp-block-columns-is-layout-flex\">\n<div class=\"wp-block-column is-layout-flow wp-block-column-is-layout-flow\">\n<figure class=\"wp-block-image size-large\"><a href=\"https:\/\/agora.xtec.cat\/escoladelparc\/wp-content\/uploads\/usu440\/2025\/11\/IMG_2827-scaled.jpg\"><img loading=\"lazy\" decoding=\"async\" width=\"768\" height=\"1024\" src=\"https:\/\/agora.xtec.cat\/escoladelparc\/wp-content\/uploads\/usu440\/2025\/11\/IMG_2827-768x1024.jpg\" alt=\"\" class=\"wp-image-14452\" srcset=\"https:\/\/agora.xtec.cat\/escoladelparc\/wp-content\/uploads\/usu440\/2025\/11\/IMG_2827-768x1024.jpg 768w, https:\/\/agora.xtec.cat\/escoladelparc\/wp-content\/uploads\/usu440\/2025\/11\/IMG_2827-225x300.jpg 225w, https:\/\/agora.xtec.cat\/escoladelparc\/wp-content\/uploads\/usu440\/2025\/11\/IMG_2827-1152x1536.jpg 1152w, https:\/\/agora.xtec.cat\/escoladelparc\/wp-content\/uploads\/usu440\/2025\/11\/IMG_2827-1536x2048.jpg 1536w, https:\/\/agora.xtec.cat\/escoladelparc\/wp-content\/uploads\/usu440\/2025\/11\/IMG_2827-scaled.jpg 1920w\" sizes=\"auto, (max-width: 768px) 100vw, 768px\" \/><\/a><\/figure>\n<\/div>\n\n\n\n<div class=\"wp-block-column is-layout-flow wp-block-column-is-layout-flow\">\n<p>L&#8217;alumnat de <strong>5\u00e8 de prim\u00e0ria<\/strong> participa en el programa <strong>Esport Blau<\/strong>, una experi\u00e8ncia que els apropa al mar a trav\u00e9s de la pr\u00e0ctica de la <strong>vela<\/strong>.<\/p>\n\n\n\n<p>Aprendre a navegar \u00e9s molt m\u00e9s que fer esport: \u00e9s <strong>cooperar<\/strong>, <strong>guanyar autonomia<\/strong>, <strong>confiar en un mateix<\/strong> i <strong>respectar el medi natural<\/strong>. <\/p>\n\n\n\n<p>En contacte directe amb l\u2019entorn mar\u00ed, els infants descobreixen nous reptes i viuen l\u2019esport com una eina de creixement personal.<\/p>\n\n\n\n<p>Amb l\u2019Esport Blau, continuem obrint l\u2019escola a experi\u00e8ncies educatives que deixen empremta.<\/p>\n<\/div>\n<\/div>\n<\/div>\n<\/div>\n\n\n\n<p><\/p>\n","protected":false},"excerpt":{"rendered":"<p>Nataci\u00f3 _ 1r de Prim\u00e0ria L&#8217;alumnat de 1r de prim\u00e0ria participa en l\u2019activitat de nataci\u00f3 escolar, una proposta esportiva i educativa subvencionada per l\u2019Ajuntament del Prat de Llobregat. La nataci\u00f3 \u00e9s molt m\u00e9s que una activitat f\u00edsica: \u00e9s guanyar confian\u00e7a, desenvolupar autonomia i sentir-se segur dins l\u2019aigua. A trav\u00e9s del joc i l\u2019experi\u00e8ncia compartida, els [&hellip;]<\/p>\n","protected":false},"author":1,"featured_media":0,"parent":14830,"menu_order":8,"comment_status":"closed","ping_status":"closed","template":"","meta":{"_bbp_topic_count":0,"_bbp_reply_count":0,"_bbp_total_topic_count":0,"_bbp_total_reply_count":0,"_bbp_voice_count":0,"_bbp_anonymous_reply_count":0,"_bbp_topic_count_hidden":0,"_bbp_reply_count_hidden":0,"_bbp_forum_subforum_count":0,"site-sidebar-layout":"default","site-content-layout":"","ast-site-content-layout":"default","site-content-style":"default","site-sidebar-style":"default","ast-global-header-display":"","ast-banner-title-visibility":"","ast-main-header-display":"","ast-hfb-above-header-display":"","ast-hfb-below-header-display":"","ast-hfb-mobile-header-display":"","site-post-title":"","ast-breadcrumbs-content":"","ast-featured-img":"","footer-sml-layout":"","theme-transparent-header-meta":"","adv-header-id-meta":"","stick-header-meta":"","header-above-stick-meta":"","header-main-stick-meta":"","header-below-stick-meta":"","astra-migrate-meta-layouts":"set","ast-page-background-enabled":"default","ast-page-background-meta":{"desktop":{"background-color":"var(--ast-global-color-4)","background-image":"","background-repeat":"repeat","background-position":"center center","background-size":"auto","background-attachment":"scroll","background-type":"","background-media":"","overlay-type":"","overlay-color":"","overlay-opacity":"","overlay-gradient":""},"tablet":{"background-color":"","background-image":"","background-repeat":"repeat","background-position":"center center","background-size":"auto","background-attachment":"scroll","background-type":"","background-media":"","overlay-type":"","overlay-color":"","overlay-opacity":"","overlay-gradient":""},"mobile":{"background-color":"","background-image":"","background-repeat":"repeat","background-position":"center center","background-size":"auto","background-attachment":"scroll","background-type":"","background-media":"","overlay-type":"","overlay-color":"","overlay-opacity":"","overlay-gradient":""}},"ast-content-background-meta":{"desktop":{"background-color":"var(--ast-global-color-5)","background-image":"","background-repeat":"repeat","background-position":"center center","background-size":"auto","background-attachment":"scroll","background-type":"","background-media":"","overlay-type":"","overlay-color":"","overlay-opacity":"","overlay-gradient":""},"tablet":{"background-color":"var(--ast-global-color-5)","background-image":"","background-repeat":"repeat","background-position":"center center","background-size":"auto","background-attachment":"scroll","background-type":"","background-media":"","overlay-type":"","overlay-color":"","overlay-opacity":"","overlay-gradient":""},"mobile":{"background-color":"var(--ast-global-color-5)","background-image":"","background-repeat":"repeat","background-position":"center center","background-size":"auto","background-attachment":"scroll","background-type":"","background-media":"","overlay-type":"","overlay-color":"","overlay-opacity":"","overlay-gradient":""}},"footnotes":""},"class_list":["post-15268","page","type-page","status-publish","hentry"],"post_mailing_queue_ids":[],"_links":{"self":[{"href":"https:\/\/agora.xtec.cat\/escoladelparc\/wp-json\/wp\/v2\/pages\/15268","targetHints":{"allow":["GET"]}}],"collection":[{"href":"https:\/\/agora.xtec.cat\/escoladelparc\/wp-json\/wp\/v2\/pages"}],"about":[{"href":"https:\/\/agora.xtec.cat\/escoladelparc\/wp-json\/wp\/v2\/types\/page"}],"author":[{"embeddable":true,"href":"https:\/\/agora.xtec.cat\/escoladelparc\/wp-json\/wp\/v2\/users\/1"}],"replies":[{"embeddable":true,"href":"https:\/\/agora.xtec.cat\/escoladelparc\/wp-json\/wp\/v2\/comments?post=15268"}],"version-history":[{"count":6,"href":"https:\/\/agora.xtec.cat\/escoladelparc\/wp-json\/wp\/v2\/pages\/15268\/revisions"}],"predecessor-version":[{"id":15351,"href":"https:\/\/agora.xtec.cat\/escoladelparc\/wp-json\/wp\/v2\/pages\/15268\/revisions\/15351"}],"up":[{"embeddable":true,"href":"https:\/\/agora.xtec.cat\/escoladelparc\/wp-json\/wp\/v2\/pages\/14830"}],"wp:attachment":[{"href":"https:\/\/agora.xtec.cat\/escoladelparc\/wp-json\/wp\/v2\/media?parent=15268"}],"curies":[{"name":"wp","href":"https:\/\/api.w.org\/{rel}","templated":true}]}}