{"id":15081,"date":"2025-12-16T00:12:01","date_gmt":"2025-12-15T23:12:01","guid":{"rendered":"https:\/\/agora.xtec.cat\/escoladelparc\/?page_id=15081"},"modified":"2026-02-02T19:57:53","modified_gmt":"2026-02-02T18:57:53","slug":"que-fem-al-pati","status":"publish","type":"page","link":"https:\/\/agora.xtec.cat\/escoladelparc\/josocparcteam\/que-fem-al-pati\/","title":{"rendered":"Qu\u00e8 fem al pati?"},"content":{"rendered":"\n<p class=\"has-text-align-center has-ast-global-color-0-background-color has-background has-large-font-size\"><strong>Qu\u00e8 fem al pati de Prim\u00e0ria?<\/strong><\/p>\n\n\n\n<p>L\u2019escola aposta per un temps d&#8217;esbarjo educatiu, divers i inclusiu que ofereix m\u00faltiples opcions de joc, aprenentatge i conviv\u00e8ncia. <\/p>\n\n\n\n<p>Cada moment \u00e9s una oportunitat per aprendre, jugar i descobrir! Els infants poden explorar, compartir i gaudir junts d\u2019activitats divertides i enriquidores en un ambient respectu\u00f3s i inclusiu.<\/p>\n\n\n\n<div class=\"wp-block-columns is-layout-flex wp-container-core-columns-is-layout-1 wp-block-columns-is-layout-flex\">\n<div class=\"wp-block-column is-layout-flow wp-block-column-is-layout-flow\">\n<p class=\"has-text-align-center has-black-color has-pale-cyan-blue-background-color has-text-color has-background has-link-color has-medium-font-size wp-elements-a65e51bf1ace37de611daec189278609\"><a href=\"https:\/\/photos.app.goo.gl\/zCuw2HWGudUiHVf47\"><strong>Espai 0 <\/strong><\/a> _ <strong>Calma i Regulaci\u00f3 Sensorial<\/strong><\/p>\n\n\n\n<p class=\"has-medium-font-size\"><strong>Objectiu:<\/strong> Oferir un entorn tranquil amb est\u00edmuls controlats per afavorir l\u2019autoregulaci\u00f3 sensorial.<\/p>\n\n\n\n<p class=\"has-medium-font-size\"><strong>Caracter\u00edstiques:<\/strong> Poc soroll, poca llum, i activitats per a la regulaci\u00f3 propioceptiva, t\u00e0ctil, visual i vestibular.<\/p>\n\n\n\n<p class=\"has-medium-font-size\"><strong>Norma clau:<\/strong> Silenci, lentitud i respecte.<\/p>\n\n\n\n<p class=\"has-medium-font-size\"><strong>Quan?<\/strong> Dilluns i dimecres al gimn\u00e0s.<\/p>\n<\/div>\n\n\n\n<div class=\"wp-block-column is-layout-flow wp-block-column-is-layout-flow\">\n<p class=\"has-text-align-center has-black-color has-vivid-cyan-blue-background-color has-text-color has-background has-link-color has-medium-font-size wp-elements-7b7df370012093beb94bf6ec43a73fd9\"><strong><a href=\"https:\/\/photos.app.goo.gl\/zmjSt4dnNSGiBtyL6\">Biblioteca<\/a><\/strong><\/p>\n\n\n\n<p class=\"has-text-align-left has-white-background-color has-background has-medium-font-size\" style=\"padding-top:0;padding-right:0;padding-bottom:0;padding-left:0\"><strong>Objectiu:<\/strong> Fomentar el gust per la lectura en un ambient relaxat i lliure.<\/p>\n\n\n\n<p class=\"has-text-align-left has-white-background-color has-background has-medium-font-size\" style=\"padding-top:0;padding-right:0;padding-bottom:0;padding-left:0\"><strong>Caracter\u00edstiques:<\/strong> Espai obert, acollidor, amb acc\u00e9s espontani als llibres. Dues mestres dinamitzadores hi acompanyen.<\/p>\n\n\n\n<p class=\"has-text-align-left has-white-background-color has-background has-medium-font-size\" style=\"padding-top:0;padding-right:0;padding-bottom:0;padding-left:0\"><strong>Quan?<\/strong> Dilluns, dimecres i divendres.<\/p>\n<\/div>\n\n\n\n<div class=\"wp-block-column is-layout-flow wp-block-column-is-layout-flow\">\n<p class=\"has-text-align-center has-black-color has-vivid-purple-background-color has-text-color has-background has-link-color has-medium-font-size wp-elements-137af71c4555aa32c4165027124b3c6c\"><a href=\"https:\/\/photos.app.goo.gl\/EZcPxSasNw3y77BP9\"><strong>Circ<\/strong><\/a><\/p>\n\n\n\n<p class=\"has-text-align-left has-white-background-color has-background has-medium-font-size\" style=\"padding-top:0;padding-right:0;padding-bottom:0;padding-left:0\">&nbsp;<strong>Objectiu:<\/strong> Apropar els infants al m\u00f3n del circ a trav\u00e9s del joc i la pr\u00e0ctica.<\/p>\n\n\n\n<p class=\"has-text-align-left has-white-background-color has-background has-medium-font-size\" style=\"padding-top:0;padding-right:0;padding-bottom:0;padding-left:0\"><strong>Activitats:<\/strong> Malabars, equilibri, coordinaci\u00f3 amb maces, pilotes, c\u00e8rcols, \u201cdiabolo\u201d, patins, etc.<\/p>\n\n\n\n<p class=\"has-text-align-left has-white-background-color has-background has-medium-font-size\" style=\"padding-top:0;padding-right:0;padding-bottom:0;padding-left:0\"><strong>Quan?<\/strong> <strong>Dijous:<\/strong> Comunitat de grans                      <strong>Dimarts:<\/strong> Comunitat de mitjans<\/p>\n\n\n\n<p class=\"has-text-align-left has-white-background-color has-background has-medium-font-size\" style=\"padding-top:0;padding-right:0;padding-bottom:0;padding-left:0\"><strong>On?<\/strong> Gimn\u00e0s.<\/p>\n<\/div>\n<\/div>\n\n\n\n<div class=\"wp-block-columns is-layout-flex wp-container-core-columns-is-layout-2 wp-block-columns-is-layout-flex\">\n<div class=\"wp-block-column has-medium-font-size is-layout-flow wp-block-column-is-layout-flow\">\n<p class=\"has-text-align-center has-black-color has-luminous-vivid-amber-background-color has-text-color has-background has-link-color has-medium-font-size wp-elements-05a74a8b7e4daf4657ddccb53e629dec\"><a href=\"https:\/\/photos.app.goo.gl\/wcdAR17PJE1Fu7rF9\"><strong>Jocs Tradicionals<\/strong><\/a><\/p>\n\n\n\n<p class=\"has-text-align-left has-white-background-color has-background has-medium-font-size\" style=\"padding-top:0;padding-right:0;padding-bottom:0;padding-left:0\"><strong>Objectiu:<\/strong> Recuperar i gaudir dels jocs cl\u00e0ssics, fomentant el treball en equip i la participaci\u00f3 interedats.<\/p>\n\n\n\n<p class=\"has-text-align-left has-white-background-color has-background has-medium-font-size\" style=\"padding-top:0;padding-right:0;padding-bottom:0;padding-left:0\"><strong>Exemples:<\/strong> Tres en ratlla, petanca, mikado, jocs de punteria&#8230;<\/p>\n\n\n\n<p class=\"has-text-align-left has-white-background-color has-background has-medium-font-size\" style=\"padding-top:0;padding-right:0;padding-bottom:0;padding-left:0\"><strong>Quan?<\/strong> Dimarts i dijous.<\/p>\n<\/div>\n\n\n\n<div class=\"wp-block-column has-medium-font-size is-layout-flow wp-block-column-is-layout-flow\">\n<p class=\"has-text-align-center has-black-color has-luminous-vivid-orange-background-color has-text-color has-background has-link-color has-medium-font-size wp-elements-7f9badabb30edf2a05c6a5191fa16e05\"><a href=\"https:\/\/photos.app.goo.gl\/CQuY6hsxG2WoHsFR6\">Hort \/ Sorral<\/a><\/p>\n\n\n\n<p class=\"has-text-align-left has-white-background-color has-background has-medium-font-size\" style=\"padding-top:0;padding-right:0;padding-bottom:0;padding-left:0\"><strong>Objectiu:<\/strong> Aprendre a trav\u00e9s del contacte directe amb la natura.<\/p>\n\n\n\n<p class=\"has-text-align-left has-white-background-color has-background has-medium-font-size\" style=\"padding-top:0;padding-right:0;padding-bottom:0;padding-left:0\"><strong>Beneficis:<\/strong> Desenvolupament sensorial, cooperaci\u00f3, responsabilitat i creativitat.<\/p>\n\n\n\n<p class=\"has-text-align-left has-white-background-color has-background has-medium-font-size\" style=\"padding-top:0;padding-right:0;padding-bottom:0;padding-left:0\"><strong>Quan?<\/strong> Dimarts i dijous.<\/p>\n<\/div>\n\n\n\n<div class=\"wp-block-column is-layout-flow wp-block-column-is-layout-flow\">\n<p class=\"has-text-align-center has-black-color has-vivid-red-background-color has-text-color has-background has-link-color has-medium-font-size wp-elements-02daf97a3d0e6507b13700327fd53504\"><a href=\"https:\/\/photos.app.goo.gl\/SRro7XRB5fGVRJAi7\"><strong>Tennis Taula<\/strong><\/a><\/p>\n\n\n\n<p class=\"has-text-align-left has-white-background-color has-background has-medium-font-size\" style=\"padding-top:0;padding-right:0;padding-bottom:0;padding-left:0\"><strong>Objectiu:<\/strong> Millorar la coordinaci\u00f3, agilitat, reflexos i concentraci\u00f3.<\/p>\n\n\n\n<p class=\"has-text-align-left has-white-background-color has-background has-medium-font-size\" style=\"padding-top:0;padding-right:0;padding-bottom:0;padding-left:0\"><strong>Tamb\u00e9 promou:<\/strong> Respecte i valors socials a trav\u00e9s del joc.<\/p>\n\n\n\n<p class=\"has-text-align-left has-white-background-color has-background has-medium-font-size\" style=\"padding-top:0;padding-right:0;padding-bottom:0;padding-left:0\"><strong>Quan?<\/strong> Dimecres.<\/p>\n<\/div>\n<\/div>\n\n\n\n<div class=\"wp-block-columns is-layout-flex wp-container-core-columns-is-layout-3 wp-block-columns-is-layout-flex\">\n<div class=\"wp-block-column is-layout-flow wp-block-column-is-layout-flow\">\n<p class=\"has-text-align-center has-black-color has-light-green-cyan-background-color has-text-color has-background has-link-color has-medium-font-size wp-elements-cae297b7d8960fa63e80218a527687f1\"><a href=\"https:\/\/photos.app.goo.gl\/bR88MVaLgLcSURXR8\">&nbsp;<strong>Escacs<\/strong><\/a><\/p>\n\n\n\n<p class=\"has-text-align-left has-white-background-color has-background has-medium-font-size\" style=\"padding-top:0;padding-right:0;padding-bottom:0;padding-left:0\"><strong>Objectiu:<\/strong> Desenvolupar pensament l\u00f2gic, mem\u00f2ria i estrat\u00e8gia.<\/p>\n\n\n\n<p class=\"has-text-align-left has-white-background-color has-background has-medium-font-size\" style=\"padding-top:0;padding-right:0;padding-bottom:0;padding-left:0\"><strong>Valors:<\/strong> Respecte pels torns, paci\u00e8ncia i presa de decisions reflexiva.<\/p>\n\n\n\n<p class=\"has-text-align-left has-white-background-color has-background has-medium-font-size\" style=\"padding-top:0;padding-right:0;padding-bottom:0;padding-left:0\"><strong>Quan?<\/strong> Divendres (comunitat de grans).<\/p>\n\n\n\n<p class=\"has-text-align-center has-white-background-color has-background has-small-font-size\" style=\"padding-top:0;padding-right:0;padding-bottom:0;padding-left:0\"><\/p>\n<\/div>\n\n\n\n<div class=\"wp-block-column is-layout-flow wp-block-column-is-layout-flow\">\n<p class=\"has-text-align-center has-black-color has-vivid-green-cyan-background-color has-text-color has-background has-link-color has-medium-font-size wp-elements-c8b6c476bc0b1c743e60642bd1d0250d\"><a href=\"https:\/\/photos.app.goo.gl\/p2mrWB1FCgwSNrPu5\"><strong>Jocs de Taula<\/strong><\/a><\/p>\n\n\n\n<p class=\"has-text-align-left has-white-background-color has-background has-medium-font-size\" style=\"padding-top:0;padding-right:0;padding-bottom:0;padding-left:0\"><strong>Objectiu:<\/strong> Fomentar la socialitzaci\u00f3, el respecte i el joc cooperatiu.<\/p>\n\n\n\n<p class=\"has-text-align-left has-white-background-color has-background has-medium-font-size\" style=\"padding-top:0;padding-right:0;padding-bottom:0;padding-left:0\"><strong>Valors:<\/strong> Acceptar vict\u00f2ries i derrotes, compartir i aprendre jugant.<\/p>\n\n\n\n<p class=\"has-text-align-left has-white-background-color has-background has-medium-font-size\" style=\"padding-top:0;padding-right:0;padding-bottom:0;padding-left:0\"><strong>Quan?<\/strong> Divendres.<\/p>\n<\/div>\n<\/div>\n","protected":false},"excerpt":{"rendered":"<p>Qu\u00e8 fem al pati de Prim\u00e0ria? L\u2019escola aposta per un temps d&#8217;esbarjo educatiu, divers i inclusiu que ofereix m\u00faltiples opcions de joc, aprenentatge i conviv\u00e8ncia. Cada moment \u00e9s una oportunitat per aprendre, jugar i descobrir! Els infants poden explorar, compartir i gaudir junts d\u2019activitats divertides i enriquidores en un ambient respectu\u00f3s i inclusiu. Espai 0 [&hellip;]<\/p>\n","protected":false},"author":1,"featured_media":0,"parent":14830,"menu_order":9,"comment_status":"closed","ping_status":"closed","template":"","meta":{"_bbp_topic_count":0,"_bbp_reply_count":0,"_bbp_total_topic_count":0,"_bbp_total_reply_count":0,"_bbp_voice_count":0,"_bbp_anonymous_reply_count":0,"_bbp_topic_count_hidden":0,"_bbp_reply_count_hidden":0,"_bbp_forum_subforum_count":0,"site-sidebar-layout":"default","site-content-layout":"","ast-site-content-layout":"default","site-content-style":"default","site-sidebar-style":"default","ast-global-header-display":"","ast-banner-title-visibility":"","ast-main-header-display":"","ast-hfb-above-header-display":"","ast-hfb-below-header-display":"","ast-hfb-mobile-header-display":"","site-post-title":"disabled","ast-breadcrumbs-content":"","ast-featured-img":"","footer-sml-layout":"","theme-transparent-header-meta":"","adv-header-id-meta":"","stick-header-meta":"","header-above-stick-meta":"","header-main-stick-meta":"","header-below-stick-meta":"","astra-migrate-meta-layouts":"set","ast-page-background-enabled":"default","ast-page-background-meta":{"desktop":{"background-color":"var(--ast-global-color-4)","background-image":"","background-repeat":"repeat","background-position":"center center","background-size":"auto","background-attachment":"scroll","background-type":"","background-media":"","overlay-type":"","overlay-color":"","overlay-opacity":"","overlay-gradient":""},"tablet":{"background-color":"","background-image":"","background-repeat":"repeat","background-position":"center center","background-size":"auto","background-attachment":"scroll","background-type":"","background-media":"","overlay-type":"","overlay-color":"","overlay-opacity":"","overlay-gradient":""},"mobile":{"background-color":"","background-image":"","background-repeat":"repeat","background-position":"center center","background-size":"auto","background-attachment":"scroll","background-type":"","background-media":"","overlay-type":"","overlay-color":"","overlay-opacity":"","overlay-gradient":""}},"ast-content-background-meta":{"desktop":{"background-color":"var(--ast-global-color-5)","background-image":"","background-repeat":"repeat","background-position":"center center","background-size":"auto","background-attachment":"scroll","background-type":"","background-media":"","overlay-type":"","overlay-color":"","overlay-opacity":"","overlay-gradient":""},"tablet":{"background-color":"var(--ast-global-color-5)","background-image":"","background-repeat":"repeat","background-position":"center center","background-size":"auto","background-attachment":"scroll","background-type":"","background-media":"","overlay-type":"","overlay-color":"","overlay-opacity":"","overlay-gradient":""},"mobile":{"background-color":"var(--ast-global-color-5)","background-image":"","background-repeat":"repeat","background-position":"center center","background-size":"auto","background-attachment":"scroll","background-type":"","background-media":"","overlay-type":"","overlay-color":"","overlay-opacity":"","overlay-gradient":""}},"footnotes":""},"class_list":["post-15081","page","type-page","status-publish","hentry"],"post_mailing_queue_ids":[],"_links":{"self":[{"href":"https:\/\/agora.xtec.cat\/escoladelparc\/wp-json\/wp\/v2\/pages\/15081","targetHints":{"allow":["GET"]}}],"collection":[{"href":"https:\/\/agora.xtec.cat\/escoladelparc\/wp-json\/wp\/v2\/pages"}],"about":[{"href":"https:\/\/agora.xtec.cat\/escoladelparc\/wp-json\/wp\/v2\/types\/page"}],"author":[{"embeddable":true,"href":"https:\/\/agora.xtec.cat\/escoladelparc\/wp-json\/wp\/v2\/users\/1"}],"replies":[{"embeddable":true,"href":"https:\/\/agora.xtec.cat\/escoladelparc\/wp-json\/wp\/v2\/comments?post=15081"}],"version-history":[{"count":6,"href":"https:\/\/agora.xtec.cat\/escoladelparc\/wp-json\/wp\/v2\/pages\/15081\/revisions"}],"predecessor-version":[{"id":15575,"href":"https:\/\/agora.xtec.cat\/escoladelparc\/wp-json\/wp\/v2\/pages\/15081\/revisions\/15575"}],"up":[{"embeddable":true,"href":"https:\/\/agora.xtec.cat\/escoladelparc\/wp-json\/wp\/v2\/pages\/14830"}],"wp:attachment":[{"href":"https:\/\/agora.xtec.cat\/escoladelparc\/wp-json\/wp\/v2\/media?parent=15081"}],"curies":[{"name":"wp","href":"https:\/\/api.w.org\/{rel}","templated":true}]}}