{"id":14690,"date":"2025-11-13T16:39:09","date_gmt":"2025-11-13T15:39:09","guid":{"rendered":"https:\/\/agora.xtec.cat\/escoladelparc\/?page_id=14690"},"modified":"2026-03-24T15:28:01","modified_gmt":"2026-03-24T14:28:01","slug":"composicio-consell-escolar","status":"publish","type":"page","link":"https:\/\/agora.xtec.cat\/escoladelparc\/lescola\/consell-escolar\/composicio-consell-escolar\/","title":{"rendered":"Membres del Consell escolar _ Comissions"},"content":{"rendered":"\n<p>Constituci\u00f3 desembre 2025<\/p>\n\n\n\n<div class=\"wp-block-columns is-layout-flex wp-container-core-columns-is-layout-1 wp-block-columns-is-layout-flex\">\n<div class=\"wp-block-column is-layout-flow wp-block-column-is-layout-flow\">\n<p class=\"has-text-align-center has-luminous-vivid-orange-background-color has-background\">Membres nats i altres representants electes<\/p>\n\n\n\n<ul class=\"wp-block-list\">\n<li>Anna Par\u00e9s (Directora)<\/li>\n\n\n\n<li>Paqui Mart\u00ednez (Cap d&#8217;estudis) <\/li>\n\n\n\n<li>Carmen Anquela (Secret\u00e0ria)<\/li>\n\n\n\n<li>Leticia Marfil (Representant Ajuntament)<\/li>\n\n\n\n<li><em>Juani Jim\u00e9nez<\/em> (PAS)<\/li>\n\n\n\n<li>Vanessa Salinas (PAE)<\/li>\n<\/ul>\n<\/div>\n\n\n\n<div class=\"wp-block-column is-layout-flow wp-block-column-is-layout-flow\">\n<p class=\"has-text-align-center has-ast-global-color-0-background-color has-background\">Sector Docents<\/p>\n\n\n\n<ul class=\"wp-block-list\">\n<li>Eli Santoscana<\/li>\n\n\n\n<li>\u00c8lia Ribas<\/li>\n\n\n\n<li>Helena Giner<\/li>\n\n\n\n<li>Mar Luque<\/li>\n\n\n\n<li><em>Maite Puig<\/em><\/li>\n\n\n\n<li><em>Eva Mart\u00ednez<\/em> <\/li>\n<\/ul>\n<\/div>\n\n\n\n<div class=\"wp-block-column is-layout-flow wp-block-column-is-layout-flow\">\n<p class=\"has-text-align-center has-white-color has-ast-global-color-1-background-color has-text-color has-background has-link-color wp-elements-44713d8fca75c3e4122b26dcccd925e3\">Sector Fam\u00edlies<\/p>\n\n\n\n<ul class=\"wp-block-list\">\n<li>Cristina Platel<\/li>\n\n\n\n<li>Inmaculada Lorenzo<\/li>\n\n\n\n<li>T<em>atiana Abbud<\/em><\/li>\n\n\n\n<li><em>Carol Rodenas <\/em><\/li>\n\n\n\n<li>\u00d3<em>scar Sierra<\/em><\/li>\n\n\n\n<li>Rakel Hern\u00e1ndez _ (Representant AFA)<\/li>\n<\/ul>\n<\/div>\n<\/div>\n\n\n\n<p class=\"has-text-align-center has-black-color has-very-light-gray-to-cyan-bluish-gray-gradient-background has-text-color has-background has-link-color has-medium-font-size wp-elements-63618bcde93a2c4f264ee3143d435cb0\"><strong>COMISSIONS<\/strong><\/p>\n\n\n\n<div class=\"wp-block-columns is-layout-flex wp-container-core-columns-is-layout-2 wp-block-columns-is-layout-flex\">\n<div class=\"wp-block-column is-layout-flow wp-block-column-is-layout-flow\">\n<p class=\"has-text-align-center has-luminous-vivid-amber-background-color has-background\"><strong>Permanent<\/strong><\/p>\n\n\n\n<ul class=\"wp-block-list\">\n<li>Anna Par\u00e9s<\/li>\n\n\n\n<li>Carmen Anquela<\/li>\n\n\n\n<li>Rakel Hern\u00e1ndez<\/li>\n\n\n\n<li>Maite puig<\/li>\n\n\n\n<li>\u00c8lia Ribas<\/li>\n\n\n\n<li>Eli Santoscana<\/li>\n<\/ul>\n<\/div>\n\n\n\n<div class=\"wp-block-column is-layout-flow wp-block-column-is-layout-flow\">\n<p class=\"has-text-align-center has-ast-global-color-0-background-color has-background\"><strong>Econ\u00f2mica<\/strong><\/p>\n\n\n\n<ul class=\"wp-block-list\">\n<li>Anna Par\u00e9s<\/li>\n\n\n\n<li>Carmen Anquela<\/li>\n\n\n\n<li>Leticia Marfil<\/li>\n\n\n\n<li>\u00d3scar Sierra<\/li>\n\n\n\n<li>Maite Puig<\/li>\n\n\n\n<li>\u00c8lia Ribas<\/li>\n<\/ul>\n<\/div>\n\n\n\n<div class=\"wp-block-column is-layout-flow wp-block-column-is-layout-flow\">\n<p class=\"has-text-align-center has-pale-cyan-blue-background-color has-background has-small-font-size\"><strong>Documentaci\u00f3<\/strong><\/p>\n\n\n\n<ul class=\"wp-block-list\">\n<li>Anna Par\u00e9s<\/li>\n\n\n\n<li>Paqui Mart\u00ednez<\/li>\n\n\n\n<li>Carol Rodenas<\/li>\n\n\n\n<li>Tatiana Abbud<\/li>\n<\/ul>\n<\/div>\n<\/div>\n\n\n\n<div class=\"wp-block-columns is-layout-flex wp-container-core-columns-is-layout-3 wp-block-columns-is-layout-flex\">\n<div class=\"wp-block-column is-layout-flow wp-block-column-is-layout-flow\">\n<p class=\"has-text-align-center has-luminous-vivid-orange-background-color has-background\"><strong>Conviv\u00e8ncia i Coeducaci\u00f3<\/strong><\/p>\n\n\n\n<ul class=\"wp-block-list\">\n<li>Anna Par\u00e9s<\/li>\n\n\n\n<li>Paqui Mart\u00ednez<\/li>\n\n\n\n<li>Cristina Platel<\/li>\n\n\n\n<li>Inma Lorenzo<\/li>\n\n\n\n<li>Rakel Hern\u00e1ndez<\/li>\n\n\n\n<li>Eva Mart\u00ednez<\/li>\n\n\n\n<li>Mar Luque<\/li>\n\n\n\n<li>Helena Giner (Representant Coeducaci\u00f3)<\/li>\n\n\n\n<li>Carol Rodenas<\/li>\n<\/ul>\n<\/div>\n\n\n\n<div class=\"wp-block-column is-layout-flow wp-block-column-is-layout-flow\">\n<p class=\"has-text-align-center has-white-color has-ast-global-color-1-background-color has-text-color has-background has-link-color wp-elements-3741a774054d80f113f77987ae04aeec\"><strong>Reutilitzaci\u00f3 de llibres\/SORELL<\/strong><\/p>\n\n\n\n<ul class=\"wp-block-list\">\n<li>Anna Par\u00e9s<\/li>\n\n\n\n<li>Paqui Mart\u00ednez<\/li>\n\n\n\n<li>Juani Cueto<\/li>\n\n\n\n<li>Cristina Platel<\/li>\n\n\n\n<li>Inma Lorenzo<\/li>\n\n\n\n<li>Eva Mart\u00ednez<\/li>\n\n\n\n<li>Eli Santoscana<\/li>\n\n\n\n<li>Helena Giner<\/li>\n<\/ul>\n<\/div>\n\n\n\n<div class=\"wp-block-column is-layout-flow wp-block-column-is-layout-flow\">\n<p class=\"has-text-align-center has-vivid-cyan-blue-background-color has-background\"><strong>Menjador<\/strong><\/p>\n\n\n\n<ul class=\"wp-block-list\">\n<li>Anna Par\u00e9s<\/li>\n\n\n\n<li>Carmen Anquela<\/li>\n\n\n\n<li>Mar Luque<\/li>\n\n\n\n<li>\u00d3scar Sierra<\/li>\n<\/ul>\n<\/div>\n<\/div>\n","protected":false},"excerpt":{"rendered":"<p>Constituci\u00f3 desembre 2025 Membres nats i altres representants electes Sector Docents Sector Fam\u00edlies COMISSIONS Permanent Econ\u00f2mica Documentaci\u00f3 Conviv\u00e8ncia i Coeducaci\u00f3 Reutilitzaci\u00f3 de llibres\/SORELL Menjador<\/p>\n","protected":false},"author":1,"featured_media":0,"parent":28,"menu_order":1,"comment_status":"closed","ping_status":"closed","template":"","meta":{"_bbp_topic_count":0,"_bbp_reply_count":0,"_bbp_total_topic_count":0,"_bbp_total_reply_count":0,"_bbp_voice_count":0,"_bbp_anonymous_reply_count":0,"_bbp_topic_count_hidden":0,"_bbp_reply_count_hidden":0,"_bbp_forum_subforum_count":0,"site-sidebar-layout":"default","site-content-layout":"","ast-site-content-layout":"default","site-content-style":"default","site-sidebar-style":"default","ast-global-header-display":"","ast-banner-title-visibility":"","ast-main-header-display":"","ast-hfb-above-header-display":"","ast-hfb-below-header-display":"","ast-hfb-mobile-header-display":"","site-post-title":"disabled","ast-breadcrumbs-content":"","ast-featured-img":"","footer-sml-layout":"","theme-transparent-header-meta":"","adv-header-id-meta":"","stick-header-meta":"","header-above-stick-meta":"","header-main-stick-meta":"","header-below-stick-meta":"","astra-migrate-meta-layouts":"set","ast-page-background-enabled":"default","ast-page-background-meta":{"desktop":{"background-color":"var(--ast-global-color-4)","background-image":"","background-repeat":"repeat","background-position":"center center","background-size":"auto","background-attachment":"scroll","background-type":"","background-media":"","overlay-type":"","overlay-color":"","overlay-opacity":"","overlay-gradient":""},"tablet":{"background-color":"","background-image":"","background-repeat":"repeat","background-position":"center center","background-size":"auto","background-attachment":"scroll","background-type":"","background-media":"","overlay-type":"","overlay-color":"","overlay-opacity":"","overlay-gradient":""},"mobile":{"background-color":"","background-image":"","background-repeat":"repeat","background-position":"center center","background-size":"auto","background-attachment":"scroll","background-type":"","background-media":"","overlay-type":"","overlay-color":"","overlay-opacity":"","overlay-gradient":""}},"ast-content-background-meta":{"desktop":{"background-color":"var(--ast-global-color-5)","background-image":"","background-repeat":"repeat","background-position":"center center","background-size":"auto","background-attachment":"scroll","background-type":"","background-media":"","overlay-type":"","overlay-color":"","overlay-opacity":"","overlay-gradient":""},"tablet":{"background-color":"var(--ast-global-color-5)","background-image":"","background-repeat":"repeat","background-position":"center center","background-size":"auto","background-attachment":"scroll","background-type":"","background-media":"","overlay-type":"","overlay-color":"","overlay-opacity":"","overlay-gradient":""},"mobile":{"background-color":"var(--ast-global-color-5)","background-image":"","background-repeat":"repeat","background-position":"center center","background-size":"auto","background-attachment":"scroll","background-type":"","background-media":"","overlay-type":"","overlay-color":"","overlay-opacity":"","overlay-gradient":""}},"footnotes":""},"class_list":["post-14690","page","type-page","status-publish","hentry"],"post_mailing_queue_ids":[],"_links":{"self":[{"href":"https:\/\/agora.xtec.cat\/escoladelparc\/wp-json\/wp\/v2\/pages\/14690","targetHints":{"allow":["GET"]}}],"collection":[{"href":"https:\/\/agora.xtec.cat\/escoladelparc\/wp-json\/wp\/v2\/pages"}],"about":[{"href":"https:\/\/agora.xtec.cat\/escoladelparc\/wp-json\/wp\/v2\/types\/page"}],"author":[{"embeddable":true,"href":"https:\/\/agora.xtec.cat\/escoladelparc\/wp-json\/wp\/v2\/users\/1"}],"replies":[{"embeddable":true,"href":"https:\/\/agora.xtec.cat\/escoladelparc\/wp-json\/wp\/v2\/comments?post=14690"}],"version-history":[{"count":6,"href":"https:\/\/agora.xtec.cat\/escoladelparc\/wp-json\/wp\/v2\/pages\/14690\/revisions"}],"predecessor-version":[{"id":15834,"href":"https:\/\/agora.xtec.cat\/escoladelparc\/wp-json\/wp\/v2\/pages\/14690\/revisions\/15834"}],"up":[{"embeddable":true,"href":"https:\/\/agora.xtec.cat\/escoladelparc\/wp-json\/wp\/v2\/pages\/28"}],"wp:attachment":[{"href":"https:\/\/agora.xtec.cat\/escoladelparc\/wp-json\/wp\/v2\/media?parent=14690"}],"curies":[{"name":"wp","href":"https:\/\/api.w.org\/{rel}","templated":true}]}}