{"id":12971,"date":"2023-11-03T16:14:40","date_gmt":"2023-11-03T15:14:40","guid":{"rendered":"https:\/\/agora.xtec.cat\/escoladelparc\/?page_id=12971"},"modified":"2026-04-09T23:26:59","modified_gmt":"2026-04-09T21:26:59","slug":"comunitat-de-petits","status":"publish","type":"page","link":"https:\/\/agora.xtec.cat\/escoladelparc\/pagina-exemple-2\/equip-docent\/comunitat-de-petits\/","title":{"rendered":"Comunitat de Petits"},"content":{"rendered":"\n<figure class=\"wp-block-table\"><table><tbody><tr><td><b><i>Nom i Cognoms<\/i><\/b><\/td><td><b>Tutor\/a<\/b><\/td><td><b>Especialista<\/b><\/td><td><b>Mail contacte<\/b><\/td><td><b>C\u00e0rrec<\/b><\/td><\/tr><tr><td><span style=\"font-weight: 400;\">0.75 Lydia Fern\u00e1ndez<\/span><\/td><td><span style=\"font-weight: 400;\">I3 A<\/span><\/td><td>&nbsp;<\/td><td><span style=\"font-weight: 400;\">lidiafernandez@escoladelparc.cat<\/span><\/td><td>&nbsp;<\/td><\/tr><tr><td><span style=\"font-weight: 400;\">0.5 N\u00faria Serres<\/span><\/td><td><span style=\"font-weight: 400;\">I3 A<\/span><\/td><td>&nbsp;<\/td><td><span style=\"font-weight: 400;\">nuriaserres@escoladelparc<\/span><span style=\"font-weight: 400;\">.<\/span><span style=\"font-weight: 400;\">cat<\/span><\/td><td>&nbsp;<\/td><\/tr><tr><td><span style=\"font-weight: 400;\">Maite Puig<\/span><\/td><td><span style=\"font-weight: 400;\">I3 B<\/span><\/td><td>&nbsp;<\/td><td><span style=\"font-weight: 400;\">maitepuig@escoladelparc.cat<\/span><\/td><td><span style=\"font-weight: 400;\">Coordinadora Comunitat de Petits<\/span><\/td><\/tr><tr><td><span style=\"font-weight: 400;\">Vanessa Salinas<\/span><\/td><td>&nbsp;<\/td><td><span style=\"font-weight: 400;\">TEEI \u2013 I3<\/span><\/td><td><span style=\"font-weight: 400;\">vanessasalinas@escoladelparc.cat<\/span><\/td><td>&nbsp;<\/td><\/tr><tr><td><span style=\"font-weight: 400;\">Marta Castillo<\/span><\/td><td>&nbsp;<\/td><td><span style=\"font-weight: 400;\">TEEI \u2013 I3<\/span><\/td><td><span style=\"font-weight: 400;\">martacastillo@escoladelparc.cat<\/span><\/td><td>&nbsp;<\/td><\/tr><tr><td><span style=\"font-weight: 400;\">Patricia Sotillo<\/span><\/td><td><span style=\"font-weight: 400;\">I4 A<\/span><\/td><td>&nbsp;<\/td><td><span style=\"font-weight: 400;\">patriciasotillo@escoladelparc.cat<\/span><\/td><td>&nbsp;<\/td><\/tr><tr><td><span style=\"font-weight: 400;\">N\u00faria Franco<\/span><\/td><td><span style=\"font-weight: 400;\">I4 B<\/span><\/td><td>&nbsp;<\/td><td><span style=\"font-weight: 400;\">nuriafranco@escoladelparc.cat<\/span><\/td><td>&nbsp;<\/td><\/tr><tr><td><span style=\"font-weight: 400;\">Mar Luque<\/span><\/td><td><span style=\"font-weight: 400;\">I5 A<\/span><\/td><td>&nbsp;<\/td><td><span style=\"font-weight: 400;\">marluque@escoladelparc.cat<\/span><\/td><td>&nbsp;<\/td><\/tr><tr><td><span style=\"font-weight: 400;\">Berta Ruiz \/ Alba\u00a0<\/span>Solorzano<\/td><td><span style=\"font-weight: 400;\">I5 B<\/span><\/td><td>&nbsp;<\/td><td><span style=\"font-weight: 400;\">bertaruiz@escoladelparc.cat<\/span><\/td><td>&nbsp;<\/td><\/tr><tr><td>&nbsp;<\/td><td>&nbsp;<\/td><td>&nbsp;<\/td><td>\u00a0albasolorzano@escoladelparc.cat<\/td><td>&nbsp;<\/td><\/tr><tr><td><span style=\"font-weight: 400;\">M\u00f2nica Gibert<\/span><\/td><td>&nbsp;<\/td><td><span style=\"font-weight: 400;\">Suport&nbsp; I4<\/span><\/td><td><span style=\"font-weight: 400;\">monicagibert@escoladelparc.cat<\/span><\/td><td>&nbsp;<\/td><\/tr><tr><td><span style=\"font-weight: 400;\">0.75 Lorena Almer\u00eda&nbsp;<\/span><\/td><td>&nbsp;<\/td><td><span style=\"font-weight: 400;\">Suport I5<\/span><span style=\"font-weight: 400;\">Angl\u00e8s: I4 i I5<\/span><\/td><td><span style=\"font-weight: 400;\">lorenaalmeria@escoladelparc.cat<\/span><\/td><td>&nbsp;<\/td><\/tr><tr><td><span style=\"font-weight: 400;\">0.5 Stefy Gallego<\/span><\/td><td>&nbsp;<\/td><td><span style=\"font-weight: 400;\">Suport Infantil<\/span><\/td><td><span style=\"font-weight: 400;\">stefygallego@escoladelparc.ca<\/span><\/td><td>&nbsp;<\/td><\/tr><tr><td><span style=\"font-weight: 400;\">Carlos S\u00e1ez 0.5<\/span><\/td><td>&nbsp;<\/td><td><span style=\"font-weight: 400;\">MESI<\/span><\/td><td><span style=\"font-weight: 400;\">carlossaez@escoladelparc.cat<\/span><\/td><td>&nbsp;<\/td><\/tr><tr><td><span style=\"font-weight: 400;\">Juanma L\u00f3pez<\/span><\/td><td>&nbsp;<\/td><td><span style=\"font-weight: 400;\">MESI SIEI<\/span><\/td><td><span style=\"font-weight: 400;\">juanmalopez@escoladelparc.cat<\/span><\/td><td>&nbsp;<\/td><\/tr><tr><td><span style=\"font-weight: 400;\">Cristian Alcal\u00e1<\/span><\/td><td>&nbsp;<\/td><td><span style=\"font-weight: 400;\">Educador SIEI<\/span><\/td><td><span style=\"font-weight: 400;\">cristianalcala@escoladelparc.cat<\/span><\/td><td>&nbsp;<\/td><\/tr><tr><td><span style=\"font-weight: 400;\">Joana Vi\u00f1as<\/span><\/td><td>&nbsp;<\/td><td><span style=\"font-weight: 400;\">Educadora SIEI<\/span><\/td><td><span style=\"font-weight: 400;\">joanavinas@escoladelparc.cat<\/span><\/td><td>&nbsp;<\/td><\/tr><tr><td>&nbsp;<\/td><td>&nbsp;<\/td><td><span style=\"font-weight: 400;\">Auxiliar Angl\u00e8s<\/span><\/td><td><span style=\"font-weight: 400;\">auxiliarconversa@escoladelparc.cat<\/span><\/td><td>&nbsp;<\/td><\/tr><\/tbody><\/table><\/figure>\n\n\n\n<p><span style=\"font-weight: 400;\">&nbsp;<\/span><\/p>\n","protected":false},"excerpt":{"rendered":"<p>Nom i Cognoms Tutor\/a Especialista Mail contacte C\u00e0rrec 0.75 Lydia Fern\u00e1ndez I3 A &nbsp; lidiafernandez@escoladelparc.cat &nbsp; 0.5 N\u00faria Serres I3 A &nbsp; nuriaserres@escoladelparc.cat &nbsp; Maite Puig I3 B &nbsp; maitepuig@escoladelparc.cat Coordinadora Comunitat de Petits Vanessa Salinas &nbsp; TEEI \u2013 I3 vanessasalinas@escoladelparc.cat &nbsp; Marta Castillo &nbsp; TEEI \u2013 I3 martacastillo@escoladelparc.cat &nbsp; Patricia Sotillo I4 A &nbsp; [&hellip;]<\/p>\n","protected":false},"author":1,"featured_media":0,"parent":12966,"menu_order":0,"comment_status":"closed","ping_status":"closed","template":"","meta":{"_bbp_topic_count":0,"_bbp_reply_count":0,"_bbp_total_topic_count":0,"_bbp_total_reply_count":0,"_bbp_voice_count":0,"_bbp_anonymous_reply_count":0,"_bbp_topic_count_hidden":0,"_bbp_reply_count_hidden":0,"_bbp_forum_subforum_count":0,"site-sidebar-layout":"default","site-content-layout":"","ast-site-content-layout":"default","site-content-style":"default","site-sidebar-style":"default","ast-global-header-display":"","ast-banner-title-visibility":"","ast-main-header-display":"","ast-hfb-above-header-display":"","ast-hfb-below-header-display":"","ast-hfb-mobile-header-display":"","site-post-title":"disabled","ast-breadcrumbs-content":"","ast-featured-img":"","footer-sml-layout":"","theme-transparent-header-meta":"","adv-header-id-meta":"","stick-header-meta":"","header-above-stick-meta":"","header-main-stick-meta":"","header-below-stick-meta":"","astra-migrate-meta-layouts":"set","ast-page-background-enabled":"default","ast-page-background-meta":{"desktop":{"background-color":"var(--ast-global-color-4)","background-image":"","background-repeat":"repeat","background-position":"center center","background-size":"auto","background-attachment":"scroll","background-type":"","background-media":"","overlay-type":"","overlay-color":"","overlay-opacity":"","overlay-gradient":""},"tablet":{"background-color":"","background-image":"","background-repeat":"repeat","background-position":"center center","background-size":"auto","background-attachment":"scroll","background-type":"","background-media":"","overlay-type":"","overlay-color":"","overlay-opacity":"","overlay-gradient":""},"mobile":{"background-color":"","background-image":"","background-repeat":"repeat","background-position":"center center","background-size":"auto","background-attachment":"scroll","background-type":"","background-media":"","overlay-type":"","overlay-color":"","overlay-opacity":"","overlay-gradient":""}},"ast-content-background-meta":{"desktop":{"background-color":"var(--ast-global-color-5)","background-image":"","background-repeat":"repeat","background-position":"center center","background-size":"auto","background-attachment":"scroll","background-type":"","background-media":"","overlay-type":"","overlay-color":"","overlay-opacity":"","overlay-gradient":""},"tablet":{"background-color":"var(--ast-global-color-5)","background-image":"","background-repeat":"repeat","background-position":"center center","background-size":"auto","background-attachment":"scroll","background-type":"","background-media":"","overlay-type":"","overlay-color":"","overlay-opacity":"","overlay-gradient":""},"mobile":{"background-color":"var(--ast-global-color-5)","background-image":"","background-repeat":"repeat","background-position":"center center","background-size":"auto","background-attachment":"scroll","background-type":"","background-media":"","overlay-type":"","overlay-color":"","overlay-opacity":"","overlay-gradient":""}},"footnotes":""},"class_list":["post-12971","page","type-page","status-publish","hentry"],"post_mailing_queue_ids":[],"_links":{"self":[{"href":"https:\/\/agora.xtec.cat\/escoladelparc\/wp-json\/wp\/v2\/pages\/12971","targetHints":{"allow":["GET"]}}],"collection":[{"href":"https:\/\/agora.xtec.cat\/escoladelparc\/wp-json\/wp\/v2\/pages"}],"about":[{"href":"https:\/\/agora.xtec.cat\/escoladelparc\/wp-json\/wp\/v2\/types\/page"}],"author":[{"embeddable":true,"href":"https:\/\/agora.xtec.cat\/escoladelparc\/wp-json\/wp\/v2\/users\/1"}],"replies":[{"embeddable":true,"href":"https:\/\/agora.xtec.cat\/escoladelparc\/wp-json\/wp\/v2\/comments?post=12971"}],"version-history":[{"count":6,"href":"https:\/\/agora.xtec.cat\/escoladelparc\/wp-json\/wp\/v2\/pages\/12971\/revisions"}],"predecessor-version":[{"id":15946,"href":"https:\/\/agora.xtec.cat\/escoladelparc\/wp-json\/wp\/v2\/pages\/12971\/revisions\/15946"}],"up":[{"embeddable":true,"href":"https:\/\/agora.xtec.cat\/escoladelparc\/wp-json\/wp\/v2\/pages\/12966"}],"wp:attachment":[{"href":"https:\/\/agora.xtec.cat\/escoladelparc\/wp-json\/wp\/v2\/media?parent=12971"}],"curies":[{"name":"wp","href":"https:\/\/api.w.org\/{rel}","templated":true}]}}