{"id":10547,"date":"2021-02-28T00:38:26","date_gmt":"2021-02-27T23:38:26","guid":{"rendered":"http:\/\/agora.xtec.cat\/escoladelparc\/?page_id=10547"},"modified":"2026-02-03T00:31:34","modified_gmt":"2026-02-02T23:31:34","slug":"projecte-sorell","status":"publish","type":"page","link":"https:\/\/agora.xtec.cat\/escoladelparc\/projecte-educatiu\/projecte-sorell\/","title":{"rendered":"Projecte SORELL"},"content":{"rendered":"\n<p>El Projecte SORELL \u00e9s un projecte de ciutat que t\u00e9 per objectiu promoure un consum m\u00e9s racional i sostenible; afavorint&nbsp; l\u2019estalvi de recursos, el reciclatge i la reutilitzaci\u00f3 de materials en els centres educatius.<\/p>\n\n\n\n<div data-wp-interactive=\"core\/file\" class=\"wp-block-file\"><object data-wp-bind--hidden=\"!state.hasPdfPreview\" hidden class=\"wp-block-file__embed\" data=\"https:\/\/agora.xtec.cat\/escoladelparc\/wp-content\/uploads\/usu440\/2021\/02\/Projecte-SORELL-Escola-del-Parc.pdf\" type=\"application\/pdf\" style=\"width:100%;height:600px\" aria-label=\"Incrustaci\u00f3 del fitxer Projecte SORELL - Escola del Parc.\"><\/object><a id=\"wp-block-file--media-71931493-cf0c-4951-bf81-8ca52801f577\" href=\"https:\/\/agora.xtec.cat\/escoladelparc\/wp-content\/uploads\/usu440\/2021\/02\/Projecte-SORELL-Escola-del-Parc.pdf\">Projecte SORELL &#8211; Escola del Parc<\/a><a href=\"https:\/\/agora.xtec.cat\/escoladelparc\/wp-content\/uploads\/usu440\/2021\/02\/Projecte-SORELL-Escola-del-Parc.pdf\" class=\"wp-block-file__button wp-element-button\" download aria-describedby=\"wp-block-file--media-71931493-cf0c-4951-bf81-8ca52801f577\">Baixa<\/a><\/div>\n","protected":false},"excerpt":{"rendered":"<p>El Projecte SORELL \u00e9s un projecte de ciutat que t\u00e9 per objectiu promoure un consum m\u00e9s racional i sostenible; afavorint&nbsp; l\u2019estalvi de recursos, el reciclatge i la reutilitzaci\u00f3 de materials en els centres educatius.<\/p>\n","protected":false},"author":1,"featured_media":0,"parent":1866,"menu_order":0,"comment_status":"closed","ping_status":"closed","template":"","meta":{"_bbp_topic_count":0,"_bbp_reply_count":0,"_bbp_total_topic_count":0,"_bbp_total_reply_count":0,"_bbp_voice_count":0,"_bbp_anonymous_reply_count":0,"_bbp_topic_count_hidden":0,"_bbp_reply_count_hidden":0,"_bbp_forum_subforum_count":0,"site-sidebar-layout":"default","site-content-layout":"","ast-site-content-layout":"default","site-content-style":"default","site-sidebar-style":"default","ast-global-header-display":"","ast-banner-title-visibility":"","ast-main-header-display":"","ast-hfb-above-header-display":"","ast-hfb-below-header-display":"","ast-hfb-mobile-header-display":"","site-post-title":"disabled","ast-breadcrumbs-content":"","ast-featured-img":"","footer-sml-layout":"","theme-transparent-header-meta":"","adv-header-id-meta":"","stick-header-meta":"","header-above-stick-meta":"","header-main-stick-meta":"","header-below-stick-meta":"","astra-migrate-meta-layouts":"set","ast-page-background-enabled":"default","ast-page-background-meta":{"desktop":{"background-color":"var(--ast-global-color-4)","background-image":"","background-repeat":"repeat","background-position":"center center","background-size":"auto","background-attachment":"scroll","background-type":"","background-media":"","overlay-type":"","overlay-color":"","overlay-opacity":"","overlay-gradient":""},"tablet":{"background-color":"","background-image":"","background-repeat":"repeat","background-position":"center center","background-size":"auto","background-attachment":"scroll","background-type":"","background-media":"","overlay-type":"","overlay-color":"","overlay-opacity":"","overlay-gradient":""},"mobile":{"background-color":"","background-image":"","background-repeat":"repeat","background-position":"center center","background-size":"auto","background-attachment":"scroll","background-type":"","background-media":"","overlay-type":"","overlay-color":"","overlay-opacity":"","overlay-gradient":""}},"ast-content-background-meta":{"desktop":{"background-color":"var(--ast-global-color-5)","background-image":"","background-repeat":"repeat","background-position":"center center","background-size":"auto","background-attachment":"scroll","background-type":"","background-media":"","overlay-type":"","overlay-color":"","overlay-opacity":"","overlay-gradient":""},"tablet":{"background-color":"var(--ast-global-color-5)","background-image":"","background-repeat":"repeat","background-position":"center center","background-size":"auto","background-attachment":"scroll","background-type":"","background-media":"","overlay-type":"","overlay-color":"","overlay-opacity":"","overlay-gradient":""},"mobile":{"background-color":"var(--ast-global-color-5)","background-image":"","background-repeat":"repeat","background-position":"center center","background-size":"auto","background-attachment":"scroll","background-type":"","background-media":"","overlay-type":"","overlay-color":"","overlay-opacity":"","overlay-gradient":""}},"footnotes":""},"class_list":["post-10547","page","type-page","status-publish","hentry"],"post_mailing_queue_ids":[],"_links":{"self":[{"href":"https:\/\/agora.xtec.cat\/escoladelparc\/wp-json\/wp\/v2\/pages\/10547","targetHints":{"allow":["GET"]}}],"collection":[{"href":"https:\/\/agora.xtec.cat\/escoladelparc\/wp-json\/wp\/v2\/pages"}],"about":[{"href":"https:\/\/agora.xtec.cat\/escoladelparc\/wp-json\/wp\/v2\/types\/page"}],"author":[{"embeddable":true,"href":"https:\/\/agora.xtec.cat\/escoladelparc\/wp-json\/wp\/v2\/users\/1"}],"replies":[{"embeddable":true,"href":"https:\/\/agora.xtec.cat\/escoladelparc\/wp-json\/wp\/v2\/comments?post=10547"}],"version-history":[{"count":3,"href":"https:\/\/agora.xtec.cat\/escoladelparc\/wp-json\/wp\/v2\/pages\/10547\/revisions"}],"predecessor-version":[{"id":15615,"href":"https:\/\/agora.xtec.cat\/escoladelparc\/wp-json\/wp\/v2\/pages\/10547\/revisions\/15615"}],"up":[{"embeddable":true,"href":"https:\/\/agora.xtec.cat\/escoladelparc\/wp-json\/wp\/v2\/pages\/1866"}],"wp:attachment":[{"href":"https:\/\/agora.xtec.cat\/escoladelparc\/wp-json\/wp\/v2\/media?parent=10547"}],"curies":[{"name":"wp","href":"https:\/\/api.w.org\/{rel}","templated":true}]}}