{"id":969,"date":"2017-06-30T08:14:38","date_gmt":"2017-06-30T06:14:38","guid":{"rendered":"http:\/\/agora.xtec.cat\/escoladelmar\/?page_id=969"},"modified":"2025-05-12T16:26:19","modified_gmt":"2025-05-12T14:26:19","slug":"radio-del-mar","status":"publish","type":"page","link":"https:\/\/agora.xtec.cat\/escoladelmar\/projectes\/radio-del-mar\/","title":{"rendered":"R\u00e0dio del Mar"},"content":{"rendered":"\n<p class=\"has-medium-font-size\"><span style=\"font-size: medium;\"><span style=\"font-size: small;\"><span style=\"font-size: small;\"><b>En aquest espai del nostre lloc web, us convidem a que us connecteu amb les emissions de la R\u00e0dio del Mar.<\/b><\/span><br><span style=\"font-size: small;\"><b>La r\u00e0dio \u00e9s un mitj\u00e0 viu que promou la comunicaci\u00f3, facilita la lectura i la comprensi\u00f3 dels texts&nbsp;i agilitza les tasques de redacci\u00f3 dels alumnes.<\/b><\/span><br><span style=\"font-size: small;\"><b>Des de l&#8217;Escola estem il\u00b7lusionats amb aquest projecte que posa la veu de l\u2019Escola del Mar al m\u00f3n.<\/b><\/span><\/span><\/span><\/p>\n\n\n\n<hr class=\"wp-block-separator has-alpha-channel-opacity\"\/>\n\n\n\n<p class=\"has-medium-font-size\"><strong>Emissi\u00f3 del programa de &#8220;Radio del Mar&#8221;, febrer 2025<\/strong><\/p>\n\n\n\n\n\n<hr class=\"wp-block-separator has-alpha-channel-opacity\"\/>\n\n\n\n<h4 class=\"wp-block-heading has-medium-font-size\">Emissi\u00f3 del programa de &#8220;Radio del Mar&#8221;, juny 2024<\/h4>\n\n\n\n<h4 class=\"wp-block-heading has-medium-font-size\">Not\u00edcies destacades, Entrevistes a Tortugues<\/h4>\n\n\n\n<figure class=\"wp-block-audio\"><audio controls src=\"https:\/\/agora.xtec.cat\/escoladelmar\/wp-content\/uploads\/usu1572\/2024\/06\/1.mp3\"><\/audio><\/figure>\n\n\n\n<h4 class=\"wp-block-heading has-medium-font-size\">Entrevistes a Dofins, i Sant Nicolau<\/h4>\n\n\n\n<figure class=\"wp-block-audio\"><audio controls src=\"https:\/\/agora.xtec.cat\/escoladelmar\/wp-content\/uploads\/usu1572\/2024\/06\/2.mp3\"><\/audio><\/figure>\n\n\n\n<h4 class=\"wp-block-heading has-medium-font-size\">Entrevista a Cucut i Ang\u00e8lica<\/h4>\n\n\n\n<figure class=\"wp-block-audio\"><audio controls src=\"https:\/\/agora.xtec.cat\/escoladelmar\/wp-content\/uploads\/usu1572\/2024\/06\/3.mp3\"><\/audio><\/figure>\n\n\n\n<h4 class=\"wp-block-heading has-medium-font-size\">Entrevista Tarongers i Nausica<\/h4>\n\n\n\n<figure class=\"wp-block-audio\"><audio controls src=\"https:\/\/agora.xtec.cat\/escoladelmar\/wp-content\/uploads\/usu1572\/2024\/06\/4.mp3\"><\/audio><\/figure>\n\n\n\n<h4 class=\"wp-block-heading has-medium-font-size\">Entrevistes en directe, Eneida i Garb\u00ed<\/h4>\n\n\n\n<figure class=\"wp-block-audio\"><audio controls src=\"https:\/\/agora.xtec.cat\/escoladelmar\/wp-content\/uploads\/usu1572\/2024\/06\/5.mp3\"><\/audio><\/figure>\n\n\n\n<h4 class=\"wp-block-heading has-medium-font-size\">Les curses i entrevista a la Teresa Guillaumes.<\/h4>\n\n\n\n<figure class=\"wp-block-audio\"><audio controls src=\"https:\/\/agora.xtec.cat\/escoladelmar\/wp-content\/uploads\/usu1572\/2024\/06\/6.mp3\"><\/audio><\/figure>\n\n\n\n<hr class=\"wp-block-separator has-alpha-channel-opacity\"\/>\n\n\n\n<h3 class=\"wp-block-heading has-medium-font-size\">Emissi\u00f3 del programa de &#8220;Radio del Mar&#8221;, febrer 2024<\/h3>\n\n\n\n<h4 class=\"wp-block-heading has-medium-font-size\">Entrevistes a Tortugues (I3) i Dofins (4)<\/h4>\n\n\n\n<figure class=\"wp-block-audio\"><audio controls src=\"https:\/\/agora.xtec.cat\/escoladelmar\/wp-content\/uploads\/usu1572\/2024\/02\/1a-part.mp3\"><\/audio><\/figure>\n\n\n\n<h4 class=\"wp-block-heading\">&nbsp;<\/h4>\n\n\n\n<h4 class=\"wp-block-heading has-medium-font-size\">Sant Nicolau (I5), Cucut (1r) i Ang\u00e8lica (2n)<\/h4>\n\n\n\n<figure class=\"wp-block-audio\"><audio controls src=\"https:\/\/agora.xtec.cat\/escoladelmar\/wp-content\/uploads\/usu1572\/2024\/02\/2a-part-1.mp3\"><\/audio><\/figure>\n\n\n\n<h4 class=\"wp-block-heading\">&nbsp;<\/h4>\n\n\n\n<h4 class=\"wp-block-heading has-medium-font-size\">Tarongers (3r) i Nausica (4t)<\/h4>\n\n\n\n<figure class=\"wp-block-audio\"><audio controls src=\"https:\/\/agora.xtec.cat\/escoladelmar\/wp-content\/uploads\/usu1572\/2024\/02\/3a-part.mp3\"><\/audio><\/figure>\n\n\n\n<h4 class=\"wp-block-heading\">&nbsp;<\/h4>\n\n\n\n<h4 class=\"wp-block-heading has-medium-font-size\">Entrevistes presencials. Eneida (5\u00e8) i Garb\u00ed (6\u00e8)<\/h4>\n\n\n\n<figure class=\"wp-block-audio\"><audio controls src=\"https:\/\/agora.xtec.cat\/escoladelmar\/wp-content\/uploads\/usu1572\/2024\/02\/4a-part.mp3\"><\/audio><\/figure>\n\n\n\n<hr class=\"wp-block-separator has-alpha-channel-opacity\"\/>\n\n\n\n<h3 class=\"wp-block-heading has-medium-font-size\">Emissi\u00f3 del programa de &#8220;Radio del Mar&#8221;, juny 2023<\/h3>\n\n\n\n<p>Ja podeu escoltar el programa de r\u00e0dio enregistrat avui mateix, divendres 16 de juny!!!<\/p>\n\n\n\n<p>1\u00aa part Classes tortugues i Dofins<\/p>\n\n\n\n<figure class=\"wp-block-audio\"><audio controls src=\"https:\/\/agora.xtec.cat\/escoladelmar\/wp-content\/uploads\/usu1572\/2023\/06\/1era-part-fins-a-dofins.mp3\"><\/audio><\/figure>\n\n\n\n<p>2\u00aa part Classes Sant Nicolau, Cucut i Ang\u00e8lica<\/p>\n\n\n\n<figure class=\"wp-block-audio\"><audio controls src=\"https:\/\/agora.xtec.cat\/escoladelmar\/wp-content\/uploads\/usu1572\/2023\/06\/2n-de-sant-nicolau-a-angelica.mp3\"><\/audio><\/figure>\n\n\n\n<p>3\u00aa part Classes Tarongers, Nausica i Eneida (fragment)<\/p>\n\n\n\n<figure class=\"wp-block-audio\"><audio controls src=\"https:\/\/agora.xtec.cat\/escoladelmar\/wp-content\/uploads\/usu1572\/2023\/06\/3r-de-tarongers-a-meitat-deneida.mp3\"><\/audio><\/figure>\n\n\n\n<p>4\u00aa part Classes Eneida (fragment), Garbi i altres not\u00edcies (fragment)<\/p>\n\n\n\n<figure class=\"wp-block-audio\"><audio controls src=\"https:\/\/agora.xtec.cat\/escoladelmar\/wp-content\/uploads\/usu1572\/2023\/06\/4t-meitat-deneida-fins-altres-noticies.mp3\"><\/audio><\/figure>\n\n\n\n<p>5\u00aa part Altres not\u00edcies<\/p>\n\n\n\n<figure class=\"wp-block-audio\"><audio controls src=\"https:\/\/agora.xtec.cat\/escoladelmar\/wp-content\/uploads\/usu1572\/2023\/06\/5e-altres-noticies-fins-al-final.mp3\"><\/audio><\/figure>\n\n\n\n<hr class=\"wp-block-separator has-alpha-channel-opacity\"\/>\n\n\n\n<h3 class=\"wp-block-heading has-medium-font-size\">Emissi\u00f3 del programa de &#8220;Radio del Mar&#8221;, febrer 2023<\/h3>\n\n\n\n<p>Ja podeu escoltar el programa de r\u00e0dio em\u00e8s aquest mes de febrer!!!<\/p>\n\n\n\n<figure class=\"wp-block-audio\"><audio controls src=\"https:\/\/agora.xtec.cat\/escoladelmar\/wp-content\/uploads\/usu1572\/2023\/02\/radio-febrer-1era-part.mp3\"><\/audio><\/figure>\n\n\n\n<figure class=\"wp-block-audio\"><audio controls src=\"https:\/\/agora.xtec.cat\/escoladelmar\/wp-content\/uploads\/usu1572\/2023\/02\/radio-febrer-2ona-part.mp3\"><\/audio><\/figure>\n\n\n\n<h3 class=\"wp-block-heading has-medium-font-size\">Emissi\u00f3 del programa de &#8220;Radio del Mar&#8221;, 3r trimestre 2022<\/h3>\n\n\n\n<p>Ja podeu escoltar el programa de r\u00e0dio d&#8217;aquest tercer trimestre!!!<\/p>\n\n\n\n<figure class=\"wp-block-audio\"><audio controls src=\"https:\/\/agora.xtec.cat\/escoladelmar\/wp-content\/uploads\/usu1572\/2022\/06\/radio-tercer-trimestre-2022-1-online-audio-converter.com_.mp3\"><\/audio><\/figure>\n\n\n\n<figure class=\"wp-block-audio\"><audio controls src=\"https:\/\/agora.xtec.cat\/escoladelmar\/wp-content\/uploads\/usu1572\/2022\/06\/radio-tercer-trimestre-2022-2.mp3\"><\/audio><\/figure>\n\n\n\n<figure class=\"wp-block-audio\"><audio controls src=\"https:\/\/agora.xtec.cat\/escoladelmar\/wp-content\/uploads\/usu1572\/2022\/06\/radio-tercer-trimestre-2022-3.mp3\"><\/audio><\/figure>\n\n\n\n<figure class=\"wp-block-audio\"><audio controls src=\"https:\/\/agora.xtec.cat\/escoladelmar\/wp-content\/uploads\/usu1572\/2022\/06\/radio-tercer-trimestre-2022-4.mp3\"><\/audio><\/figure>\n\n\n\n<figure class=\"wp-block-audio\"><audio controls src=\"https:\/\/agora.xtec.cat\/escoladelmar\/wp-content\/uploads\/usu1572\/2022\/06\/radio-tercer-trimestre-2022-5.mp3\"><\/audio><\/figure>\n\n\n\n<figure class=\"wp-block-audio\"><audio controls src=\"https:\/\/agora.xtec.cat\/escoladelmar\/wp-content\/uploads\/usu1572\/2022\/06\/radio-tercer-trimestre-2022-6.mp3\"><\/audio><\/figure>\n\n\n\n<h3 class=\"wp-block-heading has-medium-font-size\">Emissi\u00f3 del programa de &#8220;Radio del Mar&#8221;, 1r trimestre 2021<\/h3>\n\n\n\n<p>Per fi podem tornar a escoltar la nostra &#8220;R\u00e0dio del Mar&#8221;.<\/p>\n\n\n\n<p>Des d&#8217;aqu\u00ed podreu recuperar l&#8217;emissi\u00f3 d&#8217;aquest primer trimestre, de l&#8217;any del centenari!!!<\/p>\n\n\n\n<p>Tots els nens i nenes que han participat han treballat molt i han gaudit amb la seva intervenci\u00f3!!!<\/p>\n\n\n\n<p>Gr\u00e0cies a tots i totes!!!<\/p>\n\n\n\n<p>Desitgem que us agradi!!!<\/p>\n\n\n\n<h4 class=\"wp-block-heading has-medium-font-size\">L&#8217;Escola del Mar fa 100 anys<\/h4>\n\n\n\n<p>Entrevista \u00c0frica<\/p>\n\n\n\n<figure class=\"wp-block-audio\"><audio controls src=\"https:\/\/agora.xtec.cat\/escoladelmar\/wp-content\/uploads\/usu1572\/2021\/12\/radio-1.mp3\"><\/audio><\/figure>\n\n\n\n<p>Entrevista a la Teresa Guillaumes<\/p>\n\n\n\n<figure class=\"wp-block-audio\"><audio controls src=\"https:\/\/agora.xtec.cat\/escoladelmar\/wp-content\/uploads\/usu1572\/2021\/12\/radio-2.mp3\"><\/audio><\/figure>\n\n\n\n<p>Les classes parles 1- Tortugues i Dofins<\/p>\n\n\n\n<figure class=\"wp-block-audio\"><audio controls src=\"https:\/\/agora.xtec.cat\/escoladelmar\/wp-content\/uploads\/usu1572\/2021\/12\/radio-3.mp3\"><\/audio><\/figure>\n\n\n\n<p>Les classes parles 2- Sant Nicolau, Cucut, ang\u00e8lica i Tarongers<\/p>\n\n\n\n<figure class=\"wp-block-audio\"><audio controls src=\"https:\/\/agora.xtec.cat\/escoladelmar\/wp-content\/uploads\/usu1572\/2021\/12\/radio-4.mp3\"><\/audio><\/figure>\n\n\n\n<p>Les classes parles 3- Nausica i Eneida<\/p>\n\n\n\n<figure class=\"wp-block-audio\"><audio controls src=\"https:\/\/agora.xtec.cat\/escoladelmar\/wp-content\/uploads\/usu1572\/2021\/12\/radio-5.mp3\"><\/audio><\/figure>\n\n\n\n<p>Les classes parles 4- Garbi<\/p>\n\n\n\n<p>Darreres not\u00edcies<\/p>\n\n\n\n<p>Com van les curses de banderes i&#8230;<\/p>\n\n\n\n<p>&#8230; BONES FESTES!!!<\/p>\n\n\n\n<figure class=\"wp-block-audio\"><audio controls src=\"https:\/\/agora.xtec.cat\/escoladelmar\/wp-content\/uploads\/usu1572\/2021\/12\/radio-6.mp3\"><\/audio><\/figure>\n\n\n\n<hr class=\"wp-block-separator has-alpha-channel-opacity\"\/>\n\n\n\n<p><strong><span style=\"color: #0000ff;\">PRIMER PROGRAMA DE LA R\u00c0DIO DEL MAR DEL CURS 2019-2020.<\/span><\/strong><\/p>\n\n\n\n<p>EN AQUEST PROGRAMA US FEM UN TAST DEL PRIMER TRIMESTRE.<\/p>\n\n\n\n<p>ESPEREM QUE US AGRADI!!!!<\/p>\n\n\n\n<p>ELS I LES REDACTORES DE LA R\u00c0DIO DEL MAR.<\/p>\n\n\n\n<figure class=\"wp-block-audio\"><audio controls src=\"https:\/\/agora.xtec.cat\/escoladelmar\/wp-content\/uploads\/usu1572\/2020\/01\/radio-1r-fins-tortugues.mp3\"><\/audio><\/figure>\n\n\n\n<figure class=\"wp-block-audio\"><audio controls src=\"https:\/\/agora.xtec.cat\/escoladelmar\/wp-content\/uploads\/usu1572\/2020\/01\/radio-2n-fins-a-cucut.mp3\"><\/audio><\/figure>\n\n\n\n<figure class=\"wp-block-audio\"><audio controls src=\"https:\/\/agora.xtec.cat\/escoladelmar\/wp-content\/uploads\/usu1572\/2020\/01\/radio-3r-fins-a-Nausica.mp3\"><\/audio><\/figure>\n\n\n\n<figure class=\"wp-block-audio\"><audio controls src=\"https:\/\/agora.xtec.cat\/escoladelmar\/wp-content\/uploads\/usu1572\/2020\/01\/radio-4t-fins-a-garbi.mp3\"><\/audio><\/figure>\n\n\n\n<figure class=\"wp-block-audio\"><audio controls src=\"https:\/\/agora.xtec.cat\/escoladelmar\/wp-content\/uploads\/usu1572\/2020\/01\/radio-5\u00e8-fins-al-final.mp3\"><\/audio><\/figure>\n\n\n\n<p><b><span style=\"font-size: medium;\"><span style=\"font-size: small;\">En aquest espai del nostre lloc web, us convidem a que us connecteu amb les emissions de la R\u00e0dio del Mar.<br>La r\u00e0dio \u00e9s un mitj\u00e0 viu que promou la comunicaci\u00f3, facilita la lectura i la comprensi\u00f3 dels textos i agilitza les tasques de redacci\u00f3 dels alumnes.<br>Des de l&#8217;Escola estem il\u00b7lusionats amb aquest projecte que posa la veu de l\u2019Escola del Mar al m\u00f3n.<br><\/span><\/span><\/b><\/p>\n\n\n\n<p><strong><span style=\"color: #0000ff;\">DARRER PROGRAMA CURS 2018-2019.<\/span><\/strong><\/p>\n\n\n\n<p>En aquest darrer programa podreu sentir un monogr\u00e0fic amb diferents reflexions dels redactors de la r\u00e0dio del tercer trimestre.<\/p>\n\n\n\n<p>Els Nausica han reflexionat sobre l&#8217;emigraci\u00f3 for\u00e7osa, les companyes d&#8217;Eneida sobre la igualtat de genere a partir de la seva representaci\u00f3 de Sant Jordi i els Garbins sobre el que ha significat per a ells fer les compet\u00e8ncies b\u00e0siques.<\/p>\n\n\n\n<p>Aqu\u00ed els podreu sentir, no us ho perdeu! \u00c9s molt interessant!<\/p>\n\n\n\n<p>Fins el curs vinent!!!!!<\/p>\n\n\n\n<figure class=\"wp-block-audio\"><audio controls src=\"https:\/\/agora.xtec.cat\/escoladelmar\/wp-content\/uploads\/usu1572\/2019\/06\/tercertrimestre-definitiu.mp3\"><\/audio><\/figure>\n\n\n\n<p><span style=\"color: #0000ff;\"><strong>PROGRAMA DEL 2N TRIMESTRE CURS 2018-2019<\/strong><\/span><\/p>\n\n\n\n<p>En aquest programa podeu sentir una entrevista realitzada a la Montserrat Escayola amb motiu de la seva jubilaci\u00f3. Tamb\u00e9 escoltareu les nostres seccions habituals: les classes parlen, curses i altres not\u00edcies.<\/p>\n\n\n\n<p>Est\u00e0 dividit en parts perqu\u00e8 per la seva durada no ho hem pogut penjar sencer.<\/p>\n\n\n\n<p>Esperem que us agradi!!!!<\/p>\n\n\n\n<figure class=\"wp-block-audio\"><audio controls src=\"https:\/\/agora.xtec.cat\/escoladelmar\/wp-content\/uploads\/usu1572\/2019\/05\/part-1-tallada.mp3\"><\/audio><\/figure>\n\n\n\n<figure class=\"wp-block-audio\"><audio controls src=\"https:\/\/agora.xtec.cat\/escoladelmar\/wp-content\/uploads\/usu1572\/2019\/05\/part-1-bis.mp3\"><\/audio><\/figure>\n\n\n\n<figure class=\"wp-block-audio\"><audio controls src=\"https:\/\/agora.xtec.cat\/escoladelmar\/wp-content\/uploads\/usu1572\/2019\/05\/part-2-tallada.mp3\"><\/audio><\/figure>\n\n\n\n<figure class=\"wp-block-audio\"><audio controls src=\"https:\/\/agora.xtec.cat\/escoladelmar\/wp-content\/uploads\/usu1572\/2019\/05\/part-2-bis.mp3\"><\/audio><\/figure>\n\n\n\n<figure class=\"wp-block-audio\"><audio controls src=\"https:\/\/agora.xtec.cat\/escoladelmar\/wp-content\/uploads\/usu1572\/2019\/05\/part-3-retocada.mp3\"><\/audio><\/figure>\n\n\n\n<figure class=\"wp-block-audio\"><audio controls src=\"https:\/\/agora.xtec.cat\/escoladelmar\/wp-content\/uploads\/usu1572\/2019\/05\/part-4-tallada.mp3\"><\/audio><\/figure>\n\n\n\n<figure class=\"wp-block-audio\"><audio controls src=\"https:\/\/agora.xtec.cat\/escoladelmar\/wp-content\/uploads\/usu1572\/2019\/05\/part-4-bis.mp3\"><\/audio><\/figure>\n\n\n\n<figure class=\"wp-block-audio\"><audio controls src=\"https:\/\/agora.xtec.cat\/escoladelmar\/wp-content\/uploads\/usu1572\/2019\/05\/part-5.mp3\"><\/audio><\/figure>\n\n\n\n<p><span style=\"color: #0000ff;\"><strong>Programa del 1r trimestre del curs 2018-2019<\/strong><\/span><\/p>\n\n\n\n<p>A la primera part podem escoltar la not\u00edcia destacada i les classes parlen Tortugues, Dofins i Sant Nicolau. A la segona part continuen les classes parlen des de Cucut fins a Tarongers. A la tercera part podem sentir a les classes Nausica, Eneida i Garb\u00ed. Per acabar a la quarta part sentirem el resultat de les curses i altres not\u00edcies.<\/p>\n\n\n\n<p>Esperem que us agradi!<\/p>\n\n\n\n<figure class=\"wp-block-audio\"><audio controls src=\"https:\/\/agora.xtec.cat\/escoladelmar\/wp-content\/uploads\/usu1572\/2018\/12\/part-1-1r-programa-curs-18-19.mp3\"><\/audio><\/figure>\n\n\n\n<figure class=\"wp-block-audio\"><audio controls src=\"https:\/\/agora.xtec.cat\/escoladelmar\/wp-content\/uploads\/usu1572\/2018\/12\/part-2-1r-programa-curs-18-19.mp3\"><\/audio><\/figure>\n\n\n\n<figure class=\"wp-block-audio\"><audio controls src=\"https:\/\/agora.xtec.cat\/escoladelmar\/wp-content\/uploads\/usu1572\/2018\/12\/part-3-1r-programa-curs-18-19.mp3\"><\/audio><\/figure>\n\n\n\n<figure class=\"wp-block-audio\"><audio controls src=\"https:\/\/agora.xtec.cat\/escoladelmar\/wp-content\/uploads\/usu1572\/2018\/12\/part4-1r-programa-curs-18-19.mp3\"><\/audio><\/figure>\n\n\n\n<h5 class=\"wp-block-heading\"><span style=\"color: #0000ff;\">Programa del 2n i 3r trimestre del curs 2017-2018<\/span><\/h5>\n\n\n\n<p>A la part 1 trobem un recull de l&#8217;entrevista feta a la nostra estimada Isabel Busquests on ens parla de la hist\u00f2ria de l&#8217;edifici de l&#8217;escola.<\/p>\n\n\n\n<p>A la part 2 una entrevista a la nostra directora la Teresa on ens parla de les obres que s&#8217;han realitzat aquest curs.<\/p>\n\n\n\n<p>A la part 3 les opinions de diferents persones de l&#8217;escola de com s&#8217;han viscut les obres.<\/p>\n\n\n\n<p>Esperem que us agradi!!!<\/p>\n\n\n\n<figure class=\"wp-block-audio\"><audio controls src=\"https:\/\/agora.xtec.cat\/escoladelmar\/wp-content\/uploads\/usu1572\/2018\/11\/part-1-segona-emissi\u00f3.mp3\"><\/audio><\/figure>\n\n\n\n<figure class=\"wp-block-audio\"><audio controls src=\"https:\/\/agora.xtec.cat\/escoladelmar\/wp-content\/uploads\/usu1572\/2018\/11\/part-2-segon-programa.mp3\"><\/audio><\/figure>\n\n\n\n<figure class=\"wp-block-audio\"><audio controls src=\"https:\/\/agora.xtec.cat\/escoladelmar\/wp-content\/uploads\/usu1572\/2018\/11\/part-3-segon-programa.mp3\"><\/audio><\/figure>\n\n\n\n<h5 class=\"wp-block-heading\"><span style=\"color: #0000ff;\">Programa del 1r trimestre del curs 2017-2018.*<\/span><\/h5>\n\n\n\n<h6 class=\"wp-block-heading\"><span style=\"color: #ff0000;\">*Degut a la durada del programa us l&#8217;oferim dividit en set parts<\/span><\/h6>\n\n\n\n<p>Part 1<\/p>\n\n\n\n<figure class=\"wp-block-audio\"><audio controls src=\"http:\/\/agora.xtec.cat\/escoladelmar\/wp-content\/uploads\/usu1572\/2017\/06\/part-1.mp3\"><\/audio><\/figure>\n\n\n\n<p>Part2<\/p>\n\n\n\n<figure class=\"wp-block-audio\"><audio controls src=\"http:\/\/agora.xtec.cat\/escoladelmar\/wp-content\/uploads\/usu1572\/2017\/06\/part-2.mp3\"><\/audio><\/figure>\n\n\n\n<p>part 3<\/p>\n\n\n\n<figure class=\"wp-block-audio\"><audio controls src=\"http:\/\/agora.xtec.cat\/escoladelmar\/wp-content\/uploads\/usu1572\/2017\/06\/part-3.mp3\"><\/audio><\/figure>\n\n\n\n<p>Part 4<\/p>\n\n\n\n<figure class=\"wp-block-audio\"><audio controls src=\"http:\/\/agora.xtec.cat\/escoladelmar\/wp-content\/uploads\/usu1572\/2017\/06\/part-4.mp3\"><\/audio><\/figure>\n\n\n\n<p>Part 5<\/p>\n\n\n\n<figure class=\"wp-block-audio\"><audio controls src=\"http:\/\/agora.xtec.cat\/escoladelmar\/wp-content\/uploads\/usu1572\/2017\/06\/part-5.mp3\"><\/audio><\/figure>\n\n\n\n<p>Part 6<\/p>\n\n\n\n<figure class=\"wp-block-audio\"><audio controls src=\"http:\/\/agora.xtec.cat\/escoladelmar\/wp-content\/uploads\/usu1572\/2017\/06\/part-6.mp3\"><\/audio><\/figure>\n\n\n\n<p>Part 7<\/p>\n\n\n\n<figure class=\"wp-block-audio\"><audio controls src=\"http:\/\/agora.xtec.cat\/escoladelmar\/wp-content\/uploads\/usu1572\/2017\/06\/part-7.mp3\"><\/audio><\/figure>\n","protected":false},"excerpt":{"rendered":"<p>En aquest espai del nostre lloc web, us convidem a que us connecteu amb les emissions de la R\u00e0dio del Mar.La r\u00e0dio \u00e9s un mitj\u00e0 viu que promou la comunicaci\u00f3, facilita la lectura i la comprensi\u00f3 dels texts&nbsp;i agilitza les tasques de redacci\u00f3 dels alumnes.Des de l&#8217;Escola estem il\u00b7lusionats amb aquest projecte que posa la [&hellip;]<\/p>\n","protected":false},"author":1,"featured_media":0,"parent":492,"menu_order":0,"comment_status":"closed","ping_status":"closed","template":"","meta":{"_bbp_topic_count":0,"_bbp_reply_count":0,"_bbp_total_topic_count":0,"_bbp_total_reply_count":0,"_bbp_voice_count":0,"_bbp_anonymous_reply_count":0,"_bbp_topic_count_hidden":0,"_bbp_reply_count_hidden":0,"_bbp_forum_subforum_count":0,"site-sidebar-layout":"default","site-content-layout":"","ast-site-content-layout":"default","site-content-style":"default","site-sidebar-style":"default","ast-global-header-display":"","ast-banner-title-visibility":"","ast-main-header-display":"","ast-hfb-above-header-display":"","ast-hfb-below-header-display":"","ast-hfb-mobile-header-display":"","site-post-title":"","ast-breadcrumbs-content":"","ast-featured-img":"","footer-sml-layout":"","theme-transparent-header-meta":"","adv-header-id-meta":"","stick-header-meta":"","header-above-stick-meta":"","header-main-stick-meta":"","header-below-stick-meta":"","astra-migrate-meta-layouts":"set","ast-page-background-enabled":"default","ast-page-background-meta":{"desktop":{"background-color":"var(--ast-global-color-4)","background-image":"","background-repeat":"repeat","background-position":"center center","background-size":"auto","background-attachment":"scroll","background-type":"","background-media":"","overlay-type":"","overlay-color":"","overlay-opacity":"","overlay-gradient":""},"tablet":{"background-color":"","background-image":"","background-repeat":"repeat","background-position":"center center","background-size":"auto","background-attachment":"scroll","background-type":"","background-media":"","overlay-type":"","overlay-color":"","overlay-opacity":"","overlay-gradient":""},"mobile":{"background-color":"","background-image":"","background-repeat":"repeat","background-position":"center center","background-size":"auto","background-attachment":"scroll","background-type":"","background-media":"","overlay-type":"","overlay-color":"","overlay-opacity":"","overlay-gradient":""}},"ast-content-background-meta":{"desktop":{"background-color":"var(--ast-global-color-5)","background-image":"","background-repeat":"repeat","background-position":"center center","background-size":"auto","background-attachment":"scroll","background-type":"","background-media":"","overlay-type":"","overlay-color":"","overlay-opacity":"","overlay-gradient":""},"tablet":{"background-color":"var(--ast-global-color-5)","background-image":"","background-repeat":"repeat","background-position":"center center","background-size":"auto","background-attachment":"scroll","background-type":"","background-media":"","overlay-type":"","overlay-color":"","overlay-opacity":"","overlay-gradient":""},"mobile":{"background-color":"var(--ast-global-color-5)","background-image":"","background-repeat":"repeat","background-position":"center center","background-size":"auto","background-attachment":"scroll","background-type":"","background-media":"","overlay-type":"","overlay-color":"","overlay-opacity":"","overlay-gradient":""}},"footnotes":""},"class_list":["post-969","page","type-page","status-publish","hentry"],"post_mailing_queue_ids":[],"_links":{"self":[{"href":"https:\/\/agora.xtec.cat\/escoladelmar\/wp-json\/wp\/v2\/pages\/969","targetHints":{"allow":["GET"]}}],"collection":[{"href":"https:\/\/agora.xtec.cat\/escoladelmar\/wp-json\/wp\/v2\/pages"}],"about":[{"href":"https:\/\/agora.xtec.cat\/escoladelmar\/wp-json\/wp\/v2\/types\/page"}],"author":[{"embeddable":true,"href":"https:\/\/agora.xtec.cat\/escoladelmar\/wp-json\/wp\/v2\/users\/1"}],"replies":[{"embeddable":true,"href":"https:\/\/agora.xtec.cat\/escoladelmar\/wp-json\/wp\/v2\/comments?post=969"}],"version-history":[{"count":6,"href":"https:\/\/agora.xtec.cat\/escoladelmar\/wp-json\/wp\/v2\/pages\/969\/revisions"}],"predecessor-version":[{"id":11407,"href":"https:\/\/agora.xtec.cat\/escoladelmar\/wp-json\/wp\/v2\/pages\/969\/revisions\/11407"}],"up":[{"embeddable":true,"href":"https:\/\/agora.xtec.cat\/escoladelmar\/wp-json\/wp\/v2\/pages\/492"}],"wp:attachment":[{"href":"https:\/\/agora.xtec.cat\/escoladelmar\/wp-json\/wp\/v2\/media?parent=969"}],"curies":[{"name":"wp","href":"https:\/\/api.w.org\/{rel}","templated":true}]}}