{"id":84,"date":"2014-09-18T14:11:31","date_gmt":"2014-09-18T13:11:31","guid":{"rendered":"http:\/\/agora.xtec.cat\/escoladelmar\/?page_id=84"},"modified":"2024-09-04T11:24:54","modified_gmt":"2024-09-04T09:24:54","slug":"activitats-extraescolars","status":"publish","type":"page","link":"https:\/\/agora.xtec.cat\/escoladelmar\/serveis\/activitats-extraescolars\/","title":{"rendered":"Activitats extraescolars"},"content":{"rendered":"<h2 style=\"text-align: center;\">Curs 2024-2025<\/h2>\n<p><span style=\"text-decoration: underline;\">Normativa general en les activitats extraescolars de l&#8217;Escola:<\/span><\/p>\n<p><span style=\"font-weight: 400;\">Hi haur\u00e0 una persona dedicada a la coordinaci\u00f3 de les activitats que al mateix temps ser\u00e0 la persona que far\u00e0 d&#8217;enlla\u00e7 entre pares i mares, els diferents educadors, l\u2019empresa i l\u2019Escola.<\/span><\/p>\n<p><span style=\"font-weight: 400;\">El pagament de les activitats es far\u00e0 a l\u2019inici de cada trimestre mitjan\u00e7ant domiciliaci\u00f3 banc\u00e0ria.<\/span><\/p>\n<p><span style=\"font-weight: 400;\">Normes per al bon funcionament de les activitats extraescolars<\/span><\/p>\n<ul>\n<li style=\"font-weight: 400;\"><span style=\"font-weight: 400;\">Els alumnes que fan activitats han de sortir de la classe i passar pel vestuari com si anessin a casa. <\/span><\/li>\n<\/ul>\n<ul>\n<li style=\"font-weight: 400;\"><span style=\"font-weight: 400;\">No es pot sortir de l\u2019Escola fins que no acabi l\u2019activitat extraescolar. <\/span><\/li>\n<\/ul>\n<ul>\n<li style=\"font-weight: 400;\"><span style=\"font-weight: 400;\">Els nens\/es han de portar el berenar des de casa. <\/span><\/li>\n<\/ul>\n<ul>\n<li style=\"font-weight: 400;\"><span style=\"font-weight: 400;\">Els familiars nom\u00e9s podran entrar a l\u2019Escola el dia de la classe oberta, que s\u2019anunciar\u00e0 pr\u00e8viament. <\/span><\/li>\n<\/ul>\n<ul>\n<li style=\"font-weight: 400;\"><span style=\"font-weight: 400;\">Cal respectar les normes de l\u2019Escola durant les activitats extraescolars <\/span><\/li>\n<\/ul>\n<p><span style=\"font-weight: 400;\">(pujades i baixades, llaminadures, papers, jardins, ordre&#8230;). <\/span><\/p>\n<ul>\n<li style=\"font-weight: 400;\"><span style=\"font-weight: 400;\">Cal respectar el material de l\u2019activitat aix\u00ed com els espais on es fa. <\/span><\/li>\n<\/ul>\n<ul>\n<li style=\"font-weight: 400;\"><span style=\"font-weight: 400;\">En l\u2019activitat de patinatge no es pot sortir del poliesportiu amb els patins posats pel perill que representa la rugositat del terra i les escales. <\/span><\/li>\n<\/ul>\n<ul>\n<li style=\"font-weight: 400;\"><span style=\"font-weight: 400;\">En les activitats que es fan a la Caseta, s\u2019haur\u00e0 de tenir cura de deixar el mobiliari i el contingut ordenat. <\/span><\/li>\n<\/ul>\n<ul>\n<li style=\"font-weight: 400;\"><span style=\"font-weight: 400;\">Cal utilitzar les papereres per llen\u00e7ar l\u2019embolcall del berenar i altres deixalles. <\/span><\/li>\n<\/ul>\n<ul>\n<li style=\"font-weight: 400;\"><span style=\"font-weight: 400;\">Durant les activitats, s\u2019utilitzaran els lavabos del gimn\u00e0s o de la Caseta. <\/span><\/li>\n<\/ul>\n<ul>\n<li style=\"font-weight: 400;\"><span style=\"font-weight: 400;\">No es podr\u00e0 entrar ni a l&#8217;edifici de l&#8217;Escola ni al menjador sense els monitors. <\/span><\/li>\n<\/ul>\n<ul>\n<li style=\"font-weight: 400;\"><span style=\"font-weight: 400;\">Els alumnes hauran d\u2019esperar-se all\u00e0 on els indiqui el seu monitor. <\/span><\/li>\n<\/ul>\n<ul>\n<li style=\"font-weight: 400;\"><span style=\"font-weight: 400;\">El material del gimn\u00e0s s\u2019ha de deixar endre\u00e7at de manera que no tapi l\u2019espai corresponent a la porta d\u2019emerg\u00e8ncia. <\/span><\/li>\n<\/ul>\n<ul>\n<li style=\"font-weight: 400;\"><span style=\"font-weight: 400;\">Els espais que s&#8217;utilitzin en les activitats extraescolars, s&#8217;han de deixar recollits i endre\u00e7ats. <\/span><\/li>\n<\/ul>\n<p><span style=\"font-weight: 400;\">En les activitats realitzades pels pares hi ha d\u2019haver un monitor res-ponsable dels infants.<\/span><\/p>\n","protected":false},"excerpt":{"rendered":"<p>Curs 2024-2025 Normativa general en les activitats extraescolars de l&#8217;Escola: Hi haur\u00e0 una persona dedicada a la coordinaci\u00f3 de les activitats que al mateix temps ser\u00e0 la persona que far\u00e0 d&#8217;enlla\u00e7 entre pares i mares, els diferents educadors, l\u2019empresa i l\u2019Escola. El pagament de les activitats es far\u00e0 a l\u2019inici de cada trimestre mitjan\u00e7ant domiciliaci\u00f3 [&hellip;]<\/p>\n","protected":false},"author":1,"featured_media":0,"parent":66,"menu_order":60,"comment_status":"closed","ping_status":"closed","template":"page-templates\/side-menu.php","meta":{"_bbp_topic_count":0,"_bbp_reply_count":0,"_bbp_total_topic_count":0,"_bbp_total_reply_count":0,"_bbp_voice_count":0,"_bbp_anonymous_reply_count":0,"_bbp_topic_count_hidden":0,"_bbp_reply_count_hidden":0,"_bbp_forum_subforum_count":0,"site-sidebar-layout":"default","site-content-layout":"","ast-site-content-layout":"","site-content-style":"default","site-sidebar-style":"default","ast-global-header-display":"","ast-banner-title-visibility":"","ast-main-header-display":"","ast-hfb-above-header-display":"","ast-hfb-below-header-display":"","ast-hfb-mobile-header-display":"","site-post-title":"","ast-breadcrumbs-content":"","ast-featured-img":"","footer-sml-layout":"","theme-transparent-header-meta":"","adv-header-id-meta":"","stick-header-meta":"","header-above-stick-meta":"","header-main-stick-meta":"","header-below-stick-meta":"","astra-migrate-meta-layouts":"default","ast-page-background-enabled":"default","ast-page-background-meta":{"desktop":{"background-color":"var(--ast-global-color-4)","background-image":"","background-repeat":"repeat","background-position":"center center","background-size":"auto","background-attachment":"scroll","background-type":"","background-media":"","overlay-type":"","overlay-color":"","overlay-opacity":"","overlay-gradient":""},"tablet":{"background-color":"","background-image":"","background-repeat":"repeat","background-position":"center center","background-size":"auto","background-attachment":"scroll","background-type":"","background-media":"","overlay-type":"","overlay-color":"","overlay-opacity":"","overlay-gradient":""},"mobile":{"background-color":"","background-image":"","background-repeat":"repeat","background-position":"center center","background-size":"auto","background-attachment":"scroll","background-type":"","background-media":"","overlay-type":"","overlay-color":"","overlay-opacity":"","overlay-gradient":""}},"ast-content-background-meta":{"desktop":{"background-color":"var(--ast-global-color-5)","background-image":"","background-repeat":"repeat","background-position":"center center","background-size":"auto","background-attachment":"scroll","background-type":"","background-media":"","overlay-type":"","overlay-color":"","overlay-opacity":"","overlay-gradient":""},"tablet":{"background-color":"var(--ast-global-color-5)","background-image":"","background-repeat":"repeat","background-position":"center center","background-size":"auto","background-attachment":"scroll","background-type":"","background-media":"","overlay-type":"","overlay-color":"","overlay-opacity":"","overlay-gradient":""},"mobile":{"background-color":"var(--ast-global-color-5)","background-image":"","background-repeat":"repeat","background-position":"center center","background-size":"auto","background-attachment":"scroll","background-type":"","background-media":"","overlay-type":"","overlay-color":"","overlay-opacity":"","overlay-gradient":""}},"footnotes":""},"class_list":["post-84","page","type-page","status-publish","hentry"],"post_mailing_queue_ids":[],"_links":{"self":[{"href":"https:\/\/agora.xtec.cat\/escoladelmar\/wp-json\/wp\/v2\/pages\/84","targetHints":{"allow":["GET"]}}],"collection":[{"href":"https:\/\/agora.xtec.cat\/escoladelmar\/wp-json\/wp\/v2\/pages"}],"about":[{"href":"https:\/\/agora.xtec.cat\/escoladelmar\/wp-json\/wp\/v2\/types\/page"}],"author":[{"embeddable":true,"href":"https:\/\/agora.xtec.cat\/escoladelmar\/wp-json\/wp\/v2\/users\/1"}],"replies":[{"embeddable":true,"href":"https:\/\/agora.xtec.cat\/escoladelmar\/wp-json\/wp\/v2\/comments?post=84"}],"version-history":[{"count":5,"href":"https:\/\/agora.xtec.cat\/escoladelmar\/wp-json\/wp\/v2\/pages\/84\/revisions"}],"predecessor-version":[{"id":9661,"href":"https:\/\/agora.xtec.cat\/escoladelmar\/wp-json\/wp\/v2\/pages\/84\/revisions\/9661"}],"up":[{"embeddable":true,"href":"https:\/\/agora.xtec.cat\/escoladelmar\/wp-json\/wp\/v2\/pages\/66"}],"wp:attachment":[{"href":"https:\/\/agora.xtec.cat\/escoladelmar\/wp-json\/wp\/v2\/media?parent=84"}],"curies":[{"name":"wp","href":"https:\/\/api.w.org\/{rel}","templated":true}]}}