{"id":5594,"date":"2023-09-27T10:48:39","date_gmt":"2023-09-27T08:48:39","guid":{"rendered":"https:\/\/agora.xtec.cat\/escoladelmar\/?page_id=5594"},"modified":"2025-09-08T11:12:26","modified_gmt":"2025-09-08T09:12:26","slug":"fotografies-alumnes","status":"publish","type":"page","link":"https:\/\/agora.xtec.cat\/escoladelmar\/fotografies-alumnes\/","title":{"rendered":"Fotografies alumnes per promocions."},"content":{"rendered":"<p>Des d&#8217;aquesta p\u00e0gina podreu accedir a les fotografies seleccionades per promocions.<\/p>\n<p>EN AQUEST RECULL DE FOTOGRAFIES <strong>NOM\u00c9S APAREIXEN NENS I NENES DE LA PROMOCI\u00d3 DEL VOSTRE\/A FILL\/A<\/strong><\/p>\n<p>Tots els arxius estaran protegits per contrasenya. <strong>Cada promoci\u00f3 t\u00e9 una contrasenya diferent.<\/strong><\/p>\n<p>Recordeu, sempre, fer un \u00fas conscient i cur\u00f3s de les imatges dels infants.<\/p>\n<p><a href=\"https:\/\/agora.xtec.cat\/escoladelmar\/wp-content\/uploads\/usu1572\/2024\/09\/imagen_2024-09-04_193245168.png\"><img loading=\"lazy\" decoding=\"async\" class=\"wp-image-9662 aligncenter\" src=\"https:\/\/agora.xtec.cat\/escoladelmar\/wp-content\/uploads\/usu1572\/2024\/09\/imagen_2024-09-04_193245168-1024x591.png\" alt=\"\" width=\"640\" height=\"369\" srcset=\"https:\/\/agora.xtec.cat\/escoladelmar\/wp-content\/uploads\/usu1572\/2024\/09\/imagen_2024-09-04_193245168-1024x591.png 1024w, https:\/\/agora.xtec.cat\/escoladelmar\/wp-content\/uploads\/usu1572\/2024\/09\/imagen_2024-09-04_193245168-300x173.png 300w, https:\/\/agora.xtec.cat\/escoladelmar\/wp-content\/uploads\/usu1572\/2024\/09\/imagen_2024-09-04_193245168-768x443.png 768w, https:\/\/agora.xtec.cat\/escoladelmar\/wp-content\/uploads\/usu1572\/2024\/09\/imagen_2024-09-04_193245168.png 1226w\" sizes=\"auto, (max-width: 640px) 100vw, 640px\" \/><\/a><\/p>\n","protected":false},"excerpt":{"rendered":"<p>Des d&#8217;aquesta p\u00e0gina podreu accedir a les fotografies seleccionades per promocions. EN AQUEST RECULL DE FOTOGRAFIES NOM\u00c9S APAREIXEN NENS I NENES DE LA PROMOCI\u00d3 DEL VOSTRE\/A FILL\/A Tots els arxius estaran protegits per contrasenya. Cada promoci\u00f3 t\u00e9 una contrasenya diferent. Recordeu, sempre, fer un \u00fas conscient i cur\u00f3s de les imatges dels infants.<\/p>\n","protected":false},"author":1,"featured_media":0,"parent":0,"menu_order":0,"comment_status":"closed","ping_status":"closed","template":"","meta":{"_bbp_topic_count":0,"_bbp_reply_count":0,"_bbp_total_topic_count":0,"_bbp_total_reply_count":0,"_bbp_voice_count":0,"_bbp_anonymous_reply_count":0,"_bbp_topic_count_hidden":0,"_bbp_reply_count_hidden":0,"_bbp_forum_subforum_count":0,"site-sidebar-layout":"default","site-content-layout":"","ast-site-content-layout":"","site-content-style":"default","site-sidebar-style":"default","ast-global-header-display":"","ast-banner-title-visibility":"","ast-main-header-display":"","ast-hfb-above-header-display":"","ast-hfb-below-header-display":"","ast-hfb-mobile-header-display":"","site-post-title":"","ast-breadcrumbs-content":"","ast-featured-img":"","footer-sml-layout":"","theme-transparent-header-meta":"","adv-header-id-meta":"","stick-header-meta":"","header-above-stick-meta":"","header-main-stick-meta":"","header-below-stick-meta":"","astra-migrate-meta-layouts":"default","ast-page-background-enabled":"default","ast-page-background-meta":{"desktop":{"background-color":"var(--ast-global-color-4)","background-image":"","background-repeat":"repeat","background-position":"center center","background-size":"auto","background-attachment":"scroll","background-type":"","background-media":"","overlay-type":"","overlay-color":"","overlay-opacity":"","overlay-gradient":""},"tablet":{"background-color":"","background-image":"","background-repeat":"repeat","background-position":"center center","background-size":"auto","background-attachment":"scroll","background-type":"","background-media":"","overlay-type":"","overlay-color":"","overlay-opacity":"","overlay-gradient":""},"mobile":{"background-color":"","background-image":"","background-repeat":"repeat","background-position":"center center","background-size":"auto","background-attachment":"scroll","background-type":"","background-media":"","overlay-type":"","overlay-color":"","overlay-opacity":"","overlay-gradient":""}},"ast-content-background-meta":{"desktop":{"background-color":"var(--ast-global-color-5)","background-image":"","background-repeat":"repeat","background-position":"center center","background-size":"auto","background-attachment":"scroll","background-type":"","background-media":"","overlay-type":"","overlay-color":"","overlay-opacity":"","overlay-gradient":""},"tablet":{"background-color":"var(--ast-global-color-5)","background-image":"","background-repeat":"repeat","background-position":"center center","background-size":"auto","background-attachment":"scroll","background-type":"","background-media":"","overlay-type":"","overlay-color":"","overlay-opacity":"","overlay-gradient":""},"mobile":{"background-color":"var(--ast-global-color-5)","background-image":"","background-repeat":"repeat","background-position":"center center","background-size":"auto","background-attachment":"scroll","background-type":"","background-media":"","overlay-type":"","overlay-color":"","overlay-opacity":"","overlay-gradient":""}},"footnotes":""},"class_list":["post-5594","page","type-page","status-publish","hentry"],"post_mailing_queue_ids":[],"_links":{"self":[{"href":"https:\/\/agora.xtec.cat\/escoladelmar\/wp-json\/wp\/v2\/pages\/5594","targetHints":{"allow":["GET"]}}],"collection":[{"href":"https:\/\/agora.xtec.cat\/escoladelmar\/wp-json\/wp\/v2\/pages"}],"about":[{"href":"https:\/\/agora.xtec.cat\/escoladelmar\/wp-json\/wp\/v2\/types\/page"}],"author":[{"embeddable":true,"href":"https:\/\/agora.xtec.cat\/escoladelmar\/wp-json\/wp\/v2\/users\/1"}],"replies":[{"embeddable":true,"href":"https:\/\/agora.xtec.cat\/escoladelmar\/wp-json\/wp\/v2\/comments?post=5594"}],"version-history":[{"count":6,"href":"https:\/\/agora.xtec.cat\/escoladelmar\/wp-json\/wp\/v2\/pages\/5594\/revisions"}],"predecessor-version":[{"id":9910,"href":"https:\/\/agora.xtec.cat\/escoladelmar\/wp-json\/wp\/v2\/pages\/5594\/revisions\/9910"}],"wp:attachment":[{"href":"https:\/\/agora.xtec.cat\/escoladelmar\/wp-json\/wp\/v2\/media?parent=5594"}],"curies":[{"name":"wp","href":"https:\/\/api.w.org\/{rel}","templated":true}]}}