{"id":5591,"date":"2023-09-27T10:40:30","date_gmt":"2023-09-27T08:40:30","guid":{"rendered":"https:\/\/agora.xtec.cat\/escoladelmar\/?page_id=5591"},"modified":"2024-10-01T15:39:07","modified_gmt":"2024-10-01T13:39:07","slug":"meteorologia","status":"publish","type":"page","link":"https:\/\/agora.xtec.cat\/escoladelmar\/projectes\/meteorologia\/","title":{"rendered":"Meteorologia"},"content":{"rendered":"<p><span style=\"font-weight: 400;\">Meteorologia<\/span><\/p>\n<p><span style=\"font-weight: 400;\">El Servei Meteorol\u00f2gic de l&#8217;Escola, esdev\u00e9 cada dia una cosa m\u00e9s<\/span><\/p>\n<p><span style=\"font-weight: 400;\">s\u00e8ria. No solament t\u00e9 un valor per a nosaltres, com a punt de partida<\/span><\/p>\n<p><span style=\"font-weight: 400;\">de l&#8217;ensenyament de les ci\u00e8ncies f\u00edsiques i naturals, sin\u00f3 que actualment ja t\u00e9 una trascendencia fora de l&#8217;Escola.<\/span><\/p>\n<p><span style=\"font-weight: 400;\">Vegi&#8217;s a continuaci\u00f3 el resum que de la seva actuaci\u00f3 acostuma a<\/span><\/p>\n<p><span style=\"font-weight: 400;\">fer el nostre Director del Servei Meteorol\u00f2gic a l&#8217;acabar el c\u00e0rrec.<\/span><\/p>\n<p>&nbsp;<\/p>\n<p><i><span style=\"font-weight: 400;\">\u00abLegislatura del 1 al 15 febrer del 1936<\/span><\/i><\/p>\n<p><i><span style=\"font-weight: 400;\">.<\/span><\/i><\/p>\n<p><span style=\"font-weight: 400;\">Ja hem rebut el darrer butllet\u00ed del Servei Meteorol\u00f2gic de Catalunya ; tracta de coses molt interessants dins la Meteorologia.<\/span><\/p>\n<p><span style=\"font-weight: 400;\">Es titula \u00abSondatges de l&#8217;atm\u00f2sfera lliure a Barcelona, amb globus pilots, durant l&#8217;any 1934. \u00bb Es un recull de la velocitat del vent relacionada amb la direcci\u00f3 i a segons quines al\u00e7ades. Parla tamb\u00e9 d&#8217;unes noves instal\u00b7lacions pluviom\u00e8triques a diferents llocs de Catalunya.\u00a0<\/span><\/p>\n<p>&nbsp;<\/p>\n<p><span style=\"font-weight: 400;\">He de fer recordar, que a l&#8217;any 1934, l&#8217;il\u00b7lustre almirall Byrd va emprendre un arriscat viatge a l&#8217;Ant\u00e0rtic per estudiar els diferents fen\u00f2mens atmosf\u00e8rics que es produeixen en aquell lloc tan apartat de la civilitzaci\u00f3. Ha estat l&#8217;\u00fanic home que hi ha passat tants mesos, sacrificant-se i tot per la meteorologia. Ara, a la classe, llegim el seu \u201cDiari\u201d.\u00a0<\/span><\/p>\n<p><span style=\"font-weight: 400;\">Una cosa molt interessant que vull fer remarcar \u00e9s la carta que hem rebut del Dr. Eduard Fontser\u00e9, en la qual ens envia una interessant gr\u00e0fica.\u00a0<\/span><\/p>\n<p><span style=\"font-weight: 400;\">En aquesta carta, el Dr. Fontser\u00e9, ens d\u00f3na les gr\u00e0cies per les dades facilitades pel nostre Servei Meteorol\u00f2gic, cosa que li permet\u00e9 fer una estad\u00edstica de la temperatura de l&#8217;aigua del mar, durant 11 anys.\u00a0<\/span><\/p>\n<p><span style=\"font-weight: 400;\">Crec jo que aquesta carta \u00e9s un gran honor per a l&#8217;Escola, tota vegada que demostra la confian\u00e7a que l&#8217;eminent home de ci\u00e8ncia, t\u00e9 en les nostres observacions.\u00bb\u00a0<\/span><\/p>\n<p><i><span style=\"font-weight: 400;\">ALEXANDRE PERELL\u00d3,\u00a0<\/span><\/i><\/p>\n<p><i><span style=\"font-weight: 400;\">14 anys\u00a0<\/span><\/i><\/p>\n<p><i><span style=\"font-weight: 400;\">Director del Servei Meteorol\u00f2gic\u00a0<\/span><\/i><\/p>\n<p><i><span style=\"font-weight: 400;\">durant el Govern del color Blau<\/span><\/i><\/p>\n<p>&nbsp;<\/p>\n<p><span style=\"font-weight: 400;\">Copiem a continuaci\u00f3 la ja esmentada carta, que diu aix\u00ed:\u00a0<\/span><\/p>\n<p><span style=\"font-weight: 400;\">Barcelona, 8 de febrer del 1936.\u00a0<\/span><\/p>\n<p><span style=\"font-weight: 400;\">Senyors: Joan P\u00e9rez de Lucia\u00a0<\/span><\/p>\n<p><span style=\"font-weight: 400;\">Rosa Saelices\u00a0<\/span><\/p>\n<p><span style=\"font-weight: 400;\">Carme Bartr\u00e9s\u00a0<\/span><\/p>\n<p><span style=\"font-weight: 400;\">Robert Verg\u00e9s\u00a0<\/span><\/p>\n<p><span style=\"font-weight: 400;\">Ferran S\u00e1nchez\u00a0<\/span><\/p>\n<p><span style=\"font-weight: 400;\">Observadors de l&#8217;Escola del Mar.\u00a0<\/span><\/p>\n<p><span style=\"font-weight: 400;\">Barcelona.\u00a0<\/span><\/p>\n<p>&nbsp;<\/p>\n<p><span style=\"font-weight: 400;\">Estimats col\u00b7legues:\u00a0<\/span><\/p>\n<p><span style=\"font-weight: 400;\">A l seu temps vaig rebre el resum de les vostres observacions de la temperatura del mar, que acompanyava la vostra carta del 16 de gener.\u00a0<\/span><\/p>\n<p><span style=\"font-weight: 400;\">Per a millor fer-me&#8217;n c\u00e0rrec, les he passades a una gr\u00e0fica, que adjunto, i resulta una corba molt regular i bonica. Per a comparaci\u00f3, hi he marcat la temperatura mitja de l&#8217;aire (l\u00ednia de punts, i del coteig entre les dues temperatures, resulten evidents alguns fets interessants (la mar contribueix a endolcir el clima dels pa\u00efsos costaners, les temperatures m\u00e0xima i m\u00ednima de l&#8217;any hi venen m\u00e9s tard que a l&#8217;atm\u00f2sfera, etc.. Els vostres professors us podran explicar altres fen\u00f2mens que es dedueixen de l&#8217;examen d&#8217;aquesta gr\u00e0fica, sobretot recordant que la gran massa d&#8217;aig\u00fces profundes de la Mediterr\u00e0nia est\u00e0 a la temperatura uniforme de I201S, i que \u00a1es aig\u00fces mes fredes han d&#8217;anar r\u00e0pidament a fons, mentre les m\u00e9s calentes suren i es sostenen aix\u00ed algun temps.\u00a0<\/span><\/p>\n<p><span style=\"font-weight: 400;\">Us saluda el vostre col\u00b7lega i amic,\u00a0<\/span><\/p>\n<p><span style=\"font-weight: 400;\">EDUARD FONTSER\u00c9 <\/span><\/p>\n","protected":false},"excerpt":{"rendered":"<p>Meteorologia El Servei Meteorol\u00f2gic de l&#8217;Escola, esdev\u00e9 cada dia una cosa m\u00e9s s\u00e8ria. No solament t\u00e9 un valor per a nosaltres, com a punt de partida de l&#8217;ensenyament de les ci\u00e8ncies f\u00edsiques i naturals, sin\u00f3 que actualment ja t\u00e9 una trascendencia fora de l&#8217;Escola. Vegi&#8217;s a continuaci\u00f3 el resum que de la seva actuaci\u00f3 acostuma [&hellip;]<\/p>\n","protected":false},"author":1,"featured_media":0,"parent":492,"menu_order":0,"comment_status":"closed","ping_status":"closed","template":"page-templates\/side-menu.php","meta":{"_bbp_topic_count":0,"_bbp_reply_count":0,"_bbp_total_topic_count":0,"_bbp_total_reply_count":0,"_bbp_voice_count":0,"_bbp_anonymous_reply_count":0,"_bbp_topic_count_hidden":0,"_bbp_reply_count_hidden":0,"_bbp_forum_subforum_count":0,"site-sidebar-layout":"default","site-content-layout":"","ast-site-content-layout":"","site-content-style":"default","site-sidebar-style":"default","ast-global-header-display":"","ast-banner-title-visibility":"","ast-main-header-display":"","ast-hfb-above-header-display":"","ast-hfb-below-header-display":"","ast-hfb-mobile-header-display":"","site-post-title":"","ast-breadcrumbs-content":"","ast-featured-img":"","footer-sml-layout":"","theme-transparent-header-meta":"","adv-header-id-meta":"","stick-header-meta":"","header-above-stick-meta":"","header-main-stick-meta":"","header-below-stick-meta":"","astra-migrate-meta-layouts":"default","ast-page-background-enabled":"default","ast-page-background-meta":{"desktop":{"background-color":"var(--ast-global-color-4)","background-image":"","background-repeat":"repeat","background-position":"center center","background-size":"auto","background-attachment":"scroll","background-type":"","background-media":"","overlay-type":"","overlay-color":"","overlay-opacity":"","overlay-gradient":""},"tablet":{"background-color":"","background-image":"","background-repeat":"repeat","background-position":"center center","background-size":"auto","background-attachment":"scroll","background-type":"","background-media":"","overlay-type":"","overlay-color":"","overlay-opacity":"","overlay-gradient":""},"mobile":{"background-color":"","background-image":"","background-repeat":"repeat","background-position":"center center","background-size":"auto","background-attachment":"scroll","background-type":"","background-media":"","overlay-type":"","overlay-color":"","overlay-opacity":"","overlay-gradient":""}},"ast-content-background-meta":{"desktop":{"background-color":"var(--ast-global-color-5)","background-image":"","background-repeat":"repeat","background-position":"center center","background-size":"auto","background-attachment":"scroll","background-type":"","background-media":"","overlay-type":"","overlay-color":"","overlay-opacity":"","overlay-gradient":""},"tablet":{"background-color":"var(--ast-global-color-5)","background-image":"","background-repeat":"repeat","background-position":"center center","background-size":"auto","background-attachment":"scroll","background-type":"","background-media":"","overlay-type":"","overlay-color":"","overlay-opacity":"","overlay-gradient":""},"mobile":{"background-color":"var(--ast-global-color-5)","background-image":"","background-repeat":"repeat","background-position":"center center","background-size":"auto","background-attachment":"scroll","background-type":"","background-media":"","overlay-type":"","overlay-color":"","overlay-opacity":"","overlay-gradient":""}},"footnotes":""},"class_list":["post-5591","page","type-page","status-publish","hentry"],"post_mailing_queue_ids":[],"_links":{"self":[{"href":"https:\/\/agora.xtec.cat\/escoladelmar\/wp-json\/wp\/v2\/pages\/5591","targetHints":{"allow":["GET"]}}],"collection":[{"href":"https:\/\/agora.xtec.cat\/escoladelmar\/wp-json\/wp\/v2\/pages"}],"about":[{"href":"https:\/\/agora.xtec.cat\/escoladelmar\/wp-json\/wp\/v2\/types\/page"}],"author":[{"embeddable":true,"href":"https:\/\/agora.xtec.cat\/escoladelmar\/wp-json\/wp\/v2\/users\/1"}],"replies":[{"embeddable":true,"href":"https:\/\/agora.xtec.cat\/escoladelmar\/wp-json\/wp\/v2\/comments?post=5591"}],"version-history":[{"count":3,"href":"https:\/\/agora.xtec.cat\/escoladelmar\/wp-json\/wp\/v2\/pages\/5591\/revisions"}],"predecessor-version":[{"id":5598,"href":"https:\/\/agora.xtec.cat\/escoladelmar\/wp-json\/wp\/v2\/pages\/5591\/revisions\/5598"}],"up":[{"embeddable":true,"href":"https:\/\/agora.xtec.cat\/escoladelmar\/wp-json\/wp\/v2\/pages\/492"}],"wp:attachment":[{"href":"https:\/\/agora.xtec.cat\/escoladelmar\/wp-json\/wp\/v2\/media?parent=5591"}],"curies":[{"name":"wp","href":"https:\/\/api.w.org\/{rel}","templated":true}]}}