{"id":547,"date":"2016-11-20T12:42:02","date_gmt":"2016-11-20T11:42:02","guid":{"rendered":"http:\/\/agora.xtec.cat\/escoladelmar\/?page_id=547"},"modified":"2017-05-11T09:56:50","modified_gmt":"2017-05-11T07:56:50","slug":"espai-migdia","status":"publish","type":"page","link":"https:\/\/agora.xtec.cat\/escoladelmar\/projectes\/espai-migdia\/","title":{"rendered":"Espai migdia"},"content":{"rendered":"<p><b>PROJECTE \u201cENS HO MENGEM TOT\u201d AL TEMPS DE MIGDIA.<\/b><\/p>\n<p>Durant el m\u00e9s de mar\u00e7 hem treballat el malbaratament dels CIGRONS. Els infants parlen sobre la viv\u00e8ncia:<\/p>\n<p>&nbsp;<\/p>\n<table>\n<tbody>\n<tr>\n<td>Anna S\u00e0rries:<\/td>\n<\/tr>\n<tr>\n<td>Gastem molta aigua si llencem els cigrons, \u00e9s com si la tir\u00e9ssim al terra.<\/td>\n<\/tr>\n<\/tbody>\n<\/table>\n<table>\n<tbody>\n<tr>\n<td>Jon Cobos<\/td>\n<\/tr>\n<tr>\n<td>Nom\u00e9s posarem un cullerot.<\/td>\n<\/tr>\n<\/tbody>\n<\/table>\n<table>\n<tbody>\n<tr>\n<td>Iria M\u00e0rquez:<\/td>\n<\/tr>\n<tr>\n<td>\u00c9s un cullerot, i \u00e9s el m\u00ednim.<\/td>\n<\/tr>\n<\/tbody>\n<\/table>\n<table>\n<tbody>\n<tr>\n<td>Martina:<\/td>\n<\/tr>\n<tr>\n<td>Per no tirar els cigrons nom\u00e9s els hi posarem un cullerot a qui no li agradi.<\/td>\n<\/tr>\n<\/tbody>\n<\/table>\n<table>\n<tbody>\n<tr>\n<td>Llu\u00eds Alsina:<\/td>\n<\/tr>\n<tr>\n<td>Si tirem els cigrons estem tirant menjar.<\/td>\n<\/tr>\n<\/tbody>\n<\/table>\n<table>\n<tbody>\n<tr>\n<td>Anna S\u00e0rries::<\/td>\n<\/tr>\n<tr>\n<td>Les cuineres han fet 23.760,00 grams, i nosaltres els nens i nenes de l\u2019escola hem malbaratat 1.400,00 grams, que \u00e9s mes o menys 1 paquet i mig d\u2019arr\u00f2s.1.400 grams\u2192 \u2192\u2192\u2192<\/p>\n<p><a href=\"http:\/\/agora.xtec.cat\/escoladelmar\/wp-content\/uploads\/usu1572\/2016\/11\/cigrons.jpg\"><img loading=\"lazy\" decoding=\"async\" class=\"size-full wp-image-941 aligncenter\" src=\"http:\/\/agora.xtec.cat\/escoladelmar\/wp-content\/uploads\/usu1572\/2016\/11\/cigrons.jpg\" alt=\"cigrons\" width=\"221\" height=\"179\" \/><\/a><br \/>\nTamb\u00e9 hem malbaratat 4.471,60 litres d\u00b4aigua ja, perque per fer cigrons necessitem aigua. Es a dir gaireb\u00e9 559 garrafes d\u00b4aigua de 8 litres.<\/p>\n<p>4.471,60= \u00a0 \u00a0 \u00a0 \u00a0\u00a0<a href=\"http:\/\/agora.xtec.cat\/escoladelmar\/wp-content\/uploads\/usu1572\/2016\/11\/aigua.jpg\"><img loading=\"lazy\" decoding=\"async\" class=\"alignnone size-full wp-image-942\" src=\"http:\/\/agora.xtec.cat\/escoladelmar\/wp-content\/uploads\/usu1572\/2016\/11\/aigua.jpg\" alt=\"aigua\" width=\"125\" height=\"236\" \/><\/a> \u00a0 559<\/p>\n<p>Per fer cigrons necessitem llavors i sol per conrear per aix\u00f2 hem malbaratat 16,46 m2 que serien gaireb\u00e9 7 pissarres de l\u00b4escola.<\/p>\n<p>16,46 m2= 7 \u00a0 <a href=\"http:\/\/agora.xtec.cat\/escoladelmar\/wp-content\/uploads\/usu1572\/2016\/11\/pissarra.jpg\"><img loading=\"lazy\" decoding=\"async\" class=\"alignnone size-full wp-image-943\" src=\"http:\/\/agora.xtec.cat\/escoladelmar\/wp-content\/uploads\/usu1572\/2016\/11\/pissarra.jpg\" alt=\"pissarra\" width=\"366\" height=\"290\" srcset=\"https:\/\/agora.xtec.cat\/escoladelmar\/wp-content\/uploads\/usu1572\/2016\/11\/pissarra.jpg 366w, https:\/\/agora.xtec.cat\/escoladelmar\/wp-content\/uploads\/usu1572\/2016\/11\/pissarra-300x238.jpg 300w\" sizes=\"auto, (max-width: 366px) 100vw, 366px\" \/><\/a><br \/>\nHem malbaratat 12 racions de cigrons.<br \/>\nCom Escola del Mar hem quedat entre segona i tercera posici\u00f3 una posici\u00f3 bastant bona<\/td>\n<\/tr>\n<\/tbody>\n<\/table>\n<p>&nbsp;<\/p>\n<table>\n<tbody>\n<tr>\n<td>Irene Gonz\u00e1lez i Jan Angulo:<\/td>\n<\/tr>\n<tr>\n<td>Per tal d\u2019evitar el malbaratament de cigrons, hem decidit que la millor soluci\u00f3 ser\u00e0 demanar la quantitat m\u00ednima.<\/p>\n<p>Per fer-ho quan passem per la barra de la cuina demanarem un cullerot. Aquesta ser\u00e0 el m\u00ednim de menjar.<\/td>\n<\/tr>\n<\/tbody>\n<\/table>\n<p>I, ara estem estudiant el malbaratament de l\u2019enciam!!!<\/p>\n<hr \/>\n<p>Els infants us volen explicar, \u00a0la viv\u00e8ncia d\u2019aquest primer mes amb el primer aliment: EL IOGURT. Ells i elles parlen:<\/p>\n<table>\n<tbody>\n<tr>\n<td>Laia Torres i Laia Oter:<\/td>\n<\/tr>\n<tr>\n<td>A la nostre escola estem fent un projecte de \u201cens ho mengem tot\u201d i a m\u00e9s cada mes triem un menjar i tenim una paperera que el menjar que no ens mengem el tirem all\u00e0.<\/td>\n<\/tr>\n<\/tbody>\n<\/table>\n<table>\n<tbody>\n<tr>\n<td>Ana Maria Esanu:<\/td>\n<\/tr>\n<tr>\n<td>Estem treballant el iogurt perqu\u00e8 no ho tirem i tenim una paperera de iogurts, per a qu\u00e8 no tirem tant iogurt.<\/td>\n<\/tr>\n<\/tbody>\n<\/table>\n<table>\n<tbody>\n<tr>\n<td>Mar\u00e7al Fernandez i Jon Cobos:<\/td>\n<\/tr>\n<tr>\n<td>El reciclem una mica perqu\u00e8 a qui no li agrada el provi una mica<\/td>\n<\/tr>\n<\/tbody>\n<\/table>\n<table>\n<tbody>\n<tr>\n<td>Arnau Tarr\u00e9:<\/td>\n<\/tr>\n<tr>\n<td>Ho estem fent bastant b\u00e9 i estem respectant les normes del iogurt que si alg\u00fa no li agrada en menges tres cullerades.<\/td>\n<\/tr>\n<\/tbody>\n<\/table>\n<table style=\"height: 94px;\" width=\"452\">\n<tbody>\n<tr style=\"height: 37px;\">\n<td style=\"height: 37px; width: 446.4px;\">Unai Morales:<\/td>\n<\/tr>\n<tr style=\"height: 33px;\">\n<td style=\"height: 33px; width: 446.4px;\">Hi havia moltes restes de iogurt a la cap\u00e7a de iogurt.<\/td>\n<\/tr>\n<\/tbody>\n<\/table>\n<table>\n<tbody>\n<tr>\n<td>Andreu M\u00e0rques, Asier Navarro, Pau Roche i Joel Rodr\u00edguez<\/td>\n<\/tr>\n<tr>\n<td>Hem servit a 185 comensals, dels quals cada raci\u00f3 equival a 125,68g , \u00e9s a dir 23.250g de quantitat servida. I hem malbaratat 1.371g de iogurt.<\/p>\n<p>Hem malbaratat 11 racions de iogurt. A m\u00e9s a m\u00e9s, hem malbaratat s\u00f2l conreat que equival a 3 taules quadrades del menjador de l\u00b4escola ( 16,45 m2), 4,17 Kw, que equival a 6,95 bombetes de 60w, i 2.193,60 litres d\u00b4aigua que t\u00e9 una equival\u00e8ncia de 1.462,4 ampollas d\u00b4aigua de 1.5l:<\/p>\n<p><a href=\"http:\/\/agora.xtec.cat\/escoladelmar\/wp-content\/uploads\/usu1572\/2016\/11\/dididididididbuix.jpg\"><img loading=\"lazy\" decoding=\"async\" class=\"alignnone size-full wp-image-841\" src=\"http:\/\/agora.xtec.cat\/escoladelmar\/wp-content\/uploads\/usu1572\/2016\/11\/dididididididbuix.jpg\" alt=\"migdia\" width=\"563\" height=\"384\" srcset=\"https:\/\/agora.xtec.cat\/escoladelmar\/wp-content\/uploads\/usu1572\/2016\/11\/dididididididbuix.jpg 563w, https:\/\/agora.xtec.cat\/escoladelmar\/wp-content\/uploads\/usu1572\/2016\/11\/dididididididbuix-300x205.jpg 300w\" sizes=\"auto, (max-width: 563px) 100vw, 563px\" \/><\/a><\/td>\n<\/tr>\n<\/tbody>\n<\/table>\n<p>&nbsp;<\/p>\n<table>\n<tbody>\n<tr>\n<td>Roger Matas i Laura L\u00f3pez:<\/td>\n<\/tr>\n<tr>\n<td>Despr\u00e9s de veure que llen\u00e7\u00e0vem molt iogurt, hem trobat una soluci\u00f3: a qui no li agrada el iogurt, en comptes d\u2019agafar-ne un de sencer i llen\u00e7ar-ne la meitat, agafa un bol i el monitor o la monitora li posa tres cullerades. Aix\u00ed no malbaratem el iogurt i tothom en menja una mica.<\/td>\n<\/tr>\n<\/tbody>\n<\/table>\n<p>I, ara estem estudiant el malbaratament dels cigrons!!!<\/p>\n","protected":false},"excerpt":{"rendered":"<p>PROJECTE \u201cENS HO MENGEM TOT\u201d AL TEMPS DE MIGDIA. Durant el m\u00e9s de mar\u00e7 hem treballat el malbaratament dels CIGRONS. Els infants parlen sobre la viv\u00e8ncia: &nbsp; Anna S\u00e0rries: Gastem molta aigua si llencem els cigrons, \u00e9s com si la tir\u00e9ssim al terra. Jon Cobos Nom\u00e9s posarem un cullerot. Iria M\u00e0rquez: \u00c9s un cullerot, i [&hellip;]<\/p>\n","protected":false},"author":1,"featured_media":0,"parent":492,"menu_order":0,"comment_status":"closed","ping_status":"closed","template":"page-templates\/side-menu.php","meta":{"_bbp_topic_count":0,"_bbp_reply_count":0,"_bbp_total_topic_count":0,"_bbp_total_reply_count":0,"_bbp_voice_count":0,"_bbp_anonymous_reply_count":0,"_bbp_topic_count_hidden":0,"_bbp_reply_count_hidden":0,"_bbp_forum_subforum_count":0,"site-sidebar-layout":"default","site-content-layout":"","ast-site-content-layout":"","site-content-style":"default","site-sidebar-style":"default","ast-global-header-display":"","ast-banner-title-visibility":"","ast-main-header-display":"","ast-hfb-above-header-display":"","ast-hfb-below-header-display":"","ast-hfb-mobile-header-display":"","site-post-title":"","ast-breadcrumbs-content":"","ast-featured-img":"","footer-sml-layout":"","theme-transparent-header-meta":"","adv-header-id-meta":"","stick-header-meta":"","header-above-stick-meta":"","header-main-stick-meta":"","header-below-stick-meta":"","astra-migrate-meta-layouts":"default","ast-page-background-enabled":"default","ast-page-background-meta":{"desktop":{"background-color":"var(--ast-global-color-4)","background-image":"","background-repeat":"repeat","background-position":"center center","background-size":"auto","background-attachment":"scroll","background-type":"","background-media":"","overlay-type":"","overlay-color":"","overlay-opacity":"","overlay-gradient":""},"tablet":{"background-color":"","background-image":"","background-repeat":"repeat","background-position":"center center","background-size":"auto","background-attachment":"scroll","background-type":"","background-media":"","overlay-type":"","overlay-color":"","overlay-opacity":"","overlay-gradient":""},"mobile":{"background-color":"","background-image":"","background-repeat":"repeat","background-position":"center center","background-size":"auto","background-attachment":"scroll","background-type":"","background-media":"","overlay-type":"","overlay-color":"","overlay-opacity":"","overlay-gradient":""}},"ast-content-background-meta":{"desktop":{"background-color":"var(--ast-global-color-5)","background-image":"","background-repeat":"repeat","background-position":"center center","background-size":"auto","background-attachment":"scroll","background-type":"","background-media":"","overlay-type":"","overlay-color":"","overlay-opacity":"","overlay-gradient":""},"tablet":{"background-color":"var(--ast-global-color-5)","background-image":"","background-repeat":"repeat","background-position":"center center","background-size":"auto","background-attachment":"scroll","background-type":"","background-media":"","overlay-type":"","overlay-color":"","overlay-opacity":"","overlay-gradient":""},"mobile":{"background-color":"var(--ast-global-color-5)","background-image":"","background-repeat":"repeat","background-position":"center center","background-size":"auto","background-attachment":"scroll","background-type":"","background-media":"","overlay-type":"","overlay-color":"","overlay-opacity":"","overlay-gradient":""}},"footnotes":""},"class_list":["post-547","page","type-page","status-publish","hentry"],"post_mailing_queue_ids":[],"_links":{"self":[{"href":"https:\/\/agora.xtec.cat\/escoladelmar\/wp-json\/wp\/v2\/pages\/547","targetHints":{"allow":["GET"]}}],"collection":[{"href":"https:\/\/agora.xtec.cat\/escoladelmar\/wp-json\/wp\/v2\/pages"}],"about":[{"href":"https:\/\/agora.xtec.cat\/escoladelmar\/wp-json\/wp\/v2\/types\/page"}],"author":[{"embeddable":true,"href":"https:\/\/agora.xtec.cat\/escoladelmar\/wp-json\/wp\/v2\/users\/1"}],"replies":[{"embeddable":true,"href":"https:\/\/agora.xtec.cat\/escoladelmar\/wp-json\/wp\/v2\/comments?post=547"}],"version-history":[{"count":3,"href":"https:\/\/agora.xtec.cat\/escoladelmar\/wp-json\/wp\/v2\/pages\/547\/revisions"}],"predecessor-version":[{"id":945,"href":"https:\/\/agora.xtec.cat\/escoladelmar\/wp-json\/wp\/v2\/pages\/547\/revisions\/945"}],"up":[{"embeddable":true,"href":"https:\/\/agora.xtec.cat\/escoladelmar\/wp-json\/wp\/v2\/pages\/492"}],"wp:attachment":[{"href":"https:\/\/agora.xtec.cat\/escoladelmar\/wp-json\/wp\/v2\/media?parent=547"}],"curies":[{"name":"wp","href":"https:\/\/api.w.org\/{rel}","templated":true}]}}