{"id":539,"date":"2016-11-20T12:40:25","date_gmt":"2016-11-20T11:40:25","guid":{"rendered":"http:\/\/agora.xtec.cat\/escoladelmar\/?page_id=539"},"modified":"2024-04-19T12:13:10","modified_gmt":"2024-04-19T10:13:10","slug":"biblioteca","status":"publish","type":"page","link":"https:\/\/agora.xtec.cat\/escoladelmar\/projectes\/biblioteca\/","title":{"rendered":"Biblioteca"},"content":{"rendered":"<pre>*Si voleu con\u00e8ixer les activitats relacionades amb aquest projecte, nom\u00e9s cal que busqueu la categoria \"Biblioteca\"<\/pre>\n<h3><\/h3>\n<h3 style=\"text-align: center;\"><span style=\"font-weight: 400;\">BIBLIOTECA PERE VERG\u00c9S*<\/span><\/h3>\n<p><a href=\"http:\/\/w156.bcn.cat\/cgi-bin\/abnetop\/O7105\/ID2c6363a7?ACC=101\" target=\"_blank\" rel=\"noopener\"><img loading=\"lazy\" decoding=\"async\" class=\"aligncenter wp-image-4338 size-medium\" src=\"https:\/\/agora.xtec.cat\/escoladelmar\/wp-content\/uploads\/usu1572\/2023\/03\/Biblioteca-300x225.jpg\" alt=\"\" width=\"300\" height=\"225\" srcset=\"https:\/\/agora.xtec.cat\/escoladelmar\/wp-content\/uploads\/usu1572\/2023\/03\/Biblioteca-300x225.jpg 300w, https:\/\/agora.xtec.cat\/escoladelmar\/wp-content\/uploads\/usu1572\/2023\/03\/Biblioteca-768x576.jpg 768w, https:\/\/agora.xtec.cat\/escoladelmar\/wp-content\/uploads\/usu1572\/2023\/03\/Biblioteca-200x150.jpg 200w, https:\/\/agora.xtec.cat\/escoladelmar\/wp-content\/uploads\/usu1572\/2023\/03\/Biblioteca.jpg 1024w\" sizes=\"auto, (max-width: 300px) 100vw, 300px\" \/><\/a><\/p>\n<h3 style=\"text-align: center;\">Vols saber si el llibre que vols llegir es troba al cat\u00e0leg de l&#8217;Escola???<\/h3>\n<h4 style=\"text-align: center;\"><a href=\"http:\/\/w156.bcn.cat\/cgi-bin\/abnetop?SUBC=PRI\/P48\" target=\"_blank\" rel=\"noopener\">Cerca-ho en aquest enlla\u00e7!<\/a><\/h4>\n<p>&nbsp;<\/p>\n<h3 style=\"text-align: center;\">Volem crear un espai especial per al llibres recomanats,<\/h3>\n<h3 style=\"text-align: center;\">aqu\u00ed els podreu trobar tots<\/h3>\n<h4 style=\"text-align: center;\"><a href=\"https:\/\/agora.xtec.cat\/escoladelmar\/projectes\/biblioteca\/llibres-recomanats\/\" target=\"_blank\" rel=\"noopener\">Llibres recomanats<\/a><\/h4>\n<p>&nbsp;<\/p>\n<h4 style=\"text-align: center;\">La Biblioteca de l&#8217;Escola t\u00e9 una hist\u00f2ria molt interessant la vols con\u00e8ixer?<\/h4>\n<p><a href=\"https:\/\/agora.xtec.cat\/escoladelmar\/wp-content\/uploads\/usu1572\/2023\/04\/1679396247562.jpg\"><img loading=\"lazy\" decoding=\"async\" class=\"alignleft size-medium wp-image-4559\" src=\"https:\/\/agora.xtec.cat\/escoladelmar\/wp-content\/uploads\/usu1572\/2023\/04\/1679396247562-300x164.jpg\" alt=\"\" width=\"300\" height=\"164\" srcset=\"https:\/\/agora.xtec.cat\/escoladelmar\/wp-content\/uploads\/usu1572\/2023\/04\/1679396247562-300x164.jpg 300w, https:\/\/agora.xtec.cat\/escoladelmar\/wp-content\/uploads\/usu1572\/2023\/04\/1679396247562-1024x561.jpg 1024w, https:\/\/agora.xtec.cat\/escoladelmar\/wp-content\/uploads\/usu1572\/2023\/04\/1679396247562-768x421.jpg 768w, https:\/\/agora.xtec.cat\/escoladelmar\/wp-content\/uploads\/usu1572\/2023\/04\/1679396247562-1536x841.jpg 1536w, https:\/\/agora.xtec.cat\/escoladelmar\/wp-content\/uploads\/usu1572\/2023\/04\/1679396247562-2048x1122.jpg 2048w\" sizes=\"auto, (max-width: 300px) 100vw, 300px\" \/><\/a><\/p>\n<p><span style=\"font-weight: 400;\">La biblioteca de l\u2019escola, anomenada biblioteca Pere Verg\u00e9s, \u00e9s un dels racons m\u00e9s m\u00e0gics del centre. Constitueix un dels eixos fonamentals de l\u2019Escola pel que fa al foment de la lectura i de l\u2019aproximaci\u00f3 al saber. Amb la seva xemeneia i les parets pintades de frescos d\u2019en Joan Llongueras que representen escenes de contes cl\u00e0ssics, convida a aquell qui entra a capbussar-se entre les p\u00e0gines dels seus llibres.<\/span><\/p>\n<p><span style=\"font-weight: 400;\">La biblioteca, com a pe\u00e7a fonamental del proc\u00e9s d\u2019ensenyament- aprenentatge, ha anat canviant tal com ha anat canviant la societat.<\/span><\/p>\n<p><span style=\"font-weight: 400;\">Des de la seva fundaci\u00f3, l&#8217;Escola del Mar va fer de la biblioteca un dels instruments fonamentals de l&#8217;educaci\u00f3 dels nens i nenes, per\u00f2 en aquests moments en qu\u00e8 la societat del coneixement ja \u00e9s una realitat i on la informaci\u00f3 a la qu\u00e8 tenen acc\u00e9s els nostres alumnes \u00e9s immensa, la societat requereix que formem alumnes amb una bona capacitat cr\u00edtica, que s\u00e0piguen seleccionar all\u00f2 que \u00e9s important del que no ho \u00e9s, i aix\u00ed mateix que els nostres alumnes siguin capa\u00e7os d&#8217;interpretar la realitat que els envolta, gaudint-ne. Cal formar lectors amb capacitat per con\u00e8ixer les seves necessitats, buscar i valorar la pertin\u00e8ncia de les seves lectures, comprendre el que llegeixen, emetre judicis cr\u00edtics i reformular i transformar els continguts, tot aix\u00f2 amb una actitud reflexiva i cr\u00edtica tant per informar-se com per aprendre, gaudir i opinar al llarg de tota la vida.<\/span><\/p>\n<p><span style=\"font-weight: 400;\">El nostre projecte de biblioteca \u00e9s un projecte viu que intenta millorar dia a dia adaptant-se a les noves necessitats de la societat i potenciant aquells aspectes vitals com s\u00f3n el gust per la lectura, l&#8217;adquisici\u00f3 d&#8217;habilitats associades a la cerca i el tractament de la informaci\u00f3.<\/span><\/p>\n<p>&nbsp;<\/p>\n<h4 style=\"text-align: center;\">Volem que la Biblioteca funcioni d&#8217;all\u00f2 m\u00e9s b\u00e9,<\/h4>\n<h4 style=\"text-align: center;\">i \u00e9s per aquest motiu que hem redactat unes <strong>normes<\/strong>, son aquestes:<\/h4>\n<p><a href=\"https:\/\/agora.xtec.cat\/escoladelmar\/wp-content\/uploads\/usu1572\/2023\/04\/2.-foto-normes-1.jpg\"><img loading=\"lazy\" decoding=\"async\" class=\"wp-image-4577 aligncenter\" src=\"https:\/\/agora.xtec.cat\/escoladelmar\/wp-content\/uploads\/usu1572\/2023\/04\/2.-foto-normes-1-233x300.jpg\" alt=\"\" width=\"480\" height=\"618\" srcset=\"https:\/\/agora.xtec.cat\/escoladelmar\/wp-content\/uploads\/usu1572\/2023\/04\/2.-foto-normes-1-233x300.jpg 233w, https:\/\/agora.xtec.cat\/escoladelmar\/wp-content\/uploads\/usu1572\/2023\/04\/2.-foto-normes-1-796x1024.jpg 796w, https:\/\/agora.xtec.cat\/escoladelmar\/wp-content\/uploads\/usu1572\/2023\/04\/2.-foto-normes-1-768x988.jpg 768w, https:\/\/agora.xtec.cat\/escoladelmar\/wp-content\/uploads\/usu1572\/2023\/04\/2.-foto-normes-1-1193x1536.jpg 1193w, https:\/\/agora.xtec.cat\/escoladelmar\/wp-content\/uploads\/usu1572\/2023\/04\/2.-foto-normes-1.jpg 1592w\" sizes=\"auto, (max-width: 480px) 100vw, 480px\" \/><\/a><\/p>\n<h4 style=\"text-align: center;\"><strong>Horari<\/strong> de la Biblioteca curs 2022-.2023<\/h4>\n<p><span style=\"font-weight: 400;\">La Biblioteca est\u00e0 oberta totes aquestes hores gr\u00e0cies a les fam\u00edlies de la comissi\u00f3 que venen a ajudar i col\u00b7laborar!!!<\/span><\/p>\n<p><span style=\"font-weight: 400;\">\u00a0\u00a0\u00a0\u00a0\u00a0\u00a0\u00a0\u00a0\u00a0\u00a0\u00a0<\/span><\/p>\n<table class=\" aligncenter\" style=\"width: 61.7706%; height: 389px;\">\n<tbody>\n<tr>\n<td><\/td>\n<td>\n<h5><span style=\"font-weight: 400;\">DILLUNS<\/span><\/h5>\n<\/td>\n<td>\n<h5><span style=\"font-weight: 400;\">DIMARTS<\/span><\/h5>\n<\/td>\n<td>\n<h5><span style=\"font-weight: 400;\">DIMECRES<\/span><\/h5>\n<\/td>\n<td>\n<h5><span style=\"font-weight: 400;\">DIJOUS<\/span><\/h5>\n<\/td>\n<td>\n<h5><span style=\"font-weight: 400;\">DIVENDRES<\/span><\/h5>\n<\/td>\n<\/tr>\n<tr>\n<td>\n<h5><span style=\"font-weight: 400;\">9 a 11<\/span><\/h5>\n<\/td>\n<td>\n<h5><span style=\"font-weight: 400;\">Eva<\/span><\/h5>\n<\/td>\n<td>\n<h5><span style=\"font-weight: 400;\">Neus <\/span><span style=\"font-weight: 400;\">(dinamitzacions)<\/span><\/h5>\n<\/td>\n<td>\n<h5><span style=\"font-weight: 400;\">Albert<\/span><\/h5>\n<\/td>\n<td>\n<h5><span style=\"font-weight: 400;\">Edu<\/span><\/h5>\n<\/td>\n<td><\/td>\n<\/tr>\n<tr>\n<td>\n<h5><span style=\"font-weight: 400;\">PATI<\/span><\/h5>\n<\/td>\n<td><\/td>\n<td>\n<h5><span style=\"font-weight: 400;\">Neus<\/span><\/h5>\n<\/td>\n<td>\n<h5><span style=\"font-weight: 400;\">Neus<\/span><\/h5>\n<\/td>\n<td><\/td>\n<td>\n<h5><span style=\"font-weight: 400;\">Neus<\/span><\/h5>\n<\/td>\n<\/tr>\n<tr>\n<td>\n<h5><span style=\"font-weight: 400;\">11:30 a 12:45<\/span><\/h5>\n<\/td>\n<td><\/td>\n<td>\n<h5><span style=\"font-weight: 400;\">N\u00faria\u00a0<\/span><\/h5>\n<\/td>\n<td><\/td>\n<td><\/td>\n<td><\/td>\n<\/tr>\n<tr>\n<td>\n<h5><span style=\"font-weight: 400;\">15:15 a 16:30<\/span><\/h5>\n<\/td>\n<td><\/td>\n<td>\n<h5><span style=\"font-weight: 400;\">Mireia<\/span><\/h5>\n<\/td>\n<td><\/td>\n<td><\/td>\n<td>\n<h5><span style=\"font-weight: 400;\"> Neus<\/span><\/h5>\n<h5><span style=\"font-weight: 400;\">(Vida Social)<\/span><\/h5>\n<\/td>\n<\/tr>\n<tr>\n<td>\n<h5><span style=\"font-weight: 400;\">TARDA<\/span><\/h5>\n<\/td>\n<td><\/td>\n<td><\/td>\n<td><\/td>\n<td><\/td>\n<td>\n<h5><span style=\"font-weight: 400;\">Romina<\/span><\/h5>\n<\/td>\n<\/tr>\n<\/tbody>\n<\/table>\n<p>&nbsp;<\/p>\n<h4 style=\"text-align: center;\">Activitats de dinamitzaci\u00f3<\/h4>\n<p><span style=\"font-weight: 400;\">Un dia a la setmana la mestra encarregada de la biblioteca fa una activitat de dinamitzaci\u00f3: lectura de contes, fragments d\u2019hist\u00f2ries, maletes tem\u00e0tiques\u2026 Cada setmana hi va un curs diferent, en petit grup.<\/span><\/p>\n<div id='gallery-1' class='gallery galleryid-539 gallery-columns-2 gallery-size-full'><figure class='gallery-item'>\n\t\t\t<div class='gallery-icon landscape'>\n\t\t\t\t<a href='https:\/\/agora.xtec.cat\/escoladelmar\/projectes\/biblioteca\/attachment\/biblioteca-1\/'><img loading=\"lazy\" decoding=\"async\" width=\"746\" height=\"558\" src=\"https:\/\/agora.xtec.cat\/escoladelmar\/wp-content\/uploads\/usu1572\/2023\/04\/biblioteca-1.jpg\" class=\"attachment-full size-full\" alt=\"\" srcset=\"https:\/\/agora.xtec.cat\/escoladelmar\/wp-content\/uploads\/usu1572\/2023\/04\/biblioteca-1.jpg 746w, https:\/\/agora.xtec.cat\/escoladelmar\/wp-content\/uploads\/usu1572\/2023\/04\/biblioteca-1-300x224.jpg 300w, https:\/\/agora.xtec.cat\/escoladelmar\/wp-content\/uploads\/usu1572\/2023\/04\/biblioteca-1-200x150.jpg 200w\" sizes=\"auto, (max-width: 746px) 100vw, 746px\" \/><\/a>\n\t\t\t<\/div><\/figure><figure class='gallery-item'>\n\t\t\t<div class='gallery-icon landscape'>\n\t\t\t\t<a href='https:\/\/agora.xtec.cat\/escoladelmar\/projectes\/biblioteca\/attachment\/biblioteca-2-2\/'><img loading=\"lazy\" decoding=\"async\" width=\"739\" height=\"556\" src=\"https:\/\/agora.xtec.cat\/escoladelmar\/wp-content\/uploads\/usu1572\/2023\/04\/biblioteca-2.jpg\" class=\"attachment-full size-full\" alt=\"\" srcset=\"https:\/\/agora.xtec.cat\/escoladelmar\/wp-content\/uploads\/usu1572\/2023\/04\/biblioteca-2.jpg 739w, https:\/\/agora.xtec.cat\/escoladelmar\/wp-content\/uploads\/usu1572\/2023\/04\/biblioteca-2-300x226.jpg 300w, https:\/\/agora.xtec.cat\/escoladelmar\/wp-content\/uploads\/usu1572\/2023\/04\/biblioteca-2-200x150.jpg 200w\" sizes=\"auto, (max-width: 739px) 100vw, 739px\" \/><\/a>\n\t\t\t<\/div><\/figure>\n\t\t<\/div>\n\n<h4><\/h4>\n<h4 style=\"text-align: center;\">Bruixa i carnets<\/h4>\n<p><span style=\"font-weight: 400;\">A partir de Cucut, els nens i nenes de l\u2019Escola del Mar tenen el seu carnet de biblioteca. Amb aquest carnet es poden endur llibres en pr\u00e9stec, per portar a casa o llegir a l\u2019Escola.<\/span><\/p>\n<p><span style=\"font-weight: 400;\">Les <\/span><i><span style=\"font-weight: 400;\">bruixes <\/span><\/i><span style=\"font-weight: 400;\">s\u2019elaboren a Cicle Mitj\u00e0 i Superior i serveixen per marcar de quin lloc de la biblioteca s\u2019ha agafat un llibre per consultar, i aix\u00ed poder-lo guardar all\u00e0 on toca si no ens l\u2019emportem en pr\u00e9stec.<\/span><\/p>\n<p>&nbsp;<\/p>\n<p><a href=\"https:\/\/agora.xtec.cat\/escoladelmar\/wp-content\/uploads\/usu1572\/2023\/04\/bruixes.jpg\"><img loading=\"lazy\" decoding=\"async\" class=\"size-full wp-image-4564 aligncenter\" src=\"https:\/\/agora.xtec.cat\/escoladelmar\/wp-content\/uploads\/usu1572\/2023\/04\/bruixes.jpg\" alt=\"\" width=\"910\" height=\"671\" srcset=\"https:\/\/agora.xtec.cat\/escoladelmar\/wp-content\/uploads\/usu1572\/2023\/04\/bruixes.jpg 910w, https:\/\/agora.xtec.cat\/escoladelmar\/wp-content\/uploads\/usu1572\/2023\/04\/bruixes-300x221.jpg 300w, https:\/\/agora.xtec.cat\/escoladelmar\/wp-content\/uploads\/usu1572\/2023\/04\/bruixes-768x566.jpg 768w\" sizes=\"auto, (max-width: 910px) 100vw, 910px\" \/><\/a><\/p>\n<p>&nbsp;<\/p>\n<p>&nbsp;<\/p>\n<h4 style=\"text-align: center;\">El c\u00e0rrec de bibliotecaris i bibliotec\u00e0ries a Vida Social<\/h4>\n<table class=\" aligncenter\" style=\"border-collapse: collapse; width: 64.4566%;\">\n<tbody>\n<tr>\n<td style=\"width: 31.0241%;\">\n<ul>\n<li style=\"font-weight: 400; text-align: left;\" aria-level=\"1\"><span style=\"font-weight: 400;\">Fer teixells.<\/span><\/li>\n<li style=\"font-weight: 400; text-align: left;\" aria-level=\"1\"><span style=\"font-weight: 400;\">Posar codi de barres.\u00a0 .\u00a0 \u00a0 <\/span><\/li>\n<li style=\"font-weight: 400; text-align: left;\" aria-level=\"1\"><span style=\"font-weight: 400;\">Classificar..<\/span><\/li>\n<li style=\"font-weight: 400; text-align: left;\" aria-level=\"1\"><span style=\"font-weight: 400;\">Disposar llibres per ordre alfab\u00e8tic..<\/span><\/li>\n<li style=\"font-weight: 400; text-align: left;\" aria-level=\"1\"><span style=\"font-weight: 400;\">Adquirir nou fons.<\/span><\/li>\n<li style=\"font-weight: 400; text-align: left;\" aria-level=\"1\"><span style=\"font-weight: 400;\">Reparar exemplars malmesos.<\/span><\/li>\n<li style=\"font-weight: 400; text-align: left;\" aria-level=\"1\"><span style=\"font-weight: 400;\">Revisar biblioteca de pati i d&#8217;aula.<\/span><\/li>\n<li style=\"font-weight: 400; text-align: left;\" aria-level=\"1\"><span style=\"font-weight: 400;\">Fer els carnets de lectors i lectores.<\/span><\/li>\n<\/ul>\n<\/td>\n<td style=\"width: 31.0968%;\"><a href=\"https:\/\/agora.xtec.cat\/escoladelmar\/wp-content\/uploads\/usu1572\/2023\/04\/biblioteca-3.jpg\"><img loading=\"lazy\" decoding=\"async\" class=\" wp-image-4574 aligncenter\" src=\"https:\/\/agora.xtec.cat\/escoladelmar\/wp-content\/uploads\/usu1572\/2023\/04\/biblioteca-3.jpg\" alt=\"\" width=\"182\" height=\"230\" \/><\/a><\/td>\n<\/tr>\n<\/tbody>\n<\/table>\n<p>&nbsp;<\/p>\n","protected":false},"excerpt":{"rendered":"<p>*Si voleu con\u00e8ixer les activitats relacionades amb aquest projecte, nom\u00e9s cal que busqueu la categoria &#8220;Biblioteca&#8221; BIBLIOTECA PERE VERG\u00c9S* Vols saber si el llibre que vols llegir es troba al cat\u00e0leg de l&#8217;Escola??? Cerca-ho en aquest enlla\u00e7! &nbsp; Volem crear un espai especial per al llibres recomanats, aqu\u00ed els podreu trobar tots Llibres recomanats &nbsp; [&hellip;]<\/p>\n","protected":false},"author":1,"featured_media":0,"parent":492,"menu_order":0,"comment_status":"closed","ping_status":"closed","template":"page-templates\/side-menu.php","meta":{"_bbp_topic_count":0,"_bbp_reply_count":0,"_bbp_total_topic_count":0,"_bbp_total_reply_count":0,"_bbp_voice_count":0,"_bbp_anonymous_reply_count":0,"_bbp_topic_count_hidden":0,"_bbp_reply_count_hidden":0,"_bbp_forum_subforum_count":0,"site-sidebar-layout":"default","site-content-layout":"","ast-site-content-layout":"","site-content-style":"default","site-sidebar-style":"default","ast-global-header-display":"","ast-banner-title-visibility":"","ast-main-header-display":"","ast-hfb-above-header-display":"","ast-hfb-below-header-display":"","ast-hfb-mobile-header-display":"","site-post-title":"","ast-breadcrumbs-content":"","ast-featured-img":"","footer-sml-layout":"","theme-transparent-header-meta":"","adv-header-id-meta":"","stick-header-meta":"","header-above-stick-meta":"","header-main-stick-meta":"","header-below-stick-meta":"","astra-migrate-meta-layouts":"default","ast-page-background-enabled":"default","ast-page-background-meta":{"desktop":{"background-color":"var(--ast-global-color-4)","background-image":"","background-repeat":"repeat","background-position":"center center","background-size":"auto","background-attachment":"scroll","background-type":"","background-media":"","overlay-type":"","overlay-color":"","overlay-opacity":"","overlay-gradient":""},"tablet":{"background-color":"","background-image":"","background-repeat":"repeat","background-position":"center center","background-size":"auto","background-attachment":"scroll","background-type":"","background-media":"","overlay-type":"","overlay-color":"","overlay-opacity":"","overlay-gradient":""},"mobile":{"background-color":"","background-image":"","background-repeat":"repeat","background-position":"center center","background-size":"auto","background-attachment":"scroll","background-type":"","background-media":"","overlay-type":"","overlay-color":"","overlay-opacity":"","overlay-gradient":""}},"ast-content-background-meta":{"desktop":{"background-color":"var(--ast-global-color-5)","background-image":"","background-repeat":"repeat","background-position":"center center","background-size":"auto","background-attachment":"scroll","background-type":"","background-media":"","overlay-type":"","overlay-color":"","overlay-opacity":"","overlay-gradient":""},"tablet":{"background-color":"var(--ast-global-color-5)","background-image":"","background-repeat":"repeat","background-position":"center center","background-size":"auto","background-attachment":"scroll","background-type":"","background-media":"","overlay-type":"","overlay-color":"","overlay-opacity":"","overlay-gradient":""},"mobile":{"background-color":"var(--ast-global-color-5)","background-image":"","background-repeat":"repeat","background-position":"center center","background-size":"auto","background-attachment":"scroll","background-type":"","background-media":"","overlay-type":"","overlay-color":"","overlay-opacity":"","overlay-gradient":""}},"footnotes":""},"class_list":["post-539","page","type-page","status-publish","hentry"],"post_mailing_queue_ids":[],"_links":{"self":[{"href":"https:\/\/agora.xtec.cat\/escoladelmar\/wp-json\/wp\/v2\/pages\/539","targetHints":{"allow":["GET"]}}],"collection":[{"href":"https:\/\/agora.xtec.cat\/escoladelmar\/wp-json\/wp\/v2\/pages"}],"about":[{"href":"https:\/\/agora.xtec.cat\/escoladelmar\/wp-json\/wp\/v2\/types\/page"}],"author":[{"embeddable":true,"href":"https:\/\/agora.xtec.cat\/escoladelmar\/wp-json\/wp\/v2\/users\/1"}],"replies":[{"embeddable":true,"href":"https:\/\/agora.xtec.cat\/escoladelmar\/wp-json\/wp\/v2\/comments?post=539"}],"version-history":[{"count":5,"href":"https:\/\/agora.xtec.cat\/escoladelmar\/wp-json\/wp\/v2\/pages\/539\/revisions"}],"predecessor-version":[{"id":8233,"href":"https:\/\/agora.xtec.cat\/escoladelmar\/wp-json\/wp\/v2\/pages\/539\/revisions\/8233"}],"up":[{"embeddable":true,"href":"https:\/\/agora.xtec.cat\/escoladelmar\/wp-json\/wp\/v2\/pages\/492"}],"wp:attachment":[{"href":"https:\/\/agora.xtec.cat\/escoladelmar\/wp-json\/wp\/v2\/media?parent=539"}],"curies":[{"name":"wp","href":"https:\/\/api.w.org\/{rel}","templated":true}]}}