{"id":518,"date":"2016-11-19T22:06:58","date_gmt":"2016-11-19T21:06:58","guid":{"rendered":"http:\/\/agora.xtec.cat\/escoladelmar\/?page_id=518"},"modified":"2018-04-29T14:26:23","modified_gmt":"2018-04-29T12:26:23","slug":"antic-alumnes","status":"publish","type":"page","link":"https:\/\/agora.xtec.cat\/escoladelmar\/qui-som\/antic-alumnes\/","title":{"rendered":"Antics alumnes"},"content":{"rendered":"<p>&nbsp;<\/p>\n<p>Tots els alumnes de la nostra escola passen a formar part de l&#8217;Associaci\u00f3 d&#8217;Antics Alumnes de l&#8217;Escola del Mar .<\/p>\n<p>L&#8217;Associaci\u00f3 d&#8217;antics alumnes de la nostra escola es va crear per tal de mantenir el contacte entre les diferents persones que han passat pel nostre centre. Ens podeu trobar a les xarxes socials de internet, facebook i twetter o al nostre Blog.<\/p>\n<p>Una dels actes m\u00e9s importants i entranyable de l&#8217;Associaci\u00f3, \u00e9s el dinar d&#8217;antics alumnes, que es fa per celebrar l&#8217;aniversari de l&#8217;Escola, al voltant del 26 de gener.<\/p>\n<p>Si ets antic alumne de l&#8217;Escola i no reps cap comunicaci\u00f3 nostre, pots\u00a0clicar el seguen enlla\u00e7 i omplir el formulari amb les vostres dades personals, i us mantindrem al dia de totes les novetats en relaci\u00f3 a les activitats que fem l&#8217;Associaci\u00f3 d&#8217;antics alumnes.<\/p>\n<p style=\"text-align: center;\">ENLLA\u00c7 DEL FORMULARI:<\/p>\n<p style=\"text-align: center;\"><span style=\"font-size: large;\">\u00a0<a href=\"https:\/\/goo.gl\/forms\/mTmQwxqpEQPwC0Ec2\" target=\"_blank\" rel=\"noopener noreferrer\" data-saferedirecturl=\"https:\/\/www.google.com\/url?hl=ca&amp;q=https:\/\/goo.gl\/forms\/mTmQwxqpEQPwC0Ec2&amp;source=gmail&amp;ust=1525088315899000&amp;usg=AFQjCNFLu6hCG1sagQhK0Iz-pfAc_C5TAA\">https:\/\/goo.gl\/forms\/mTmQwxqpE<wbr \/>QPwC0Ec2<\/a><\/span><\/p>\n<p style=\"text-align: center;\"><strong>\u00a0<\/strong><\/p>\n<p>&nbsp;<\/p>\n<div style=\"text-align: center;\"><\/div>\n<div style=\"text-align: center;\"><\/div>\n<div style=\"text-align: center;\"><span style=\"font-family: verdana, sans-serif; font-size: large;\"><b><span style=\"color: #3d85c6;\">Antics alumnes<\/span>\u00a0<span style=\"color: #38761d;\">de l&#8217;Escola del Mar &#8211; 2017<\/span><\/b><\/span><\/div>\n<div style=\"text-align: center;\">anticsalumnesescolamar@gmail.com<\/div>\n<div style=\"text-align: center;\">.<\/div>\n<div><\/div>\n<div style=\"text-align: center;\"><\/div>\n<div style=\"text-align: center;\">\n<div><span style=\"color: #0000ff;\"><span style=\"font-family: arial, helvetica, sans-serif; font-size: small;\">\u00a0 BLOG:\u00a0 \u00a0 \u00a0 \u00a0 \u00a0 \u00a0<\/span><\/span><\/div>\n<div><span style=\"color: #0000ff;\"><span style=\"font-family: arial, helvetica, sans-serif; font-size: small;\"> \u00a0<a href=\"https:\/\/anticsalumnesescolamar.blogspot.com.es\/\" target=\"_blank\" rel=\"noopener noreferrer\" data-saferedirecturl=\"https:\/\/www.google.com\/url?hl=ca&amp;q=https:\/\/anticsalumnesescolamar.blogspot.com.es&amp;source=gmail&amp;ust=1525085408670000&amp;usg=AFQjCNFJn2ARSK9J71OZ3sdyZK_6UvIPTA\">https:\/\/anticsalumnesescolamar.blogspot.com.es<\/a>\u00a0<\/span><\/span><\/div>\n<div><span style=\"color: #0000ff;\"><span style=\"font-family: arial, helvetica, sans-serif; font-size: small;\">TWETTER:\u00a0 <\/span><\/span><\/div>\n<div><span style=\"color: #0000ff;\"><span style=\"font-family: arial, helvetica, sans-serif; font-size: small;\">\u00a0 \u00a0 \u00a0<a href=\"https:\/\/twitter.com\/escolamar_antalum?lang=ca\" target=\"_blank\" rel=\"noopener noreferrer\" data-saferedirecturl=\"https:\/\/www.google.com\/url?hl=ca&amp;q=https:\/\/twitter.com\/escolamar_antalum?lang%3Dca&amp;source=gmail&amp;ust=1525085408670000&amp;usg=AFQjCNFNDkgbmDdvXj0A1qB02SnNzjquiw\">https:\/\/twitter.com\/escolamar_antalum?lang=ca<\/a>\u00a0 \u00a0<\/span><\/span><span style=\"color: #0000ff;\"><br \/>\n<\/span><span style=\"color: #0000ff;\"><span style=\"font-family: arial, helvetica, sans-serif; font-size: small;\">\u00a0 \u00a0 \u00a0FACEBOOK:\u00a0 \u00a0 <\/span><\/span><\/div>\n<div><span style=\"color: #0000ff;\"><span style=\"font-family: arial, helvetica, sans-serif; font-size: small;\">\u00a0<a href=\"https:\/\/www.facebook.com\/groups\/escoladelmar\/\" target=\"_blank\" rel=\"noopener noreferrer\" data-saferedirecturl=\"https:\/\/www.google.com\/url?hl=ca&amp;q=https:\/\/www.facebook.com\/groups\/escoladelmar\/&amp;source=gmail&amp;ust=1525085408670000&amp;usg=AFQjCNG2Al53-hSCvYrMgPHNU-Vp49NbDA\">https:\/\/www.facebook.com\/groups\/escoladelmar\/<\/a><\/span><\/span><\/div>\n<\/div>\n<div><\/div>\n","protected":false},"excerpt":{"rendered":"<p>&nbsp; Tots els alumnes de la nostra escola passen a formar part de l&#8217;Associaci\u00f3 d&#8217;Antics Alumnes de l&#8217;Escola del Mar . L&#8217;Associaci\u00f3 d&#8217;antics alumnes de la nostra escola es va crear per tal de mantenir el contacte entre les diferents persones que han passat pel nostre centre. Ens podeu trobar a les xarxes socials de [&hellip;]<\/p>\n","protected":false},"author":1,"featured_media":0,"parent":489,"menu_order":0,"comment_status":"closed","ping_status":"closed","template":"page-templates\/side-menu.php","meta":{"_bbp_topic_count":0,"_bbp_reply_count":0,"_bbp_total_topic_count":0,"_bbp_total_reply_count":0,"_bbp_voice_count":0,"_bbp_anonymous_reply_count":0,"_bbp_topic_count_hidden":0,"_bbp_reply_count_hidden":0,"_bbp_forum_subforum_count":0,"site-sidebar-layout":"default","site-content-layout":"","ast-site-content-layout":"","site-content-style":"default","site-sidebar-style":"default","ast-global-header-display":"","ast-banner-title-visibility":"","ast-main-header-display":"","ast-hfb-above-header-display":"","ast-hfb-below-header-display":"","ast-hfb-mobile-header-display":"","site-post-title":"","ast-breadcrumbs-content":"","ast-featured-img":"","footer-sml-layout":"","theme-transparent-header-meta":"","adv-header-id-meta":"","stick-header-meta":"","header-above-stick-meta":"","header-main-stick-meta":"","header-below-stick-meta":"","astra-migrate-meta-layouts":"default","ast-page-background-enabled":"default","ast-page-background-meta":{"desktop":{"background-color":"var(--ast-global-color-4)","background-image":"","background-repeat":"repeat","background-position":"center center","background-size":"auto","background-attachment":"scroll","background-type":"","background-media":"","overlay-type":"","overlay-color":"","overlay-opacity":"","overlay-gradient":""},"tablet":{"background-color":"","background-image":"","background-repeat":"repeat","background-position":"center center","background-size":"auto","background-attachment":"scroll","background-type":"","background-media":"","overlay-type":"","overlay-color":"","overlay-opacity":"","overlay-gradient":""},"mobile":{"background-color":"","background-image":"","background-repeat":"repeat","background-position":"center center","background-size":"auto","background-attachment":"scroll","background-type":"","background-media":"","overlay-type":"","overlay-color":"","overlay-opacity":"","overlay-gradient":""}},"ast-content-background-meta":{"desktop":{"background-color":"var(--ast-global-color-5)","background-image":"","background-repeat":"repeat","background-position":"center center","background-size":"auto","background-attachment":"scroll","background-type":"","background-media":"","overlay-type":"","overlay-color":"","overlay-opacity":"","overlay-gradient":""},"tablet":{"background-color":"var(--ast-global-color-5)","background-image":"","background-repeat":"repeat","background-position":"center center","background-size":"auto","background-attachment":"scroll","background-type":"","background-media":"","overlay-type":"","overlay-color":"","overlay-opacity":"","overlay-gradient":""},"mobile":{"background-color":"var(--ast-global-color-5)","background-image":"","background-repeat":"repeat","background-position":"center center","background-size":"auto","background-attachment":"scroll","background-type":"","background-media":"","overlay-type":"","overlay-color":"","overlay-opacity":"","overlay-gradient":""}},"footnotes":""},"class_list":["post-518","page","type-page","status-publish","hentry"],"post_mailing_queue_ids":[],"_links":{"self":[{"href":"https:\/\/agora.xtec.cat\/escoladelmar\/wp-json\/wp\/v2\/pages\/518","targetHints":{"allow":["GET"]}}],"collection":[{"href":"https:\/\/agora.xtec.cat\/escoladelmar\/wp-json\/wp\/v2\/pages"}],"about":[{"href":"https:\/\/agora.xtec.cat\/escoladelmar\/wp-json\/wp\/v2\/types\/page"}],"author":[{"embeddable":true,"href":"https:\/\/agora.xtec.cat\/escoladelmar\/wp-json\/wp\/v2\/users\/1"}],"replies":[{"embeddable":true,"href":"https:\/\/agora.xtec.cat\/escoladelmar\/wp-json\/wp\/v2\/comments?post=518"}],"version-history":[{"count":5,"href":"https:\/\/agora.xtec.cat\/escoladelmar\/wp-json\/wp\/v2\/pages\/518\/revisions"}],"predecessor-version":[{"id":1172,"href":"https:\/\/agora.xtec.cat\/escoladelmar\/wp-json\/wp\/v2\/pages\/518\/revisions\/1172"}],"up":[{"embeddable":true,"href":"https:\/\/agora.xtec.cat\/escoladelmar\/wp-json\/wp\/v2\/pages\/489"}],"wp:attachment":[{"href":"https:\/\/agora.xtec.cat\/escoladelmar\/wp-json\/wp\/v2\/media?parent=518"}],"curies":[{"name":"wp","href":"https:\/\/api.w.org\/{rel}","templated":true}]}}