{"id":4550,"date":"2023-04-18T08:33:42","date_gmt":"2023-04-18T06:33:42","guid":{"rendered":"https:\/\/agora.xtec.cat\/escoladelmar\/?page_id=4550"},"modified":"2025-09-09T09:23:38","modified_gmt":"2025-09-09T07:23:38","slug":"informacio-complementaria","status":"publish","type":"page","link":"https:\/\/agora.xtec.cat\/escoladelmar\/lescola\/informacio-complementaria\/","title":{"rendered":"Informaci\u00f3 complement\u00e0ria"},"content":{"rendered":"<div class=\"\" aria-hidden=\"false\">\n<h3 class=\"ng-scope\" translate=\"\">Serveis<\/h3>\n<ul class=\"section-colored m-top-sm m-bottom-sm\">\n<li class=\"ng-scope\" translate=\"\" aria-hidden=\"false\">Centres amb suport intensiu a l\u2019escolaritzaci\u00f3 inclusiva (SIEI)<\/li>\n<li class=\"ng-scope ng-binding\" translate=\"\">Acollida<\/li>\n<li class=\"ng-scope ng-binding\" translate=\"\">Activitats extraescolars<\/li>\n<li class=\"ng-scope ng-binding\" translate=\"\">Cuina pr\u00f2pia<\/li>\n<li class=\"ng-scope ng-binding\" translate=\"\">Menjador<\/li>\n<\/ul>\n<\/div>\n<div class=\"\" style=\"box-sizing: border-box; color: #00426b; font-family: Helvetica, Arial, sans-serif; font-size: 15px; font-style: normal; font-variant-ligatures: normal; font-variant-caps: normal; font-weight: 300; letter-spacing: normal; orphans: 2; text-align: start; text-indent: 0px; text-transform: none; white-space: normal; widows: 2; word-spacing: 0px; -webkit-text-stroke-width: 0px; background-color: #ffffff; text-decoration-thickness: initial; text-decoration-style: initial; text-decoration-color: initial;\" aria-hidden=\"false\">\n<h3><span class=\"ng-scope\" translate=\"\">Aportacions econ\u00f2miques de les fam\u00edlies<\/span>\u00a0<small class=\"ng-binding\">(2022-2023)<\/small><\/h3>\n<p class=\"ng-scope\" translate=\"\">Aquesta informaci\u00f3 ha estat facilitada pel propi centre educatiu<\/p>\n<h4 class=\"ng-scope\" translate=\"\">APORTACI\u00d3 ANUAL GENERAL PER A LES FAM\u00cdLIES.<\/h4>\n<p><sup>(1)<\/sup>\u00a0<span class=\"ng-scope\" translate=\"\">El preu global inclou la suma de totes les despeses anuals que han de fer les fam\u00edlies per a les activitats en horari lectiu incloses en la Programaci\u00f3 General Anual (material, llibres, sortides, socialitzaci\u00f3 de material, equipament , assegurances i altres&#8230;).<\/span><\/p>\n<div class=\"row\">\n<div class=\"col-md-6\">\n<div class=\"ng-scope\" style=\"box-sizing: border-box;\">\n<table>\n<caption class=\"h4 ng-scope\" translate=\"\">2n cicle d\u2019educaci\u00f3 infantil<\/caption>\n<tbody>\n<tr>\n<th class=\"sr-only ng-scope\" translate=\"\" scope=\"col\">curs<\/th>\n<th scope=\"col\"><span class=\"ng-scope\" translate=\"\">global<\/span>\u00a0<sup>(1)<\/sup><\/th>\n<th class=\"ng-scope\" translate=\"\" scope=\"col\">col\u00f2nies<\/th>\n<\/tr>\n<tr>\n<th scope=\"row\">I3<\/th>\n<td class=\"ng-binding\">206,05\u00a0\u20ac<\/td>\n<td class=\"ng-binding\" style=\"text-align: center;\"><\/td>\n<\/tr>\n<tr>\n<th scope=\"row\">I4<\/th>\n<td class=\"ng-binding\">206,05\u00a0\u20ac<\/td>\n<td class=\"ng-binding\">119,77\u00a0\u20ac<\/td>\n<\/tr>\n<tr>\n<th scope=\"row\">I5<\/th>\n<td class=\"ng-binding\">206,05\u00a0\u20ac<\/td>\n<td class=\"ng-binding\">119,77\u00a0\u20ac<\/td>\n<\/tr>\n<\/tbody>\n<\/table>\n<\/div>\n<\/div>\n<div class=\"col-md-6 ng-scope\" style=\"box-sizing: border-box; position: relative; min-height: 1px; padding-left: 8px; padding-right: 8px; float: left; width: 380px;\">\n<table>\n<caption class=\"h4 ng-scope\" translate=\"\">Educaci\u00f3 prim\u00e0ria<\/caption>\n<tbody>\n<tr>\n<th class=\"sr-only ng-scope\" translate=\"\" scope=\"col\">curs<\/th>\n<th scope=\"col\"><span class=\"ng-scope\" translate=\"\">global<\/span>\u00a0<sup>(1)<\/sup><\/th>\n<th class=\"ng-scope\" translate=\"\" scope=\"col\">col\u00f2nies<\/th>\n<\/tr>\n<tr>\n<th class=\"ng-scope\" translate=\"\" scope=\"row\">1r<\/th>\n<td class=\"ng-binding\">197,53\u00a0\u20ac<\/td>\n<td class=\"ng-binding\">136,28\u00a0\u20ac<\/td>\n<\/tr>\n<tr>\n<th class=\"ng-scope\" translate=\"\" scope=\"row\">2n<\/th>\n<td class=\"ng-binding\">197,53\u00a0\u20ac<\/td>\n<td class=\"ng-binding\">136,28\u00a0\u20ac<\/td>\n<\/tr>\n<tr>\n<th class=\"ng-scope\" translate=\"\" scope=\"row\">3r<\/th>\n<td class=\"ng-binding\">197,53\u00a0\u20ac<\/td>\n<td class=\"ng-binding\">171,00\u00a0\u20ac<\/td>\n<\/tr>\n<tr>\n<th class=\"ng-scope\" translate=\"\" scope=\"row\">4t<\/th>\n<td class=\"ng-binding\">197,53\u00a0\u20ac<\/td>\n<td class=\"ng-binding\">171,00\u00a0\u20ac<\/td>\n<\/tr>\n<tr>\n<th class=\"ng-scope\" translate=\"\" scope=\"row\">5\u00e8<\/th>\n<td class=\"ng-binding\" style=\"text-align: center;\">197,53\u00a0\u20ac<\/td>\n<td class=\"ng-binding\" style=\"text-align: center;\">322,00\u00a0\u20ac<\/td>\n<\/tr>\n<tr>\n<th class=\"ng-scope\" translate=\"\">6\u00e8<\/th>\n<td class=\"ng-binding\">197,53\u00a0\u20ac<\/td>\n<td class=\"ng-binding\">322,00\u00a0\u20ac<\/td>\n<\/tr>\n<\/tbody>\n<\/table>\n<\/div>\n<\/div>\n<div class=\"ng-scope\" style=\"box-sizing: border-box;\">\n<table>\n<caption class=\"h4 ng-scope\" translate=\"\">Altres despeses<\/caption>\n<tbody>\n<tr class=\"ng-scope\" style=\"box-sizing: border-box; background-color: #f6f6f6;\">\n<th class=\"ng-scope\" translate=\"\" scope=\"row\">Menjador (preu men\u00fa diari)<\/th>\n<td class=\"ng-binding\">6,93\u00a0\u20ac<\/td>\n<\/tr>\n<tr class=\"ng-scope\" style=\"box-sizing: border-box; background-color: #f2f2f3;\">\n<th scope=\"row\"><small class=\"ng-scope\" translate=\"\">Altres aportacions volunt\u00e0ries a<\/small>\u00a0AMPA<\/th>\n<td class=\"ng-binding\">20,00\u00a0\u20ac<\/td>\n<\/tr>\n<\/tbody>\n<\/table>\n<\/div>\n<dl class=\"cwc-options clearfix ng-scope\">\n<dt class=\"ng-scope\" translate=\"\">Observacions generals:<\/dt>\n<dd class=\"nl2br ng-binding\">Les col\u00f2nies de P4 i P5 s\u00f3n de 2 dies. Les col\u00f2nies de 1r, 2n, 3r i 4t s\u00f3n de 3 dies. Les col\u00f2nies de 5\u00e8 i 6\u00e8 s\u00f3n de 5 dies.<\/dd>\n<\/dl>\n<\/div>\n","protected":false},"excerpt":{"rendered":"<p>Serveis Centres amb suport intensiu a l\u2019escolaritzaci\u00f3 inclusiva (SIEI) Acollida Activitats extraescolars Cuina pr\u00f2pia Menjador Aportacions econ\u00f2miques de les fam\u00edlies\u00a0(2022-2023) Aquesta informaci\u00f3 ha estat facilitada pel propi centre educatiu APORTACI\u00d3 ANUAL GENERAL PER A LES FAM\u00cdLIES. (1)\u00a0El preu global inclou la suma de totes les despeses anuals que han de fer les fam\u00edlies per a [&hellip;]<\/p>\n","protected":false},"author":1,"featured_media":0,"parent":22,"menu_order":70,"comment_status":"closed","ping_status":"closed","template":"","meta":{"_bbp_topic_count":0,"_bbp_reply_count":0,"_bbp_total_topic_count":0,"_bbp_total_reply_count":0,"_bbp_voice_count":0,"_bbp_anonymous_reply_count":0,"_bbp_topic_count_hidden":0,"_bbp_reply_count_hidden":0,"_bbp_forum_subforum_count":0,"site-sidebar-layout":"default","site-content-layout":"","ast-site-content-layout":"","site-content-style":"default","site-sidebar-style":"default","ast-global-header-display":"","ast-banner-title-visibility":"","ast-main-header-display":"","ast-hfb-above-header-display":"","ast-hfb-below-header-display":"","ast-hfb-mobile-header-display":"","site-post-title":"","ast-breadcrumbs-content":"","ast-featured-img":"","footer-sml-layout":"","theme-transparent-header-meta":"","adv-header-id-meta":"","stick-header-meta":"","header-above-stick-meta":"","header-main-stick-meta":"","header-below-stick-meta":"","astra-migrate-meta-layouts":"default","ast-page-background-enabled":"default","ast-page-background-meta":{"desktop":{"background-color":"var(--ast-global-color-4)","background-image":"","background-repeat":"repeat","background-position":"center center","background-size":"auto","background-attachment":"scroll","background-type":"","background-media":"","overlay-type":"","overlay-color":"","overlay-opacity":"","overlay-gradient":""},"tablet":{"background-color":"","background-image":"","background-repeat":"repeat","background-position":"center center","background-size":"auto","background-attachment":"scroll","background-type":"","background-media":"","overlay-type":"","overlay-color":"","overlay-opacity":"","overlay-gradient":""},"mobile":{"background-color":"","background-image":"","background-repeat":"repeat","background-position":"center center","background-size":"auto","background-attachment":"scroll","background-type":"","background-media":"","overlay-type":"","overlay-color":"","overlay-opacity":"","overlay-gradient":""}},"ast-content-background-meta":{"desktop":{"background-color":"var(--ast-global-color-5)","background-image":"","background-repeat":"repeat","background-position":"center center","background-size":"auto","background-attachment":"scroll","background-type":"","background-media":"","overlay-type":"","overlay-color":"","overlay-opacity":"","overlay-gradient":""},"tablet":{"background-color":"var(--ast-global-color-5)","background-image":"","background-repeat":"repeat","background-position":"center center","background-size":"auto","background-attachment":"scroll","background-type":"","background-media":"","overlay-type":"","overlay-color":"","overlay-opacity":"","overlay-gradient":""},"mobile":{"background-color":"var(--ast-global-color-5)","background-image":"","background-repeat":"repeat","background-position":"center center","background-size":"auto","background-attachment":"scroll","background-type":"","background-media":"","overlay-type":"","overlay-color":"","overlay-opacity":"","overlay-gradient":""}},"footnotes":""},"class_list":["post-4550","page","type-page","status-publish","hentry"],"post_mailing_queue_ids":[],"_links":{"self":[{"href":"https:\/\/agora.xtec.cat\/escoladelmar\/wp-json\/wp\/v2\/pages\/4550","targetHints":{"allow":["GET"]}}],"collection":[{"href":"https:\/\/agora.xtec.cat\/escoladelmar\/wp-json\/wp\/v2\/pages"}],"about":[{"href":"https:\/\/agora.xtec.cat\/escoladelmar\/wp-json\/wp\/v2\/types\/page"}],"author":[{"embeddable":true,"href":"https:\/\/agora.xtec.cat\/escoladelmar\/wp-json\/wp\/v2\/users\/1"}],"replies":[{"embeddable":true,"href":"https:\/\/agora.xtec.cat\/escoladelmar\/wp-json\/wp\/v2\/comments?post=4550"}],"version-history":[{"count":2,"href":"https:\/\/agora.xtec.cat\/escoladelmar\/wp-json\/wp\/v2\/pages\/4550\/revisions"}],"predecessor-version":[{"id":4554,"href":"https:\/\/agora.xtec.cat\/escoladelmar\/wp-json\/wp\/v2\/pages\/4550\/revisions\/4554"}],"up":[{"embeddable":true,"href":"https:\/\/agora.xtec.cat\/escoladelmar\/wp-json\/wp\/v2\/pages\/22"}],"wp:attachment":[{"href":"https:\/\/agora.xtec.cat\/escoladelmar\/wp-json\/wp\/v2\/media?parent=4550"}],"curies":[{"name":"wp","href":"https:\/\/api.w.org\/{rel}","templated":true}]}}