{"id":34,"date":"2014-09-18T12:32:18","date_gmt":"2014-09-18T11:32:18","guid":{"rendered":"http:\/\/agora.xtec.cat\/escoladelmar\/?page_id=34"},"modified":"2025-09-09T09:02:30","modified_gmt":"2025-09-09T07:02:30","slug":"oferta-educativa","status":"publish","type":"page","link":"https:\/\/agora.xtec.cat\/escoladelmar\/lescola\/oferta-educativa\/","title":{"rendered":"Oferta educativa"},"content":{"rendered":"<div class=\"sites-layout-tile sites-tile-name-header\">\n<h4 dir=\"ltr\"><span style=\"font-size: small;\">Informaci\u00f3 important referent a l&#8217;activitat di\u00e0ria dels alumnes de l&#8217;Escola del Mar<\/span><\/h4>\n<\/div>\n<h4>Horari lectiu curs 2025.2026<\/h4>\n<h5 dir=\"ltr\">Educaci\u00f3 Infantil<\/h5>\n<h5 dir=\"ltr\">Entrada: 9:00<\/h5>\n<h5>Temps de migdia 12:45:15:15<\/h5>\n<h5 dir=\"ltr\">Sortida:16:30<\/h5>\n<h5 dir=\"ltr\"><\/h5>\n<h5>Educaci\u00f3 Prim\u00e0ria:<\/h5>\n<h5 dir=\"ltr\">Entrada: 9:00<\/h5>\n<h5>Temps de migdia 12:45:15:15<\/h5>\n<h5>Dilluns i Divendres (SEP) de 12:45 a 13:45<\/h5>\n<h5 dir=\"ltr\">Sortida:16:30<\/h5>\n<h3><\/h3>\n<div class=\"sites-layout-tile sites-tile-name-content-1\">\n<div align=\"left\">\n<table class=\" aligncenter\" style=\"height: 846px; width: 100.341%;\" border=\"0\" width=\"448\" cellspacing=\"0\">\n<tbody>\n<tr>\n<td style=\"width: 446.4px;\" colspan=\"2\" align=\"center\">\n<p align=\"CENTER\"><span style=\"font-family: Tahoma, sans-serif;\">Els i les alumnes es troben organitzats en els seg\u00fcents grups:<\/span><\/p>\n<h4 align=\"center\">Parvulari 3 anys (Tortugues)<\/h4>\n<h4 align=\"center\">Parvulari 4 anys (Dofins)<\/h4>\n<h4 align=\"center\">Parvulari 5 anys (Sant Nicolau)<\/h4>\n<h4 align=\"center\">1r de Cicle Inicial de Prim\u00e0ria (Cucut)<\/h4>\n<h4 align=\"center\">2r de Cicle Inicial de Prim\u00e0ria (Ang\u00e8lica)<\/h4>\n<h4 align=\"center\">1r de Cicle Mitj\u00e0 de Prim\u00e0ria (Tarongers)<\/h4>\n<h4 align=\"center\">2r de Cicle Mitj\u00e0 de Prim\u00e0ria (Nausica)<\/h4>\n<h4 align=\"center\">1r de Cicle Superior de Prim\u00e0ria (Eneida)<\/h4>\n<h4 align=\"center\">2n de Cicle Superior de Prim\u00e0ria (Garb\u00ed)<\/h4>\n<\/td>\n<\/tr>\n<\/tbody>\n<\/table>\n<h4 style=\"text-align: center;\" align=\"justify\"><b><span style=\"font-size: small;\">Una vegada finalitzada l&#8217;Etapa d&#8217;ensenyament primari, la nostra escola, est\u00e0 coordinada en un projecte com\u00fa, formant un itinerari pedag\u00f2gic que dona continu\u00eftat d&#8217;ensenyament des dels 3 als 18 anys.<\/span><\/b><\/h4>\n<h4 align=\"justify\"><span style=\"font-size: small;\"><b>La coordinaci\u00f3 de l&#8217;Escola Prim\u00e0ria-secund\u00e0ria, es duu a terme a nivell pedag\u00f2gic, curricular i de Projecte Educatiu; entenem que junts formem una gran escola.<\/b><\/span><\/h4>\n<h4 align=\"justify\"><b><span style=\"font-size: small;\">Els instituts que pertanyen al nostre itinerari pedag\u00f2gic s\u00f3n:<\/span><\/b><\/h4>\n<table class=\" aligncenter\" style=\"width: 75.7757%; height: 169px;\">\n<tbody>\n<tr>\n<td style=\"text-align: center; width: 45.9893%;\"><a href=\"http:\/\/www.institutjoanbrossa.cat\/\" target=\"_blank\" rel=\"noopener noreferrer\"><img loading=\"lazy\" decoding=\"async\" class=\"alignnone wp-image-784\" src=\"http:\/\/agora.xtec.cat\/escoladelmar\/wp-content\/uploads\/usu1572\/2014\/09\/brossa.gif\" alt=\"brossa\" width=\"169\" height=\"61\" \/><\/a><\/td>\n<td style=\"width: 0.802139%;\"><\/td>\n<td style=\"text-align: center; width: 47.15%;\"><a href=\"http:\/\/www.goya.cat\/\" target=\"_blank\" rel=\"noopener noreferrer\"><img loading=\"lazy\" decoding=\"async\" class=\"alignnone size-full wp-image-786\" src=\"http:\/\/agora.xtec.cat\/escoladelmar\/wp-content\/uploads\/usu1572\/2014\/09\/goya.jpg\" alt=\"goya\" width=\"75\" height=\"123\" \/><\/a><\/td>\n<\/tr>\n<tr>\n<td style=\"text-align: center; width: 45.9893%;\"><a href=\"http:\/\/www.institutjoanbrossa.cat\/\" target=\"_blank\" rel=\"noopener noreferrer\">Institut Joan Brossa<\/a><\/td>\n<td style=\"text-align: center; width: 0.802139%;\"><\/td>\n<td style=\"text-align: center; width: 47.15%;\"><a href=\"http:\/\/www.goya.cat\/\" target=\"_blank\" rel=\"noopener noreferrer\">Institut Goya<\/a><\/td>\n<\/tr>\n<\/tbody>\n<\/table>\n<\/div>\n<\/div>\n","protected":false},"excerpt":{"rendered":"<p>Informaci\u00f3 important referent a l&#8217;activitat di\u00e0ria dels alumnes de l&#8217;Escola del Mar Horari lectiu curs 2025.2026 Educaci\u00f3 Infantil Entrada: 9:00 Temps de migdia 12:45:15:15 Sortida:16:30 Educaci\u00f3 Prim\u00e0ria: Entrada: 9:00 Temps de migdia 12:45:15:15 Dilluns i Divendres (SEP) de 12:45 a 13:45 Sortida:16:30 Els i les alumnes es troben organitzats en els seg\u00fcents grups: Parvulari 3 [&hellip;]<\/p>\n","protected":false},"author":1,"featured_media":0,"parent":22,"menu_order":60,"comment_status":"closed","ping_status":"closed","template":"","meta":{"_bbp_topic_count":0,"_bbp_reply_count":0,"_bbp_total_topic_count":0,"_bbp_total_reply_count":0,"_bbp_voice_count":0,"_bbp_anonymous_reply_count":0,"_bbp_topic_count_hidden":0,"_bbp_reply_count_hidden":0,"_bbp_forum_subforum_count":0,"site-sidebar-layout":"default","site-content-layout":"","ast-site-content-layout":"default","site-content-style":"default","site-sidebar-style":"default","ast-global-header-display":"","ast-banner-title-visibility":"","ast-main-header-display":"","ast-hfb-above-header-display":"","ast-hfb-below-header-display":"","ast-hfb-mobile-header-display":"","site-post-title":"","ast-breadcrumbs-content":"","ast-featured-img":"","footer-sml-layout":"","theme-transparent-header-meta":"","adv-header-id-meta":"","stick-header-meta":"","header-above-stick-meta":"","header-main-stick-meta":"","header-below-stick-meta":"","astra-migrate-meta-layouts":"set","ast-page-background-enabled":"default","ast-page-background-meta":{"desktop":{"background-color":"var(--ast-global-color-4)","background-image":"","background-repeat":"repeat","background-position":"center center","background-size":"auto","background-attachment":"scroll","background-type":"","background-media":"","overlay-type":"","overlay-color":"","overlay-opacity":"","overlay-gradient":""},"tablet":{"background-color":"","background-image":"","background-repeat":"repeat","background-position":"center center","background-size":"auto","background-attachment":"scroll","background-type":"","background-media":"","overlay-type":"","overlay-color":"","overlay-opacity":"","overlay-gradient":""},"mobile":{"background-color":"","background-image":"","background-repeat":"repeat","background-position":"center center","background-size":"auto","background-attachment":"scroll","background-type":"","background-media":"","overlay-type":"","overlay-color":"","overlay-opacity":"","overlay-gradient":""}},"ast-content-background-meta":{"desktop":{"background-color":"var(--ast-global-color-5)","background-image":"","background-repeat":"repeat","background-position":"center center","background-size":"auto","background-attachment":"scroll","background-type":"","background-media":"","overlay-type":"","overlay-color":"","overlay-opacity":"","overlay-gradient":""},"tablet":{"background-color":"var(--ast-global-color-5)","background-image":"","background-repeat":"repeat","background-position":"center center","background-size":"auto","background-attachment":"scroll","background-type":"","background-media":"","overlay-type":"","overlay-color":"","overlay-opacity":"","overlay-gradient":""},"mobile":{"background-color":"var(--ast-global-color-5)","background-image":"","background-repeat":"repeat","background-position":"center center","background-size":"auto","background-attachment":"scroll","background-type":"","background-media":"","overlay-type":"","overlay-color":"","overlay-opacity":"","overlay-gradient":""}},"footnotes":""},"class_list":["post-34","page","type-page","status-publish","hentry"],"post_mailing_queue_ids":[],"_links":{"self":[{"href":"https:\/\/agora.xtec.cat\/escoladelmar\/wp-json\/wp\/v2\/pages\/34","targetHints":{"allow":["GET"]}}],"collection":[{"href":"https:\/\/agora.xtec.cat\/escoladelmar\/wp-json\/wp\/v2\/pages"}],"about":[{"href":"https:\/\/agora.xtec.cat\/escoladelmar\/wp-json\/wp\/v2\/types\/page"}],"author":[{"embeddable":true,"href":"https:\/\/agora.xtec.cat\/escoladelmar\/wp-json\/wp\/v2\/users\/1"}],"replies":[{"embeddable":true,"href":"https:\/\/agora.xtec.cat\/escoladelmar\/wp-json\/wp\/v2\/comments?post=34"}],"version-history":[{"count":6,"href":"https:\/\/agora.xtec.cat\/escoladelmar\/wp-json\/wp\/v2\/pages\/34\/revisions"}],"predecessor-version":[{"id":11651,"href":"https:\/\/agora.xtec.cat\/escoladelmar\/wp-json\/wp\/v2\/pages\/34\/revisions\/11651"}],"up":[{"embeddable":true,"href":"https:\/\/agora.xtec.cat\/escoladelmar\/wp-json\/wp\/v2\/pages\/22"}],"wp:attachment":[{"href":"https:\/\/agora.xtec.cat\/escoladelmar\/wp-json\/wp\/v2\/media?parent=34"}],"curies":[{"name":"wp","href":"https:\/\/api.w.org\/{rel}","templated":true}]}}