{"id":30,"date":"2014-09-18T12:30:23","date_gmt":"2014-09-18T11:30:23","guid":{"rendered":"http:\/\/agora.xtec.cat\/escoladelmar\/?page_id=30"},"modified":"2025-09-09T09:23:07","modified_gmt":"2025-09-09T07:23:07","slug":"instal%c2%b7lacions","status":"publish","type":"page","link":"https:\/\/agora.xtec.cat\/escoladelmar\/lescola\/instal%c2%b7lacions\/","title":{"rendered":"Instal\u00b7lacions"},"content":{"rendered":"<p>L&#8217;Escola del Mar es troba situada al cim de la muntanya del Guinard\u00f3, amb unes vistes privilegiades de la ciutat de Barcelona i del Mar.<\/p>\n<p>En ella podem trobar diferents jardins: bosquet, pati dels peixos, pati de parvulari, pati de la caseta, on hi trobem l&#8217;hort, que proporcionen als nostres alumnes espais de joc en contacte amb la natura i a l&#8217;aire lliure. <span style=\"font-size: medium;\"><i><b><br \/>\n<\/b><\/i><\/span><\/p>\n<p>Comptem tamb\u00e9 amb un espai poliesportiu i un gimn\u00e0s cobert per la pr\u00e0ctica de l&#8217;esport i pel treball de m\u00fasica. <i><b><\/b><\/i><\/p>\n<p>L&#8217;Escola compta amb cinc edificis:<\/p>\n<table border=\"1\" cellspacing=\"0\">\n<tbody>\n<tr>\n<td>\n<ul>\n<li>\n<p style=\"text-align: justify;\" align=\"justify\">L&#8217;edifici central, on trobem les aules de prim\u00e0ria, l&#8217;aula d&#8217;angl\u00e8s, l&#8217;aula d&#8217;educaci\u00f3 especial, la sala de m\u00fasica o teatre, la biblioteca i diferents espais de treball (sala de mestres, despatx de direcci\u00f3, secretaria)<span style=\"font-size: medium;\"><b>.<\/b><\/span><\/p>\n<\/li>\n<\/ul>\n<\/td>\n<td>\n<div><\/div>\n<\/td>\n<\/tr>\n<tr>\n<td>\n<div><\/div>\n<\/td>\n<td style=\"text-align: justify;\">El Planetari, \u00e9s un espai on hi ha una c\u00fapula d&#8217;observaci\u00f3 del cel, i pel que passen sistem\u00e0ticament els nostres alumnes i alumnes d&#8217;arreu de Catalunya.<\/td>\n<\/tr>\n<tr>\n<td style=\"text-align: justify;\">L&#8217;edifici d&#8217;Educaci\u00f3 Infantil, en ell hi trobem les tres aules de parvulari, el taller de pl\u00e0stica, l&#8217;aula d&#8217;inform\u00e0tica i laboratori.<\/td>\n<td>\n<div><\/div>\n<\/td>\n<\/tr>\n<tr>\n<td>\n<div><\/div>\n<\/td>\n<td><span style=\"font-size: medium;\">\u00a0<b><\/b><\/span>L&#8217;edifici de serveis on hi trobem la cuina, el menjador, el despatx d&#8217;administraci\u00f3 el gimn\u00e0s, el vestuaris .<\/td>\n<\/tr>\n<tr>\n<td style=\"text-align: justify;\">La caseta, \u00e9s un espai d&#8217;\u00fas m\u00faltiple on es fan activitats de tallers, Servei d&#8217;atenci\u00f3 matinal i de tarda, ludoteca&#8230;.<\/td>\n<td>\n<div><\/div>\n<\/td>\n<\/tr>\n<\/tbody>\n<\/table>\n<p style=\"text-align: justify;\">Tot l&#8217;entorn de l&#8217;Escola est\u00e0 impregnat d&#8217;art: frescos pintats a les parets de la sala de m\u00fasica i la biblioteca, mobles , quadres&#8230; que ajuden a despertar el respecte i la sensibilitat art\u00edstica en els nostres alumnes.<\/p>\n","protected":false},"excerpt":{"rendered":"<p>L&#8217;Escola del Mar es troba situada al cim de la muntanya del Guinard\u00f3, amb unes vistes privilegiades de la ciutat de Barcelona i del Mar. En ella podem trobar diferents jardins: bosquet, pati dels peixos, pati de parvulari, pati de la caseta, on hi trobem l&#8217;hort, que proporcionen als nostres alumnes espais de joc en [&hellip;]<\/p>\n","protected":false},"author":1,"featured_media":0,"parent":22,"menu_order":40,"comment_status":"closed","ping_status":"closed","template":"","meta":{"_bbp_topic_count":0,"_bbp_reply_count":0,"_bbp_total_topic_count":0,"_bbp_total_reply_count":0,"_bbp_voice_count":0,"_bbp_anonymous_reply_count":0,"_bbp_topic_count_hidden":0,"_bbp_reply_count_hidden":0,"_bbp_forum_subforum_count":0,"site-sidebar-layout":"default","site-content-layout":"","ast-site-content-layout":"default","site-content-style":"default","site-sidebar-style":"default","ast-global-header-display":"","ast-banner-title-visibility":"","ast-main-header-display":"","ast-hfb-above-header-display":"","ast-hfb-below-header-display":"","ast-hfb-mobile-header-display":"","site-post-title":"","ast-breadcrumbs-content":"","ast-featured-img":"","footer-sml-layout":"","theme-transparent-header-meta":"","adv-header-id-meta":"","stick-header-meta":"","header-above-stick-meta":"","header-main-stick-meta":"","header-below-stick-meta":"","astra-migrate-meta-layouts":"set","ast-page-background-enabled":"default","ast-page-background-meta":{"desktop":{"background-color":"var(--ast-global-color-4)","background-image":"","background-repeat":"repeat","background-position":"center center","background-size":"auto","background-attachment":"scroll","background-type":"","background-media":"","overlay-type":"","overlay-color":"","overlay-opacity":"","overlay-gradient":""},"tablet":{"background-color":"","background-image":"","background-repeat":"repeat","background-position":"center center","background-size":"auto","background-attachment":"scroll","background-type":"","background-media":"","overlay-type":"","overlay-color":"","overlay-opacity":"","overlay-gradient":""},"mobile":{"background-color":"","background-image":"","background-repeat":"repeat","background-position":"center center","background-size":"auto","background-attachment":"scroll","background-type":"","background-media":"","overlay-type":"","overlay-color":"","overlay-opacity":"","overlay-gradient":""}},"ast-content-background-meta":{"desktop":{"background-color":"var(--ast-global-color-5)","background-image":"","background-repeat":"repeat","background-position":"center center","background-size":"auto","background-attachment":"scroll","background-type":"","background-media":"","overlay-type":"","overlay-color":"","overlay-opacity":"","overlay-gradient":""},"tablet":{"background-color":"var(--ast-global-color-5)","background-image":"","background-repeat":"repeat","background-position":"center center","background-size":"auto","background-attachment":"scroll","background-type":"","background-media":"","overlay-type":"","overlay-color":"","overlay-opacity":"","overlay-gradient":""},"mobile":{"background-color":"var(--ast-global-color-5)","background-image":"","background-repeat":"repeat","background-position":"center center","background-size":"auto","background-attachment":"scroll","background-type":"","background-media":"","overlay-type":"","overlay-color":"","overlay-opacity":"","overlay-gradient":""}},"footnotes":""},"class_list":["post-30","page","type-page","status-publish","hentry"],"post_mailing_queue_ids":[],"_links":{"self":[{"href":"https:\/\/agora.xtec.cat\/escoladelmar\/wp-json\/wp\/v2\/pages\/30","targetHints":{"allow":["GET"]}}],"collection":[{"href":"https:\/\/agora.xtec.cat\/escoladelmar\/wp-json\/wp\/v2\/pages"}],"about":[{"href":"https:\/\/agora.xtec.cat\/escoladelmar\/wp-json\/wp\/v2\/types\/page"}],"author":[{"embeddable":true,"href":"https:\/\/agora.xtec.cat\/escoladelmar\/wp-json\/wp\/v2\/users\/1"}],"replies":[{"embeddable":true,"href":"https:\/\/agora.xtec.cat\/escoladelmar\/wp-json\/wp\/v2\/comments?post=30"}],"version-history":[{"count":4,"href":"https:\/\/agora.xtec.cat\/escoladelmar\/wp-json\/wp\/v2\/pages\/30\/revisions"}],"predecessor-version":[{"id":11370,"href":"https:\/\/agora.xtec.cat\/escoladelmar\/wp-json\/wp\/v2\/pages\/30\/revisions\/11370"}],"up":[{"embeddable":true,"href":"https:\/\/agora.xtec.cat\/escoladelmar\/wp-json\/wp\/v2\/pages\/22"}],"wp:attachment":[{"href":"https:\/\/agora.xtec.cat\/escoladelmar\/wp-json\/wp\/v2\/media?parent=30"}],"curies":[{"name":"wp","href":"https:\/\/api.w.org\/{rel}","templated":true}]}}