{"id":2876,"date":"2022-10-19T21:19:25","date_gmt":"2022-10-19T19:19:25","guid":{"rendered":"https:\/\/agora.xtec.cat\/escoladelmar\/?page_id=2876"},"modified":"2022-11-03T14:18:12","modified_gmt":"2022-11-03T13:18:12","slug":"comissio-tac","status":"publish","type":"page","link":"https:\/\/agora.xtec.cat\/escoladelmar\/edc\/edc\/comissio-tac\/","title":{"rendered":"Comissi\u00f3 Digital"},"content":{"rendered":"<h3><span style=\"font-weight: 400;\">Funcions de la Comissi\u00f3 Digital<\/span><\/h3>\n<ul>\n<li style=\"font-weight: 400;\" aria-level=\"1\"><span style=\"font-weight: 400;\">Gesti\u00f3 i manteniment dels equips i els inventaris inclosa la gesti\u00f3 de l&#8217;inventari \u00cdNDIC.<\/span><\/li>\n<li style=\"font-weight: 400;\" aria-level=\"1\"><span style=\"font-weight: 400;\">Orientaci\u00f3 en les compres de hardware i software i en la instal\u00b7laci\u00f3 d&#8217;equips fora de l&#8217;Estrat\u00e8gia Digital.<\/span><\/li>\n<li style=\"font-weight: 400;\" aria-level=\"1\"><span style=\"font-weight: 400;\">Seguiment dels ordinadors port\u00e0tils docents.<\/span><\/li>\n<li style=\"font-weight: 400;\" aria-level=\"1\"><span style=\"font-weight: 400;\">Seguiment dels port\u00e0tils dels alumnes.<\/span><\/li>\n<li style=\"font-weight: 400;\" aria-level=\"1\"><span style=\"font-weight: 400;\">Seguiment dels Ipads del centre (alumnes i mestres)<\/span><\/li>\n<li style=\"font-weight: 400;\" aria-level=\"1\"><span style=\"font-weight: 400;\">Seguiment de tot el maquinari de l&#8217;\u00e0mbit administratiu.<\/span><\/li>\n<li style=\"font-weight: 400;\" aria-level=\"1\"><span style=\"font-weight: 400;\">Gesti\u00f3 d&#8217;avaries SAU que no siguin personals i atenci\u00f3 als t\u00e8cnics incl\u00f2s el de manteniment &#8220;in situ&#8221; quan sigui necessari i dels de Telef\u00f2nica quan vinguin al centre.<\/span><\/li>\n<li style=\"font-weight: 400;\" aria-level=\"1\"><span style=\"font-weight: 400;\">Actualitzaci\u00f3 del Pla de Comunicaci\u00f3 Digital<\/span><\/li>\n<\/ul>\n<ul>\n<li style=\"font-weight: 400;\" aria-level=\"1\"><span style=\"font-weight: 400;\">Orientaci\u00f3 per a la creaci\u00f3 de materials i espais interactius.<\/span><\/li>\n<li style=\"font-weight: 400;\" aria-level=\"1\"><span style=\"font-weight: 400;\">Gesti\u00f3 del domini:<\/span>\n<ul>\n<li style=\"font-weight: 400;\" aria-level=\"2\"><span style=\"font-weight: 400;\">Correus \u201c@emar.cat\u201d<\/span><\/li>\n<li style=\"font-weight: 400;\" aria-level=\"2\"><span style=\"font-weight: 400;\">Dispositius (Ipads, ordinadors port\u00e0tils, pantalles interactives, projectors, etc)<\/span><\/li>\n<li style=\"font-weight: 400;\" aria-level=\"2\"><span style=\"font-weight: 400;\">Aplicacions<\/span><\/li>\n<li style=\"font-weight: 400;\" aria-level=\"2\"><span style=\"font-weight: 400;\">Sistema operatiu<\/span><\/li>\n<li style=\"font-weight: 400;\" aria-level=\"2\"><span style=\"font-weight: 400;\">Classroom<\/span><\/li>\n<li style=\"font-weight: 400;\" aria-level=\"2\"><span style=\"font-weight: 400;\">Incid\u00e8ncies i problemes de seguretat o mal \u00fas de les eines<\/span><\/li>\n<\/ul>\n<\/li>\n<li style=\"font-weight: 400;\" aria-level=\"1\"><span style=\"font-weight: 400;\">Assessorament als cicles o individualitzat pel desplegament de propostes amb \u00fas de tecnologia.<\/span><\/li>\n<li style=\"font-weight: 400;\" aria-level=\"1\"><span style=\"font-weight: 400;\">Formaci\u00f3 en centre &#8211; si s&#8217;escau -.<\/span><\/li>\n<li style=\"font-weight: 400;\" aria-level=\"1\"><span style=\"font-weight: 400;\">Proposar formacions a les fam\u00edlies d\u2019\u00e0mbit tecnol\u00f2gic.<\/span><\/li>\n<li style=\"font-weight: 400;\" aria-level=\"1\"><span style=\"font-weight: 400;\">Coordinaci\u00f3 i avaluaci\u00f3 de l&#8217;EDC.<\/span><\/li>\n<\/ul>\n<p>&nbsp;<\/p>\n<h3><span style=\"font-weight: 400;\">Membres de la Comissi\u00f3 Digital<\/span><\/h3>\n<p><strong>Coordinador\/a: Clara Florit Camps<\/strong><\/p>\n<p style=\"padding-left: 120px;\"><strong>Pol Prats Garc\u00eda<\/strong><\/p>\n<p style=\"padding-left: 120px;\"><strong>Sergio Bernardez Carracedo<\/strong><\/p>\n<p style=\"padding-left: 120px;\"><strong>Cristina Herraiz Bianchi<\/strong><\/p>\n<ul style=\"list-style-type: circle;\">\n<li><span style=\"font-weight: 400;\">El\/la Coordinador\/a digital de centre, com a figura clau dins l\u2019EDC, formar\u00e0 part de la Comissi\u00f3 digital de centre i tindr\u00e0 com a objectiu principal coordinar i dinamitzar les actuacions que determini la Comissi\u00f3 d\u2019estrat\u00e8gia digital de centre.<\/span><\/li>\n<li><span style=\"font-weight: 400;\">El Departament ha publicat un document amb <\/span><a href=\"http:\/\/educacio.gencat.cat\/web\/.content\/home\/departament\/publicacions\/colleccions\/pla-educacio-digital\/orientacions-coordinacio-digital-centre\/orientacions-coordinacio-digital-centre.pdf\" target=\"_blank\" rel=\"noopener\"><span style=\"font-weight: 400;\">orientacions per a la coordinaci\u00f3 digital de centre<\/span><\/a><span style=\"font-weight: 400;\"> on es detallen les tasques i les funcions que t\u00e9 un coordinador\/a digital d\u2019un centre educatiu.<\/span><\/li>\n<\/ul>\n<p>&nbsp;<\/p>\n<h3><span style=\"font-weight: 400;\">Funcions de la Coordinaci\u00f3<\/span><\/h3>\n<ul>\n<li style=\"font-weight: 400;\" aria-level=\"1\"><span style=\"font-weight: 400;\">Gesti\u00f3 dels lliuraments i recollida d&#8217;equipaments d&#8217;equitat digital<\/span><\/li>\n<li style=\"font-weight: 400;\" aria-level=\"1\"><span style=\"font-weight: 400;\">Seguiment dels accessoris de cada dispositiu (carregadors i perif\u00e8rics) i distribuci\u00f3 d\u2019aquests en els diferents espais.<\/span><\/li>\n<\/ul>\n<ul>\n<li style=\"font-weight: 400;\" aria-level=\"1\"><span style=\"font-weight: 400;\">Portar al cicle els acords o les tasques que fixi la comissi\u00f3<\/span><\/li>\n<li style=\"font-weight: 400;\" aria-level=\"1\"><span style=\"font-weight: 400;\">Programaci\u00f3 curricular de cada curs i descripci\u00f3 al full de totes les activitats i seguiment de les mateixes<\/span><\/li>\n<li style=\"font-weight: 400;\" aria-level=\"1\"><span style=\"font-weight: 400;\">Seguiment i avaluaci\u00f3 de l&#8217;EDC<\/span><\/li>\n<li style=\"font-weight: 400;\" aria-level=\"1\"><span style=\"font-weight: 400;\">Test d&#8217;aplicacions i noves eines i activitats per a cada nivell<\/span><\/li>\n<li style=\"font-weight: 400;\" aria-level=\"1\"><span style=\"font-weight: 400;\">Identificaci\u00f3 de les necessitats per a minimitzar la bretxa digital dels alumnes que la pateixen<\/span><\/li>\n<\/ul>\n<h3><\/h3>\n<h3><span style=\"font-weight: 400;\">Organitzaci\u00f3:<\/span><\/h3>\n<ul>\n<li style=\"font-weight: 400;\" aria-level=\"1\"><span style=\"font-weight: 400;\">La comissi\u00f3 es reunir\u00e0 cada dimarts de 12:45h a 14h, excepte els dies que siguin necessaris fer un claustre.<\/span><\/li>\n<li style=\"font-weight: 400;\" aria-level=\"1\"><span style=\"font-weight: 400;\">El coordinador disposar\u00e0 de temps per a la gesti\u00f3 del domini i dels espais a la xarxa i tamb\u00e9 de tot el maquinari i les aplicacions.<\/span><\/li>\n<li style=\"font-weight: 400;\" aria-level=\"1\"><span style=\"font-weight: 400;\">El coordinador es reunir\u00e0 amb el t\u00e8cnic del Manteniment <\/span><i><span style=\"font-weight: 400;\">In Situ<\/span><\/i><span style=\"font-weight: 400;\"> quan aquest faci les visites programades. Procurar\u00e0 que les visites siguin en hores de coordinaci\u00f3 per no afectar el seu horari docent.<\/span><\/li>\n<\/ul>\n<h3><\/h3>\n<h3><span style=\"font-weight: 400;\">Finalitat de la Comissi\u00f3 Digital:<\/span><\/h3>\n<ul>\n<li style=\"font-weight: 400;\" aria-level=\"1\"><span style=\"font-weight: 400;\">Compartir tot el que es fa en relaci\u00f3 a l\u2019Estrat\u00e8gia Digital de Centre<\/span><\/li>\n<\/ul>\n","protected":false},"excerpt":{"rendered":"<p>Funcions de la Comissi\u00f3 Digital Gesti\u00f3 i manteniment dels equips i els inventaris inclosa la gesti\u00f3 de l&#8217;inventari \u00cdNDIC. Orientaci\u00f3 en les compres de hardware i software i en la instal\u00b7laci\u00f3 d&#8217;equips fora de l&#8217;Estrat\u00e8gia Digital. Seguiment dels ordinadors port\u00e0tils docents. Seguiment dels port\u00e0tils dels alumnes. Seguiment dels Ipads del centre (alumnes i mestres) Seguiment [&hellip;]<\/p>\n","protected":false},"author":1,"featured_media":0,"parent":2874,"menu_order":0,"comment_status":"closed","ping_status":"closed","template":"page-templates\/side-menu.php","meta":{"_bbp_topic_count":0,"_bbp_reply_count":0,"_bbp_total_topic_count":0,"_bbp_total_reply_count":0,"_bbp_voice_count":0,"_bbp_anonymous_reply_count":0,"_bbp_topic_count_hidden":0,"_bbp_reply_count_hidden":0,"_bbp_forum_subforum_count":0,"site-sidebar-layout":"default","site-content-layout":"","ast-site-content-layout":"","site-content-style":"default","site-sidebar-style":"default","ast-global-header-display":"","ast-banner-title-visibility":"","ast-main-header-display":"","ast-hfb-above-header-display":"","ast-hfb-below-header-display":"","ast-hfb-mobile-header-display":"","site-post-title":"","ast-breadcrumbs-content":"","ast-featured-img":"","footer-sml-layout":"","theme-transparent-header-meta":"","adv-header-id-meta":"","stick-header-meta":"","header-above-stick-meta":"","header-main-stick-meta":"","header-below-stick-meta":"","astra-migrate-meta-layouts":"default","ast-page-background-enabled":"default","ast-page-background-meta":{"desktop":{"background-color":"var(--ast-global-color-4)","background-image":"","background-repeat":"repeat","background-position":"center center","background-size":"auto","background-attachment":"scroll","background-type":"","background-media":"","overlay-type":"","overlay-color":"","overlay-opacity":"","overlay-gradient":""},"tablet":{"background-color":"","background-image":"","background-repeat":"repeat","background-position":"center center","background-size":"auto","background-attachment":"scroll","background-type":"","background-media":"","overlay-type":"","overlay-color":"","overlay-opacity":"","overlay-gradient":""},"mobile":{"background-color":"","background-image":"","background-repeat":"repeat","background-position":"center center","background-size":"auto","background-attachment":"scroll","background-type":"","background-media":"","overlay-type":"","overlay-color":"","overlay-opacity":"","overlay-gradient":""}},"ast-content-background-meta":{"desktop":{"background-color":"var(--ast-global-color-5)","background-image":"","background-repeat":"repeat","background-position":"center center","background-size":"auto","background-attachment":"scroll","background-type":"","background-media":"","overlay-type":"","overlay-color":"","overlay-opacity":"","overlay-gradient":""},"tablet":{"background-color":"var(--ast-global-color-5)","background-image":"","background-repeat":"repeat","background-position":"center center","background-size":"auto","background-attachment":"scroll","background-type":"","background-media":"","overlay-type":"","overlay-color":"","overlay-opacity":"","overlay-gradient":""},"mobile":{"background-color":"var(--ast-global-color-5)","background-image":"","background-repeat":"repeat","background-position":"center center","background-size":"auto","background-attachment":"scroll","background-type":"","background-media":"","overlay-type":"","overlay-color":"","overlay-opacity":"","overlay-gradient":""}},"footnotes":""},"class_list":["post-2876","page","type-page","status-publish","hentry"],"post_mailing_queue_ids":[],"_links":{"self":[{"href":"https:\/\/agora.xtec.cat\/escoladelmar\/wp-json\/wp\/v2\/pages\/2876","targetHints":{"allow":["GET"]}}],"collection":[{"href":"https:\/\/agora.xtec.cat\/escoladelmar\/wp-json\/wp\/v2\/pages"}],"about":[{"href":"https:\/\/agora.xtec.cat\/escoladelmar\/wp-json\/wp\/v2\/types\/page"}],"author":[{"embeddable":true,"href":"https:\/\/agora.xtec.cat\/escoladelmar\/wp-json\/wp\/v2\/users\/1"}],"replies":[{"embeddable":true,"href":"https:\/\/agora.xtec.cat\/escoladelmar\/wp-json\/wp\/v2\/comments?post=2876"}],"version-history":[{"count":3,"href":"https:\/\/agora.xtec.cat\/escoladelmar\/wp-json\/wp\/v2\/pages\/2876\/revisions"}],"predecessor-version":[{"id":3066,"href":"https:\/\/agora.xtec.cat\/escoladelmar\/wp-json\/wp\/v2\/pages\/2876\/revisions\/3066"}],"up":[{"embeddable":true,"href":"https:\/\/agora.xtec.cat\/escoladelmar\/wp-json\/wp\/v2\/pages\/2874"}],"wp:attachment":[{"href":"https:\/\/agora.xtec.cat\/escoladelmar\/wp-json\/wp\/v2\/media?parent=2876"}],"curies":[{"name":"wp","href":"https:\/\/api.w.org\/{rel}","templated":true}]}}