{"id":82,"date":"2014-09-18T14:10:51","date_gmt":"2014-09-18T13:10:51","guid":{"rendered":"http:\/\/agora.xtec.cat\/escoladelboscrubi\/?page_id=82"},"modified":"2023-09-01T10:00:47","modified_gmt":"2023-09-01T08:00:47","slug":"casal-destiu","status":"publish","type":"page","link":"https:\/\/agora.xtec.cat\/escoladelboscrubi\/serveis\/casal-destiu\/","title":{"rendered":"CASAL D&#8217;ESTIU"},"content":{"rendered":"<p><iframe loading=\"lazy\" src=\"https:\/\/www.youtube.com\/embed\/A3EnNFV9zno\" width=\"560\" height=\"315\" frameborder=\"0\"><\/iframe><\/p>\n<p><iframe loading=\"lazy\" src=\"https:\/\/www.youtube.com\/embed\/4MKXqi8iv1E\" width=\"560\" height=\"315\" frameborder=\"0\"><\/iframe><\/p>\n<div id=\"comp-l2harzxb\" class=\"comp-l2harzxb AV56HG wixui-horizontal-line\"><\/div>\n<div id=\"comp-l2harzxc3\" class=\"comp-l2harzxc3 wixui-vector-image\">\n<div class=\"aizuI7 TcoJIb comp-l2harzxc3\" data-testid=\"svgRoot-comp-l2harzxc3\"><\/div>\n<\/div>\n<div id=\"comp-l2harzxc3\" class=\"comp-l2harzxc3 wixui-vector-image\">\n<div class=\"aizuI7 TcoJIb comp-l2harzxc3\" data-testid=\"svgRoot-comp-l2harzxc3\"><\/div>\n<\/div>\n<div id=\"comp-l2harzxm2\" class=\"BaOVQ8 tz5f0K comp-l2harzxm2 wixui-rich-text\" data-testid=\"richTextElement\">\n<h2 class=\"font_2 wixui-rich-text__text\"><span class=\"wixui-rich-text__text\">Casalet de Juny:<\/span><\/h2>\n<\/div>\n<div id=\"comp-l2harzxo\" class=\"BaOVQ8 tz5f0K comp-l2harzxo wixui-rich-text\" data-testid=\"richTextElement\">\n<p class=\"font_8\">L&#8217;eXtra! oferir\u00e0 un casalet pels dies <strong>26, 27, 28 i 30 de juny <\/strong>a les instal\u00b7lacions de l&#8217;Escola del Bosc. Es faran activitats de tot tipus: esports, ludoteca, m\u00fasica&#8230; i molt m\u00e9s.<\/p>\n<\/div>\n<div id=\"comp-l2harzxp3\" class=\"hFQZVn comp-l2harzxp3\">\n<div class=\"nTiihL wixui-box\" data-testid=\"container-bg\"><a href=\"https:\/\/agora.xtec.cat\/escoladelboscrubi\/wp-content\/uploads\/usu2036\/2023\/09\/h.png\"><img loading=\"lazy\" decoding=\"async\" class=\"aligncenter size-full wp-image-10960\" src=\"https:\/\/agora.xtec.cat\/escoladelboscrubi\/wp-content\/uploads\/usu2036\/2023\/09\/h.png\" alt=\"\" width=\"468\" height=\"127\" srcset=\"https:\/\/agora.xtec.cat\/escoladelboscrubi\/wp-content\/uploads\/usu2036\/2023\/09\/h.png 468w, https:\/\/agora.xtec.cat\/escoladelboscrubi\/wp-content\/uploads\/usu2036\/2023\/09\/h-300x81.png 300w\" sizes=\"auto, (max-width: 468px) 100vw, 468px\" \/><\/a><\/div>\n<\/div>\n<section id=\"comp-l2harztd\" class=\"comp-l2harztd CohWsy wixui-column-strip\">\n<div class=\"V5AUxf\" data-testid=\"columns\">\n<div id=\"comp-l2harzw9\" class=\"comp-l2harzw9 YzqVVZ wixui-column-strip__column\">\n<div class=\"\" data-mesh-id=\"comp-l2harzw9inlineContent\" data-testid=\"inline-content\">\n<div data-mesh-id=\"comp-l2harzw9inlineContent-gridContainer\" data-testid=\"mesh-container-content\">\n<div id=\"comp-l2harzxy1\" class=\"comp-l2harzxy1 wixui-vector-image\">\n<div class=\"aizuI7 TcoJIb comp-l2harzxy1\" data-testid=\"svgRoot-comp-l2harzxy1\"><\/div>\n<\/div>\n<div id=\"comp-l2harzxz4\" class=\"BaOVQ8 tz5f0K comp-l2harzxz4 wixui-rich-text\" data-testid=\"richTextElement\">\n<h2 class=\"font_2 wixui-rich-text__text\"><span class=\"wixui-rich-text__text\">Casal d&#8217;estiu:<\/span><\/h2>\n<\/div>\n<div id=\"comp-l2harzy03\" class=\"BaOVQ8 tz5f0K comp-l2harzy03 wixui-rich-text\" data-testid=\"richTextElement\">\n<p class=\"font_8\">Vols descobrir un m\u00f3n m\u00e0gic i fascinant? Vine amb nosaltres a Pandora, on viurem una aventura incre\u00efble aquest estiu! Aqu\u00ed, podr\u00e0s experimentar la cultura i l&#8217;estil de vida dels Na&#8217;vis mentre els ajudem a superar el gran repte que se&#8217;ls ha presentat.<\/p>\n<p class=\"font_8\">Amb la teva ajuda, cooperant i treballant en equip amb els teus nous amics Na&#8217;vis, viur\u00e0s una aventura que mai oblidar\u00e0s!<\/p>\n<p class=\"font_8\">El casal es realitzar\u00e0 del <strong>3 al 28 de juliol <\/strong>i es far\u00e0 a les instal\u00b7lacions de l&#8217;<strong>Escola del Bosc <\/strong>de Rub\u00ed.<\/p>\n<\/div>\n<div id=\"comp-l2harzy21\" class=\"BaOVQ8 tz5f0K comp-l2harzy21 wixui-rich-text\" data-testid=\"richTextElement\">\n<h2 class=\"font_2 wixui-rich-text__text\"><span class=\"wixui-rich-text__text\">Serveis b\u00e0sics:<\/span><\/h2>\n<\/div>\n<div id=\"comp-l2harzy32\" class=\"hFQZVn comp-l2harzy32\">\n<div class=\"nTiihL wixui-box\" data-testid=\"container-bg\"><a href=\"https:\/\/agora.xtec.cat\/escoladelboscrubi\/wp-content\/uploads\/usu2036\/2023\/09\/serveis1.png\"><img loading=\"lazy\" decoding=\"async\" class=\"aligncenter size-full wp-image-10959\" src=\"https:\/\/agora.xtec.cat\/escoladelboscrubi\/wp-content\/uploads\/usu2036\/2023\/09\/serveis1.png\" alt=\"\" width=\"705\" height=\"273\" srcset=\"https:\/\/agora.xtec.cat\/escoladelboscrubi\/wp-content\/uploads\/usu2036\/2023\/09\/serveis1.png 705w, https:\/\/agora.xtec.cat\/escoladelboscrubi\/wp-content\/uploads\/usu2036\/2023\/09\/serveis1-300x116.png 300w\" sizes=\"auto, (max-width: 705px) 100vw, 705px\" \/><\/a><\/div>\n<div class=\"\" data-mesh-id=\"comp-l2harzy32inlineContent\" data-testid=\"inline-content\">\n<div data-mesh-id=\"comp-l2harzy32inlineContent-gridContainer\" data-testid=\"mesh-container-content\">\n<div id=\"comp-l2harzy43\" class=\"BaOVQ8 tz5f0K comp-l2harzy43 wixui-rich-text\" data-testid=\"richTextElement\"><\/div>\n<\/div>\n<\/div>\n<\/div>\n<div id=\"comp-l2harzyg\" class=\"BaOVQ8 tz5f0K comp-l2harzyg wixui-rich-text\" data-testid=\"richTextElement\">\n<div id=\"comp-l2harzyg\" class=\"BaOVQ8 tz5f0K comp-l2harzyg wixui-rich-text\" data-testid=\"richTextElement\">\n<p class=\"font_7 wixui-rich-text__text\" style=\"text-align: center;\"><em><span class=\"wixui-rich-text__text\">*<\/span><span class=\"wixui-rich-text__text\">Els descomptes no s\u00f3n acumulables i nom\u00e9s es faran dins del per\u00edode d&#8217;inscripcions<\/span><\/em><\/p>\n<\/div>\n<\/div>\n<div id=\"comp-l2harzyi4\" class=\"BaOVQ8 tz5f0K comp-l2harzyi4 wixui-rich-text\" data-testid=\"richTextElement\">\n<h2 class=\"font_2 wixui-rich-text__text\"><span class=\"wixui-rich-text__text\">Serveis addicionals:<\/span><\/h2>\n<\/div>\n<div id=\"comp-l2harzyk\" class=\"hFQZVn comp-l2harzyk\">\n<div class=\"\" data-mesh-id=\"comp-l2harzykinlineContent\" data-testid=\"inline-content\">\n<div data-mesh-id=\"comp-l2harzykinlineContent-gridContainer\" data-testid=\"mesh-container-content\">\n<div id=\"comp-l2harzyl1\" class=\"BaOVQ8 tz5f0K comp-l2harzyl1 wixui-rich-text\" data-testid=\"richTextElement\">\n<h2><a href=\"https:\/\/agora.xtec.cat\/escoladelboscrubi\/wp-content\/uploads\/usu2036\/2023\/09\/serveis.png\"><img loading=\"lazy\" decoding=\"async\" class=\"aligncenter size-full wp-image-10958\" src=\"https:\/\/agora.xtec.cat\/escoladelboscrubi\/wp-content\/uploads\/usu2036\/2023\/09\/serveis.png\" alt=\"\" width=\"916\" height=\"210\" srcset=\"https:\/\/agora.xtec.cat\/escoladelboscrubi\/wp-content\/uploads\/usu2036\/2023\/09\/serveis.png 916w, https:\/\/agora.xtec.cat\/escoladelboscrubi\/wp-content\/uploads\/usu2036\/2023\/09\/serveis-300x69.png 300w, https:\/\/agora.xtec.cat\/escoladelboscrubi\/wp-content\/uploads\/usu2036\/2023\/09\/serveis-768x176.png 768w\" sizes=\"auto, (max-width: 916px) 100vw, 916px\" \/><\/a><\/h2>\n<\/div>\n<\/div>\n<\/div>\n<\/div>\n<div id=\"comp-l2harzz22\" class=\"KcpHeO tz5f0K comp-l2harzz22 wixui-rich-text\" data-testid=\"richTextElement\">\n<p class=\"font_8 wixui-rich-text__text\"><span class=\"wixui-rich-text__text\">* Oferim dues opcions pel servei de menjador:<\/span><\/p>\n<ul class=\"font_8 wixui-rich-text__text\">\n<li class=\"wixui-rich-text__text\">\n<p class=\"font_8 wixui-rich-text__text\"><span class=\"wixui-rich-text__text\">Menjador amb men\u00fa: 35\u20ac per setmana i 8\u20ac per dia espor\u00e0dic (pot ser inferior en funci\u00f3 de les inscripcions)<\/span><\/p>\n<\/li>\n<li class=\"wixui-rich-text__text\">\n<p class=\"font_8 wixui-rich-text__text\"><span class=\"wixui-rich-text__text\">Menjador portant el menjar de casa: 20\u20ac per setmana i 5\u20ac per dia espor\u00e0dic<\/span><\/p>\n<\/li>\n<\/ul>\n<\/div>\n<\/div>\n<\/div>\n<\/div>\n<\/div>\n<\/section>\n<section id=\"comp-l2hauho5\" class=\"comp-l2hauho5 CohWsy wixui-column-strip\">\n<div id=\"bgLayers_comp-l2hauho5\" class=\"if7Vw2\" data-hook=\"bgLayers\">\n<div class=\"tcElKx i1tH8h\" data-testid=\"colorUnderlay\"><\/div>\n<div id=\"bgMedia_comp-l2hauho5\" class=\"wG8dni\"><\/div>\n<\/div>\n<div class=\"V5AUxf\" data-testid=\"columns\">\n<div id=\"comp-l2hauhpv\" class=\"comp-l2hauhpv YzqVVZ wixui-column-strip__column\">\n<div class=\"\" data-mesh-id=\"comp-l2hauhpvinlineContent\" data-testid=\"inline-content\">\n<div data-mesh-id=\"comp-l2hauhpvinlineContent-gridContainer\" data-testid=\"mesh-container-content\">\n<div id=\"comp-l2hauhpx2\" class=\"BaOVQ8 tz5f0K comp-l2hauhpx2 wixui-rich-text\" data-testid=\"richTextElement\">\n<h2 class=\"font_2 wixui-rich-text__text\"><span class=\"wixui-rich-text__text\">Inscripcions<\/span><\/h2>\n<\/div>\n<div id=\"comp-l2hauhpz1\" class=\"comp-l2hauhpz1 AV56HG wixui-horizontal-line\"><\/div>\n<div id=\"comp-l2hauhq11\" class=\"BaOVQ8 tz5f0K comp-l2hauhq11 wixui-rich-text\" data-testid=\"richTextElement\">\n<p class=\"font_8\">El per\u00edode d&#8217;inscripcions amb descomptes \u00e9s fins el <strong>2 de juny <\/strong>i es formalitzar\u00e0 a trav\u00e9s d&#8217;aquesta p\u00e0gina web o al local de L&#8217;eXtra! (C\/ Mare de D\u00e9u de Lourdes, 14) amb el seg\u00fcent horari:<\/p>\n<ul class=\"font_8\">\n<li>\n<p class=\"font_8\">Matins: Dijous de 10h a 14h<\/p>\n<\/li>\n<li>\n<p class=\"font_8\">Tardes: de dilluns a divendres de 16h a 20h<\/p>\n<\/li>\n<\/ul>\n<p class=\"font_8\">Despr\u00e9s del dia 2 de juny us podeu seguir inscrivint per\u00f2 <u>no s&#8217;aplicaran descomptes ni bonificacions.<\/u><\/p>\n<\/div>\n<div id=\"comp-l2hauhq4\" class=\"comp-l2hauhq4 wixui-vector-image\">\n<div class=\"aizuI7 TcoJIb comp-l2hauhq4\" data-testid=\"svgRoot-comp-l2hauhq4\"><\/div>\n<\/div>\n<\/div>\n<\/div>\n<\/div>\n<\/div>\n<\/section>\n<div id=\"comp-l2hauhq4\" class=\"comp-l2hauhq4 wixui-vector-image\">\n<div class=\"aizuI7 TcoJIb comp-l2hauhq4\" data-testid=\"svgRoot-comp-l2hauhq4\"><\/div>\n<\/div>\n<div id=\"comp-l2hauhq7\" class=\"BaOVQ8 tz5f0K comp-l2hauhq7 wixui-rich-text\" data-testid=\"richTextElement\">\n<h2 class=\"font_2 wixui-rich-text__text\"><span class=\"wixui-rich-text__text\">Setmanes:<\/span><\/h2>\n<\/div>\n<div id=\"comp-l2hauhq81\" class=\"BaOVQ8 tz5f0K comp-l2hauhq81 wixui-rich-text\" data-testid=\"richTextElement\">\n<p class=\"font_8\">La inscripci\u00f3 es realitzar\u00e0 per setmanes:<\/p>\n<ul class=\"font_8\">\n<li>\n<p class=\"font_8\"><strong>Setmana 1:<\/strong> del 3 al 7 de juliol<\/p>\n<\/li>\n<li>\n<p class=\"font_8\"><strong>Setmana 2<\/strong>: del 10 al 14 de juliol<\/p>\n<\/li>\n<li>\n<p class=\"font_8\"><strong>Setmana 3:<\/strong> del 17 al 21 de juliol<\/p>\n<\/li>\n<li>\n<p class=\"font_8\"><strong>Setmana 4:<\/strong> del 24 al 28 de juliol<\/p>\n<\/li>\n<\/ul>\n<\/div>\n<p style=\"text-align: center;\">Per a m\u00e9s informaci\u00f3 cliqueu al seg\u00fcent enlla\u00e7:<\/p>\n<p style=\"text-align: center;\"><a href=\"https:\/\/www.lextra.cat\/casal-estiu-2020\/escoladelbosc23\">https:\/\/www.lextra.cat\/casal-estiu-2020\/escoladelbosc23<\/a><\/p>\n","protected":false},"excerpt":{"rendered":"<p>Casalet de Juny:<\/p>\n<p>L&#8217;eXtra! oferir\u00e0 un casalet pels dies 26, 27, 28 i 30 de juny a les instal\u00b7lacions de l&#8217;Escola del Bosc. Es faran activitats de tot tipus: esports, ludoteca, m\u00fasica&#8230; i molt m\u00e9s.<\/p>\n<p><a href=\"https:\/\/agora.xtec.cat\/escoladelboscrubi\/wp-content\/uploads\/usu2036\/2023\/09\/h.png\"><\/a><\/p>\n<p>Casal d&#8217;estiu:<\/p>\n<p>Vols descobrir un m\u00f3n m\u00e0gic i fascinant? Vine amb nosaltres&hellip;  <a href=\"https:\/\/agora.xtec.cat\/escoladelboscrubi\/serveis\/casal-destiu\/\" title=\"Read CASAL D&#8217;ESTIU\">Llegeix m\u00e9s\u00bb<\/a><\/p>\n","protected":false},"author":1,"featured_media":0,"parent":66,"menu_order":50,"comment_status":"closed","ping_status":"closed","template":"page-templates\/side-menu.php","meta":{"_bbp_topic_count":0,"_bbp_reply_count":0,"_bbp_total_topic_count":0,"_bbp_total_reply_count":0,"_bbp_voice_count":0,"_bbp_anonymous_reply_count":0,"_bbp_topic_count_hidden":0,"_bbp_reply_count_hidden":0,"_bbp_forum_subforum_count":0,"footnotes":""},"class_list":["post-82","page","type-page","status-publish","hentry"],"post_mailing_queue_ids":[],"_links":{"self":[{"href":"https:\/\/agora.xtec.cat\/escoladelboscrubi\/wp-json\/wp\/v2\/pages\/82","targetHints":{"allow":["GET"]}}],"collection":[{"href":"https:\/\/agora.xtec.cat\/escoladelboscrubi\/wp-json\/wp\/v2\/pages"}],"about":[{"href":"https:\/\/agora.xtec.cat\/escoladelboscrubi\/wp-json\/wp\/v2\/types\/page"}],"author":[{"embeddable":true,"href":"https:\/\/agora.xtec.cat\/escoladelboscrubi\/wp-json\/wp\/v2\/users\/1"}],"replies":[{"embeddable":true,"href":"https:\/\/agora.xtec.cat\/escoladelboscrubi\/wp-json\/wp\/v2\/comments?post=82"}],"version-history":[{"count":4,"href":"https:\/\/agora.xtec.cat\/escoladelboscrubi\/wp-json\/wp\/v2\/pages\/82\/revisions"}],"predecessor-version":[{"id":10962,"href":"https:\/\/agora.xtec.cat\/escoladelboscrubi\/wp-json\/wp\/v2\/pages\/82\/revisions\/10962"}],"up":[{"embeddable":true,"href":"https:\/\/agora.xtec.cat\/escoladelboscrubi\/wp-json\/wp\/v2\/pages\/66"}],"wp:attachment":[{"href":"https:\/\/agora.xtec.cat\/escoladelboscrubi\/wp-json\/wp\/v2\/media?parent=82"}],"curies":[{"name":"wp","href":"https:\/\/api.w.org\/{rel}","templated":true}]}}