{"id":77,"date":"2014-09-18T14:05:08","date_gmt":"2014-09-18T13:05:08","guid":{"rendered":"http:\/\/agora.xtec.cat\/escoladelboscrubi\/?page_id=77"},"modified":"2024-11-03T18:57:44","modified_gmt":"2024-11-03T17:57:44","slug":"acollida","status":"publish","type":"page","link":"https:\/\/agora.xtec.cat\/escoladelboscrubi\/serveis\/acollida\/","title":{"rendered":"SERVEI DE BON DIA"},"content":{"rendered":"<p><strong>SERVEI DE BON DIA<\/strong><\/p>\n<p>El servei de BON DIA de la nostra escola funciona de 7.30 a 9.00 h. El gestiona l\u2019AFA amb l\u2019empresa Va de Lleure.<\/p>\n<ul>\n<li><a href=\"https:\/\/agora.xtec.cat\/escoladelboscrubi\/wp-content\/uploads\/usu2036\/2024\/11\/ACOLLIDA-DEL-BOSC-24-25_page-0001.jpg\"><img loading=\"lazy\" decoding=\"async\" class=\"aligncenter size-large wp-image-12350\" src=\"https:\/\/agora.xtec.cat\/escoladelboscrubi\/wp-content\/uploads\/usu2036\/2024\/11\/ACOLLIDA-DEL-BOSC-24-25_page-0001-1024x328.jpg\" alt=\"\" width=\"1024\" height=\"328\" srcset=\"https:\/\/agora.xtec.cat\/escoladelboscrubi\/wp-content\/uploads\/usu2036\/2024\/11\/ACOLLIDA-DEL-BOSC-24-25_page-0001-1024x328.jpg 1024w, https:\/\/agora.xtec.cat\/escoladelboscrubi\/wp-content\/uploads\/usu2036\/2024\/11\/ACOLLIDA-DEL-BOSC-24-25_page-0001-300x96.jpg 300w, https:\/\/agora.xtec.cat\/escoladelboscrubi\/wp-content\/uploads\/usu2036\/2024\/11\/ACOLLIDA-DEL-BOSC-24-25_page-0001-768x246.jpg 768w, https:\/\/agora.xtec.cat\/escoladelboscrubi\/wp-content\/uploads\/usu2036\/2024\/11\/ACOLLIDA-DEL-BOSC-24-25_page-0001-1536x492.jpg 1536w, https:\/\/agora.xtec.cat\/escoladelboscrubi\/wp-content\/uploads\/usu2036\/2024\/11\/ACOLLIDA-DEL-BOSC-24-25_page-0001.jpg 1750w\" sizes=\"auto, (max-width: 1024px) 100vw, 1024px\" \/><\/a><\/li>\n<li>Inscripcions: <a href=\"https:\/\/dlleure.tpvescola.com\/Pre-Formulari.aspx\">https:\/\/dlleure.tpvescola.com\/Pre-Formulari.aspx<\/a><\/li>\n<li>Les acollides comen\u00e7aran el dia 9 de setembre.<\/li>\n<li>El nombre m\u00ednim per obrir el servei ser\u00e0 de 10 alumnes.<\/li>\n<li>QUALSEVOL INFANT QUE FACI \u00daS DE L&#8217;ACOLLIDA CAL QUE ESTIGUI REGISTRAT AL SERVEI, ESPOR\u00c0DICS I\/O FIXES DEL MENJADOR TAMB\u00c9.<\/li>\n<li>Cal respectar els horaris d&#8217;entrada i sortida, la porta estar\u00e0 tancada i nom\u00e9s s&#8217;obrir\u00e0 per recepcionar infants a les 7.30, 8.00 i 8.30h.<\/li>\n<li>El pagament de l&#8217;activitat ser\u00e0 mensual, mitjan\u00e7ant targeta banc\u00e0ria la primera setmana de cada mes.<\/li>\n<li>Per fer \u00fas del servei d\u2019acollida, cal omplir la inscripci\u00f3 a trav\u00e9s de Serveis de la App de TPV Escola i en cas de ser usuari espor\u00e0dic, comprar un tiquet i validar-lo per la data que voldreu fer \u00fas del servei.<\/li>\n<li>Per donar de baixa un\/a infant de l&#8217;activitat inscrita cal trucar al tel\u00e8fon 93 863 46 58 abans del dia 25 de cada mes o enviar un correu electr\u00f2nic a info<span class=\"atwho-query\">@vadelleure.cat<\/span><\/li>\n<\/ul>\n<p>&nbsp;<\/p>\n","protected":false},"excerpt":{"rendered":"<p>SERVEI DE BON DIA<br \/>\nEl servei de BON DIA de la nostra escola funciona de 7.30 a 9.00 h. El gestiona l\u2019AFA amb l\u2019empresa Va de Lleure.<\/p>\n<ul>\n<li><a href=\"https:\/\/agora.xtec.cat\/escoladelboscrubi\/wp-content\/uploads\/usu2036\/2024\/11\/ACOLLIDA-DEL-BOSC-24-25_page-0001.jpg\"><\/a><\/li>\n<li>Inscripcions: <a href=\"https:\/\/dlleure.tpvescola.com\/Pre-Formulari.aspx\">https:\/\/dlleure.tpvescola.com\/Pre-Formulari.aspx<\/a><\/li>\n<li>Les acollides comen\u00e7aran el dia 9 de setembre.<\/li>\n<li>El nombre m\u00ednim per obrir el servei ser\u00e0 de 10&hellip;  <a href=\"https:\/\/agora.xtec.cat\/escoladelboscrubi\/serveis\/acollida\/\" title=\"Read SERVEI DE BON DIA\">Llegeix m\u00e9s\u00bb<\/a><br \/>\n","protected":false},"author":1,"featured_media":0,"parent":66,"menu_order":20,"comment_status":"closed","ping_status":"closed","template":"page-templates\/side-menu.php","meta":{"_bbp_topic_count":0,"_bbp_reply_count":0,"_bbp_total_topic_count":0,"_bbp_total_reply_count":0,"_bbp_voice_count":0,"_bbp_anonymous_reply_count":0,"_bbp_topic_count_hidden":0,"_bbp_reply_count_hidden":0,"_bbp_forum_subforum_count":0,"footnotes":""},"class_list":["post-77","page","type-page","status-publish","hentry"],"post_mailing_queue_ids":[],"_links":{"self":[{"href":"https:\/\/agora.xtec.cat\/escoladelboscrubi\/wp-json\/wp\/v2\/pages\/77","targetHints":{"allow":["GET"]}}],"collection":[{"href":"https:\/\/agora.xtec.cat\/escoladelboscrubi\/wp-json\/wp\/v2\/pages"}],"about":[{"href":"https:\/\/agora.xtec.cat\/escoladelboscrubi\/wp-json\/wp\/v2\/types\/page"}],"author":[{"embeddable":true,"href":"https:\/\/agora.xtec.cat\/escoladelboscrubi\/wp-json\/wp\/v2\/users\/1"}],"replies":[{"embeddable":true,"href":"https:\/\/agora.xtec.cat\/escoladelboscrubi\/wp-json\/wp\/v2\/comments?post=77"}],"version-history":[{"count":5,"href":"https:\/\/agora.xtec.cat\/escoladelboscrubi\/wp-json\/wp\/v2\/pages\/77\/revisions"}],"predecessor-version":[{"id":12351,"href":"https:\/\/agora.xtec.cat\/escoladelboscrubi\/wp-json\/wp\/v2\/pages\/77\/revisions\/12351"}],"up":[{"embeddable":true,"href":"https:\/\/agora.xtec.cat\/escoladelboscrubi\/wp-json\/wp\/v2\/pages\/66"}],"wp:attachment":[{"href":"https:\/\/agora.xtec.cat\/escoladelboscrubi\/wp-json\/wp\/v2\/media?parent=77"}],"curies":[{"name":"wp","href":"https:\/\/api.w.org\/{rel}","templated":true}]}}