{"id":73,"date":"2014-09-18T14:01:51","date_gmt":"2014-09-18T13:01:51","guid":{"rendered":"http:\/\/agora.xtec.cat\/escoladelboscrubi\/?page_id=73"},"modified":"2024-11-03T19:10:34","modified_gmt":"2024-11-03T18:10:34","slug":"menjador-escolar","status":"publish","type":"page","link":"https:\/\/agora.xtec.cat\/escoladelboscrubi\/serveis\/menjador-escolar\/","title":{"rendered":"SERVEI DE MENJADOR"},"content":{"rendered":"<p>El servei de menjador es regir\u00e0 pel calendari escolar del centre.<\/p>\n<p>L&#8217;horari ser\u00e0 de 12:30 a 15:00 hores.<\/p>\n<p>Quan l&#8217;escola realitzi jornada intensiva l&#8217;horari del menjador ser\u00e0 de 13:00ha 15:30h.<\/p>\n<p>El servei de menjador es regir\u00e0 pel calendari escolar del centre.<\/p>\n<p>El temps de migdia es divideix en dos torns<\/p>\n<p>1r Torn: P3, P4 , P5, ( dinen a les seves aules) i 2n 3r al menjador.<br \/>\nDe 12.30h a 13.45h dinar<br \/>\nDe 13.45h a 15.00h activitats de lleure i desenvolupament dels h\u00e0bits d&#8217;higiene. Els infants de P3 fan migdiada<\/p>\n<p>2n Torn: 4rt, 5\u00e8 i 6\u00e8. 2n Torn: 4rt, 5\u00e8 i 6\u00e8.<br \/>\nDe 12.30h a a 13.45h activitats de lleure<br \/>\nDe 13.45 a 15.00h dinar<\/p>\n<p>&nbsp;<\/p>\n<p>* Els torns del menjador poden variar depenent del nombre de grups i comensals<\/p>\n<p><span style=\"font-family: inherit; font-size: 1em;\">Informaci\u00f3\u00a0<a href=\"https:\/\/agora.xtec.cat\/escoladelboscrubi\/wp-content\/uploads\/usu2036\/2024\/11\/INFORMACIO-MENJADOR-DEL-BOSC-2425.pdf\">INFORMACI\u00d3 MENJADOR DEL BOSC 2425<\/a><\/span><\/p>\n<ul>\n<li>Inscripcions <a href=\"https:\/\/dlleure.tpvescola.com\/Pre-Formulari.aspx\">https:\/\/dlleure.tpvescola.com\/Pre-Formulari.aspx<\/a><\/li>\n<\/ul>\n<p>&nbsp;<\/p>\n<p>Per qualsevol dubte, contacteu amb l&#8217;AFA (afaescoladelbosc@gmail.com), la coordinadora del servei de menjador (Joana, 639 960 967) o truqueu directament a l&#8217;empresa (93 863 46 58).<\/p>\n","protected":false},"excerpt":{"rendered":"<p>El servei de menjador es regir\u00e0 pel calendari escolar del centre.<br \/>\nL&#8217;horari ser\u00e0 de 12:30 a 15:00 hores.<br \/>\nQuan l&#8217;escola realitzi jornada intensiva l&#8217;horari del menjador ser\u00e0 de 13:00ha 15:30h.<br \/>\nEl servei de menjador es regir\u00e0 pel calendari escolar del centre.<br \/>\nEl temps de migdia es divideix en dos&hellip;  <a href=\"https:\/\/agora.xtec.cat\/escoladelboscrubi\/serveis\/menjador-escolar\/\" title=\"Read SERVEI DE MENJADOR\">Llegeix m\u00e9s\u00bb<\/a><\/p>\n","protected":false},"author":1,"featured_media":0,"parent":66,"menu_order":30,"comment_status":"closed","ping_status":"closed","template":"page-templates\/side-menu.php","meta":{"_bbp_topic_count":0,"_bbp_reply_count":0,"_bbp_total_topic_count":0,"_bbp_total_reply_count":0,"_bbp_voice_count":0,"_bbp_anonymous_reply_count":0,"_bbp_topic_count_hidden":0,"_bbp_reply_count_hidden":0,"_bbp_forum_subforum_count":0,"footnotes":""},"class_list":["post-73","page","type-page","status-publish","hentry"],"post_mailing_queue_ids":[],"_links":{"self":[{"href":"https:\/\/agora.xtec.cat\/escoladelboscrubi\/wp-json\/wp\/v2\/pages\/73","targetHints":{"allow":["GET"]}}],"collection":[{"href":"https:\/\/agora.xtec.cat\/escoladelboscrubi\/wp-json\/wp\/v2\/pages"}],"about":[{"href":"https:\/\/agora.xtec.cat\/escoladelboscrubi\/wp-json\/wp\/v2\/types\/page"}],"author":[{"embeddable":true,"href":"https:\/\/agora.xtec.cat\/escoladelboscrubi\/wp-json\/wp\/v2\/users\/1"}],"replies":[{"embeddable":true,"href":"https:\/\/agora.xtec.cat\/escoladelboscrubi\/wp-json\/wp\/v2\/comments?post=73"}],"version-history":[{"count":5,"href":"https:\/\/agora.xtec.cat\/escoladelboscrubi\/wp-json\/wp\/v2\/pages\/73\/revisions"}],"predecessor-version":[{"id":12353,"href":"https:\/\/agora.xtec.cat\/escoladelboscrubi\/wp-json\/wp\/v2\/pages\/73\/revisions\/12353"}],"up":[{"embeddable":true,"href":"https:\/\/agora.xtec.cat\/escoladelboscrubi\/wp-json\/wp\/v2\/pages\/66"}],"wp:attachment":[{"href":"https:\/\/agora.xtec.cat\/escoladelboscrubi\/wp-json\/wp\/v2\/media?parent=73"}],"curies":[{"name":"wp","href":"https:\/\/api.w.org\/{rel}","templated":true}]}}