{"id":644,"date":"2020-03-24T14:47:20","date_gmt":"2020-03-24T13:47:20","guid":{"rendered":"https:\/\/agora.xtec.cat\/escoladelboscrubi\/?page_id=644"},"modified":"2023-09-01T09:50:42","modified_gmt":"2023-09-01T07:50:42","slug":"afa","status":"publish","type":"page","link":"https:\/\/agora.xtec.cat\/escoladelboscrubi\/afa\/","title":{"rendered":"AFA"},"content":{"rendered":"<h4><\/h4>\n<h4><a href=\"https:\/\/agora.xtec.cat\/escoladelboscrubi\/wp-content\/uploads\/usu2036\/2022\/02\/Triptic-AFA-2022.pdf\">Tr\u00edptic AFA 2022<\/a><\/h4>\n<p>&nbsp;<\/p>\n<h4><\/h4>\n<h4><span style=\"font-weight: 400;\">QUI SOM?<\/span><\/h4>\n<p><span style=\"font-weight: 400;\">Som l\u2019Associaci\u00f3 de Fam\u00edlies d\u2019Alumnes de l\u2019escola, i de manera volunt\u00e0ria i altruista vetllem perqu\u00e8 els nostres fills i filles tinguin una escola millor. Totes les fam\u00edlies de l&#8217;escola s\u00f3n s\u00f2cies de l\u2019AFA. Com a membres de l&#8217;associaci\u00f3, poden assistir a les assemblees i activitats, votar els membres de la Junta i presentar-se com a candidats a les eleccions.<\/span><\/p>\n<p>&nbsp;<\/p>\n<h4><span style=\"font-weight: 400;\">QU\u00c8 FEM?<\/span><\/h4>\n<p><span style=\"font-weight: 400;\">A trav\u00e9s del Consell Escolar, participem en temes relacionats amb l\u2019escola. Cada mes ens reunim amb la Direcci\u00f3 per tractar i treballar conjuntament propostes, necessitats, dubtes i inquietuds.<\/span><\/p>\n<p><span style=\"font-weight: 400;\">A m\u00e9s, cada novembre celebrem l\u2019Assemblea de Socis en qu\u00e8 es prenen les decisions m\u00e9s importants:<\/span><\/p>\n<ul>\n<li style=\"font-weight: 400;\"><span style=\"font-weight: 400;\">Es presenten les despeses.<\/span><\/li>\n<li style=\"font-weight: 400;\"><span style=\"font-weight: 400;\">S\u2019aproven els pressupostos.<\/span><\/li>\n<li style=\"font-weight: 400;\"><span style=\"font-weight: 400;\">Es presenten totes les actuacions portades a terme durant el curs.<\/span><\/li>\n<li style=\"font-weight: 400;\"><span style=\"font-weight: 400;\">Es recullen idees per a futures actuacions.<\/span><\/li>\n<\/ul>\n<p>&nbsp;<\/p>\n<h4><span style=\"font-weight: 400;\">COM ENS ORGANITZEM?<\/span><\/h4>\n<p><span style=\"font-weight: 400;\">Ens organitzem en comissions per treballar temes concrets. Actualment tenim les seg\u00fcents:<\/span><\/p>\n<ul>\n<li style=\"font-weight: 400;\"><span style=\"font-weight: 400;\"><span style=\"text-decoration: underline;\">Comissi\u00f3 de Serveis<\/span>: Mantenen contacte constant amb les empreses que fan els serveis de Bon dia, Menjador i Extraescolars.<\/span><\/li>\n<li style=\"font-weight: 400;\"><span style=\"font-weight: 400;\"><span style=\"text-decoration: underline;\">Comissi\u00f3 de Festes<\/span>: Festa de benvinguda, setmana de Nadal, Carnestoltes, Sant Jordi, final de curs&#8230; Sempre troben moments per celebrar!\u00a0<\/span><\/li>\n<li style=\"font-weight: 400;\"><span style=\"font-weight: 400;\"><span style=\"text-decoration: underline;\">Comissi\u00f3 de Pati<\/span>: Cada any organitzen una jornada de bricolatge familiar per construir infraestructures de lleure pels infants.<\/span><\/li>\n<li style=\"font-weight: 400;\"><span style=\"font-weight: 400;\"><span style=\"text-decoration: underline;\">Comissi\u00f3 del Casal d\u2019Estiu<\/span>: S&#8217;encarrega de contractar el servei de vacances i buscar subvencions municipals si s&#8217;escau.<\/span><\/li>\n<li style=\"font-weight: 400;\"><span style=\"font-weight: 400;\"><span style=\"text-decoration: underline;\">Comissi\u00f3 de Delegades<\/span>: la delegada o delegat de la vostra classe \u00e9s la via de comunicaci\u00f3 m\u00e9s r\u00e0pida amb l\u2019AFA, i tamb\u00e9 de l\u2019AFA amb totes les fam\u00edlies de l\u2019escola.<\/span><\/li>\n<li style=\"font-weight: 400;\"><span style=\"font-weight: 400;\"><span style=\"text-decoration: underline;\">Comissi\u00f3 de col\u00f2nies<\/span>: Un grup de familiars dels alumnes que van de col\u00f2nies, amb ajuda de la Junta, organitzen activitats per ajudar a costejar les col\u00f2nies.<\/span><\/li>\n<li style=\"font-weight: 400;\"><span style=\"font-weight: 400;\"><span style=\"text-decoration: underline;\">Comissi\u00f3 Caf\u00e8-Tert\u00falia<\/span>: En funci\u00f3 dels interessos de les fam\u00edlies, busquen xerrades i formacions.<\/span><\/li>\n<li style=\"font-weight: 400;\"><span style=\"font-weight: 400;\"><span style=\"text-decoration: underline;\">Comissi\u00f3 de Comunicaci\u00f3<\/span>: Gestionen les xarxes socials de l&#8217;AFA i informen les fam\u00edlies de totes les activitats de l&#8217;associaci\u00f3.<\/span><\/li>\n<\/ul>\n<p>&nbsp;<\/p>\n<h4>I TU? HI VOLS PARTICIPAR?<\/h4>\n<p>Qu\u00e8 saps fer? Quines habilitats tens? Amb quina comissi\u00f3 encaixes? Escriu-nos a\u00a0<a href=\"mailto:afaescoladelbosc@gmail.com\">afaescoladelbosc@gmail.com<\/a>\u00a0o parla amb la delegada de la classe dels teus fills\/es perqu\u00e8 ens posi en contacte.<\/p>\n<p>&nbsp;<\/p>\n<p><a href=\"https:\/\/agora.xtec.cat\/escoladelboscrubi\/wp-content\/uploads\/usu2036\/2022\/02\/NORMES-DUS-GRUPS-WHATSAPP.pdf\">NORMES D&#8217;\u00daS DELS GRUPS DE WHATSAPP<\/a><\/p>\n<p>&nbsp;<\/p>\n<h4>TAMB\u00c9 ENS TROBAR\u00c0S A:<\/h4>\n<div><a style=\"color: #2795b6;\" href=\"https:\/\/www.facebook.com\/afaescoladelbosc\/\" target=\"_blank\" rel=\"noopener noreferrer\" data-saferedirecturl=\"https:\/\/www.google.com\/url?q=https:\/\/www.facebook.com\/afaescoladelbosc\/&amp;source=gmail&amp;ust=1603212719695000&amp;usg=AFQjCNG0rFzEmkChFwSjAEA4fVblgMi8zw\">https:\/\/www.facebook.com\/<wbr \/>afaescoladelbosc\/<\/a><\/div>\n<div><\/div>\n<div><a href=\"https:\/\/twitter.com\/ampaescolabosc\" target=\"_blank\" rel=\"noopener noreferrer\" data-saferedirecturl=\"https:\/\/www.google.com\/url?q=https:\/\/twitter.com\/ampaescolabosc&amp;source=gmail&amp;ust=1603212719695000&amp;usg=AFQjCNE4omT8y2aqaWzXPjjEuTZXOYucXw\">https:\/\/twitter.com\/<wbr \/>ampaescolabosc<\/a><\/div>\n<div><\/div>\n<div><a href=\"https:\/\/www.instagram.com\/afaescoladelbosc\/\" target=\"_blank\" rel=\"noopener noreferrer\" data-saferedirecturl=\"https:\/\/www.google.com\/url?q=https:\/\/www.instagram.com\/afaescoladelbosc\/&amp;source=gmail&amp;ust=1603212719695000&amp;usg=AFQjCNFAZlBAbkf_aNAGLDpCTzr41xZFUA\">https:\/\/www.instagram.com\/<wbr \/>afaescoladelbosc\/<\/a><\/div>\n<div><\/div>\n<p>&nbsp;<\/p>\n<p>&nbsp;<\/p>\n<p>Aqu\u00ed us deixem el recompte del sondeig sobre tipus de jornades escolars que es va realitzar el desembre de 2019: <a href=\"https:\/\/agora.xtec.cat\/escoladelboscrubi\/wp-content\/uploads\/usu2036\/2021\/03\/recompte-sondeig-tipus-de-jornada-escolar.pdf\">recompte sondeig tipus de jornada escolar<\/a><\/p>\n<p>&nbsp;<\/p>\n<div><\/div>\n<div><\/div>\n<div><\/div>\n<div>\n<p>&nbsp;<\/p>\n<\/div>\n","protected":false},"excerpt":{"rendered":"<p><a href=\"https:\/\/agora.xtec.cat\/escoladelboscrubi\/wp-content\/uploads\/usu2036\/2022\/02\/Triptic-AFA-2022.pdf\">Tr\u00edptic AFA 2022<\/a><br \/>\n&nbsp;<\/p>\n<p>QUI SOM?<br \/>\nSom l\u2019Associaci\u00f3 de Fam\u00edlies d\u2019Alumnes de l\u2019escola, i de manera volunt\u00e0ria i altruista vetllem perqu\u00e8 els nostres fills i filles tinguin una escola millor. Totes les fam\u00edlies de l&#8217;escola s\u00f3n s\u00f2cies de l\u2019AFA. Com a membres de l&#8217;associaci\u00f3, poden assistir a&hellip;  <a href=\"https:\/\/agora.xtec.cat\/escoladelboscrubi\/afa\/\" title=\"Read AFA\">Llegeix m\u00e9s\u00bb<\/a><\/p>\n","protected":false},"author":1,"featured_media":0,"parent":0,"menu_order":0,"comment_status":"closed","ping_status":"closed","template":"","meta":{"_bbp_topic_count":0,"_bbp_reply_count":0,"_bbp_total_topic_count":0,"_bbp_total_reply_count":0,"_bbp_voice_count":0,"_bbp_anonymous_reply_count":0,"_bbp_topic_count_hidden":0,"_bbp_reply_count_hidden":0,"_bbp_forum_subforum_count":0,"footnotes":""},"class_list":["post-644","page","type-page","status-publish","hentry"],"post_mailing_queue_ids":[],"_links":{"self":[{"href":"https:\/\/agora.xtec.cat\/escoladelboscrubi\/wp-json\/wp\/v2\/pages\/644","targetHints":{"allow":["GET"]}}],"collection":[{"href":"https:\/\/agora.xtec.cat\/escoladelboscrubi\/wp-json\/wp\/v2\/pages"}],"about":[{"href":"https:\/\/agora.xtec.cat\/escoladelboscrubi\/wp-json\/wp\/v2\/types\/page"}],"author":[{"embeddable":true,"href":"https:\/\/agora.xtec.cat\/escoladelboscrubi\/wp-json\/wp\/v2\/users\/1"}],"replies":[{"embeddable":true,"href":"https:\/\/agora.xtec.cat\/escoladelboscrubi\/wp-json\/wp\/v2\/comments?post=644"}],"version-history":[{"count":4,"href":"https:\/\/agora.xtec.cat\/escoladelboscrubi\/wp-json\/wp\/v2\/pages\/644\/revisions"}],"predecessor-version":[{"id":10957,"href":"https:\/\/agora.xtec.cat\/escoladelboscrubi\/wp-json\/wp\/v2\/pages\/644\/revisions\/10957"}],"wp:attachment":[{"href":"https:\/\/agora.xtec.cat\/escoladelboscrubi\/wp-json\/wp\/v2\/media?parent=644"}],"curies":[{"name":"wp","href":"https:\/\/api.w.org\/{rel}","templated":true}]}}