{"id":22,"date":"2014-09-18T12:19:57","date_gmt":"2014-09-18T11:19:57","guid":{"rendered":"http:\/\/agora.xtec.cat\/escoladelboscrubi\/?page_id=22"},"modified":"2026-04-15T09:38:40","modified_gmt":"2026-04-15T07:38:40","slug":"lescola","status":"publish","type":"page","link":"https:\/\/agora.xtec.cat\/escoladelboscrubi\/lescola\/","title":{"rendered":"PORTES OBERTES I PREINSCRIPCI\u00d3 CURS 2026-27"},"content":{"rendered":"<p style=\"text-align: justify;\">Aqu\u00ed trobareu tota la informaci\u00f3 de les nostres portes obertes i tamb\u00e9 tot el que cal saber per la preinscripci\u00f3 del <strong>curs 2026-27.<\/strong><\/p>\n<p><strong>PORTES OBERTES EL DIA 24 DE FEBRER DE 15H A 16:30H. No cal inscripci\u00f3 pr\u00e8via.\u00a0<\/strong><\/p>\n<p>El curs 2026-2027 els vostres fills i filles comen\u00e7aran una nova etapa educativa i a partir del dia<strong> 04 de mar\u00e7 comen\u00e7a la preinscripci\u00f3 fins el dia 19 de mar\u00e7.<\/strong><\/p>\n<p>En aquest enlla\u00e7 trobareu tota la informaci\u00f3 actualitzada:<\/p>\n<p><a href=\"https:\/\/preinscripcio.gencat.cat\/ca\/inici\/\">https:\/\/preinscripcio.gencat.cat<\/a><\/p>\n<p>Qu\u00e8 necessito per fer la preinscripci\u00f3?<\/p>\n<ul>\n<li><strong>Ordinador, tauleta o tel\u00e8fon m\u00f2bil amb connexi\u00f3 a Internet<\/strong>: et caldr\u00e0 un dispositiu electr\u00f2nic amb connexi\u00f3.<\/li>\n<li><strong>Eina d\u2019identificaci\u00f3 digital<\/strong>: \u00e9s m\u00e9s segur que quan facis el tr\u00e0mit (el pare, la mare o el tutor o tutora legal) tinguis una eina d\u2019identificaci\u00f3 digital com el DNI electr\u00f2nic, la T-CAT, el sistema Cl@ve o l\u2019idCAT M\u00f2bil.<\/li>\n<li><strong>El Codi de la nostra escola<\/strong>: 08067193<\/li>\n<\/ul>\n<table width=\"377\">\n<tbody>\n<tr>\n<td width=\"338\"><a href=\"https:\/\/agora.xtec.cat\/escoladelboscrubi\/docs\/oferta-inicial-26-27\/\">Publicaci\u00f3 de l\u2019oferta inicial<\/a><\/td>\n<td width=\"177\">3 de mar\u00e7 de 2026<\/td>\n<\/tr>\n<tr>\n<td width=\"338\"><a href=\"https:\/\/preinscripcio.gencat.cat\/ca\/inici\/\">Presentaci\u00f3 de\u00a0sol\u00b7licituds<\/a><\/td>\n<td width=\"177\">Del 4 al 18 de mar\u00e7 de 2026<\/td>\n<\/tr>\n<tr>\n<td width=\"338\"><a href=\"https:\/\/agora.xtec.cat\/escoladelboscrubi\/docs\/barem-provisional-4\/\">Llista amb barem provisional<\/a><\/td>\n<td width=\"177\">15 d\u2019abril de 2026<\/td>\n<\/tr>\n<tr>\n<td width=\"338\">Reclamacions a la puntuaci\u00f3 provisional<\/td>\n<td width=\"177\">Del 15 al 20 d\u2019abril de 2026<\/td>\n<\/tr>\n<tr>\n<td width=\"338\">Resoluci\u00f3 reclamacions Llista amb barem definitiu.<\/td>\n<td width=\"177\">23 d&#8217;abril de 2026<\/td>\n<\/tr>\n<tr>\n<td width=\"338\">Sorteig del n\u00famero\u00a0de desempat<\/td>\n<td width=\"177\">28 d&#8217;abril de 2026<\/td>\n<\/tr>\n<tr>\n<td width=\"338\">Publicaci\u00f3 de la primera petici\u00f3 ordenada<\/td>\n<td width=\"177\">29 d&#8217;abril de 2026<\/td>\n<\/tr>\n<tr>\n<td width=\"338\">Publicaci\u00f3 de l\u2019oferta definitiva<\/td>\n<td width=\"177\">10 de juny de 2026<\/td>\n<\/tr>\n<\/tbody>\n<\/table>\n<p>&nbsp;<\/p>\n<table width=\"63%\">\n<tbody>\n<tr>\n<td width=\"64%\">Publicaci\u00f3 de les\u00a0<strong>llistes d\u2019 admesos<\/strong><\/p>\n<p><strong>i\u00a0<\/strong><strong>llista d\u2019espera<\/strong><\/td>\n<td width=\"33%\">&nbsp;<\/p>\n<p>10 de juny de 2026<\/td>\n<\/tr>\n<\/tbody>\n<\/table>\n<p>Enlla\u00e7\u00a0<strong>formulari reclamacions del 10 al 12 de juny de 2026<\/strong>\u00a0 \u00a0 \u00a0formulari reclamacions<\/p>\n<p>&nbsp;<\/p>\n<p>Per\u00edode de\u00a0<strong>matriculaci\u00f3<\/strong>\u00a0(infantil i prim\u00e0ria i 1r d\u2019ESO)\u00a0<strong>Del 22 de juny al 30 de 2026.<\/strong><\/p>\n<p>&nbsp;<\/p>\n<p><iframe loading=\"lazy\" src=\"https:\/\/www.youtube.com\/embed\/BvLwbftqsqU\" width=\"560\" height=\"315\" frameborder=\"0\"><\/iframe><\/p>\n<p><iframe loading=\"lazy\" src=\"https:\/\/www.youtube.com\/embed\/xq568FYqHKY\" width=\"560\" height=\"315\" frameborder=\"0\"><\/iframe><\/p>\n<p><iframe loading=\"lazy\" src=\"https:\/\/www.youtube.com\/embed\/NSjxScnZBQk\" width=\"560\" height=\"315\" frameborder=\"0\"><\/iframe><\/p>\n<p>Equip Directiu<\/p>\n","protected":false},"excerpt":{"rendered":"<p>Aqu\u00ed trobareu tota la informaci\u00f3 de les nostres portes obertes i tamb\u00e9 tot el que cal saber per la preinscripci\u00f3 del curs 2026-27.<br \/>\nPORTES OBERTES EL DIA 24 DE FEBRER DE 15H A 16:30H. No cal inscripci\u00f3 pr\u00e8via.\u00a0<br \/>\nEl curs 2026-2027 els vostres fills i filles comen\u00e7aran&hellip;  <a href=\"https:\/\/agora.xtec.cat\/escoladelboscrubi\/lescola\/\" title=\"Read PORTES OBERTES I PREINSCRIPCI\u00d3 CURS 2026-27\">Llegeix m\u00e9s\u00bb<\/a><\/p>\n","protected":false},"author":1,"featured_media":0,"parent":0,"menu_order":0,"comment_status":"closed","ping_status":"closed","template":"page-templates\/side-menu.php","meta":{"_bbp_topic_count":0,"_bbp_reply_count":0,"_bbp_total_topic_count":0,"_bbp_total_reply_count":0,"_bbp_voice_count":0,"_bbp_anonymous_reply_count":0,"_bbp_topic_count_hidden":0,"_bbp_reply_count_hidden":0,"_bbp_forum_subforum_count":0,"footnotes":""},"class_list":["post-22","page","type-page","status-publish","hentry"],"post_mailing_queue_ids":[],"_links":{"self":[{"href":"https:\/\/agora.xtec.cat\/escoladelboscrubi\/wp-json\/wp\/v2\/pages\/22","targetHints":{"allow":["GET"]}}],"collection":[{"href":"https:\/\/agora.xtec.cat\/escoladelboscrubi\/wp-json\/wp\/v2\/pages"}],"about":[{"href":"https:\/\/agora.xtec.cat\/escoladelboscrubi\/wp-json\/wp\/v2\/types\/page"}],"author":[{"embeddable":true,"href":"https:\/\/agora.xtec.cat\/escoladelboscrubi\/wp-json\/wp\/v2\/users\/1"}],"replies":[{"embeddable":true,"href":"https:\/\/agora.xtec.cat\/escoladelboscrubi\/wp-json\/wp\/v2\/comments?post=22"}],"version-history":[{"count":8,"href":"https:\/\/agora.xtec.cat\/escoladelboscrubi\/wp-json\/wp\/v2\/pages\/22\/revisions"}],"predecessor-version":[{"id":13870,"href":"https:\/\/agora.xtec.cat\/escoladelboscrubi\/wp-json\/wp\/v2\/pages\/22\/revisions\/13870"}],"wp:attachment":[{"href":"https:\/\/agora.xtec.cat\/escoladelboscrubi\/wp-json\/wp\/v2\/media?parent=22"}],"curies":[{"name":"wp","href":"https:\/\/api.w.org\/{rel}","templated":true}]}}