{"id":10876,"date":"2023-06-21T14:11:28","date_gmt":"2023-06-21T12:11:28","guid":{"rendered":"https:\/\/agora.xtec.cat\/escoladelboscrubi\/?page_id=10876"},"modified":"2023-06-21T14:11:28","modified_gmt":"2023-06-21T12:11:28","slug":"avaluacio-edc","status":"publish","type":"page","link":"https:\/\/agora.xtec.cat\/escoladelboscrubi\/avaluacio-edc\/","title":{"rendered":"Avaluaci\u00f3 EDC"},"content":{"rendered":"<p><span style=\"font-weight: 400;\">Anualment la comissi\u00f3 digital de centre avaluar\u00e0 l\u2019estrat\u00e8gia digital de manera continuada i vetllar\u00e0 per la seva realitzaci\u00f3.<\/span><\/p>\n<p><span style=\"font-weight: 400;\">En finalitzar el curs primer en cicle\u00a0 i despr\u00e9s el claustre es fa la valoraci\u00f3 de les activitats dutes a terme, aix\u00ed com les propostes de millora i les esmenes oportunes, i es plantegen els objectius pel curs vinent. A inici de curs, la comissi\u00f3 digital revisa l\u2019EDC i fa les actualitzacions o esmenes necess\u00e0ries. <\/span><\/p>\n","protected":false},"excerpt":{"rendered":"<p>Anualment la comissi\u00f3 digital de centre avaluar\u00e0 l\u2019estrat\u00e8gia digital de manera continuada i vetllar\u00e0 per la seva realitzaci\u00f3.<br \/>\nEn finalitzar el curs primer en cicle\u00a0 i despr\u00e9s el claustre es fa la valoraci\u00f3 de les activitats dutes a terme, aix\u00ed com les propostes de millora i&hellip;  <a href=\"https:\/\/agora.xtec.cat\/escoladelboscrubi\/avaluacio-edc\/\" title=\"Read Avaluaci\u00f3 EDC\">Llegeix m\u00e9s\u00bb<\/a><\/p>\n","protected":false},"author":19,"featured_media":0,"parent":0,"menu_order":0,"comment_status":"closed","ping_status":"closed","template":"","meta":{"_bbp_topic_count":0,"_bbp_reply_count":0,"_bbp_total_topic_count":0,"_bbp_total_reply_count":0,"_bbp_voice_count":0,"_bbp_anonymous_reply_count":0,"_bbp_topic_count_hidden":0,"_bbp_reply_count_hidden":0,"_bbp_forum_subforum_count":0,"footnotes":""},"class_list":["post-10876","page","type-page","status-publish","hentry"],"post_mailing_queue_ids":[],"_links":{"self":[{"href":"https:\/\/agora.xtec.cat\/escoladelboscrubi\/wp-json\/wp\/v2\/pages\/10876","targetHints":{"allow":["GET"]}}],"collection":[{"href":"https:\/\/agora.xtec.cat\/escoladelboscrubi\/wp-json\/wp\/v2\/pages"}],"about":[{"href":"https:\/\/agora.xtec.cat\/escoladelboscrubi\/wp-json\/wp\/v2\/types\/page"}],"author":[{"embeddable":true,"href":"https:\/\/agora.xtec.cat\/escoladelboscrubi\/wp-json\/wp\/v2\/users\/19"}],"replies":[{"embeddable":true,"href":"https:\/\/agora.xtec.cat\/escoladelboscrubi\/wp-json\/wp\/v2\/comments?post=10876"}],"version-history":[{"count":2,"href":"https:\/\/agora.xtec.cat\/escoladelboscrubi\/wp-json\/wp\/v2\/pages\/10876\/revisions"}],"predecessor-version":[{"id":10878,"href":"https:\/\/agora.xtec.cat\/escoladelboscrubi\/wp-json\/wp\/v2\/pages\/10876\/revisions\/10878"}],"wp:attachment":[{"href":"https:\/\/agora.xtec.cat\/escoladelboscrubi\/wp-json\/wp\/v2\/media?parent=10876"}],"curies":[{"name":"wp","href":"https:\/\/api.w.org\/{rel}","templated":true}]}}