{"id":10395,"date":"2023-03-08T12:57:03","date_gmt":"2023-03-08T11:57:03","guid":{"rendered":"https:\/\/agora.xtec.cat\/escoladelboscrubi\/?page_id=10395"},"modified":"2023-06-21T18:52:15","modified_gmt":"2023-06-21T16:52:15","slug":"diagnosi","status":"publish","type":"page","link":"https:\/\/agora.xtec.cat\/escoladelboscrubi\/diagnosi\/","title":{"rendered":"Diagnosi"},"content":{"rendered":"<p>Per detectar els punts forts del centre a mantenir i potenciar, i els punts febles a millorar, cal fer una\u00a0<strong>bona diagnosi.<\/strong><\/p>\n<p>Una diagnosi ha de ser completa, per\u00f2 en el document de l\u2019EDC nom\u00e9s ser\u00e0 necessari que n\u2019aparegui un resum, especialment d\u2019aquells \u00e0mbits en els quals calgui fer actuacions.<\/p>\n<p>Cal tenir present que la diagnosi ha de permetre determinar el grau d\u2019assoliment de les compet\u00e8ncies digitals en refer\u00e8ncia als tres eixos del PEDC: alumnat, professorat i centre.<\/p>\n<h2><span style=\"font-weight: 400;\">Eines utilitzades en la diagnosi<\/span><\/h2>\n<p><span style=\"font-weight: 400;\">Per a la realitzaci\u00f3 de la diagnosi del centre s\u2019han utilitzat les seg\u00fcents eines:<\/span><\/p>\n<ul>\n<li style=\"font-weight: 400;\" aria-checked=\"true\" aria-level=\"1\"><span style=\"font-weight: 400;\">Selfie<\/span><\/li>\n<li style=\"font-weight: 400;\" aria-checked=\"true\" aria-level=\"1\"><span style=\"font-weight: 400;\">Selfie for teachers<\/span><\/li>\n<li style=\"font-weight: 400;\" aria-checked=\"true\" aria-level=\"1\"><span style=\"font-weight: 400;\">Entrevistes a fam\u00edlies<\/span><\/li>\n<li style=\"font-weight: 400;\" aria-checked=\"true\" aria-level=\"1\"><span style=\"font-weight: 400;\">\u00cdtems Pla Tac<\/span><\/li>\n<li style=\"font-weight: 400;\" aria-checked=\"true\" aria-level=\"1\"><span style=\"font-weight: 400;\">Q\u00fcestionaris a fam\u00edlies<\/span><\/li>\n<li style=\"font-weight: 400;\" aria-checked=\"true\" aria-level=\"1\"><span style=\"font-weight: 400;\">Q\u00fcestionaris a alumnes<\/span><\/li>\n<li style=\"font-weight: 400;\" aria-checked=\"true\" aria-level=\"1\"><span style=\"font-weight: 400;\">Q\u00fcestionaris a docents<\/span><\/li>\n<li style=\"font-weight: 400;\" aria-checked=\"true\" aria-level=\"1\"><span style=\"font-weight: 400;\">Q\u00fcestionaris PAs<\/span><\/li>\n<\/ul>\n<p>&nbsp;<\/p>\n<h2><span style=\"font-weight: 400;\">Aspectes destacats de la diagnosi<\/span><\/h2>\n<p><span style=\"font-weight: 400;\">Com a aspectes destacats de la diagnosi cal remarcar l\u2019alta participaci\u00f3 de tota la comunitat educativa, tant en l&#8217;\u00e0mbit d&#8217;escola amb els alumnes i docents, com amb les fam\u00edlies.\u00a0<\/span><\/p>\n<p><span style=\"font-weight: 400;\">S\u2019ha pogut fer una bona diagnosi, ja que s\u2019han obtingut dades des de diferents fonts i la comissi\u00f3 digital, d\u2019aquesta manera, ha tingut una major visi\u00f3 dels resultats obtinguts.<\/span><\/p>\n<p>&nbsp;<\/p>\n<h1><span style=\"font-weight: 400;\">AN\u00c0LISI DE LA SITUACI\u00d3 DEL CENTRE<\/span><\/h1>\n<p><span style=\"font-weight: 400;\">An\u00e0lisi a partir dels resultats de la reflexi\u00f3 que s&#8217;ha dut a terme emprant les eines de diagnosi utilitzades.<\/span><\/p>\n<h2><span style=\"font-weight: 400;\">Punts forts i punts febles detectats en la diagnosi<\/span><\/h2>\n<p><span style=\"font-weight: 400;\">Tot seguit es mostra una taula amb l\u2019enumeraci\u00f3 dels punts forts i dels punts febles principals que es detecten i que serveixen per definir els objectius.\u00a0<\/span><\/p>\n<p><a href=\"https:\/\/agora.xtec.cat\/escoladelboscrubi\/wp-content\/uploads\/usu2036\/2023\/06\/punts-forts-i-flebes-1.jpg\"><img loading=\"lazy\" decoding=\"async\" class=\"size-full wp-image-10897 aligncenter\" src=\"https:\/\/agora.xtec.cat\/escoladelboscrubi\/wp-content\/uploads\/usu2036\/2023\/06\/punts-forts-i-flebes-1.jpg\" alt=\"\" width=\"571\" height=\"230\" srcset=\"https:\/\/agora.xtec.cat\/escoladelboscrubi\/wp-content\/uploads\/usu2036\/2023\/06\/punts-forts-i-flebes-1.jpg 571w, https:\/\/agora.xtec.cat\/escoladelboscrubi\/wp-content\/uploads\/usu2036\/2023\/06\/punts-forts-i-flebes-1-300x121.jpg 300w\" sizes=\"auto, (max-width: 571px) 100vw, 571px\" \/><\/a><\/p>\n<p><span style=\"font-weight: 400;\">Com a punts febles, l\u2019escola creu convenient millorar aspectes com trobar un espai per intercanviar experi\u00e8ncies, un espai on els docents puguin adquirir i compartir per tal de millorar la seva compet\u00e8ncia digital docent. D\u2019aqu\u00ed deriva la necessitat que troba el centre d\u2019estar en constant aprenentatge i millorar el nivell digital dels seus docents.<\/span><\/p>\n<p><span style=\"font-weight: 400;\">Per altra banda, la millora de l\u2019avaluaci\u00f3 tamb\u00e9 es veu com un dels punts a millorar, sobretot a la part que t\u00e9 a veure amb l\u2019autoreflexi\u00f3 sobre l\u2019aprenentatge dels alumnes.<\/span><\/p>\n<p><span style=\"font-weight: 400;\">D\u2019aquestes febleses la comissi\u00f3 deriva uns objectius que es detallaran m\u00e9s endavant.<\/span><\/p>\n<p>&nbsp;<\/p>\n<p><span style=\"font-weight: 400;\">Com a punts forts, l\u2019escola valora les infraestructures en equips digitals dels quals disposa el centre, fet que produeix que la seva utilitzaci\u00f3 pugui ser de manera m\u00e9s continuada i que arribi a m\u00e9s alumnat.\u00a0<\/span><\/p>\n<p><span style=\"font-weight: 400;\">El fet de tenir aquests materials i que s\u2019utilitzin de manera m\u00e9s habitual, fa que un altre dels punts forts sigui tenir un recull de recursos en l\u00ednia per a la seva utilitzaci\u00f3.<\/span><\/p>\n<p><span style=\"font-weight: 400;\">Despr\u00e9s de valorar tant les febleses com les fortaleses del centre, la comissi\u00f3 digital fa un primer recull del qu\u00e8 serien els objectius, els quals valoren segons uns criteris de selecci\u00f3: segons la necessitat, la viabilitat, els recursos i el grau d\u2019impacte:<\/span><\/p>\n<p><a href=\"https:\/\/agora.xtec.cat\/escoladelboscrubi\/wp-content\/uploads\/usu2036\/2023\/06\/recull.jpg\"><img loading=\"lazy\" decoding=\"async\" class=\"size-full wp-image-10896 aligncenter\" src=\"https:\/\/agora.xtec.cat\/escoladelboscrubi\/wp-content\/uploads\/usu2036\/2023\/06\/recull.jpg\" alt=\"\" width=\"572\" height=\"204\" srcset=\"https:\/\/agora.xtec.cat\/escoladelboscrubi\/wp-content\/uploads\/usu2036\/2023\/06\/recull.jpg 572w, https:\/\/agora.xtec.cat\/escoladelboscrubi\/wp-content\/uploads\/usu2036\/2023\/06\/recull-300x107.jpg 300w\" sizes=\"auto, (max-width: 572px) 100vw, 572px\" \/><\/a><\/p>\n<p><span style=\"font-weight: 400;\">A partir dels resultats, es reformulen els objectius de l\u2019Estrat\u00e8gia Digital del Centre.<\/span><\/p>\n","protected":false},"excerpt":{"rendered":"<p>Per detectar els punts forts del centre a mantenir i potenciar, i els punts febles a millorar, cal fer una\u00a0bona diagnosi.<br \/>\nUna diagnosi ha de ser completa, per\u00f2 en el document de l\u2019EDC nom\u00e9s ser\u00e0 necessari que n\u2019aparegui un resum, especialment d\u2019aquells \u00e0mbits en els quals&hellip;  <a href=\"https:\/\/agora.xtec.cat\/escoladelboscrubi\/diagnosi\/\" title=\"Read Diagnosi\">Llegeix m\u00e9s\u00bb<\/a><\/p>\n","protected":false},"author":19,"featured_media":0,"parent":0,"menu_order":0,"comment_status":"closed","ping_status":"closed","template":"","meta":{"_bbp_topic_count":0,"_bbp_reply_count":0,"_bbp_total_topic_count":0,"_bbp_total_reply_count":0,"_bbp_voice_count":0,"_bbp_anonymous_reply_count":0,"_bbp_topic_count_hidden":0,"_bbp_reply_count_hidden":0,"_bbp_forum_subforum_count":0,"footnotes":""},"class_list":["post-10395","page","type-page","status-publish","hentry"],"post_mailing_queue_ids":[],"_links":{"self":[{"href":"https:\/\/agora.xtec.cat\/escoladelboscrubi\/wp-json\/wp\/v2\/pages\/10395","targetHints":{"allow":["GET"]}}],"collection":[{"href":"https:\/\/agora.xtec.cat\/escoladelboscrubi\/wp-json\/wp\/v2\/pages"}],"about":[{"href":"https:\/\/agora.xtec.cat\/escoladelboscrubi\/wp-json\/wp\/v2\/types\/page"}],"author":[{"embeddable":true,"href":"https:\/\/agora.xtec.cat\/escoladelboscrubi\/wp-json\/wp\/v2\/users\/19"}],"replies":[{"embeddable":true,"href":"https:\/\/agora.xtec.cat\/escoladelboscrubi\/wp-json\/wp\/v2\/comments?post=10395"}],"version-history":[{"count":3,"href":"https:\/\/agora.xtec.cat\/escoladelboscrubi\/wp-json\/wp\/v2\/pages\/10395\/revisions"}],"predecessor-version":[{"id":10898,"href":"https:\/\/agora.xtec.cat\/escoladelboscrubi\/wp-json\/wp\/v2\/pages\/10395\/revisions\/10898"}],"wp:attachment":[{"href":"https:\/\/agora.xtec.cat\/escoladelboscrubi\/wp-json\/wp\/v2\/media?parent=10395"}],"curies":[{"name":"wp","href":"https:\/\/api.w.org\/{rel}","templated":true}]}}