{"id":6137,"date":"2026-04-20T10:02:01","date_gmt":"2026-04-20T08:02:01","guid":{"rendered":"https:\/\/agora.xtec.cat\/escoladelbosc\/?page_id=6137"},"modified":"2026-04-20T10:02:02","modified_gmt":"2026-04-20T08:02:02","slug":"radio-la-veu-del-bosc","status":"publish","type":"page","link":"https:\/\/agora.xtec.cat\/escoladelbosc\/radio-la-veu-del-bosc\/","title":{"rendered":"R\u00e0dio &#8220;La veu del Bosc&#8221;"},"content":{"rendered":"\n<figure class=\"wp-block-image size-large\"><a href=\"https:\/\/agora.xtec.cat\/escoladelbosc\/wp-content\/uploads\/usu166\/2026\/04\/Copia-de-Disseny-sense-titol.png\"><img loading=\"lazy\" decoding=\"async\" width=\"1024\" height=\"573\" src=\"https:\/\/agora.xtec.cat\/escoladelbosc\/wp-content\/uploads\/usu166\/2026\/04\/Copia-de-Disseny-sense-titol-1024x573.png\" alt=\"\" class=\"wp-image-6138\" srcset=\"https:\/\/agora.xtec.cat\/escoladelbosc\/wp-content\/uploads\/usu166\/2026\/04\/Copia-de-Disseny-sense-titol-1024x573.png 1024w, https:\/\/agora.xtec.cat\/escoladelbosc\/wp-content\/uploads\/usu166\/2026\/04\/Copia-de-Disseny-sense-titol-300x168.png 300w, https:\/\/agora.xtec.cat\/escoladelbosc\/wp-content\/uploads\/usu166\/2026\/04\/Copia-de-Disseny-sense-titol-768x430.png 768w, https:\/\/agora.xtec.cat\/escoladelbosc\/wp-content\/uploads\/usu166\/2026\/04\/Copia-de-Disseny-sense-titol-1536x860.png 1536w, https:\/\/agora.xtec.cat\/escoladelbosc\/wp-content\/uploads\/usu166\/2026\/04\/Copia-de-Disseny-sense-titol.png 1600w\" sizes=\"auto, (max-width: 1024px) 100vw, 1024px\" \/><\/a><\/figure>\n\n\n\n<p>Presentem&nbsp;<em>La veu del bosc<\/em>, un nou projecte de r\u00e0dio escolar que neix amb molta il\u00b7lusi\u00f3 i amb l\u2019objectiu de potenciar l\u2019\u00fas de la llengua catalana en la seva vessant oral.<\/p>\n\n\n\n<p>A trav\u00e9s d\u2019aquesta iniciativa, tamb\u00e9 volem fomentar el sentiment de pertinen\u00e7a a un projecte com\u00fa, on els infants esdevinguin protagonistes i part activa del proc\u00e9s de creaci\u00f3.<\/p>\n\n\n\n<p>Els i les alumnes de tercer s\u00f3n el fil conductor del projecte, implicant-se en la preparaci\u00f3 i elaboraci\u00f3 dels continguts radiof\u00f2nics. Comptem, a m\u00e9s, amb el suport del coordinador digital, que acompanya el proc\u00e9s i fa possible que aquesta iniciativa esdevingui una realitat.<\/p>\n\n\n\n<p>Estem conven\u00e7uts que aquest projecte ser\u00e0 una gran oportunitat per desenvolupar habilitats comunicatives, creatives i de treball en equip.<\/p>\n\n\n\n<p><\/p>\n","protected":false},"excerpt":{"rendered":"<p>Presentem&nbsp;La veu del bosc, un nou projecte de r\u00e0dio escolar que neix amb molta il\u00b7lusi\u00f3 i amb l\u2019objectiu de potenciar [&hellip;]<\/p>\n","protected":false},"author":6,"featured_media":0,"parent":0,"menu_order":0,"comment_status":"closed","ping_status":"close","template":"","meta":{"_bbp_topic_count":0,"_bbp_reply_count":0,"_bbp_total_topic_count":0,"_bbp_total_reply_count":0,"_bbp_voice_count":0,"_bbp_anonymous_reply_count":0,"_bbp_topic_count_hidden":0,"_bbp_reply_count_hidden":0,"_bbp_forum_subforum_count":0,"site-sidebar-layout":"default","site-content-layout":"","ast-site-content-layout":"default","site-content-style":"default","site-sidebar-style":"default","ast-global-header-display":"","ast-banner-title-visibility":"","ast-main-header-display":"","ast-hfb-above-header-display":"","ast-hfb-below-header-display":"","ast-hfb-mobile-header-display":"","site-post-title":"","ast-breadcrumbs-content":"","ast-featured-img":"","footer-sml-layout":"","theme-transparent-header-meta":"","adv-header-id-meta":"","stick-header-meta":"","header-above-stick-meta":"","header-main-stick-meta":"","header-below-stick-meta":"","astra-migrate-meta-layouts":"set","ast-page-background-enabled":"default","ast-page-background-meta":{"desktop":{"background-color":"var(--ast-global-color-4)","background-image":"","background-repeat":"repeat","background-position":"center center","background-size":"auto","background-attachment":"scroll","background-type":"","background-media":"","overlay-type":"","overlay-color":"","overlay-opacity":"","overlay-gradient":""},"tablet":{"background-color":"","background-image":"","background-repeat":"repeat","background-position":"center center","background-size":"auto","background-attachment":"scroll","background-type":"","background-media":"","overlay-type":"","overlay-color":"","overlay-opacity":"","overlay-gradient":""},"mobile":{"background-color":"","background-image":"","background-repeat":"repeat","background-position":"center center","background-size":"auto","background-attachment":"scroll","background-type":"","background-media":"","overlay-type":"","overlay-color":"","overlay-opacity":"","overlay-gradient":""}},"ast-content-background-meta":{"desktop":{"background-color":"var(--ast-global-color-5)","background-image":"","background-repeat":"repeat","background-position":"center center","background-size":"auto","background-attachment":"scroll","background-type":"","background-media":"","overlay-type":"","overlay-color":"","overlay-opacity":"","overlay-gradient":""},"tablet":{"background-color":"var(--ast-global-color-5)","background-image":"","background-repeat":"repeat","background-position":"center center","background-size":"auto","background-attachment":"scroll","background-type":"","background-media":"","overlay-type":"","overlay-color":"","overlay-opacity":"","overlay-gradient":""},"mobile":{"background-color":"var(--ast-global-color-5)","background-image":"","background-repeat":"repeat","background-position":"center center","background-size":"auto","background-attachment":"scroll","background-type":"","background-media":"","overlay-type":"","overlay-color":"","overlay-opacity":"","overlay-gradient":""}},"footnotes":""},"class_list":["post-6137","page","type-page","status-publish","hentry"],"post_mailing_queue_ids":[],"_links":{"self":[{"href":"https:\/\/agora.xtec.cat\/escoladelbosc\/wp-json\/wp\/v2\/pages\/6137","targetHints":{"allow":["GET"]}}],"collection":[{"href":"https:\/\/agora.xtec.cat\/escoladelbosc\/wp-json\/wp\/v2\/pages"}],"about":[{"href":"https:\/\/agora.xtec.cat\/escoladelbosc\/wp-json\/wp\/v2\/types\/page"}],"author":[{"embeddable":true,"href":"https:\/\/agora.xtec.cat\/escoladelbosc\/wp-json\/wp\/v2\/users\/6"}],"replies":[{"embeddable":true,"href":"https:\/\/agora.xtec.cat\/escoladelbosc\/wp-json\/wp\/v2\/comments?post=6137"}],"version-history":[{"count":1,"href":"https:\/\/agora.xtec.cat\/escoladelbosc\/wp-json\/wp\/v2\/pages\/6137\/revisions"}],"predecessor-version":[{"id":6139,"href":"https:\/\/agora.xtec.cat\/escoladelbosc\/wp-json\/wp\/v2\/pages\/6137\/revisions\/6139"}],"wp:attachment":[{"href":"https:\/\/agora.xtec.cat\/escoladelbosc\/wp-json\/wp\/v2\/media?parent=6137"}],"curies":[{"name":"wp","href":"https:\/\/api.w.org\/{rel}","templated":true}]}}