{"id":38,"date":"2014-09-18T12:34:08","date_gmt":"2014-09-18T12:34:08","guid":{"rendered":"http:\/\/agora.xtec.cat\/escoladelbosc\/?page_id=38"},"modified":"2025-01-29T20:07:48","modified_gmt":"2025-01-29T19:07:48","slug":"salut","status":"publish","type":"page","link":"https:\/\/agora.xtec.cat\/escoladelbosc\/lescola\/salut\/","title":{"rendered":"Salut a l&#8217;escola"},"content":{"rendered":"\n<h3 class=\"wp-block-heading\"><strong>Par\u00e0sits<\/strong><\/h3>\n\n\n\n<div class=\"wp-block-media-text is-stacked-on-mobile\" style=\"padding-top:var(--wp--preset--spacing--30);padding-bottom:var(--wp--preset--spacing--30);grid-template-columns:20% auto\"><figure class=\"wp-block-media-text__media\"><img loading=\"lazy\" decoding=\"async\" width=\"220\" height=\"146\" src=\"https:\/\/agora.xtec.cat\/escoladelbosc\/wp-content\/uploads\/usu166\/2014\/09\/polls.jpg\" alt=\"\" class=\"wp-image-253 size-full\"\/><\/figure><div class=\"wp-block-media-text__content\">\n<p>Si es detecten par\u00e0sits (polls) es comunicar\u00e0 per correu electr\u00f2nic amb una nota informativa sobre el tractament adient a seguir. En casos reincidents, s\u2019aconsella que l\u2019alumne resti a casa fins que s\u2019hagi solucionat el problema.<\/p>\n<\/div><\/div>\n\n\n\n<h3 class=\"wp-block-heading\"><strong>Subministrament de medicaments i abs\u00e8ncies per malaltia<\/strong><\/h3>\n\n\n\n<p>Sempre que sigui previsible, cal que en cas que els\/les vostres fills\/es hagin de deixar de venir a l\u2019escola per malaltia o altres motius, ens ho feu saber.&nbsp;\u00c9s especialment important que comuniqueu a l\u2019escola si el vostre fill o filla pateix una malaltia infecto-contagiosa, o b\u00e9 t\u00e9 par\u00e0sits, i que no el\/la porteu a l\u2019escola si no t\u00e9 l\u2019alta m\u00e8dica i ha desaparegut qualsevol risc de contagi. Caldr\u00e0 presentar l\u2019informe m\u00e8dic d\u2019aquelles malalties que, per la seva simptomatologia, impedeixen seguir l\u2019activitat lectiva ordin\u00e0ria.&nbsp;Caldr\u00e0 justificar per&nbsp;escrit les faltes d\u2019assist\u00e8ncia. Els i les alumnes de 1r a 6\u00e8 portaran la justificaci\u00f3 a l\u2019agenda.<\/p>\n\n\n\n<p>Per norma general NO S\u2019ADMINISTRARAN MEDICAMENTS A ELS\/LES ALUMNES.<\/p>\n\n\n\n<p>En aquells casos que sigui imprescindible aquesta medicaci\u00f3 cal que s\u2019aporti:<\/p>\n\n\n\n<ul class=\"wp-block-list\">\n<li>Un informe m\u00e8dic on consti el nom de l\u2019alumne\/a, la pauta i el nom del medicament i on quedi clarament explicat que \u00e9s imprescindible l\u2019administraci\u00f3 del medicament dins l\u2019horari lectiu.<\/li>\n\n\n\n<li>Una autoritzaci\u00f3 (l\u2019escola disposa d\u2019un model) del pare, mare o tutor\/a on es demani i s\u2019autoritzi al personal del centre educatiu que administri al fill o filla la medicaci\u00f3 prescrita, sempre que sigui imprescindible la seva administraci\u00f3 en horari lectiu.<\/li>\n<\/ul>\n\n\n\n<p>L\u2019escola disposa d\u2019un registre dels i de les alumnes amb malalties cr\u00f2niques i\/o al\u00b7l\u00e8rgies amb una fitxa adjunta amb les actuacions a fer en cas de situaci\u00f3 cr\u00edtica. Si un pare, mare o tutor\/a notifica que el\/la seu\/seva fill\/a es troba en aquesta situaci\u00f3 cal que s\u2019adreci a la Secretaria per emplenar la fitxa corresponent.<\/p>\n\n\n\n<div class=\"wp-block-media-text has-media-on-the-right is-stacked-on-mobile\" style=\"padding-top:var(--wp--preset--spacing--20);padding-bottom:var(--wp--preset--spacing--20);grid-template-columns:auto 20%\"><div class=\"wp-block-media-text__content\">\n<p>El personal del centre nom\u00e9s podr\u00e0 administrar medicacions quan aix\u00f2 tamb\u00e9 podria fer-ho el pare, mare o tutor legal, sense una formaci\u00f3 especial. En cas contrari, si la medicaci\u00f3 ha de ser administrada per personal amb una formaci\u00f3 determinada, caldr\u00e0 que el centre es posi en contacte amb el Centre d\u2019Assist\u00e8ncia Prim\u00e0ria m\u00e9s proper.<\/p>\n<\/div><figure class=\"wp-block-media-text__media\"><img loading=\"lazy\" decoding=\"async\" width=\"254\" height=\"198\" src=\"https:\/\/agora.xtec.cat\/escoladelbosc\/wp-content\/uploads\/usu166\/2014\/09\/medicaments.jpg\" alt=\"\" class=\"wp-image-255 size-full\"\/><\/figure><\/div>\n\n\n\n<h3 class=\"wp-block-heading\"><strong>Accidents<\/strong><\/h3>\n\n\n\n<p>En cas d&#8217;accident a l\u2019escola,&nbsp; procedirem de la seg\u00fcent manera:<\/p>\n\n\n\n<ol class=\"wp-block-list\">\n<li>Si la ferida \u00e9s lleu, la cura es far\u00e0 a la mateixa escola.<\/li>\n\n\n\n<li>Si cal portar l\u2019alumne\/a al CAP o hospital es trucar\u00e0 a la fam\u00edlia.<\/li>\n\n\n\n<li>Si l&#8217;accident t\u00e9 una certa import\u00e0ncia (contusi\u00f3, fractura&#8230;), es portar\u00e0 a l\u2019hospital i s\u2019avisar\u00e0 a la fam\u00edlia perqu\u00e8 se\u2019n faci c\u00e0rrec.<\/li>\n<\/ol>\n\n\n\n<p><em>\u201cSegons normativa, l&#8217;alumnat que cursa educaci\u00f3 infantil i prim\u00e0ria est\u00e0 cobert per la Seguretat Social amb la TSI pr\u00f2pia i la fam\u00edlia s&#8217;ha d&#8217;adre\u00e7ar, amb aquesta targeta sanit\u00e0ria individual, al centre sanitari p\u00fablic m\u00e9s proper del seu municipi i declarar que es tracta d&#8217;un accident escolar que s&#8217;ha produ\u00eft dins de l&#8217;horari lectiu. Ser\u00e0 el CatSalut qui s\u2019encarregui.\u201d<\/em><\/p>\n\n\n\n<p>Per m\u00e9s informaci\u00f3: <a href=\"https:\/\/agora.xtec.cat\/escoladelbosc\/wp-content\/uploads\/usu166\/2023\/11\/GEST_Assegurances_personal.pdf\">Documents per a l&#8217;organitzaci\u00f3 i la gesti\u00f3 dels centres<\/a><\/p>\n","protected":false},"excerpt":{"rendered":"<p>Par\u00e0sits Si es detecten par\u00e0sits (polls) es comunicar\u00e0 per correu electr\u00f2nic amb una nota informativa sobre el tractament adient a [&hellip;]<\/p>\n","protected":false},"author":2,"featured_media":0,"parent":22,"menu_order":80,"comment_status":"closed","ping_status":"closed","template":"","meta":{"_bbp_topic_count":0,"_bbp_reply_count":0,"_bbp_total_topic_count":0,"_bbp_total_reply_count":0,"_bbp_voice_count":0,"_bbp_anonymous_reply_count":0,"_bbp_topic_count_hidden":0,"_bbp_reply_count_hidden":0,"_bbp_forum_subforum_count":0,"site-sidebar-layout":"default","site-content-layout":"","ast-site-content-layout":"default","site-content-style":"default","site-sidebar-style":"default","ast-global-header-display":"","ast-banner-title-visibility":"","ast-main-header-display":"","ast-hfb-above-header-display":"","ast-hfb-below-header-display":"","ast-hfb-mobile-header-display":"","site-post-title":"","ast-breadcrumbs-content":"","ast-featured-img":"","footer-sml-layout":"","theme-transparent-header-meta":"","adv-header-id-meta":"","stick-header-meta":"","header-above-stick-meta":"","header-main-stick-meta":"","header-below-stick-meta":"","astra-migrate-meta-layouts":"set","ast-page-background-enabled":"default","ast-page-background-meta":{"desktop":{"background-color":"var(--ast-global-color-4)","background-image":"","background-repeat":"repeat","background-position":"center center","background-size":"auto","background-attachment":"scroll","background-type":"","background-media":"","overlay-type":"","overlay-color":"","overlay-opacity":"","overlay-gradient":""},"tablet":{"background-color":"","background-image":"","background-repeat":"repeat","background-position":"center center","background-size":"auto","background-attachment":"scroll","background-type":"","background-media":"","overlay-type":"","overlay-color":"","overlay-opacity":"","overlay-gradient":""},"mobile":{"background-color":"","background-image":"","background-repeat":"repeat","background-position":"center center","background-size":"auto","background-attachment":"scroll","background-type":"","background-media":"","overlay-type":"","overlay-color":"","overlay-opacity":"","overlay-gradient":""}},"ast-content-background-meta":{"desktop":{"background-color":"var(--ast-global-color-5)","background-image":"","background-repeat":"repeat","background-position":"center center","background-size":"auto","background-attachment":"scroll","background-type":"","background-media":"","overlay-type":"","overlay-color":"","overlay-opacity":"","overlay-gradient":""},"tablet":{"background-color":"var(--ast-global-color-5)","background-image":"","background-repeat":"repeat","background-position":"center center","background-size":"auto","background-attachment":"scroll","background-type":"","background-media":"","overlay-type":"","overlay-color":"","overlay-opacity":"","overlay-gradient":""},"mobile":{"background-color":"var(--ast-global-color-5)","background-image":"","background-repeat":"repeat","background-position":"center center","background-size":"auto","background-attachment":"scroll","background-type":"","background-media":"","overlay-type":"","overlay-color":"","overlay-opacity":"","overlay-gradient":""}},"footnotes":""},"class_list":["post-38","page","type-page","status-publish","hentry"],"post_mailing_queue_ids":[],"_links":{"self":[{"href":"https:\/\/agora.xtec.cat\/escoladelbosc\/wp-json\/wp\/v2\/pages\/38","targetHints":{"allow":["GET"]}}],"collection":[{"href":"https:\/\/agora.xtec.cat\/escoladelbosc\/wp-json\/wp\/v2\/pages"}],"about":[{"href":"https:\/\/agora.xtec.cat\/escoladelbosc\/wp-json\/wp\/v2\/types\/page"}],"author":[{"embeddable":true,"href":"https:\/\/agora.xtec.cat\/escoladelbosc\/wp-json\/wp\/v2\/users\/2"}],"replies":[{"embeddable":true,"href":"https:\/\/agora.xtec.cat\/escoladelbosc\/wp-json\/wp\/v2\/comments?post=38"}],"version-history":[{"count":6,"href":"https:\/\/agora.xtec.cat\/escoladelbosc\/wp-json\/wp\/v2\/pages\/38\/revisions"}],"predecessor-version":[{"id":5013,"href":"https:\/\/agora.xtec.cat\/escoladelbosc\/wp-json\/wp\/v2\/pages\/38\/revisions\/5013"}],"up":[{"embeddable":true,"href":"https:\/\/agora.xtec.cat\/escoladelbosc\/wp-json\/wp\/v2\/pages\/22"}],"wp:attachment":[{"href":"https:\/\/agora.xtec.cat\/escoladelbosc\/wp-json\/wp\/v2\/media?parent=38"}],"curies":[{"name":"wp","href":"https:\/\/api.w.org\/{rel}","templated":true}]}}