{"id":321,"date":"2015-05-28T10:04:35","date_gmt":"2015-05-28T08:04:35","guid":{"rendered":"http:\/\/agora.xtec.cat\/escoladelbosc\/?page_id=321"},"modified":"2025-05-12T17:51:43","modified_gmt":"2025-05-12T15:51:43","slug":"ampa","status":"publish","type":"page","link":"https:\/\/agora.xtec.cat\/escoladelbosc\/ampa\/","title":{"rendered":"AMPA"},"content":{"rendered":"\n<div class=\"wp-block-getwid-tabs\" data-active-tab=\"0\"><ul class=\"wp-block-getwid-tabs__nav-links\"><\/ul>\n<div class=\"wp-block-getwid-tabs__nav-link\"><h6 class=\"wp-block-getwid-tabs__title-wrapper\"><a href=\"#\"><span class=\"wp-block-getwid-tabs__title\"><strong>Qu\u00e8 fem l&#8217;Associaci\u00f3 de Pares i Mares<\/strong><\/span><\/a><\/h6><\/div><div class=\"wp-block-getwid-tabs__tab-content-wrapper\"><div class=\"wp-block-getwid-tabs__tab-content\">\n<h3 class=\"wp-block-heading\"><em><a href=\"https:\/\/agora.xtec.cat\/escoladelbosc\/wp-content\/uploads\/usu166\/2022\/07\/Estatutos-Ampa.pdf\" target=\"_blank\" rel=\"noreferrer noopener\">Estatuts AMPA<\/a><\/em><\/h3>\n\n\n\n<p id=\"GoBack\">Les nostres funcions s\u00f3n, entre d&#8217;altres:<\/p>\n\n\n\n<ul class=\"wp-block-list\">\n<li>Informar i orientar als pares i mares sobre el funcionament del centre i de temes relacionats amb el menjador escolar, l\u2019adquisici\u00f3 de llibres de text, les activitats extraescolars, serveis d\u2019acollida\u2026<\/li>\n\n\n\n<li>Organitzar totes les activitats extraescolars i el servei de&nbsp;perman\u00e8ncies &nbsp;fora de l\u2019horari escolar, les celebracions i festes al llarg del curs.<\/li>\n\n\n\n<li>Animar a la participaci\u00f3 de les mares i dels pares en el dia a dia del centre especialment en activitats culturals i recreatives destinades al creixement personal dels nostres fills i les nostres filles.<\/li>\n\n\n\n<li>Col\u00b7laborar en la millora del centre: ajudem econ\u00f2micament al centre per poder cobrir algunes de les necessitats que no poden ser cobertes ni pel centre ni per les institucions (Generalitat de Catalunya o Ajuntament de Mollet del Vall\u00e8s) i que, en definitiva, repercuteixen en el&nbsp; b\u00e9&nbsp; dels nostres fills i filles.<\/li>\n\n\n\n<li>Buscar ser la veu dels pares i mares i afavorir la relaci\u00f3 i coordinaci\u00f3 entre les fam\u00edlies i el personal docent, aix\u00ed com davant de les administracions p\u00fabliques, mitjan\u00e7ant la representaci\u00f3 en els \u00f2rgans de govern col\u00b7legiats (consell escolar).<\/li>\n\n\n\n<li>Organitzar activitats formatives (xerrades, escola de pares i mares, cursos) i activitats socioculturals (festes, concerts, fons per la biblioteca, &#8230;) que afavoreixin l\u2019educaci\u00f3 dels nostres infants i facilitin el coneixement i la relaci\u00f3 entre les fam\u00edlies.<\/li>\n<\/ul>\n\n\n\n<p>Per tot aix\u00f2 \u00e9s fonamental la nostra participaci\u00f3 com a pares i mares en l&#8217;AMPA per l&#8217;educaci\u00f3 de els i les nostres infants i tot i que no \u00e9s obligatori formar part de l&#8217;AMPA, \u00e9s molt recomanable fer-ho (els nostres fills i filles es senten molt orgullosos que els seus pares i mares hi participin) ja que des de l&#8217;AMPA col\u00b7laborem en les activitats educatives del centre.<\/p>\n<\/div><\/div>\n\n\n\n<div class=\"wp-block-getwid-tabs__nav-link\"><h6 class=\"wp-block-getwid-tabs__title-wrapper\"><a href=\"#\"><span class=\"wp-block-getwid-tabs__title\">Qui Som?<\/span><\/a><\/h6><\/div><div class=\"wp-block-getwid-tabs__tab-content-wrapper\"><div class=\"wp-block-getwid-tabs__tab-content\">\n<div class=\"wp-block-media-text has-media-on-the-right is-stacked-on-mobile\" style=\"margin-top:0;margin-bottom:0;padding-top:var(--wp--preset--spacing--40);padding-bottom:var(--wp--preset--spacing--40);grid-template-columns:auto 36%\"><div class=\"wp-block-media-text__content\">\n<p>La nostra AMPA est\u00e0 formada pels pares i mares de els i les alumnes associats. Som una associaci\u00f3 sense \u00e0nim de lucre que compta amb una junta que ens representa i gestiona tot all\u00f2 que \u00e9s necessari per al seu bon funcionament.<\/p>\n<\/div><figure class=\"wp-block-media-text__media\"><a href=\"https:\/\/agora.xtec.cat\/escoladelbosc\/wp-content\/uploads\/usu166\/2024\/11\/image-e1732386159306.png\"><img loading=\"lazy\" decoding=\"async\" width=\"268\" height=\"338\" src=\"https:\/\/agora.xtec.cat\/escoladelbosc\/wp-content\/uploads\/usu166\/2024\/11\/image-e1732386159306.png\" alt=\"\" class=\"wp-image-4600 size-medium\"\/><\/a><\/figure><\/div>\n\n\n\n<figure class=\"wp-block-table\"><table class=\"has-fixed-layout\"><thead><tr><th class=\"has-text-align-left\" data-align=\"left\"><\/th><th class=\"has-text-align-center\" data-align=\"center\">Membres de la Junta Directiva<\/th><\/tr><\/thead><tbody><tr><td class=\"has-text-align-left\" data-align=\"left\"><strong>Presid\u00e8ncia<\/strong><\/td><td class=\"has-text-align-center\" data-align=\"center\">Mabel Renato<\/td><\/tr><tr><td class=\"has-text-align-left\" data-align=\"left\"><strong>Secretaria<\/strong><\/td><td class=\"has-text-align-center\" data-align=\"center\">Natalia Jim\u00e9nez<\/td><\/tr><tr><td class=\"has-text-align-left\" data-align=\"left\"><strong>Tresoreria<\/strong><\/td><td class=\"has-text-align-center\" data-align=\"center\">Cyntia Salazar<\/td><\/tr><tr><td class=\"has-text-align-left\" data-align=\"left\"><strong>Vocals<\/strong><\/td><td class=\"has-text-align-center\" data-align=\"center\">Maria Isabel Gonz\u00e1lez <br>Margoth Siles<\/td><\/tr><\/tbody><\/table><\/figure>\n<\/div><\/div>\n\n\n\n<div class=\"wp-block-getwid-tabs__nav-link\"><h6 class=\"wp-block-getwid-tabs__title-wrapper\"><a href=\"#\"><span class=\"wp-block-getwid-tabs__title\">Contacte<\/span><\/a><\/h6><\/div><div class=\"wp-block-getwid-tabs__tab-content-wrapper\"><div class=\"wp-block-getwid-tabs__tab-content\">\n<ul class=\"wp-block-list\">\n<li>Podeu contactar per tel\u00e8fon al 678 19 22 06<\/li>\n\n\n\n<li>Correu electr\u00f2nic: <a href=\"mailto:ampadelbosc@gmail.com\">ampadelbosc@gmail.com<\/a><\/li>\n\n\n\n<li>Facebook: <a href=\"https:\/\/www.facebook.com\/groups\/361700717211365\/\">https:\/\/www.facebook.com\/groups\/361700717211365<\/a><\/li>\n\n\n\n<li>Instagram: <a href=\"https:\/\/www.instagram.com\/ampa_escoladelbosc\/\">ampa_escoladelbosc<\/a><\/li>\n<\/ul>\n<\/div><\/div>\n\n\n\n<div class=\"wp-block-getwid-tabs__nav-link\"><h6 class=\"wp-block-getwid-tabs__title-wrapper\"><a href=\"#\"><span class=\"wp-block-getwid-tabs__title\">Coneix-nos m\u00e9s&#8230;<\/span><\/a><\/h6><\/div><div class=\"wp-block-getwid-tabs__tab-content-wrapper\"><div class=\"wp-block-getwid-tabs__tab-content\">\n<figure class=\"wp-block-embed is-type-video is-provider-youtube wp-block-embed-youtube wp-embed-aspect-16-9 wp-has-aspect-ratio\"><div class=\"wp-block-embed__wrapper\">\n<div class=\"ast-oembed-container \" style=\"height: 100%;\"><iframe loading=\"lazy\" title=\"Presentaci\u00f3 Ampa Escola del Bosc\" width=\"500\" height=\"281\" src=\"https:\/\/www.youtube.com\/embed\/d0geDi05dXA?feature=oembed\" frameborder=\"0\" allow=\"accelerometer; autoplay; clipboard-write; encrypted-media; gyroscope; picture-in-picture; web-share\" referrerpolicy=\"strict-origin-when-cross-origin\" allowfullscreen><\/iframe><\/div>\n<\/div><\/figure>\n<\/div><\/div>\n<\/div>\n","protected":false},"excerpt":{"rendered":"","protected":false},"author":1,"featured_media":0,"parent":0,"menu_order":0,"comment_status":"closed","ping_status":"closed","template":"","meta":{"_bbp_topic_count":0,"_bbp_reply_count":0,"_bbp_total_topic_count":0,"_bbp_total_reply_count":0,"_bbp_voice_count":0,"_bbp_anonymous_reply_count":0,"_bbp_topic_count_hidden":0,"_bbp_reply_count_hidden":0,"_bbp_forum_subforum_count":0,"site-sidebar-layout":"default","site-content-layout":"","ast-site-content-layout":"default","site-content-style":"default","site-sidebar-style":"default","ast-global-header-display":"","ast-banner-title-visibility":"","ast-main-header-display":"","ast-hfb-above-header-display":"","ast-hfb-below-header-display":"","ast-hfb-mobile-header-display":"","site-post-title":"","ast-breadcrumbs-content":"","ast-featured-img":"","footer-sml-layout":"","theme-transparent-header-meta":"","adv-header-id-meta":"","stick-header-meta":"","header-above-stick-meta":"","header-main-stick-meta":"","header-below-stick-meta":"","astra-migrate-meta-layouts":"set","ast-page-background-enabled":"default","ast-page-background-meta":{"desktop":{"background-color":"var(--ast-global-color-4)","background-image":"","background-repeat":"repeat","background-position":"center center","background-size":"auto","background-attachment":"scroll","background-type":"","background-media":"","overlay-type":"","overlay-color":"","overlay-opacity":"","overlay-gradient":""},"tablet":{"background-color":"","background-image":"","background-repeat":"repeat","background-position":"center center","background-size":"auto","background-attachment":"scroll","background-type":"","background-media":"","overlay-type":"","overlay-color":"","overlay-opacity":"","overlay-gradient":""},"mobile":{"background-color":"","background-image":"","background-repeat":"repeat","background-position":"center center","background-size":"auto","background-attachment":"scroll","background-type":"","background-media":"","overlay-type":"","overlay-color":"","overlay-opacity":"","overlay-gradient":""}},"ast-content-background-meta":{"desktop":{"background-color":"var(--ast-global-color-5)","background-image":"","background-repeat":"repeat","background-position":"center center","background-size":"auto","background-attachment":"scroll","background-type":"","background-media":"","overlay-type":"","overlay-color":"","overlay-opacity":"","overlay-gradient":""},"tablet":{"background-color":"var(--ast-global-color-5)","background-image":"","background-repeat":"repeat","background-position":"center center","background-size":"auto","background-attachment":"scroll","background-type":"","background-media":"","overlay-type":"","overlay-color":"","overlay-opacity":"","overlay-gradient":""},"mobile":{"background-color":"var(--ast-global-color-5)","background-image":"","background-repeat":"repeat","background-position":"center center","background-size":"auto","background-attachment":"scroll","background-type":"","background-media":"","overlay-type":"","overlay-color":"","overlay-opacity":"","overlay-gradient":""}},"footnotes":""},"class_list":["post-321","page","type-page","status-publish","hentry"],"post_mailing_queue_ids":[],"_links":{"self":[{"href":"https:\/\/agora.xtec.cat\/escoladelbosc\/wp-json\/wp\/v2\/pages\/321","targetHints":{"allow":["GET"]}}],"collection":[{"href":"https:\/\/agora.xtec.cat\/escoladelbosc\/wp-json\/wp\/v2\/pages"}],"about":[{"href":"https:\/\/agora.xtec.cat\/escoladelbosc\/wp-json\/wp\/v2\/types\/page"}],"author":[{"embeddable":true,"href":"https:\/\/agora.xtec.cat\/escoladelbosc\/wp-json\/wp\/v2\/users\/1"}],"replies":[{"embeddable":true,"href":"https:\/\/agora.xtec.cat\/escoladelbosc\/wp-json\/wp\/v2\/comments?post=321"}],"version-history":[{"count":6,"href":"https:\/\/agora.xtec.cat\/escoladelbosc\/wp-json\/wp\/v2\/pages\/321\/revisions"}],"predecessor-version":[{"id":5438,"href":"https:\/\/agora.xtec.cat\/escoladelbosc\/wp-json\/wp\/v2\/pages\/321\/revisions\/5438"}],"wp:attachment":[{"href":"https:\/\/agora.xtec.cat\/escoladelbosc\/wp-json\/wp\/v2\/media?parent=321"}],"curies":[{"name":"wp","href":"https:\/\/api.w.org\/{rel}","templated":true}]}}