{"id":22,"date":"2014-09-18T12:19:57","date_gmt":"2014-09-18T12:19:57","guid":{"rendered":"http:\/\/agora.xtec.cat\/escoladelbosc\/?page_id=22"},"modified":"2025-10-22T17:47:23","modified_gmt":"2025-10-22T15:47:23","slug":"lescola","status":"publish","type":"page","link":"https:\/\/agora.xtec.cat\/escoladelbosc\/lescola\/","title":{"rendered":"L&#8217;escola"},"content":{"rendered":"\n<div class=\"wp-block-getwid-tabs\" data-active-tab=\"0\"><ul class=\"wp-block-getwid-tabs__nav-links\"><\/ul>\n<div class=\"wp-block-getwid-tabs__nav-link\"><h6 class=\"wp-block-getwid-tabs__title-wrapper\"><a href=\"#\"><span class=\"wp-block-getwid-tabs__title\"><strong>Breu hist\u00f2ria institucional i contextual del centre<\/strong><\/span><\/a><\/h6><\/div><div class=\"wp-block-getwid-tabs__tab-content-wrapper\"><div class=\"wp-block-getwid-tabs__tab-content\">\n<p>La nostra escola pertany al municipi de Mollet del Vall\u00e8s, a la comarca del Vall\u00e8s Oriental.<\/p>\n\n\n\n<p>Durant els anys 60 i comen\u00e7aments dels 70, Mollet del Vall\u00e8s va experimentar un augment considerable de poblaci\u00f3 com a resultat de l\u2019emigraci\u00f3 tot i no ser un municipi&nbsp;dels anomenats del &#8220;Cintur\u00f3 industrial de Barcelona&#8221;.&nbsp;Fins aleshores, Mollet era un poble amb una poblaci\u00f3 al voltant dels 8000 habitants.<\/p>\n\n\n\n<p>Als anys 70 es van arribar fins els 20000 habitants i, amb les conseg\u00fcents necessitats d\u2019habitatge per acollir aquesta massiva emigraci\u00f3 que arribava, es va perdre el car\u00e0cter agr\u00edcola del municipi i les vinyes i els camps de conreu es van convertir en blocs de pisos. Per aquella \u00e8poca, a&nbsp;Mollet nom\u00e9s hi havia dues escoles p\u00fabliques.<\/p>\n\n\n\n<p>Va ser el setembre del curs 1974 &#8211; 1975 quan a Mollet es van inaugurar dues escoles de doble l\u00ednia. Una d&#8217;aquestes (tot i que al principi va ser d&#8217;una sola l\u00ednia) va ser la nostra, situada al barri de Can Pantiquet i la Casilla, barri al nord del poble i allunyat del centre.<\/p>\n\n\n\n<p>Des d&#8217;un primer moment la tipologia dels i de les alumnes va ser molt diversa: procedent dels diferents barris del municipi, de nivell social molt divers i, la majoria, fills i filles de fam\u00edlies emigrants.<\/p>\n\n\n\n<p>L\u2019any 1975 s&#8217;inici\u00e0 l&#8217;EGB (educaci\u00f3n general b\u00e1sica) i la construcci\u00f3 de l&#8217;edifici escolar respon a la ideologia pr\u00f2pia d\u2019aquesta reforma educativa: una concepci\u00f3 espacial molt ampla, amb espais propis per a gran, mitj\u00e0 i petit grup i unes instal\u00b7lacions \u00f2ptimes (biblioteca, laboratori, sala d&#8217;audiovisuals, sala de pl\u00e0stica, menjador, teatre, gimn\u00e0s i pistes esportives).<\/p>\n\n\n\n<p>Donada la incorporaci\u00f3 massiva en aquests anys de la dona al m\u00f3n laboral&nbsp;van sorgir dues necessitats des de bon comen\u00e7ament &nbsp;que van suposar per a l\u2019escola l&#8217;obertura del menjador escolar (la qual cosa es va fer amb cuina pr\u00f2pia) i l&#8217;escolaritzaci\u00f3 de nens i nenes que no eren de l&#8217;etapa obligat\u00f2ria (4 i 5 anys).<\/p>\n\n\n\n<p class=\"has-text-align-left\">Per a atendre a aquesta darrera necessitat es van adequar espais lliures del centre i es deman\u00e0 a l&#8217;administraci\u00f3, aleshores el Ministerio de Educaci\u00f3n y Ciencia, la construcci\u00f3 d&#8217;un edifici propi per a aquests i aquestes alumnes.&nbsp;Despr\u00e9s de fortes reivindicacions, el gener de 1978 s&#8217;inaugur\u00e0 aquest nou edifici de parvulari dins el recinte escolar (a la zona del costat del gimn\u00e0s) amb quatre aules i amb acc\u00e8s&nbsp;exclusiu per a aquests i aquestes alumnes.<\/p>\n\n\n\n<p>El curs 2024-2025 va ser un any especial ja que marc\u00e0 el 50\u00e8 aniversari de l&#8217;escola. Seguim tan vius com sempre i esperem que el nostre centre pugui continuar la seva tasca educadora per molts anys m\u00e9s.<\/p>\n\n\n\n<figure class=\"wp-block-image size-large\"><img loading=\"lazy\" decoding=\"async\" width=\"1024\" height=\"768\" src=\"https:\/\/agora.xtec.cat\/escoladelbosc\/wp-content\/uploads\/usu166\/2014\/09\/aerea-1024x768.jpg\" alt=\"\" class=\"wp-image-244\" srcset=\"https:\/\/agora.xtec.cat\/escoladelbosc\/wp-content\/uploads\/usu166\/2014\/09\/aerea-1024x768.jpg 1024w, https:\/\/agora.xtec.cat\/escoladelbosc\/wp-content\/uploads\/usu166\/2014\/09\/aerea-300x225.jpg 300w, https:\/\/agora.xtec.cat\/escoladelbosc\/wp-content\/uploads\/usu166\/2014\/09\/aerea-200x150.jpg 200w, https:\/\/agora.xtec.cat\/escoladelbosc\/wp-content\/uploads\/usu166\/2014\/09\/aerea.jpg 1090w\" sizes=\"auto, (max-width: 1024px) 100vw, 1024px\" \/><\/figure>\n<\/div><\/div>\n\n\n\n<div class=\"wp-block-getwid-tabs__nav-link\"><h6 class=\"wp-block-getwid-tabs__title-wrapper\"><a href=\"#\"><span class=\"wp-block-getwid-tabs__title\"><strong>L&#8217;escola avui<\/strong><\/span><\/a><\/h6><\/div><div class=\"wp-block-getwid-tabs__tab-content-wrapper\"><div class=\"wp-block-getwid-tabs__tab-content\">\n<h4 class=\"wp-block-heading\"><strong>La ubicaci\u00f3<\/strong><\/h4>\n\n\n\n<p>La ubicaci\u00f3 de l&#8217;escola \u00e9s privilegiada: est\u00e0 constru\u00efda dins l&#8217;entorn del bosc de Can Pantiquet per la qual cosa als patis es troben una gran varietat d&#8217;arbres: pins, alzines, roures, moreres, pl\u00e0tans, cedres, pollancres, oms, xiprers, troanes, pissardis&#8230;<\/p>\n\n\n\n<p>Tot i que al principi la dist\u00e0ncia de l&#8217;escola&nbsp;al centre urb\u00e0 podia donar la sensaci\u00f3 d&#8217;allunyament, el creixement urban\u00edstic de la poblaci\u00f3 l&#8217;ha integrat a la xarxa urbana.<\/p>\n\n\n\n<h4 class=\"wp-block-heading\"><strong>La zona d&#8217;influ\u00e8ncia<\/strong><\/h4>\n\n\n\n<p>Actualment la zones d&#8217;influ\u00e8ncia de l&#8217;escola \u00e9s el barri de Can Pantiquet i la Casilla, just on el centre s&#8217;ubica (i d&#8217;on procedeixen la majoria dels i de les nostres alumnes) aix\u00ed com altres barris lim\u00edtrofs: el del Centre, la Plana Lled\u00f3, Col\u00b7legis Nous, Can Borrell i, fins i tot, l&#8217;espai rural de Gallecs.<\/p>\n\n\n\n<h4 class=\"wp-block-heading\"><strong>L&#8217;entorn<\/strong><\/h4>\n\n\n\n<p>L\u2019escola est\u00e0 integrada en un entorn sociocultural urb\u00e0 format per fam\u00edlies catalanes, d&#8217;altres comunitats aut\u00f2nomes i tamb\u00e9 fam\u00edlies procedents d&#8217;altres pa\u00efsos europeus i d&#8217;altres continents i, majorit\u00e0riament, de classe treballadora.<\/p>\n\n\n\n<p>La realitat social del nostre centre \u00e9s, doncs, for\u00e7a heterog\u00e8nia. Destaca el castell\u00e0 com a llengua d\u2019\u00fas majoritari entre les fam\u00edlies dels i de les nostres alumnes.<\/p>\n\n\n\n<h4 class=\"wp-block-heading\"><strong>Actualment<\/strong><\/h4>\n\n\n\n<p>Durant els seus anys de vida l\u2019escola ha passat per diverses fases: escola d\u2019una l\u00ednia, de dues l\u00ednies i fins i tot ha tingut algun grup triplicat.<\/p>\n\n\n\n<p>Des del curs 2012 &#8211; 2013, degut a la davallada d\u2019alumnes per la caiguda de l&#8217;\u00edndex de natalitat, estem una altra vegada passant per un proc\u00e9s de conversi\u00f3 en escola d\u2019una l\u00ednia.<\/p>\n\n\n\n<p>I a partir del curs 2015 &#8211; 2016, i despr\u00e9s de 40 anys anomenant-se &#8220;Princesa Sof\u00eda&#8221;, s&#8217;ha rebatejat el nom del nostre centre mitjan\u00e7ant un proc\u00e9s participatiu. Ara som l&#8217;Escola del Bosc.<\/p>\n\n\n\n<p>Comptem amb un equip professional molt estable, amb un alt grau de comprom\u00eds aix\u00ed com tamb\u00e9 amb una AMPA consolidada i participativa.&nbsp;Ens trobem, doncs, en un moment madur com a organitzaci\u00f3.<\/p>\n\n\n\n<p>Arrelats des de fa molts anys al municipi, continuem evolucionant en la nostra tasca educadora per donar resposta a les necessitats del nostre entorn en cap cas ali\u00e8 a la creixent influ\u00e8ncia dels mitjans audiovisuals i digitals dels darrers anys, la qual cosa ha promogut for\u00e7a canvis ens els h\u00e0bits dels nostres alumnes i les seves fam\u00edlies.<\/p>\n<\/div><\/div>\n<\/div>\n","protected":false},"excerpt":{"rendered":"","protected":false},"author":2,"featured_media":0,"parent":0,"menu_order":0,"comment_status":"closed","ping_status":"closed","template":"","meta":{"_bbp_topic_count":0,"_bbp_reply_count":0,"_bbp_total_topic_count":0,"_bbp_total_reply_count":0,"_bbp_voice_count":0,"_bbp_anonymous_reply_count":0,"_bbp_topic_count_hidden":0,"_bbp_reply_count_hidden":0,"_bbp_forum_subforum_count":0,"site-sidebar-layout":"default","site-content-layout":"","ast-site-content-layout":"full-width-container","site-content-style":"default","site-sidebar-style":"default","ast-global-header-display":"","ast-banner-title-visibility":"","ast-main-header-display":"","ast-hfb-above-header-display":"","ast-hfb-below-header-display":"","ast-hfb-mobile-header-display":"","site-post-title":"","ast-breadcrumbs-content":"","ast-featured-img":"","footer-sml-layout":"","theme-transparent-header-meta":"default","adv-header-id-meta":"","stick-header-meta":"","header-above-stick-meta":"","header-main-stick-meta":"","header-below-stick-meta":"","astra-migrate-meta-layouts":"set","ast-page-background-enabled":"default","ast-page-background-meta":{"desktop":{"background-color":"var(--ast-global-color-4)","background-image":"","background-repeat":"repeat","background-position":"center center","background-size":"auto","background-attachment":"scroll","background-type":"","background-media":"","overlay-type":"","overlay-color":"","overlay-opacity":"","overlay-gradient":""},"tablet":{"background-color":"","background-image":"","background-repeat":"repeat","background-position":"center center","background-size":"auto","background-attachment":"scroll","background-type":"","background-media":"","overlay-type":"","overlay-color":"","overlay-opacity":"","overlay-gradient":""},"mobile":{"background-color":"","background-image":"","background-repeat":"repeat","background-position":"center center","background-size":"auto","background-attachment":"scroll","background-type":"","background-media":"","overlay-type":"","overlay-color":"","overlay-opacity":"","overlay-gradient":""}},"ast-content-background-meta":{"desktop":{"background-color":"var(--ast-global-color-5)","background-image":"","background-repeat":"repeat","background-position":"center center","background-size":"auto","background-attachment":"scroll","background-type":"","background-media":"","overlay-type":"","overlay-color":"","overlay-opacity":"","overlay-gradient":""},"tablet":{"background-color":"var(--ast-global-color-5)","background-image":"","background-repeat":"repeat","background-position":"center center","background-size":"auto","background-attachment":"scroll","background-type":"","background-media":"","overlay-type":"","overlay-color":"","overlay-opacity":"","overlay-gradient":""},"mobile":{"background-color":"var(--ast-global-color-5)","background-image":"","background-repeat":"repeat","background-position":"center center","background-size":"auto","background-attachment":"scroll","background-type":"","background-media":"","overlay-type":"","overlay-color":"","overlay-opacity":"","overlay-gradient":""}},"footnotes":""},"class_list":["post-22","page","type-page","status-publish","hentry"],"post_mailing_queue_ids":[],"_links":{"self":[{"href":"https:\/\/agora.xtec.cat\/escoladelbosc\/wp-json\/wp\/v2\/pages\/22","targetHints":{"allow":["GET"]}}],"collection":[{"href":"https:\/\/agora.xtec.cat\/escoladelbosc\/wp-json\/wp\/v2\/pages"}],"about":[{"href":"https:\/\/agora.xtec.cat\/escoladelbosc\/wp-json\/wp\/v2\/types\/page"}],"author":[{"embeddable":true,"href":"https:\/\/agora.xtec.cat\/escoladelbosc\/wp-json\/wp\/v2\/users\/2"}],"replies":[{"embeddable":true,"href":"https:\/\/agora.xtec.cat\/escoladelbosc\/wp-json\/wp\/v2\/comments?post=22"}],"version-history":[{"count":6,"href":"https:\/\/agora.xtec.cat\/escoladelbosc\/wp-json\/wp\/v2\/pages\/22\/revisions"}],"predecessor-version":[{"id":5718,"href":"https:\/\/agora.xtec.cat\/escoladelbosc\/wp-json\/wp\/v2\/pages\/22\/revisions\/5718"}],"wp:attachment":[{"href":"https:\/\/agora.xtec.cat\/escoladelbosc\/wp-json\/wp\/v2\/media?parent=22"}],"curies":[{"name":"wp","href":"https:\/\/api.w.org\/{rel}","templated":true}]}}