{"id":1132,"date":"2017-12-05T11:53:34","date_gmt":"2017-12-05T10:53:34","guid":{"rendered":"http:\/\/agora.xtec.cat\/escoladelbosc\/?page_id=1132"},"modified":"2026-03-10T22:31:24","modified_gmt":"2026-03-10T21:31:24","slug":"documents-de-centre","status":"publish","type":"page","link":"https:\/\/agora.xtec.cat\/escoladelbosc\/lescola\/documents-de-centre\/","title":{"rendered":"Documents de centre"},"content":{"rendered":"\n<p>Aquesta \u00e9s una p\u00e0gina-resum que compila en un sol lloc tots els enlla\u00e7os per accedir els documents del centre actualment en vigor.<\/p>\n\n\n\n<div data-wp-interactive=\"core\/file\" class=\"wp-block-file aligncenter\"><object data-wp-bind--hidden=\"!state.hasPdfPreview\" hidden class=\"wp-block-file__embed\" data=\"https:\/\/agora.xtec.cat\/escoladelbosc\/wp-content\/uploads\/usu166\/2026\/03\/Mapa-Conceptual-documentacio-de-centre-1.pdf\" type=\"application\/pdf\" style=\"width:100%;height:600px\" aria-label=\"Incrustaci\u00f3 del fitxer Mapa Conceptual documentaci\u00f3 de centre (1).\"><\/object><a id=\"wp-block-file--media-f6bb0729-c787-4cea-98cd-0608908bf181\" href=\"https:\/\/agora.xtec.cat\/escoladelbosc\/wp-content\/uploads\/usu166\/2026\/03\/Mapa-Conceptual-documentacio-de-centre-1.pdf\">Mapa Conceptual documentaci\u00f3 de centre (1)<\/a><\/div>\n\n\n\n<p><\/p>\n\n\n\n<p><\/p>\n\n\n\n<p><\/p>\n\n\n\n<ul style=\"margin-top:0;margin-bottom:0;padding-top:0;padding-bottom:0\" class=\"wp-block-list has-medium-font-size\">\n<li class=\"has-medium-font-size\"><a href=\"http:\/\/agora.xtec.cat\/escoladelbosc\/wp-content\/uploads\/usu166\/2017\/12\/PEC.pdf.pdf\" target=\"_blank\" rel=\"noreferrer noopener\">Projecte educatiu del centre<\/a> (en revisi\u00f3)\n<ul class=\"wp-block-list\">\n<li><a href=\"https:\/\/agora.xtec.cat\/escoladelbosc\/wp-content\/uploads\/usu166\/2024\/12\/Addenda-PEC-Digital.docx.pdf\" data-type=\"attachment\" data-id=\"4638\">Addenda PEC digital <\/a>(maig 2024)<\/li>\n<\/ul>\n<\/li>\n\n\n\n<li class=\"has-medium-font-size\"><a href=\"https:\/\/agora.xtec.cat\/escoladelbosc\/wp-content\/uploads\/usu166\/2018\/12\/NOFCBosc-2018-revisat-web.pdf\" target=\"_blank\" rel=\"noreferrer noopener\">Normes d&#8217;organitzaci\u00f3 i funcionament del centre<\/a> (en revisi\u00f3)\n<ul class=\"wp-block-list\">\n<li><a href=\"https:\/\/agora.xtec.cat\/escoladelbosc\/wp-content\/uploads\/usu166\/2023\/03\/addenda_-NOFC_gener_2023.pdf\">Addenda al NOFC<\/a> (gener 2023)<\/li>\n\n\n\n<li><a href=\"https:\/\/agora.xtec.cat\/escoladelbosc\/wp-content\/uploads\/usu166\/2024\/12\/Addenda-NOFC-Digital.docx.pdf\" data-type=\"attachment\" data-id=\"4639\">Addenda al NOFC digital <\/a>(maig 2024)<\/li>\n<\/ul>\n<\/li>\n\n\n\n<li class=\"has-medium-font-size\"><a href=\"https:\/\/agora.xtec.cat\/escoladelbosc\/wp-content\/uploads\/usu166\/2020\/11\/2.Carta-de-comprom\u00eds-educatiu.pdf\" target=\"_blank\" rel=\"noreferrer noopener\">Carta de comprom\u00eds educatiu<\/a><\/li>\n\n\n\n<li class=\"has-medium-font-size\"><a href=\"https:\/\/agora.xtec.cat\/escoladelbosc\/wp-content\/uploads\/usu166\/2019\/06\/PLC-nou-web.pdf\">Projecte ling\u00fc\u00edstic<\/a><\/li>\n\n\n\n<li class=\"has-medium-font-size\"><a href=\"https:\/\/agora.xtec.cat\/escoladelbosc\/wp-content\/uploads\/usu166\/2023\/05\/PLA_ATENCIO_DIVERSITAT.pdf\">Pla d&#8217;atenci\u00f3 a la diversitat<\/a><\/li>\n\n\n\n<li><a href=\"https:\/\/agora.xtec.cat\/escoladelbosc\/wp-content\/uploads\/usu166\/2020\/11\/PROJECTE_DE_CONVIV\u00c8NCIA.pdf\">Projecte de conviv\u00e8ncia<\/a><\/li>\n\n\n\n<li><a href=\"https:\/\/agora.xtec.cat\/escoladelbosc\/wp-content\/uploads\/usu166\/2023\/05\/PLA-ACOLLIDA-ESCOLA-DEL-BOSC.pdf\">Pla d&#8217;acollida<\/a>\n<ul class=\"wp-block-list\">\n<li>&nbsp;<a href=\"https:\/\/agora.xtec.cat\/escoladelbosc\/wp-content\/uploads\/usu166\/2023\/05\/ANNEX-1-PROTOCOL-ALUMNAT-NOUVINGUT.pdf\">Annex 1: Protocol alumnat nouvingut<\/a><\/li>\n<\/ul>\n<\/li>\n\n\n\n<li><a href=\"https:\/\/agora.xtec.cat\/escoladelbosc\/wp-content\/uploads\/usu166\/2020\/11\/Projecte-rob\u00f2tica-per-la-web.pdf\" target=\"_blank\" rel=\"noreferrer noopener\">Projecte de rob\u00f2tica<\/a><\/li>\n\n\n\n<li><a href=\"https:\/\/sites.google.com\/xtec.cat\/edcescoladelbosc\/edc\">Estrat\u00e8gia Digital de Centre (2023 &#8211; 2026)<\/a><\/li>\n<\/ul>\n","protected":false},"excerpt":{"rendered":"<p>Aquesta \u00e9s una p\u00e0gina-resum que compila en un sol lloc tots els enlla\u00e7os per accedir els documents del centre actualment [&hellip;]<\/p>\n","protected":false},"author":1,"featured_media":0,"parent":22,"menu_order":4,"comment_status":"closed","ping_status":"closed","template":"","meta":{"_bbp_topic_count":0,"_bbp_reply_count":0,"_bbp_total_topic_count":0,"_bbp_total_reply_count":0,"_bbp_voice_count":0,"_bbp_anonymous_reply_count":0,"_bbp_topic_count_hidden":0,"_bbp_reply_count_hidden":0,"_bbp_forum_subforum_count":0,"site-sidebar-layout":"left-sidebar","site-content-layout":"","ast-site-content-layout":"default","site-content-style":"default","site-sidebar-style":"default","ast-global-header-display":"","ast-banner-title-visibility":"","ast-main-header-display":"","ast-hfb-above-header-display":"","ast-hfb-below-header-display":"","ast-hfb-mobile-header-display":"","site-post-title":"","ast-breadcrumbs-content":"","ast-featured-img":"","footer-sml-layout":"","theme-transparent-header-meta":"","adv-header-id-meta":"","stick-header-meta":"","header-above-stick-meta":"","header-main-stick-meta":"","header-below-stick-meta":"","astra-migrate-meta-layouts":"set","ast-page-background-enabled":"default","ast-page-background-meta":{"desktop":{"background-color":"var(--ast-global-color-4)","background-image":"","background-repeat":"repeat","background-position":"center center","background-size":"auto","background-attachment":"scroll","background-type":"","background-media":"","overlay-type":"","overlay-color":"","overlay-opacity":"","overlay-gradient":""},"tablet":{"background-color":"","background-image":"","background-repeat":"repeat","background-position":"center center","background-size":"auto","background-attachment":"scroll","background-type":"","background-media":"","overlay-type":"","overlay-color":"","overlay-opacity":"","overlay-gradient":""},"mobile":{"background-color":"","background-image":"","background-repeat":"repeat","background-position":"center center","background-size":"auto","background-attachment":"scroll","background-type":"","background-media":"","overlay-type":"","overlay-color":"","overlay-opacity":"","overlay-gradient":""}},"ast-content-background-meta":{"desktop":{"background-color":"var(--ast-global-color-5)","background-image":"","background-repeat":"repeat","background-position":"center center","background-size":"auto","background-attachment":"scroll","background-type":"","background-media":"","overlay-type":"","overlay-color":"","overlay-opacity":"","overlay-gradient":""},"tablet":{"background-color":"var(--ast-global-color-5)","background-image":"","background-repeat":"repeat","background-position":"center center","background-size":"auto","background-attachment":"scroll","background-type":"","background-media":"","overlay-type":"","overlay-color":"","overlay-opacity":"","overlay-gradient":""},"mobile":{"background-color":"var(--ast-global-color-5)","background-image":"","background-repeat":"repeat","background-position":"center center","background-size":"auto","background-attachment":"scroll","background-type":"","background-media":"","overlay-type":"","overlay-color":"","overlay-opacity":"","overlay-gradient":""}},"footnotes":""},"class_list":["post-1132","page","type-page","status-publish","hentry"],"post_mailing_queue_ids":[],"_links":{"self":[{"href":"https:\/\/agora.xtec.cat\/escoladelbosc\/wp-json\/wp\/v2\/pages\/1132","targetHints":{"allow":["GET"]}}],"collection":[{"href":"https:\/\/agora.xtec.cat\/escoladelbosc\/wp-json\/wp\/v2\/pages"}],"about":[{"href":"https:\/\/agora.xtec.cat\/escoladelbosc\/wp-json\/wp\/v2\/types\/page"}],"author":[{"embeddable":true,"href":"https:\/\/agora.xtec.cat\/escoladelbosc\/wp-json\/wp\/v2\/users\/1"}],"replies":[{"embeddable":true,"href":"https:\/\/agora.xtec.cat\/escoladelbosc\/wp-json\/wp\/v2\/comments?post=1132"}],"version-history":[{"count":6,"href":"https:\/\/agora.xtec.cat\/escoladelbosc\/wp-json\/wp\/v2\/pages\/1132\/revisions"}],"predecessor-version":[{"id":6050,"href":"https:\/\/agora.xtec.cat\/escoladelbosc\/wp-json\/wp\/v2\/pages\/1132\/revisions\/6050"}],"up":[{"embeddable":true,"href":"https:\/\/agora.xtec.cat\/escoladelbosc\/wp-json\/wp\/v2\/pages\/22"}],"wp:attachment":[{"href":"https:\/\/agora.xtec.cat\/escoladelbosc\/wp-json\/wp\/v2\/media?parent=1132"}],"curies":[{"name":"wp","href":"https:\/\/api.w.org\/{rel}","templated":true}]}}