{"id":472,"date":"2016-04-06T22:29:07","date_gmt":"2016-04-06T21:29:07","guid":{"rendered":"http:\/\/agora.xtec.cat\/escoladelaconcepcio\/?page_id=472"},"modified":"2025-03-28T13:59:31","modified_gmt":"2025-03-28T12:59:31","slug":"manifest","status":"publish","type":"page","link":"https:\/\/agora.xtec.cat\/escoladelaconcepcio\/musica\/manifest\/","title":{"rendered":"Manifest"},"content":{"rendered":"<p>L&#8217;Escola de la Concepci\u00f3, ubicada a la dreta de l\u2019Eixample, vol posar de manifest la <strong>import\u00e0ncia que t\u00e9 el projecte musical d\u2019aquesta escola<\/strong> i els grans fruits que d\u00f3na des de fa vint i cinc anys.<\/p>\n<p>El <strong>projecte de m\u00fasica de l\u2019Escola de la Concepci\u00f3<\/strong> \u00e9s <strong>l\u2019eix vertebrador<\/strong> de la l\u00ednia educativa d\u2019aquest centre. Consisteix a donar formaci\u00f3 musical als nens i nenes des de P3 fins a 6\u00e8 i culmina amb la creaci\u00f3 de quatre big bands formades pels alumnes de 3r, 4t, 5\u00e8 i 6\u00e8 on aprenen a fer m\u00fasica i a gaudir-la amb els seus companys. En total 100 nens i nenes entre 8 i 12 anys que a trav\u00e9s de la m\u00fasica creixen i aprenen.<\/p>\n<h3>Considerem que:<\/h3>\n<ul>\n<li>\u00c9s un projecte integrador en qu\u00e8 participen tots els nens i nenes de l\u2019Escola, sense cap mena d\u2019exclusi\u00f3.<\/li>\n<li>\u00c9s una escola p\u00fablica de refer\u00e8ncia per la for\u00e7a d\u2019aquest projecte musical i s\u2019ha convertit en un exemple per altres centres que tamb\u00e9 han apostat per la m\u00fasica com a eina educativa.<\/li>\n<li>Contribueix a transmetre el gust per la m\u00fasica i a despertar la sensibilitat art\u00edstica i la creativitat.<\/li>\n<li>\u00c9s un model que afavoreix el desenvolupament de l\u2019o\u00efda, el ritme, la veu, la capacitat d\u2019abstracci\u00f3, la lectura, la mem\u00f2ria i que per tant facilita l\u2019aprenentatge ling\u00fc\u00edstic i matem\u00e0tic, aix\u00ed com demostren els resultats assolits en les avaluacions escolars.<\/li>\n<li>Fomenta valors com el treball en equip, la solidaritat, l\u2019escolta activa o l\u2019esfor\u00e7. Treballar conjuntament aporta m\u00e9s que fer-ho individualment.<\/li>\n<li>\u00c9s una element dinamitzador del barri. Les big bands participen en diferents activitats que s\u2019hi organitzen.<\/li>\n<li>La Generalitat i l\u2019Ajuntament mitjan\u00e7ant el Consorci d\u2019Educaci\u00f3 de Barcelona han apostat per aquest model des del seu inici.<\/li>\n<\/ul>\n<p>Per totes aquestes raons, <strong>demanem la teva adhesi\u00f3<\/strong> per tal que el projecte de m\u00fasica de l\u2019Escola de la Concepci\u00f3 pugui continuar existint i trobi finalment un marc estable i reconegut de finan\u00e7ament. Volem que els <strong>nens i nenes de la nostra escola disposin d\u2019una educaci\u00f3 de qualitat<\/strong>, oberta a tothom, centrada en el nostre projecte de m\u00fasica.<\/p>\n<p>Us convidem a que visioneu el <strong>VIDEO<\/strong> que hem preparat.<\/p>\n<p><iframe loading=\"lazy\" title=\"MASTERprojecteMUSICA 1)\" width=\"500\" height=\"281\" src=\"https:\/\/www.youtube.com\/embed\/20hdHtItdNc?feature=oembed\" frameborder=\"0\" allow=\"accelerometer; autoplay; clipboard-write; encrypted-media; gyroscope; picture-in-picture; web-share\" referrerpolicy=\"strict-origin-when-cross-origin\" allowfullscreen><\/iframe><\/p>\n","protected":false},"excerpt":{"rendered":"<p>L&#8217;Escola de la Concepci\u00f3, ubicada a la dreta de l\u2019Eixample, vol posar de manifest la import\u00e0ncia que t\u00e9 el projecte musical d\u2019aquesta escola i els grans fruits que d\u00f3na des de fa vint i cinc anys.<br \/>\nEl projecte de m\u00fasica de l\u2019Escola de la Concepci\u00f3 \u00e9s&hellip;  <a href=\"https:\/\/agora.xtec.cat\/escoladelaconcepcio\/musica\/manifest\/\" title=\"Read Manifest\">Llegeix m\u00e9s\u00bb<\/a><\/p>\n","protected":false},"author":1,"featured_media":0,"parent":464,"menu_order":0,"comment_status":"closed","ping_status":"closed","template":"page-templates\/side-menu.php","meta":{"_bbp_topic_count":0,"_bbp_reply_count":0,"_bbp_total_topic_count":0,"_bbp_total_reply_count":0,"_bbp_voice_count":0,"_bbp_anonymous_reply_count":0,"_bbp_topic_count_hidden":0,"_bbp_reply_count_hidden":0,"_bbp_forum_subforum_count":0,"footnotes":""},"class_list":["post-472","page","type-page","status-publish","hentry"],"post_mailing_queue_ids":[],"_links":{"self":[{"href":"https:\/\/agora.xtec.cat\/escoladelaconcepcio\/wp-json\/wp\/v2\/pages\/472","targetHints":{"allow":["GET"]}}],"collection":[{"href":"https:\/\/agora.xtec.cat\/escoladelaconcepcio\/wp-json\/wp\/v2\/pages"}],"about":[{"href":"https:\/\/agora.xtec.cat\/escoladelaconcepcio\/wp-json\/wp\/v2\/types\/page"}],"author":[{"embeddable":true,"href":"https:\/\/agora.xtec.cat\/escoladelaconcepcio\/wp-json\/wp\/v2\/users\/1"}],"replies":[{"embeddable":true,"href":"https:\/\/agora.xtec.cat\/escoladelaconcepcio\/wp-json\/wp\/v2\/comments?post=472"}],"version-history":[{"count":3,"href":"https:\/\/agora.xtec.cat\/escoladelaconcepcio\/wp-json\/wp\/v2\/pages\/472\/revisions"}],"predecessor-version":[{"id":1697,"href":"https:\/\/agora.xtec.cat\/escoladelaconcepcio\/wp-json\/wp\/v2\/pages\/472\/revisions\/1697"}],"up":[{"embeddable":true,"href":"https:\/\/agora.xtec.cat\/escoladelaconcepcio\/wp-json\/wp\/v2\/pages\/464"}],"wp:attachment":[{"href":"https:\/\/agora.xtec.cat\/escoladelaconcepcio\/wp-json\/wp\/v2\/media?parent=472"}],"curies":[{"name":"wp","href":"https:\/\/api.w.org\/{rel}","templated":true}]}}