{"id":468,"date":"2016-04-06T22:28:34","date_gmt":"2016-04-06T21:28:34","guid":{"rendered":"http:\/\/agora.xtec.cat\/escoladelaconcepcio\/?page_id=468"},"modified":"2026-03-26T15:44:13","modified_gmt":"2026-03-26T14:44:13","slug":"premi-patxin","status":"publish","type":"page","link":"https:\/\/agora.xtec.cat\/escoladelaconcepcio\/musica\/premi-patxin\/","title":{"rendered":"Premi Patx\u00edn"},"content":{"rendered":"<p>Des del curs 2007-2008, l\u2019AMPA i l\u2019Escola organitzen el Premi Patx\u00edn amb el qual es vol agrair i premiar el suport dels \u201cpadrins\u201d al projecte de m\u00fasica de l\u2019Escola. La Locomotora Negra va ser la primera formaci\u00f3 premiada, seguits de La Vella Dixieland, La Sant Andreu Jazz band, l\u2019Aldo Caviglia, l\u2019Ignasi Terraza, la Carme Canela, el Sergi Verg\u00e9s i la Laura Sim\u00f3 entre molts altres.<\/p>\n<p>La programaci\u00f3 de l\u2019acte consisteix en l\u2019actuaci\u00f3 al carrer Girona de les quatre big bands de l\u2019Escola. En aquest acte, el padr\u00ed acompanya a la big band de sis\u00e8 i en acabar, se li lliura el premi realitzat per l&#8217;alumnat de sis\u00e8. Els actes s&#8217;allarguen al llarg del dia amb un dinar de fi de festa organitzat per l&#8217;AFA.<\/p>\n<p>La idea \u00e9s donar continu\u00eftat i difusi\u00f3 a aquest Premi com a mostra d\u2019agra\u00efment al grup de m\u00fasics professionals que col\u00b7laborin cada any amb l\u2019Escola, i que l\u2019acte esdevingui una festa pel barri.<\/p>\n<p>Des del primer Premi Patx\u00edn fins ara, els nostres padrins han estat:<\/p>\n<p>2026-<\/p>\n<p>2025- <a href=\"https:\/\/www.daninello.cat\/ca\/\">DANI NEL\u00b7LO<\/a><\/p>\n<p>2024- <a href=\"https:\/\/www.damarisgelabert.com\/\">D\u00c0MARIS GELABERT<\/a><\/p>\n<p>2023- <a href=\"https:\/\/manelcamp.cat\/\">MANEL CAMP<\/a><\/p>\n<p>2022- <a href=\"https:\/\/www.llibertfortuny.com\/mireia\">MIREIA FARR\u00c9S<\/a><\/p>\n<p>2021 &#8211; <a href=\"https:\/\/www.instagram.com\/pepinopascual\/\">PEP PASCUAL<\/a><\/p>\n<p>2019 &#8211; <a href=\"https:\/\/www.instagram.com\/horaciofumero\/\">HORACIO FUMERO<\/a><\/p>\n<p>2018 &#8211; MOHAMED SULEIMAN<\/p>\n<p>2017 &#8211; RAFALITO \u00a0SALAZAR<\/p>\n<p>2016 &#8211; FRANCESC BURRULL<\/p>\n<p>2015 \u2013 LAURA SIM\u00d3<\/p>\n<p>2014 \u2013 SERGI VERG\u00c9S<\/p>\n<p>2013 \u2013 CARME CANELA<\/p>\n<p>2012 \u2013 IGNASI TERRAZA<\/p>\n<p>2011 \u2013 ALDO CAVIGLIA<\/p>\n<p>2010 \u2013 LA SANT ANDREU JAZZ BAND<\/p>\n<p>2009 \u2013 LA VELLA DIXIELAND<\/p>\n<p>2008 \u2013 LA LOCOMOTORA NEGRA<\/p>\n","protected":false},"excerpt":{"rendered":"<p>Des del curs 2007-2008, l\u2019AMPA i l\u2019Escola organitzen el Premi Patx\u00edn amb el qual es vol agrair i premiar el suport dels \u201cpadrins\u201d al projecte de m\u00fasica de l\u2019Escola. La Locomotora Negra va ser la primera formaci\u00f3 premiada, seguits de La Vella Dixieland, La Sant&hellip;  <a href=\"https:\/\/agora.xtec.cat\/escoladelaconcepcio\/musica\/premi-patxin\/\" title=\"Read Premi Patx\u00edn\">Llegeix m\u00e9s\u00bb<\/a><\/p>\n","protected":false},"author":1,"featured_media":0,"parent":464,"menu_order":0,"comment_status":"closed","ping_status":"closed","template":"page-templates\/side-menu.php","meta":{"_bbp_topic_count":0,"_bbp_reply_count":0,"_bbp_total_topic_count":0,"_bbp_total_reply_count":0,"_bbp_voice_count":0,"_bbp_anonymous_reply_count":0,"_bbp_topic_count_hidden":0,"_bbp_reply_count_hidden":0,"_bbp_forum_subforum_count":0,"footnotes":""},"class_list":["post-468","page","type-page","status-publish","hentry"],"post_mailing_queue_ids":[],"_links":{"self":[{"href":"https:\/\/agora.xtec.cat\/escoladelaconcepcio\/wp-json\/wp\/v2\/pages\/468","targetHints":{"allow":["GET"]}}],"collection":[{"href":"https:\/\/agora.xtec.cat\/escoladelaconcepcio\/wp-json\/wp\/v2\/pages"}],"about":[{"href":"https:\/\/agora.xtec.cat\/escoladelaconcepcio\/wp-json\/wp\/v2\/types\/page"}],"author":[{"embeddable":true,"href":"https:\/\/agora.xtec.cat\/escoladelaconcepcio\/wp-json\/wp\/v2\/users\/1"}],"replies":[{"embeddable":true,"href":"https:\/\/agora.xtec.cat\/escoladelaconcepcio\/wp-json\/wp\/v2\/comments?post=468"}],"version-history":[{"count":6,"href":"https:\/\/agora.xtec.cat\/escoladelaconcepcio\/wp-json\/wp\/v2\/pages\/468\/revisions"}],"predecessor-version":[{"id":3702,"href":"https:\/\/agora.xtec.cat\/escoladelaconcepcio\/wp-json\/wp\/v2\/pages\/468\/revisions\/3702"}],"up":[{"embeddable":true,"href":"https:\/\/agora.xtec.cat\/escoladelaconcepcio\/wp-json\/wp\/v2\/pages\/464"}],"wp:attachment":[{"href":"https:\/\/agora.xtec.cat\/escoladelaconcepcio\/wp-json\/wp\/v2\/media?parent=468"}],"curies":[{"name":"wp","href":"https:\/\/api.w.org\/{rel}","templated":true}]}}