{"id":3571,"date":"2025-04-15T08:58:20","date_gmt":"2025-04-15T06:58:20","guid":{"rendered":"https:\/\/agora.xtec.cat\/escoladelaconcepcio\/?page_id=3571"},"modified":"2026-03-26T15:52:51","modified_gmt":"2026-03-26T14:52:51","slug":"teatre","status":"publish","type":"page","link":"https:\/\/agora.xtec.cat\/escoladelaconcepcio\/projectes\/teatre\/","title":{"rendered":"Teatre"},"content":{"rendered":"<p>&nbsp;<\/p>\n<p><span style=\"font-weight: 400;\">Durant el curs 2023-2024 es va iniciar<strong> a 4t curs de l\u2019escola<\/strong> el projecte transversal <\/span><b>\u201cFem una obra de teatre\u201d <\/b> amb la intenci\u00f3 de repetir-lo cada any en aquest nivell educatiu<span style=\"font-weight: 400;\">. <\/span><span style=\"font-weight: 400;\">Aquest projecte va n\u00e9ixer amb diversos objectius:<\/span><\/p>\n<ul>\n<li style=\"font-weight: 400;\" aria-level=\"1\"><b>Treballar la compet\u00e8ncia ling\u00fc\u00edstica de manera integral<\/b><span style=\"font-weight: 400;\"> a diverses \u00e0rees, posant \u00e8mfasi en l\u2019expressi\u00f3 i la comprensi\u00f3 oral. Sovint es d\u00f3na per suposada aquesta destresa a trav\u00e9s de la interacci\u00f3 di\u00e0ria a l\u2019aula, per\u00f2 no sempre es treballa amb profunditat i intencionalitat. El teatre \u00e9s un espai ideal per desenvolupar la projecci\u00f3, l\u2019entonaci\u00f3 i la dicci\u00f3 del llenguatge oral, aspectes imprescindibles per a un domini integral de la llengua.<\/span><\/li>\n<li style=\"font-weight: 400;\" aria-level=\"1\"><b>Construir col\u00b7lectivament un projecte significatiu<\/b><span style=\"font-weight: 400;\">, que deixi empremta tant en els records com en les habilitats adquirides. La presa de decisions, l\u2019arribada a acords, el respecte pel ritme de cadasc\u00fa i el comprom\u00eds personal per assolir un objectiu compartit s\u00f3n valors que enforteixen la cohesi\u00f3 de grup i l\u2019autoestima individual. Aconseguir una fita que \u201csembla massa gran\u201d refor\u00e7a el vincle entre alumnes i crea un sentiment de pertinen\u00e7a molt potent.<\/span><\/li>\n<li style=\"font-weight: 400;\" aria-level=\"1\"><b>Treballar de forma interdisciplin\u00e0ria<\/b><span style=\"font-weight: 400;\"> per prendre consci\u00e8ncia de la utilitat real dels aprenentatges escolars. Quan es veu que llengua, m\u00fasica i educaci\u00f3 art\u00edstica han d\u2019anar de la m\u00e0 per assolir un objectiu com\u00fa, molts continguts adquireixen un sentit profund i aplicat.<\/span><\/li>\n<\/ul>\n<h3><b>Fases del projecte<\/b><\/h3>\n<p><span style=\"font-weight: 400;\">Crear una obra de teatre amb l\u2019alumnat de quart no \u00e9s f\u00e0cil. Requereix l\u2019esfor\u00e7 i la coordinaci\u00f3 de tot l\u2019equip docent. A continuaci\u00f3, compartim les diferents fases del projecte, per tal d\u2019explicar-ne el desenvolupament.<\/span><\/p>\n<p><b>Els referents:<\/b><span style=\"font-weight: 400;\"> El projecte comen\u00e7a llegint una obra de teatre i anant a veure\u2019n una fora de l\u2019escola. La lectura ens ajuda a entendre\u2019n el format escrit i la posada en escena ens permet observar aspectes d\u2019interpretaci\u00f3 i escenografia.<\/span><\/p>\n<p><b>La tipologia textual, els personatges i l\u2019argument:<\/b><span style=\"font-weight: 400;\"> Amb els referents treballats, l\u2019alumnat escull el g\u00e8nere de l\u2019obra (terror, ci\u00e8ncia-ficci\u00f3, novel\u00b7la negra, humor, etc.). A partir d\u2019aqu\u00ed, es defineixen els personatges i es construeix un argument que els inclogui. S\u2019esbossen els actes i es pensa en un desenlla\u00e7 coherent.<\/span><\/p>\n<p><b>El text:<\/b><span style=\"font-weight: 400;\"> Amb l\u2019argument estructurat, es desenvolupen els di\u00e0legs i es concreten els personatges. Aquest proc\u00e9s inclou sessions d\u2019improvisaci\u00f3 per escenes, que es graven i posteriorment es transcriuen per elaborar el gui\u00f3 definitiu.<\/span><\/p>\n<p><b>La tria de personatges:<\/b><span style=\"font-weight: 400;\"> Despr\u00e9s de llegir el gui\u00f3 en veu alta (lectura a la italiana), cada alumne decideix quin personatge vol interpretar, valorant tant les seves prefer\u00e8ncies com el grau de protagonisme i responsabilitat que vol assumir.<\/span><\/p>\n<p><b>Els assajos:<\/b><span style=\"font-weight: 400;\"> Amb el text definit i els personatges assignats, comen\u00e7a el muntatge esc\u00e8nic. Cada alumne treballa el seu personatge, es distribueixen les escenes i es defineix la posici\u00f3 a l\u2019escenari. Tamb\u00e9 es treballa la projecci\u00f3 de la veu, la dicci\u00f3 i l\u2019expressi\u00f3 corporal.<\/span><\/p>\n<p><b>El vestuari:<\/b><span style=\"font-weight: 400;\"> L\u2019alumnat dissenya el vestuari a l\u2019aula, sovint en grups d\u2019actuaci\u00f3 (per exemple, una fam\u00edlia teatral dissenya conjuntament el seu vestuari). Un cop definit, es comunica a les fam\u00edlies, que s\u2019encarreguen de portar-lo a la realitat.<\/span><\/p>\n<p><b>L\u2019escenografia i l\u2019attrezzo:<\/b><span style=\"font-weight: 400;\"> Es treballa des de l\u2019\u00e0rea d\u2019educaci\u00f3 art\u00edstica. Al primer trimestre es construeixen diorames per grups, que representen escenaris de l\u2019obra llegida. Al segon trimestre es dissenya el decorat definitiu, es construeixen els elements i es recopilen els objectes necessaris.<\/span><\/p>\n<p><b>Els efectes sonors i la m\u00fasica:<\/b><span style=\"font-weight: 400;\"> Des de m\u00fasica es creen els efectes sonors, la can\u00e7\u00f3 final i la coreografia.<\/span><\/p>\n<p><b>El programa:<\/b><span style=\"font-weight: 400;\"> Setmanes abans de l\u2019estrena, l\u2019alumnat redacta i dissenya el programa de m\u00e0. Ha d\u2019incloure: sinopsi, llista de personatges, explicaci\u00f3 del projecte, cr\u00e8dits t\u00e8cnics i agra\u00efments.<\/span><\/p>\n<h3><b>El resultat<\/b><\/h3>\n<p><span style=\"font-weight: 400;\">Amb tot aquest treball, cada any es presenta davant les fam\u00edlies i la comunitat educativa una obra de teatre original, creada \u00edntegrament per l\u2019alumnat de quart de l\u2019Escola de la Concepci\u00f3.<\/span><\/p>\n<div id=\"25B8D\" style=\"width: 100%; max-width: 600px; height: 400px; display: none;\"><img decoding=\"async\" src=\"https:\/\/lh3.googleusercontent.com\/pw\/AP1GczNwIXUCQVuWnu1t67ieMTPXwVkCMqu5NVixpjWXxIl9FUCphs37JdH2JkM-x1Zqc-LZFb43-8AalX6I8QB2OjsvfRAsinqWCnvAEQyytMukVTUZrzNgaGVs36Fcrn_2ZeG3hE-EROYNMDpO3oH4Iz8oez13s1Hm8cLQ6GeEwI8_edU1BFBhPog4ZV_NnWD0-RMCJRL8WwzY3rPWFbrcQL5ePBADknGWGnAj69czyr04GVFkQ5znpd7L_ruaG5XzizOhlByNDKp86Wk3mXB67K8Upegd7YPKPl2Sh-dFatErLNBWNf9EQwGeNnq22yMKbBxWZZ6nMhQwTm8Y5GBM1P5n-6GRiqpWptj7yaRCrr2y9sNzgv2o4d8m6fJpv6Wf6IDaYJIRQBSAKxhtN2HZQ4c5g3d9mSfg5uOpEtgTbO9pTE2_wpNcrZpz10OO03t1lH2mV-eoRkw5mNhqlwsCyD3ZtBOP5RfHMAsTLb2q4t1-be-iF7YME17W3WPg_3Ahltlh2yBAvdEkPGUJyU1VWGqG2SkMrGG91zR8FR7FnJZv8y64mH1NYwRTlzzc-LY-RNzHPD13SpYT_idKLUWGZ0q2uFudlNAwKKXHcZ7G31AonKTAavswRS08xapJqISJPqw062LpnK-lqhFhyk1YBN_kjE9Z_xexovyC-fzkJ5IWPPLhiKssXfwJaiXUV6jJ9g9tuuMV_h9sWsb2UEBKcOID8psfp7P2YK39wIfgkSZ99SrQAOgnIRA4MeD4-SImRW5HtQ-EPEldeMR7yONrsPMPVsFiHNMl5uLbRyb9peJymMs2QsyI4ZVcVVa--L9g4JdCtT5WJJBjGzUoAWNj8F7tU0hokpH5lpM2ThoIKJqG4pNsr0I0D4xF4TRYmoSCMFPocg6UsFDn0ICV0KWAaiYUKocxsPazGTHmxZ1z26K6MN5kHvOTdCpwpxMT528EtManUYdkpJaV4wtK=w800-h600-no--no?authuser=0\" data-link=\"https:\/\/photos.google.com\/u\/0\/share\/AF1QipMG5FhxKf6cZBtjK1fjtxVLSEjCDk-YcfXl8RLqFKG5bfiwzHPc7vgRlG3uFJyLgg\/photo\/AF1QipM7lReK_9G4Yl4bWKzzyyjDIt1UaEPN-HIJgjs_?key=QVZoX3IyUVVfQmsyZmVtdnU1SWRXaWdZaFIxOG9R\" \/><br \/>\n<img decoding=\"async\" src=\"https:\/\/lh3.googleusercontent.com\/pw\/AP1GczOTv3eo7s7CSGVrfUztHu4xtJQkv7OFVa816QlnPGX5ht-CFCaMxR5tp9ZkIxqc1qRuDsvlOIus5YCxfcdc9eoGYTPbgUrzDHFnKl7SKvmLs4FxprtviBpuTjc-awzywGO0sGojZJ8QJoIBsy72_nNKWkxc_RHlaF1UA9SgFbGx3vkHOd6_YtOKMa_78UW4FMDV3KP1_hTINxExIxA-q31SMQCxHx2yxQJmQ_zOXleDQwunvrxPoQ1-R1Q5x5t6uHAp7E02_rWrJ52cmXSRpT9ZiSXOnOBfK35ieCRCQkgMTEfs4G7A-X7P6FH2Oc27Qj1zAhuLhazknqkzH9VPVqciOhycqjelUPI5qg-PUUhvXecCe9v4r0OUlaKxdPD5ksavIWu-OKLhzyN2bWvi-fFxqmjOpfMgUjSkLarw8M0I01TMXaXvOa0OB3UPD2L7yuDFylyz0k4ANIr8clZBrnoVtWujIFdy3uwepKGkcbkVO1cgscKFi9eNPoOl_bISyeModafsWsOI0HKsc-TC2vxvlEcogmU237SpnpLxML4OgIbRdT7yjOJkW6toZXttdMZhtsKZbu_kdIY868lZMrg2uQcbVtDBvhymMk7bvU8HqIqeF1q74kmfQiAOF3EL5qBQGrrhWGC_nI3WexO6aSjnWTi-TF5oY3sA4wiKWb4AcQhBAT6U1lyTGIaEasQSDsfofrPMupsVW44a83_6Bs6Pf8Unj8OBeoo2uQ7AKpwFKMDoKIsaDREtZv7hhi1roaNTKmrYuuXmK9jSN1XLZF361xOABaAz-MGWQ8PtNbyB4B1V6TIEoMvKYwQq4xOHs3OrCmLCPET8fvES3InU3zK-QUDBWPVYle_ArEU3AzIaqzwJuXeJKwDpIVzAolc8I1MqK59Nq6VBlB7k8nLLpmBWkzNa8xsbk7dUN1epNldGTLgy5SsgtPvBkW60ICwHVYRYNWbKV__FtHSW=w800-h600-no--no?authuser=0\" data-link=\"https:\/\/photos.google.com\/u\/0\/share\/AF1QipMG5FhxKf6cZBtjK1fjtxVLSEjCDk-YcfXl8RLqFKG5bfiwzHPc7vgRlG3uFJyLgg\/photo\/AF1QipOwcmIUIwM5moLkhAOhWODonvP-hb1rGIySBZqE?key=QVZoX3IyUVVfQmsyZmVtdnU1SWRXaWdZaFIxOG9R\" \/><br \/>\n<img decoding=\"async\" src=\"https:\/\/lh3.googleusercontent.com\/pw\/AP1GczO6ZY3oHT9stHl-rG9AFs520ZB3kAsAv9ydBEY4f5JNJPyporjsv8C6GdA-53rJkq59wo0NvNcgoSCPf7PnpsDvR1upC7dCl0SM2zSBJRxa9F4E-bgVO8io0M7Wy9RVX5e4Eqi1DYc_54kNBVFsTNRjR_PVaxR7WxYxMT995hCKNj79xJDk_AeMatuzqldK6VOzfX7g_xMX_m9aIrJE4IJp49NG6Ya59bievtn2PqiN1LuC1qIWg2GqLxSFKlQyHz9V1FJNKtiIJGr20sVZXeTuWl6aQMQ-Ad4mIYXtK1BSvIuZMDseH5ryZHZrcB1PnkuZzFRvoPlZZX2xuK1ElB48P92neCWph0APdgc1U-YqvvqK5gZhcT6ZxAlX997M-Y6vI7L_HdCk1hu9X2Mi5_axMuICRrdTrjmtf8agQWhAIj2wPEq008pP_5kFLawaexMUhpHqS6CPtf-rSRL-Is3RNOqefHZJGbT4XjbvhwZvoAKIx77SftEgXjDgf3gJyofqg4bFxbO_BZnHUgIAUagYlk7GgMS2lYs7e_MYjGY5OxopG1MBNRGexjJrfd31bXImBeHkwPWcJNgnrXVsDWmXX-PuHQENBD-1ufHO0v74bHQ5Ac9lSJIVYe5uBW4WGFDXNYi4YlCEOqv7lktfJYxeSP4JQ6v12jCCRii-i9zZFvNxQ6sdxfrqGhiXXC70j7-ZAQJBacwujk42xdYEygsdGhK7NxI_fedkXavdPDmu9kILxzpEn4gELk3L18guWfVDUuCfi_RXSMcMHU7SZdp3ZfgVGYeujBoGo_X0HnxeIlz7YYJQ6d8ivr40Jcds4hz6rY0rbpeJjHqkYs-1NeUrEe9sz-TZ0F49m68vtdzK0-OMXpSZrQFA04YD_PEgM0jbtF0BNfTO0i3KtYCp-9xuR3UEDhLX59tfNUNNvHyoQN2sxw5Vsb98ZDMTURO3CkBBLwJ_ry6wpBxn=w800-h600-no--no?authuser=0\" data-link=\"https:\/\/photos.google.com\/u\/0\/share\/AF1QipMG5FhxKf6cZBtjK1fjtxVLSEjCDk-YcfXl8RLqFKG5bfiwzHPc7vgRlG3uFJyLgg\/photo\/AF1QipO6LVjODfisihyQOxuwaOmsF1PwK_x3RrIgo5Gq?key=QVZoX3IyUVVfQmsyZmVtdnU1SWRXaWdZaFIxOG9R\" \/><br \/>\n<img decoding=\"async\" src=\"https:\/\/lh3.googleusercontent.com\/pw\/AP1GczMaP8cnllBpgTcQHyMScAsaUfncfldPWsM1ZTSdTZ84G3JjSz_OO_WVnUltT1T6qpMgty4PZMttuT7AfTFJuBHxkupvMl_LfeMR9rX0f2xpQwI_XUvN5-m-AeG-ygA7pGgkkv2RdnwRRwOXalbxstiEb440woFIQz8DuOY--J1VJkFsDhjwy_wKrOxjDBLDhnp7vDO6oyyIFiQhpjh5iARlYYQunDbL6mmaarJ1mzckh-xu0Ma6kkSinh5AF4LZJXZ6wu3AvgqUnHhMu9omvrENM_1O2drQxbEGx2OzQ-2jXH39nWWQDQhxk80IBOLcTEqkIKfmPIHPM6NBteWbiK_s5tOgD-d1tZmiVd8oKh0QxEQjdR7ym4msiTtlF7ZJMdnyugYsve5ZsRzq7yS0UFbs_mCJl9CqwPJ474X45Iqk0Vffp6O5eEiv4XRyFj-hPo4DVrksTvZEnA4aEsWUmTa2Ums0JB17JPIm8a5N0vb2tFtAOzGcMkBFSNBcvnZDffV9QM5eUDBQgy7i8n7a0_-WHCYnj0D4MZwNtS8cMHfKsTGRDNPfp9ee4r0qG-92JgR-GG_mgMjmJBMh-87Ra2Q7DrPFqjg1AflEqQ-crHoCEKBCALaPk76X_MRSOs_QeXE_7F1zvUvLqFC3tSMWJn06NLYSf0BcrjO-ynilH0fzR0h5mW1niYNGs1oqE3G9qs15-ih4Yh1OVq147KManNuaA0vBG1pZVIYQK1wNAEkeeBkZn83M-BtkW3Xfh0De1MU7dufwx2Iv50E9KV6su0RSPbc7m-XBeCcnjR940NdGj2YFg_2qY8b2liwm6ZL3I8djWK4kdw8psJCqNguF4txsUJyjx4W1co8kd-tU-W86s1hrCPAExWemH7XvryFzfO8pVEZlY6StBwAYo0U8SDN0o3xizaqhYRhK1wgheiGRKfwSTU_h8cXzbHTFCfM0hF_Xwk5ZRnE5PwM6=w800-h600-no--no?authuser=0\" data-link=\"https:\/\/photos.google.com\/u\/0\/share\/AF1QipMG5FhxKf6cZBtjK1fjtxVLSEjCDk-YcfXl8RLqFKG5bfiwzHPc7vgRlG3uFJyLgg\/photo\/AF1QipOVI7uWOgBHPt8xo88pUbiqAdxDM0LojY1F95gV?key=QVZoX3IyUVVfQmsyZmVtdnU1SWRXaWdZaFIxOG9R\" \/><br \/>\n<img decoding=\"async\" src=\"https:\/\/lh3.googleusercontent.com\/pw\/AP1GczNs8YMzXT5oc72Mj8TU6yUB-JpKVTA5rQQZhEPMh5JxttEQ5PczSs-TMnAqrUl-xOlMg16SS203J7Pz-x0HdaIOqvENvTxrIiqEHL1nb7zHepHdTdbTwKfnPwHhy1B3Es8VSkggDnhwrCNpU1eN49ZATQ6s5utWZ8qPXDRH_RMcgu7meYs0J_IctDHzGz-YEkA0F_teJT9789AAgvV4qqKOR3gH7p7Znza_m7aCnjkgCPryEsr3RU-3bffA2CuVf-DWwiU-8DvsO0Mavf5eC8ly90nb2ErZ_v2t4T_Vuyf043xont2lEnLLynRgf-hXGhkdCq3y33Hhn9Qkp5jV2yBH8UZk37hC_jvEu7pN8IfKotabvJs38n1wTop1zD0RKMP19IcGHPXrzP-lZTi2ep1z7-EFaEyKLctFl8_nimNhlWAacmIE_65UOyW0AFpUiHednqoCbN7Sk5QCXjkJQIXoJDfFYiw1BQ0FGSHch1oWjfth_C-XfE7gEJrQJ1lb_mFLz-Rk_oMzgTP-kfAvVG_XDSi3hhjAwov0Z_M_gmX0qSwJYcIw1E8-mGwkpJcGQRUWiXWAOgtWCejkWReQuCkFWx6sa-RQsqrolUOlo4TGVqhi-hgyY_cLSgnYmxoREjGgQ1mBKaf-SB1ZMdrbyEaTIXzfp8T3c9QO_KY1KRd_i_yozqeezeI9zWoWekWK-dCTlra2-Gh71f5FowWdb2zzm9_TpuSBLO5_anO9CA-zRVq6r9TEsziBCMeyncCvEMV92Kk5vnQFc88ZlRs7uzaPGFFhViPmc_iLt9omsJdOPDtth1i5mEQOsNqA9Jt9g7bo15BRVAzhLA8qXvbYWcWr30G3CkQVncEjRr8DccrzuEnmKNe2kwesBsurqiJorkujkGqlZWylLf4JvpG_VH2lCuvl5yWZVwv0iZ8ItOh1kEeW8qK1-jw6NNSomoHqw5AftFKWGU1o6M3x=w800-h600-no--no?authuser=0\" data-link=\"https:\/\/photos.google.com\/u\/0\/share\/AF1QipMG5FhxKf6cZBtjK1fjtxVLSEjCDk-YcfXl8RLqFKG5bfiwzHPc7vgRlG3uFJyLgg\/photo\/AF1QipONADF7EginhgLLRMPHOP-0ph90Efb2ZtYbNk4Y?key=QVZoX3IyUVVfQmsyZmVtdnU1SWRXaWdZaFIxOG9R\" \/><br \/>\n<img decoding=\"async\" src=\"https:\/\/lh3.googleusercontent.com\/pw\/AP1GczNBxMpxk_josRctSVO2emDaUvnrye9tYQFlbGKpq0GYrLkrHRx9snh8KWBFfQqU1a0FcAjg6O_qnFaZ-i6P2G13eHNVCueVcQCh9lIPe0GzoKc0TsRqt0wxswW-xSgKWkLS743P3s5uXoCJpjyfLyEbT5A2pYuL61VJZmfwIP_qpBVf8sWyN7DP7ZqRWJuNGlFM5w0If6O2ebAWXwu7lG8klZNNsfTICNHAqLRjmIRCOwiGQgOwlTfh_QZ-7fYmSsYF_2kijkmqngRw-bceOjIEmpHXsIMVHSICZqGQHa7YXCWyruboa6Mz-5YB-3H9xs4Mfh6JlmcObFdlP-u9rojTZLPWGY5FByUorLkznARMhB9BM4M0WFgl8g07Ad-c2Hr7ea4x-p0mi71s08oXSAXPF5J_JGxNg70oPTMieuCFKvJLKOjfmFuYJxxeS8xKMnZmQDK6pPn88PK7X6vJWKkRVGJRodT4_3QdnOSy7xOPgZcD10M8W1M1CJv_7Rqj3QVui_w2iCbsqX8R8DnbxMGkWOsfU49CsH9ExPIKvPBydY0qq7RQ4fukoZNkd9C2qh67PdZLuVP2MFELYrWv10PZRGpFa3GBWMgUMUvNH_mMrZ0w28Xk6bxIZBXCs54N6uHuwsg93ORsOWkJ5kjjrp8c45xZ1gPbgTHvnTQsFIY6FaP1Swx5aUqIAmWTpzqTMQOMucY8eqAg0zMaN5Q33sBb_-YD_rZq3d7FVoaDowbotELs2Ik8bCA-w0yVNMrOeBjFdPKmXuMiBTC49GmNBVgw3_CZfR7Q7-k8N6MUBtgQ-d80cRaKpshCGvG8LIKkMmS-BdSQEQAwuzg3AHkWT97mReAnJxAMlpKq2ua1aRySHkib4xhePCPpnvaZcgbAydxYFc14MkCGEUeyUaQD56ZZLZWyBwwwc8doLT2wwDlT8Lf1rqUnOQYqICMVlNp_iIWljnAL657uxz1-=w800-h600-no--no?authuser=0\" data-link=\"https:\/\/photos.google.com\/u\/0\/share\/AF1QipMG5FhxKf6cZBtjK1fjtxVLSEjCDk-YcfXl8RLqFKG5bfiwzHPc7vgRlG3uFJyLgg\/photo\/AF1QipMvikjpqf-RhtGoQy4jSmmBBehi9EJ2nh3c8KKK?key=QVZoX3IyUVVfQmsyZmVtdnU1SWRXaWdZaFIxOG9R\" \/><br \/>\n<img decoding=\"async\" src=\"https:\/\/lh3.googleusercontent.com\/pw\/AP1GczOudj8AMzrlOmInrl64UGjgoeB0VuBwJ-c8Ey9WHv4ngVz5bt6WagzNBGvQ7czT0REuGHWDPBlkdKeHxueYcQaOhnVTdV108lrXYIkK4kkKOzub2gSCFVlE7g3QxeWNaOgN2WYmzpvrTIJwdSTsHoZ4oGIsvF80EKb0P8W5UsPIS6Xs4AtovCoFln7a_lgtb1qRGLCQ3os6fJa2v9eyFhOiQvGEZ1IzT14Q9B4yXHcSX8g0hc3dHFNrNMfja554EsH77IfM6PZ5dDBjACOxJMAhLMJOjU0EPygQDzBcjk833d7vUMN_RaXclMVI2PeyumpqRdpX8TG9rxAzZnB2hvAvmADOB9P8G3-n_7JlRjvXR9Ol-uJEhJVlKE63XLEF6hneweAMYK8knniIeWw8ehxk0Ctau6_09L9C9_KBIa3wB7PtJhYtl5Z4Pvbio8MiAdGpETMWhO4HDWW7RpheAoboY2KVv_PyUBEB7azfcIuaaDdC79VEPI_lRS2ARpDMctrCN0J1H-F1BfBRgBQqwtebOWucPa-uPqq9ZTjXJfzzksMa1OxVIUllJ0gyVx1cq8og_Rz9hqMMJsGCbMBId0oPDHP9nLdEHTJ1gkqrbofyxPK7GdFm19ZR4tarQlb1DOoCoMjzqJssEQq4uWJkd7PO-sIKjNH3rfjG5E9TLwwXw2PIrM0sN-ks1rsWhqhIApexKNtAA98Oe4J7h-Y7xzu58epWe4DlzL18APGNIxj3vgge_bKuIwMmmufgbLoNFenLaBdNPJLBBbXdOHKv5yZ1CTNk8uDRxEushK9JsHQozRumpnNHuojG4IgQmC1VNPfeOZjApRDpNznaLsVtuS4roM7yyCxvZPL3bobwh5sISteQiJtDAymb6r15TKDZ5Tx9cCQHpWq1Yuhs41yvIzbkb9UxBn0HldGps3aPw7OrjGaOVfk_FiuR3ToOdxfEtNyB3xekqntf8Rkr=w800-h600-no--no?authuser=0\" data-link=\"https:\/\/photos.google.com\/u\/0\/share\/AF1QipMG5FhxKf6cZBtjK1fjtxVLSEjCDk-YcfXl8RLqFKG5bfiwzHPc7vgRlG3uFJyLgg\/photo\/AF1QipOPXdun9RG-3UwVHjEzPoNo6QCMfIMJT-wXUlAF?key=QVZoX3IyUVVfQmsyZmVtdnU1SWRXaWdZaFIxOG9R\" \/><br \/>\n<img decoding=\"async\" src=\"https:\/\/lh3.googleusercontent.com\/pw\/AP1GczN7IGkJyslyGxHRrGd4_MhDCfW10FH4mRzZCCLsZfWNs1NKzXZ89U90L-pCcjcqvU_mYJz83zkblU6n8Nc9CYgoeEekLd-OC3mzO-u5RHm32GzR_r6s-VNi1T_igio8JD5PgEx_EspHSQaVOKcACrO7P355bKpKXbDNvRgtJkQGTTuN7Ooj0hvzesuKX2RaVQliLwBfenhZV6QP6L-rnEzD68kkXlp7-k_wwf5jCLIxM9GtWabx39fDaEh1eYwCKeK3ip-00wSso_nKnLp7p3UyIn9VI-I91WVEK9Hy7MRPHZAOGaGmwzoKozO-_-Xt9iZhmEeBz0O1muuWjsu9fZnl_EKL21VzvUUKNbpCRGpfZY1-CaOpRvc1vogPLIhotz-Xd5dwGdO_o694VSzVBioahMoceUlePPHxTKhniwZI0d35RLNwwUX5PUHsfNcj3kABKgTGryxARgamWLbgLwOGROf7DhjfKdKSv3YbgGPt4csrVv8fX3NNIt1gNUObmEt1dplEAPyJWMpriyVJzvwW4j86c_VSbmqVo8QbeFy5oMU3cWtgisFd2sTkX2sWzHv8FOGeqoXrpEmaXoc6OnWq5_CF3BRGMT8wsGzQfnz8-DBReRghvcdU7zox_DWvhTT_cKIyyuJYbT6y28SHbtVBUBnRlVTvGrZiqPwTE0c8fTamVaYELGinUHO23c90YTXTV9P2--ugQ3JSLHAVdXRWY2-n-f1wEf3UN_vJueamn5q9ClkkhsO3_h1xG3HC9tMP_75sS3k4tyHLi8Ka7hzgYDQwjB3RcDMl-cnfvaCxdD8B-re__a53cXH-VKy2gIwNlHhugZ8jq25bKSL4EnyNAUiyGH5CoR3Mtc2_tjKfQZ_8PLG07dorL9cYgK_Tz-ZscbRyZwdONFVmSeIdDdnf-4O96w7Bpa_GD7wA1IIjz1scLLKqedaWNRLxoiDBlwLPizGXpVVe9cxi=w800-h600-no--no?authuser=0\" data-link=\"https:\/\/photos.google.com\/u\/0\/share\/AF1QipMG5FhxKf6cZBtjK1fjtxVLSEjCDk-YcfXl8RLqFKG5bfiwzHPc7vgRlG3uFJyLgg\/photo\/AF1QipM2x246F-qXXYC7vNg59UyyqEYAPO8kSQSUsMWE?key=QVZoX3IyUVVfQmsyZmVtdnU1SWRXaWdZaFIxOG9R\" \/><br \/>\n<img decoding=\"async\" src=\"https:\/\/lh3.googleusercontent.com\/pw\/AP1GczN0fs57OvJjIf7EBu-w6oN9H6PSvFXbpcGJ_6nS_mSiZfjq2FWcYbAZJl7ID404OxjBGNxU7pHwCbQxT348sWYrXxt6DhGgNM3IRDA7bwEnDIgkUnUFAG3SonyoYAm4UpMGVLgFBTHxoZh1QwP7W_IukBAiBWNSZWLzKQMG9-xTx16suf9bOGfo-5Ft92iOPtFGICXIf4FgPL9IAYfBXWrnCoJFwN7MEVauMDTbVe8LVkB6xIzWtvpgz0Wkl-XHIzz3xTCYivFv2olNDp9n6jHvVEi1kTINcqKfBHD34ii-oOPaEdd0alv5SDQgqESdU2CycLQd-p4o6vEKw409v5_3QXLfB6JQgHZp-eN4nRfgumO2evCwBBrzxR2xYRb6xb-LX7_mE_YMlLJDa1PptSigpdgMCEdwQSNdm9bdQRcXQHn34LubOGLcziiMm57Ksl6R1mVrhzJyBYjyHQ5CUTzuKzAuHca_q6ZGNKoP2jSDLZ6jRRQGLGL1-sXhIgGnLQLC7RKD3yiZ2HFW8osI8-4bqN9cG3M0kCBldeoQaV4zUX_Ts8Ahefw7b3v4UrTb3zRG7M6cjFWK-VXy8nUZsfwm-1SUJdknBGl-1aObTkbqae2brJKKaNIc1ZeuzGPlSs38_QtjLq7UOCJDtH-6JxahwtH9Ay2ISIv12nybpGN5RYNzn81InAyR98may57JqLu9H03v1ibInZRZWcKq8XeBjPcYezC8gWO6X7bTD9rL3HOBWDLQZblZz-edQG6YVkPpuYKJe6i6WUoQX_LiMclQfIdV3SnpjQvwQXR8Flycw4khlbScIlJTe69atoHjl667nfnivrAuIrx3hAwHJCe_-Y2DzvL6cWlVhZRLyhiq5cdresLIj7wiXCkF8VJhSZFQQhqUFXSVV-vYkzbbTKHsbb4Dvo6BBelXmOUk7lOiTRPNmx1H7sFimrooHcvVorT3CtDP7FySdm6Z=w800-h600-no--no?authuser=0\" data-link=\"https:\/\/photos.google.com\/u\/0\/share\/AF1QipMG5FhxKf6cZBtjK1fjtxVLSEjCDk-YcfXl8RLqFKG5bfiwzHPc7vgRlG3uFJyLgg\/photo\/AF1QipM39zZCBHNzjZZvJXFz-gV9Y3Tke1oCEiGpHCM2?key=QVZoX3IyUVVfQmsyZmVtdnU1SWRXaWdZaFIxOG9R\" \/><br \/>\n<img decoding=\"async\" src=\"https:\/\/lh3.googleusercontent.com\/pw\/AP1GczOD9G3EgCcgiK7hzPmOfWFuJFIaYTZAvsVhJ_LdidmVXYvLwiOg4Jk_mBSWUsBZqS2x9Otjcz9KsAsXcBu9yycqoxWdU7NBRjgkRTf3vaVtS6tU0TkJxbwrhzYd9L3bN_jVT2IOwTeaBKWGBt_vcVCzbRSLI9MQAFllGJvUjeSd1ZPV5cYbJg7YiIAmQJbPrkB8q3DLtvkU1Ht0bPy64S1_g2pukE4QLXTDhJKEWWA8nEJEDT9f0CmY0S2VFIuzyUpbwVARY6drXSulAhbEu7s8mB71g_3tgluW8VnjAiBYF5-idi4QMvAv4QegsAkM_969reuTe0FewvTceVOJP20xw5brzS7YRUNpVTrw1XgcC7h5Ot-weMckjRzfKXMULbj4bQjszvts6g6kLCUe11W8RtBt3Mo747W5NZ6FByBAvaoWmTvjoI0nXBxIsyrhKzvsGyoQFC7Y9efcfPOAeObJQfKM3EqiaLs6Pymxmkw6fZka1eYsw6EpPfdNUr7MMBoNeTjku-eSRk1nGqd98cIcI90hvJ0xsxibRPwVU0teNqtd3SPmmCSCSqrof4zpXb6uQrVOiqZQzc2GP5eIJEiezXb0Ej8E42aqsAi18c_IZ60aySi6TCEj4W2J-v1ydjz-yBE3KZHbVQxCEES_K9RbBSqjNISfmTwEXhKP-vMitjRgcQTPE6gEYllnRiGHOxD89uO2qyKKj6GlJ-0-0xycl7-DFuSusqO_hBXD0FXa-G-iB9SGeLiVEfOUJJ8m4IowE2a5Ycvbhyj45zvSy92_IgTHUTE7VEDdjY9Eh-h5AOxW_NMUaVD6RFpWKU36nIsV3AerkCKb9S7MLv158SZmxRd13w6iKo700AFkfsOkvrRK6hwvNGPenjKQsZckMb1wn7k4yjFssb14BWWalO3QBiKq21SBGUuH6RbcwA0gPipc52bn6QOfm-Cz9C7trq5CDhTcdLBAFCUb=w800-h600-no--no?authuser=0\" data-link=\"https:\/\/photos.google.com\/u\/0\/share\/AF1QipMG5FhxKf6cZBtjK1fjtxVLSEjCDk-YcfXl8RLqFKG5bfiwzHPc7vgRlG3uFJyLgg\/photo\/AF1QipOA5jdWtx7w4Hz8tI13eGXiuCkD82Oqk5b_0FOe?key=QVZoX3IyUVVfQmsyZmVtdnU1SWRXaWdZaFIxOG9R\" \/><br \/>\n<img decoding=\"async\" src=\"https:\/\/lh3.googleusercontent.com\/pw\/AP1GczNEPiV4iHekw2ELOhmUvUx8Jqse3QqW6AZbAYf9joWgDX488Fai8c9ZPfrbHwHd1SxZ4wRIqLbYq5ArdDdDNV1JWBGeJ7dd9OfMRT7pSRA3R4i3vGCE8aJNJjHjmiBBrkBVdqTgv0uJdC4iad9EGEm5be9ZCsQunx5PMbFig4cKYbAwwZ0i1akFrEyRCBCy5SRjCcibQQa1OaYsMhff1eZgXwzseou22Ym_K4nxvjfYzsdD35vZ0ZEwHleJI4N85sGzz_N8k0n_Ea-FvOlURhN7pVq7_30YGwR7WbfZmb9poEdZ8T7zzeYsIpcut0eND5JdMqRivO52elhNKp0pHmmO5ev1bof75GFwDK38oAYf4ZeRqxcEiXtlT32wPL0yPqvY4CHAkkjvCGs4fh1CsJIoAwkfAxP_JqU4c8dDj2ruU_AfkMpOBGvIeqmnGEJ4GQzeciXD9aJEXeOxYk3GaaWOCi_C551HDnsFxrHauGCTqjv6OhoFRTkkBmAi1XE2ORIgEO-1-dVYOh76aOVSOni0KyPTA8bzqtb7xPzUHDXT3w0MYhuk3VSOqh9cULey-XmRM5zGoGNZtCJr8zGw4VSqK52n9p3CGU3WeNgzdb5XIV2qov6jxfOu0qY1rzq1PgTs3C_aMkwnFyFEgD8OforRtTQrpM2v9Zo3Znwa2s_NgtEdEiN9-00rOziHL8Ed47RIvGNMcUpH2xytt6P3SbF-yVdaKOgWBBb1cGjEkgomF_KOR6U_ck4akr45r6MWLccBvUtuSC62L5xEmXen55nPr9wutMMmKrYFi-V56vPzLR7JnanZgIisT9mSbJM41MdKNvnu2xAl3MWcHvtJSosCWzXbLyLHdnOiclnr-nMSmTFigmLgFAXGIzMaRd2cqs04S7h-3BA5ZI2t25-gVKWzvsGeoT-ulR35QAOpBjGnGKryWvWl5xbn7bepZNvrk5S9caTEse2S4cLS=w800-h600-no--no?authuser=0\" data-link=\"https:\/\/photos.google.com\/u\/0\/share\/AF1QipMG5FhxKf6cZBtjK1fjtxVLSEjCDk-YcfXl8RLqFKG5bfiwzHPc7vgRlG3uFJyLgg\/photo\/AF1QipPFYyxGHr828KNWFSIUhqpEDCIB9_XqKh5qUQcB?key=QVZoX3IyUVVfQmsyZmVtdnU1SWRXaWdZaFIxOG9R\" \/><br \/>\n<img decoding=\"async\" src=\"https:\/\/lh3.googleusercontent.com\/pw\/AP1GczNXzBXbVPcQPdyKiJLSHoYZ08ID05JWNrKZ8bJYhwjOOS4c0SE02-xQ6lgR0BWmROXSDb638OjsopvFMXeecPq4EINxxkVAOfqnh15pW8VohOmg2MwNiN26Vsfk5_vHmai36mU0gjyMLiOVTJYbVGScvDJaoSejLMq7sOrlT0KzWJW1QIuGLCE4cUL76Q8M2ign10upK3guexLT1eYFls7or4HM65bL4GlsgMkGnGMwjMGxbor3g8hCgHkdrOTgE1oedTwDBI4t0Nb0zjGMAqKXD1vNL07tu_wfpv9PKXWundDLC3flBwXyEsBpTlBK9bwIKtgat3TtlGVAAPclvOGxNR_l2iErejAoXXq4R6sWmvnXGqo_J5lV5GQK_JA0uZW1abwjNpNtXEUtAIJM9_Px3EegTov9pFeNR1NFk0N7SCZOzZSQqLoAoUD-bWmqsiJ09cftCRem2fiTqjcsrss1uZxK65-eu1qFNCCElB5GMho4VNmITNsMaWTCazRVK5kw_NbIBMkGTwHgrYhl5oLgiYq1kGwt1IDaSRZeX7P5gcgDqRGHNXmDspoJMfDT7BraQ0j5HsAzUsYjTBFDFKWt5SUfmtJ0-DdaxGyPYPsFKtW6wIWPOPh6sV7ZQVglmX7AD0KD-5SiHga3ZYNmYH3gyIUsK2ua9Ljh2agZp5sATUHA3BT82de4pC9oKsosz0pgPaDNwq5wkBYeYZB0TLI9GOSZtmV-XSfOxi_24_kir1izk0jVxPqY5mkvRBRBrnBDd1tmOWoyJnGWKwray6nIniLRJTCIpdEJevZnFfl9fmyLe6GB5YYNfsNf2cQ7168gc0WTd3woc_l5fG2S1-w4fQAGQM6zXYrh-M_J7-SmwXVamq-DLvBTAS0rMjGnPjA3E7Ypr0Rh8fbW06XzNNh40x23jvRUQgZdKvZSYNk2EhaAhg1mBxDgWg4ZS1_vqg9CN6bav_56SAoR=w800-h600-no--no?authuser=0\" data-link=\"https:\/\/photos.google.com\/u\/0\/share\/AF1QipMG5FhxKf6cZBtjK1fjtxVLSEjCDk-YcfXl8RLqFKG5bfiwzHPc7vgRlG3uFJyLgg\/photo\/AF1QipNewgI_KdBVDqW53wfqp9OTR2wsN26R3jIjSlXa?key=QVZoX3IyUVVfQmsyZmVtdnU1SWRXaWdZaFIxOG9R\" \/><\/div>\n<p><script type=\"text\/javascript\" src=\"https:\/\/cdnjs.cloudflare.com\/ajax\/libs\/jquery\/3.6.1\/jquery.min.js\"><\/script><br \/>\n<script>\n  (MyGalleries=(typeof MyGalleries === 'undefined' ? [] : MyGalleries)).push({gallId:'#25B8D',autoplay:true,lightbox:true,debug:false,popupLinks:true});\n  if(typeof GalleryLoaded === 'undefined'){\n    GalleryLoaded = jQuery(function(){\n      jQuery.ajax({url:'https:\/\/cdnjs.cloudflare.com\/ajax\/libs\/galleria\/1.6.1\/galleria.min.js',dataType:'script',cache:true}).done(function(){\n        Galleria.loadTheme('https:\/\/cdnjs.cloudflare.com\/ajax\/libs\/galleria\/1.6.1\/themes\/classic\/galleria.classic.js');\n        for(var n in MyGalleries){\n          Galleria.run(MyGalleries[n].gallId, MyGalleries[n]);\n          jQuery(MyGalleries[n].gallId).css('display','block');\n        }\n      });\n    });\n  }\n<\/script><\/p>\n<p><b>Obres representades fins ara:<\/b><\/p>\n<ul>\n<li style=\"font-weight: 400;\" aria-level=\"1\"><b>Curs 2023-2024:<\/b> <i><span style=\"font-weight: 400;\">Perduts en el temps<\/span><\/i><\/li>\n<li style=\"font-weight: 400;\" aria-level=\"1\"><b>Curs 2024-2025:<\/b> <i><span style=\"font-weight: 400;\">Hotel Cl\u00e0ssic<\/span><\/i><\/li>\n<li aria-level=\"1\"><strong>Curs 2025-2026:\u00a0<\/strong><em>Les meravelloses i horripilants desaparicions de la fam\u00edlia Cases-Barcel\u00f3<\/em><\/li>\n<\/ul>\n<p>&nbsp;<\/p>\n<p>&nbsp;<\/p>\n","protected":false},"excerpt":{"rendered":"<p>&nbsp;<br \/>\nDurant el curs 2023-2024 es va iniciar a 4t curs de l\u2019escola el projecte transversal \u201cFem una obra de teatre\u201d  amb la intenci\u00f3 de repetir-lo cada any en aquest nivell educatiu. Aquest projecte va n\u00e9ixer amb diversos objectius:<\/p>\n<ul>\n<li style=\"font-weight: 400;\" aria-level=\"1\">Treballar la compet\u00e8ncia ling\u00fc\u00edstica&hellip;  <a href=\"https:\/\/agora.xtec.cat\/escoladelaconcepcio\/projectes\/teatre\/\" title=\"Read Teatre\">Llegeix m\u00e9s\u00bb<\/a><br \/>\n","protected":false},"author":1,"featured_media":0,"parent":1320,"menu_order":0,"comment_status":"closed","ping_status":"closed","template":"","meta":{"_bbp_topic_count":0,"_bbp_reply_count":0,"_bbp_total_topic_count":0,"_bbp_total_reply_count":0,"_bbp_voice_count":0,"_bbp_anonymous_reply_count":0,"_bbp_topic_count_hidden":0,"_bbp_reply_count_hidden":0,"_bbp_forum_subforum_count":0,"footnotes":""},"class_list":["post-3571","page","type-page","status-publish","hentry"],"post_mailing_queue_ids":[],"_links":{"self":[{"href":"https:\/\/agora.xtec.cat\/escoladelaconcepcio\/wp-json\/wp\/v2\/pages\/3571","targetHints":{"allow":["GET"]}}],"collection":[{"href":"https:\/\/agora.xtec.cat\/escoladelaconcepcio\/wp-json\/wp\/v2\/pages"}],"about":[{"href":"https:\/\/agora.xtec.cat\/escoladelaconcepcio\/wp-json\/wp\/v2\/types\/page"}],"author":[{"embeddable":true,"href":"https:\/\/agora.xtec.cat\/escoladelaconcepcio\/wp-json\/wp\/v2\/users\/1"}],"replies":[{"embeddable":true,"href":"https:\/\/agora.xtec.cat\/escoladelaconcepcio\/wp-json\/wp\/v2\/comments?post=3571"}],"version-history":[{"count":6,"href":"https:\/\/agora.xtec.cat\/escoladelaconcepcio\/wp-json\/wp\/v2\/pages\/3571\/revisions"}],"predecessor-version":[{"id":3706,"href":"https:\/\/agora.xtec.cat\/escoladelaconcepcio\/wp-json\/wp\/v2\/pages\/3571\/revisions\/3706"}],"up":[{"embeddable":true,"href":"https:\/\/agora.xtec.cat\/escoladelaconcepcio\/wp-json\/wp\/v2\/pages\/1320"}],"wp:attachment":[{"href":"https:\/\/agora.xtec.cat\/escoladelaconcepcio\/wp-json\/wp\/v2\/media?parent=3571"}],"curies":[{"name":"wp","href":"https:\/\/api.w.org\/{rel}","templated":true}]}}