{"id":1273,"date":"2017-02-24T11:32:52","date_gmt":"2017-02-24T10:32:52","guid":{"rendered":"http:\/\/agora.xtec.cat\/escoladelaconcepcio\/?page_id=1273"},"modified":"2025-04-26T08:28:01","modified_gmt":"2025-04-26T06:28:01","slug":"apadrinaments","status":"publish","type":"page","link":"https:\/\/agora.xtec.cat\/escoladelaconcepcio\/projectes\/apadrinaments\/","title":{"rendered":"Apadrinaments"},"content":{"rendered":"<p class=\"\" data-start=\"237\" data-end=\"615\">Un dels projectes m\u00e9s estimats de l\u2019escola \u00e9s, sens dubte, el dels <strong data-start=\"320\" data-end=\"337\">apadrinaments<\/strong>. A partir de 4t de prim\u00e0ria, cada alumne apadrina un infant d\u2019I3, i aquest vincle es mant\u00e9 fins que el padr\u00ed o padrina deixa l&#8217;escola a sis\u00e8. \u00c9s un apadrinament pensat per crear lla\u00e7os entre grans i petits, fomentar la cohesi\u00f3 i afavorir el sentiment de comunitat.<\/p>\n<p class=\"\" data-start=\"617\" data-end=\"1041\">Aquest vincle se centra en l\u2019<strong data-start=\"687\" data-end=\"733\">acompanyament, el joc compartit i l\u2019afecte<\/strong>. Al llarg del curs es duen a terme diverses activitats conjuntes: celebracions, festes, estones de joc, din\u00e0miques compartides i, de tant en tant, alguna proposta m\u00e9s vinculada a altres projectes de l\u2019escola, com l\u2019English Day o les setmanes de l\u2019eix transversal, on es creen grups internivells.<\/p>\n<p class=\"\" data-start=\"1043\" data-end=\"1455\">Un dels moments m\u00e9s m\u00e0gics de l\u2019any \u00e9s el <strong data-start=\"1085\" data-end=\"1151\">dia que els alumnes de 4t coneixen els seus fillols i filloles<\/strong>. L\u2019emoci\u00f3 es palpa als passadissos: l\u2019esperen amb il\u00b7lusi\u00f3, se senten importants, responsables, grans. Aquest sentiment perdura i, amb els anys, el vincle es transforma en una relaci\u00f3 d\u2019admiraci\u00f3 i confian\u00e7a m\u00fatua.<\/p>\n<p class=\"\" data-start=\"1457\" data-end=\"1663\">Els apadrinaments s\u00f3n <strong data-start=\"1479\" data-end=\"1510\">un dels tresors de l\u2019escola<\/strong>. Una experi\u00e8ncia que deixa empremta i que ens recorda la import\u00e0ncia de cr\u00e9ixer junts, respectant-nos i tenint cura els uns dels altres.<\/p>\n<p data-start=\"1457\" data-end=\"1663\">\n<div id=\"20986\" style=\"width:100%;max-width:600px;height:400px;display:none;\">\n<img decoding=\"async\" src=\"https:\/\/lh3.googleusercontent.com\/pw\/AP1GczOZ1MZ8qQlOvDycdvBkBolXR36ULn9lzeAriGg6nGN1neAyV65XRJ9YJtLiDjun4u9WiOpOePlj9qyRVrYquBoA52_1vy8g8z65ZFp3TB8xQPlQTWITTEQPunt35JoROQuJxqU9q7bPmnqMVV2pfbdcnEEgQBZ53jWzlNOD2I-OT7uGS1pntF7u6FueU3h7b3Q_l0AeoIjTM-2lmUa7y3phvGYDDeu2VXmZtNBUwu7V-6pcejaSyv7l7EdKFZ1ZbdRGbaaQb2UpKIg910XiUrnAl58GKLzBuYJJjIIcHhxLnhBRp1AONBSDvfEVljRo4q8mROz3CaWU8srOwsqD-aTT8Kjsec7vDOB0OLdex6etOFs3-7_3ZpQelbgII0bj2tDe-E84YiH8fCnGpQTjaBEgrdmy6VZ-_rFVaDUoKb4mzSRrEl8tvkLZv0-Iq_LCd4yCEclWVBJqBbdgEY4UFcybO9VZGQ1E_l-p-78Aj0LEWz-j7yW8Ke-VyQQMjym5Jqmcj5Q6eZ2FfdjbDB73k-5pdkw1vdxIcgTq5qMz-J61NeM8X5MsISElGMjW-eQSNsaCmxQ9GKRQnNudzKFF8uOm4MmK8tkqHGZF7-KwqcfnWETWtH1ZNqPEQfoMrSQS7-M8TmgCBofNbaQqoThJVa_77fc-KmZx9jixQGemLoSLqntNSqLzzhRNt-BHwsTnI_HddTmU4wVaPS230qVtDSVhjAAxL1BnhTZwmd_1-oEK10kRxL7tQSaKuqn9OnGWYm833nzw1ws_SyOSw6lLe7bEAHUWUzdCwAMTx0d9vxrLXgio4ogncYvpcflT3OPQtwuFy9-WDb0Qa6HR5pWk_XLK9vmZXIAquutp_8V4KpbxiapoGRM_g5KiFfxIjh3wyqWesV-IUq8LGOLEM629PCjftpVDkFWvLGuMzbs2GK889qPt8PJhM0FfiLMTEpn7JoIrckO2hO7cKvIo=w800-h600-no--no?authuser=0\" data-link=\"https:\/\/photos.google.com\/u\/0\/share\/AF1QipP26hZuwxIqnr2HaN0zUzxCFXh4972wNu0256QgNLCbIsBLr7GePhJq4t1pgXYU5Q\/photo\/AF1QipOr8p0rmTU5zIUqNMMqAEEKnQTTyoF7ZVeMEVwp?key=d2h2MEJ2VDdDNEhQRktUaXI3aTlkdzlNb1RwZW1B\"><br \/>\n<img decoding=\"async\" src=\"https:\/\/lh3.googleusercontent.com\/pw\/AP1GczM-OdmY34CmEs6GMGefuYxWD-Aynv7UgZ8h-He0bWZwzWXBoo8KfF7Od1dvTJoqF7CaYSV7JHeESj3EEuFg4x3MI-Pgk257nlp23C-71qz4bCS3ddgh1zEVYWUbScnH1Es7ed0ejDXaX85dM8ryuH2BF7uHyGI3fXZ6ntKwah2d0HquJsKDHGTjiuk9Kkey4aM8v24CuSNwvKOr8zOklOKPNTYhIXj898pqS9jpymKWpQpK_u0TyHet6zNkB2PWva3wQRDWnQXO-SRqgfmfP8ENemmc4fpaIK4HQQ30XvRpimYxZKNFamcngBY6drpDN4sd4eV7dQuZaOCLFHSKLTr2GLsbIAsPmNwjgBfpQbJD03F1KV0XrFd9I3TJo9BSexjNMKPiLAOl4dYen6XVchHIvjpZZz8p0oLs0L_Xm-PWJtb6s5zbJpDQm71QplUOoqV2G_df3EzQKp9n2xkbhoYgr5JrC75U-Q1lgFJolBjXmKUnrHkcJS3KFzZiKrmzkkNqVde2uRtcmPNMC9VS4QvqISVucYXeGgFHrK3ImQDIHG_7OoumQ5djBY_ZZpX5Y_5XOg0XMnC7ZUyeAoBLwJ_LBMHagvnEVR9_Dpd58o1zV__WFenfT_H-vddcS_kESLDD0hkWx_U1AclO8ofUQwhX5TH4bYgzUVlE8rOl9iP5kcq6A5MkCBiV-rg1rwlcyCyCjI4kGjXf5-s2aEpOFxWKapcahcDMRu7ejQyLKY0L9hKP8qWQGWcORqWTCqhWXmD0Ufbe20pBjlsizpHGQaQTXwOcHkfk-dclSxOI5dvwA2d5_KxbZAYeGUtvwatU2zv_aylARIUZ36zEvCy-r3J59TBpvv39FrxTK6Eq-1pgQ6BSjQzZdO5lcjAbKyp2jsqNZQ_OCqTm7l5ePGbb-RV3LSAIhk2xtHHBKSrXca16BisLA93o3WccHFfLtfeKrFdEivRGKOJX_UCL=w800-h600-no--no?authuser=0\" data-link=\"https:\/\/photos.google.com\/u\/0\/share\/AF1QipP26hZuwxIqnr2HaN0zUzxCFXh4972wNu0256QgNLCbIsBLr7GePhJq4t1pgXYU5Q\/photo\/AF1QipOjWxEUbAtVfgSEYnS36lssW5-p9CdTEA-T1Nc2?key=d2h2MEJ2VDdDNEhQRktUaXI3aTlkdzlNb1RwZW1B\"><br \/>\n<img decoding=\"async\" src=\"https:\/\/lh3.googleusercontent.com\/pw\/AP1GczNW7xLeR5mTwb2K5PMt3lmmwtAyPAsremwvbTKznAlHwhpS6rfCOSRXknpEHS_yXkCdP4TJszgU2FqE0_2KyfFZY6m7jDjHwovSZSLIDJuv8GN1C5H5bCyqYKsiXHgFlJI72AfG11kPfmnRR5b3wGu60JT_qExkRWdrm2OrRqAui9zdtp5e_QQ70Ahy8MqVfK-4ux1ajV1VkhYOyk6O5fAq9qD3vLeiF1kVpTJhwftOePMSbvOQaZVD4wSFRMq3FScVSMnz8rkAsE54CMszB3HYMgZCnevPF16FknNTgkHV-un75WW2N4jst3joudDf3xAaxnBFLJrVTMaXHxxs0Qeo8okpxjxmog2iBFdjiiJDihipL1ZgLlndy1C2UG1BpRmIODiDAtOYkiWEAmVFwVsCO1IVIygDRcl2K5pJG1e3lHMkZBNgILKjMoALxQLRGeFBItBAGAzV347q6Ps6r9v5gt0T8ER4hzgFA8dusssK1IGeIYpICHiRcl09VhgPULVfe_1xXqwdpLbWCv_9ikA1c7xKF81d--g3Sp6jdN6_HQm82ZGqLI8FrcDQ31cRy31C9CiX0qNMdM1JoKCACNhxCEvuojOR4t79NBcAdYkSyI84PkH62mVUwUCmHLQiv6Eo486HZ829HUiZUxgZHW8hod8-BJ8LHPFcRNQJ7_3gxoeyYickQHTuf1V4_rz2tHw2HEfWyRoWkbnOMIGYBCYM4FfUwvR3PvAuThRV6rMfLe25DfaiB5Lm0YVatfWBOQeqIGxPK7gHY_BEjn06eTBASuNc1-vfe3s8lczgSFmNYoZQH0dYiQYNtrcE7ITXt0OSIyaVGkPrzRceMoxHN795JlTiECRdBMIQ6F2dmDvEjq-FIV7hamMdOHUVXQYelNTBXHKDAcPtoo0FQNHc3XER3eiGrm6e6jIceX5oxrl1DB3VMGcz-x6yNraixNCUN6WJwhZLoAib5S_Y=w800-h600-no--no?authuser=0\" data-link=\"https:\/\/photos.google.com\/u\/0\/share\/AF1QipP26hZuwxIqnr2HaN0zUzxCFXh4972wNu0256QgNLCbIsBLr7GePhJq4t1pgXYU5Q\/photo\/AF1QipPFh3jTHixSfVgusGSKTqNACimwY19ewBM0WEIG?key=d2h2MEJ2VDdDNEhQRktUaXI3aTlkdzlNb1RwZW1B\"><br \/>\n<img decoding=\"async\" src=\"https:\/\/lh3.googleusercontent.com\/pw\/AP1GczMZ5I5E9Xom8u7jjL1YoFHXEar49OostEt1GM59jLSXMxzgl4QXikKwqXpZSzSNspQQm0dURHjESjcxvHzHHzoLPDuEhwXYon-_5pu6t98bnfdiM51d8CS-rG0hDXKv1dMWOCtHDUT9jVglHGFPzpA1q2d1o-NRqVit90SFkksjJCN8LAPejKOIvmhWs4WdaqH3oahb5Ntqd2V66vLjdUWdTN5xpnmWmDi5mndbJ3PNqqdKiXj6pHfd1oLi2gJObdrmRoKkx4UddfQdfdViPi-yFhWBtNEilVC9XGDgmzfs0njOmq0Y5AAQyzmVO5nfWr8qK0JaV0RAvgN55owhkC0DcDeEgs2fKKYtfR907Cc4xtJOx50R0v35k7jjs4kRo_CTkmEHiSkJgPRDDw3EQkC2p8ZH6JDkgrb4ImiPEtOcKJcP84aoeIEUAis2vY4w6SN5w0chS9MIVum8m9DRbRO105BKjGKDgJcqpIdEU2ZCcYNut9XMTRERqeNSPg5EAgI9v7RFqWFncltEBCUIZGICvVw8GX-uP_beEwAcFZckPTQQTcheoLwJnh8DRk0GAMn_ZMUtM2bNaHiEKgnkkb35kPzNykB1UvkKijXHRb7UafCs4hh41DEC74Rv6tSM2vKuBUDf-5klF1oKcIr4MaCwVfp1SrrApJrHT4viSlW6pttYBRqIcYCht-_4gzJI_JY0m3CM9_OPTmPE3P6Ge9NGy02vB5n4qlLyb3Kbf65fOgtiL2wl9XzwPDHQEpUQzt5BZ2_ueuhWDCLPAgcbtbZFzhMyAXM8n2GD9grS5HIC7Ks04ZM4epfbjhsFQ1MobBrzRD40KEIDXzxrHmBJoUdjAx7pgtejHLkgKnraQLRUPcuuk-twAFPA8gASxf-0rgq2E7tHdr6qJYRvVUZIb604SOvlvi5T-AuU_8pWLObKJc-c5uqkkEcfpkvT0dwEJEU37uaJKttc1lQH=w800-h600-no--no?authuser=0\" data-link=\"https:\/\/photos.google.com\/u\/0\/share\/AF1QipP26hZuwxIqnr2HaN0zUzxCFXh4972wNu0256QgNLCbIsBLr7GePhJq4t1pgXYU5Q\/photo\/AF1QipNAESai46Iyf1STAqQtise2PmdAsG2D45dne1pS?key=d2h2MEJ2VDdDNEhQRktUaXI3aTlkdzlNb1RwZW1B\"><br \/>\n<img decoding=\"async\" src=\"https:\/\/lh3.googleusercontent.com\/pw\/AP1GczOLzLUQ1odc6MoFbgI2YU807dhqIrnOdy3p9ynttwrUZ4S97d7LqOBTcf4sBqUfV99_h-vLPE3fn4YHqPWsZ_Dsjh7AogEfqzUCW07SToD5Iotn23jIFGhlOk5KhIOPc21uvxXot_BNfEQAhYVJnXPFImoECjzqDxsiqohBFUQFXFxhKP3SsLH0Xh3erR6ztRMiCnCNNzfmF-aiE1Oz6d52-s-zhURCscfADT0R9Hin20DoEvSBk69DfR7ZXUrr8UoaHkIS973_S8Yvz8Lzr3cTZvPIQQCQpkUl_toVCbrROvossLzNbonmBF2NwAyhFGAjFMsiGz6BB7tJBtuPwrNGaXo2bvGfibNcQf1gejKUai6kYOyQIB9uaH9G3_UcT0cUZ46nTDpsloNbFsFIdmWOD4xenpQa7aduNbMV9DmydznZfMxTmUwwn5yqeV36DQxWuJJT8FZWOyXsvLvp4eNMRJjaOltl4zJtDZaFNEF6C0lWUcHQaktoDtCxv3UNGOpB4JuXNBAIQNWWuYwIFAh2kFL3lnJggrGkisXwgLg_VASwGldP64v75c9PXxvy-rhrMVtyBZL1RCQGFLIcbOYrw8uWLXXpA-FXJbvHQyKJ7L54CnJHLtrZeF2F08w33F4bCNxOjhKCV7pagUQmwCtWSYa77vyAEmuSB3qWHXMcKsyOPx_fVHEGkJGPSQYoMOe-f5VbsxJG-BImV1hYwLyJijozE1Qsg--ZILDIevGRbsfKajbh41tpI1FjsCEOXlwcpEitdGot9tAlbCI3Rn1WlYi303xW5Pxf5mT800bmWv7OAbdsO2BB9o3gBnkaFb_tfwGlbFqGzohOb7n6dyCoegZkJzKL3LBcJk3HwGw9Oa08NZSuY7ZYmXpQiaziA-gpKVJ1iDRpbU6mpU2m96aoaR9z4BfBtihyRDy18gC8SSdczD-_n-tSEMQwWlsnyoXehcLzHBzj_ofY=w800-h600-no--no?authuser=0\" data-link=\"https:\/\/photos.google.com\/u\/0\/share\/AF1QipP26hZuwxIqnr2HaN0zUzxCFXh4972wNu0256QgNLCbIsBLr7GePhJq4t1pgXYU5Q\/photo\/AF1QipPI_qLc5WkYdjrtFwT1HY6r5rrWxdCX4TAt3yq_?key=d2h2MEJ2VDdDNEhQRktUaXI3aTlkdzlNb1RwZW1B\"><br \/>\n<img decoding=\"async\" src=\"https:\/\/lh3.googleusercontent.com\/pw\/AP1GczPVW2ICfbMijr4UImaUk4fX-Y1WyCiDRw1-Z7MglNh77hrpYhnHPAO0TLMk3uzamN-dfFETVa9RtjkiCLkggKpQwlvWZja8f2j1WmWUtoKutczKxI2X34JaZuWOZAEoJKO3flroK4tOJtjKqlrwVToUuPD0rko6-O8Bb6a_DM_tNYUfp7aQV7ucXM1uI7m4VbPFcukQGo7UULoBJpexj3sOurIrnH4z0mvYDUaRXk3MB6ArrUuIkMPnodm4K7cBlh4I3wqfYRny5QsFFNyHo-GkT4g0hOYDtmUFPnFmboAcSjyHyGjATh2o2T4rwVuTdoyB6_LG4-qLXA5zQz0uHPx4okZ9fmtJ2Ha451SFvVUgkdfVaqqZnhxl063OB4Q0X48rQRX6K-UJdTp663r0isXCJ3fVCJzsA3AkraYAm34gXabDJs_LyNKFdymsnjxMTPltBcC3ddzcZG7KBq8d6672vLncM-rBmm8niuC6NqdtFgKyhvSv4fSkS8MARHsJc4UH5i71SnOmhAVHA5lv_rTowy0rxLNfpYtDkWAHj-eD-RiQQ1O8eBad_EgFA1sG-FPGkomuaelo8P8Q1AtSn7BSxTZx_z0k-KYoNompgNvAJIfm0WVs4xAkWZNuPJH6Mu8Yd9RnI6VDRF93PzvfJohiv3GaWuecVSGFq6nRv9c6WfLsyh7rK8_cJ3185p8h3PfXvvfHL6LH5mSPlSQiRf2GQTYR9hl0nHekpzLQy6KIUoEAIE6ebMgFzx5FLjQf3wMt2WDaUAaHqYvMk3YQMXmLoNLegWeFQUVqCp44S237QtEVZz8kR3U_ddb3yfpSUNuvKbA1KRhoGlLAEXNig0ImhV57PvK2IRgiflYZn7eCaWclUtlxSBtifJqLzZ-agfgh_XJ3Uo67xdaVh965GB9w5d-VkKAoOb6fdBWR5JyGfBJelsSqdygzZ2ljwupSu7sl62r7xVC4kK4a=w800-h600-no--no?authuser=0\" data-link=\"https:\/\/photos.google.com\/u\/0\/share\/AF1QipP26hZuwxIqnr2HaN0zUzxCFXh4972wNu0256QgNLCbIsBLr7GePhJq4t1pgXYU5Q\/photo\/AF1QipP6xbs2lZ_HC6K32DKaxIYJkxy8qZAIaD6zn7WO?key=d2h2MEJ2VDdDNEhQRktUaXI3aTlkdzlNb1RwZW1B\"><br \/>\n<img decoding=\"async\" src=\"https:\/\/lh3.googleusercontent.com\/pw\/AP1GczMJA388okW1k2C7qBjHM7nOAEfMyD8qecJPhyoSAgCz3FwXNu2zq92DK7oFsOe-bOHmSwjBR_x2qd_Aq8nKiGBZlOwny6DyNawM9ZcQVG8P3A8k_vuma9b0EVvUBa-1_viEJZhqLM3KqxfIAK1bQlLqiym_h6Q9MGWrLbC9lBfqYnuw8lupusFQ30ufoQdJ4u1gbaTFEqupgUEDi1od3EvlpSwF1EimBTLhLlZDkUIO53HILCzfy9T73Xg67i1RCqzwGti9X7PZ1udT8EXgiyjx7tO6nRyYy30wXZHtx6KINn6CoqJLfyR66Dv_18yMJpkDkNkbDvtq8B3uB9vkyYun7xO3PcIEpHzzfabia9tMZj83-XP1CZSTEXlmX8UJCl1xTW7NC6yvJicvmaDBb6i_PkLFJCE48SbeT0KJYqzmWADhA_I_X4hC_ZO-KjMm0JGLNqG8UvCvyCBdnv32e8QqLpYMDfQcqNbNlBTUXisv4DuCvb1EL267YTaJgC5qj-o8ZSsBdncr4tPdb-7p94qSrdSByr3JXHWbV3WGTVwuH31U7UoYFtx8zzZ8hle5n-mN9wr2EP8T1_W-7VmF5gtmo_7vty0TMbTyM8OInixq7TTSQiBJPKMIi9hp_nVfcahDPBmOoF1q4isZfTgPcdUxI2-u00pE6S-0TV03AWZBQGUlcl4Ucs2x1FuInDVoJYkS49hoIDpGvQGiBRbG69MKdg8SX7ZCHoMVJLzD819BwKbzw6phjPUxxSYY_Y6TS7jprFK339gkUUyeogIEe0Kopea7awJa2OdSUl2k8JyXdrVsnoNyvCB90J5YyohsTtxRjnHEhuN-RGzonOOngqCqZus80m_9JGTKPQFbB2jHJtq87Q0Cg79WUd9GAo16nRPyoMAqwycHZbNLuyXD4bOmcZ7uAnrvNtc-83VVpKDO1sLF5SpE2xpSQ_fNDh1QJyyB6NL3fdIvjvc6=w800-h600-no--no?authuser=0\" data-link=\"https:\/\/photos.google.com\/u\/0\/share\/AF1QipP26hZuwxIqnr2HaN0zUzxCFXh4972wNu0256QgNLCbIsBLr7GePhJq4t1pgXYU5Q\/photo\/AF1QipNSPD3BJf_CM_AS36iq2amBNtpQlp4Gx8BvGxVd?key=d2h2MEJ2VDdDNEhQRktUaXI3aTlkdzlNb1RwZW1B\"><br \/>\n<img decoding=\"async\" src=\"https:\/\/lh3.googleusercontent.com\/pw\/AP1GczOFMV5y0cIljwEDEbfIY46c_cDUFhKSxZwuIdLCXVXhnTS-0GkCntuwqf6jeu7vhLGkb1nbGem3flasShkctmQinPhuhpnqRhkiOz38-mwH4RsN2FLwf-sEhXpAYMD_Rzgot6f5HZExIQ7CEYwyVxjORwufeGzGyhcojDihqlvACWU--0ZbTEQ7v_MW5IqMB-fb7g2JLA0-LLgY2T5pD_q4gmhti-YjvH1jJCtpPBYQx7JWppxZ8zW7Neqqc6otp9t78JYndYTLzBQpAQmqpL2BnFk4wAIEBtHeZ-SBc3YT_XYkFZBA-s2iBFrOIx63i0KfCd4VoajYAXu5AMFpk0RcWCDW7wznaqC3Qruk7--K1vNdCsDFvZpZbh2oVd9L28fEY-5lLgxFt4J5WLduNPjbvSejGTR6aV6vKpURS6BpZbz4zgEURZPLSdGwQYhoWdaxKVyJX5FrLfunHHdDxt2VLAW0NLqOhnsnieliMN0sij2HVGeydrZHGUGv2WYvaxxkzc3bvGsAHpFMbOwBEQ_OD3WtG986nDW3XurZLCtk5vggHeXsU8ZUvIPUkP7EU-7F4fXWMUMJO1uFGlzy9di8T7g2O3pfm6A4-nrxh0GWHzUOE_J7XJgp30HPKRyQJF5M4kew5l4Cwx_wI0Ex-gah8wHPtUhhCFim2ZIgwwVpk-KN1F27YA9tF8W89-tTq31gAy1MxMMXDG8Edjj794LUIH3eP84k6LEtk71p9vuHb_aUjCQWkG4rU00A3Fw7fX3eFMFIZG8Sp5C7S0b7VaFf0aX6HgcIRSBrkPE7dQqoa23-CtjmngWpPvtrV0cIUQO3OH4mhvx9ElbPyOrxqAxFL46ULEOWeuHiDdP9TlPrQo_0Pii-Sx9-5KmbPZrMoJto2NuoISRWcePDEiy0kC6HT3tUT6wpn0jUkTVUK2f9k9CYCbDCCkZS_QZWU3lRIbr1q1tieROTVTBk=w800-h600-no--no?authuser=0\" data-link=\"https:\/\/photos.google.com\/u\/0\/share\/AF1QipP26hZuwxIqnr2HaN0zUzxCFXh4972wNu0256QgNLCbIsBLr7GePhJq4t1pgXYU5Q\/photo\/AF1QipPeM7NvxzbAH7vTKdcduW-wyx6FWbW8XhcITFMT?key=d2h2MEJ2VDdDNEhQRktUaXI3aTlkdzlNb1RwZW1B\"><br \/>\n<img decoding=\"async\" src=\"https:\/\/lh3.googleusercontent.com\/pw\/AP1GczPSO3F4dEMNQ-FRfWwYqy5Yj0vYk4NZsdTbiiaaGnEamuKwYgS689xCD6mTPPmNqgXkQOq-mWu3nxsfo4aczlymhNj7nMVjuLIXtrDhv0CYWJMCe8H-KFCHocDl8_8uE3HmYokg5VP_jh7sssgGpU6_V3IcCT9vLY48pr0SSmScSO8HN0Zo0rM-S62LfdLZEPoCExtTnyadfkdFJ_kI7oPn-2bZtOHm2nh5-iJ-bAEimUOP_a9_i9lERsAhov6JfKmIqNZ5lf2b9bywijKU_Yg243JsTo1Du_mzWylx-MqbbvrM3VRoO7gKV5ZiHYezzLBDSGSmrSehbN19gTVlt_1GL1TEpn9l60blubyxGaRNa4mqBPCGq1_HV06BVvV8cLadRgNKuxkT6PbEBQm7CSQ89yfLb6kp1Ciqr9bo-9DA2wfPykJm3hxGu7YBrnR9pI-1MfHKU_IRTDGwAGs5mtZJwiBNWGqWKOFO2i8AJQ1s7ogb_A3hQ5RxniED1w-vfy6BMRIq0oxeeDtJue3f5E4U5WndX4mVvTX6Qv1MFa6gSX-FBOc18HwXMlUvZQFQ1ekNnaH4PDbylFuJXtiBfBCA1CAkPiIQMSBlMsWt4jPcvOFuelEnWBQ0U00T_MTSAC3F4qgDi_KQae_de-LTnk23VyMlJ3cNTb9rVJM1ZweUSW1LXE9OXxfYkwed3UDHe2pPtFuHI1FODbSrVsaJEIgXTD1XjSFao_VtumWBySDVFp77AYaMl6ivkX-eCZe5MlCHTyUCYGDNd0_Zt964ENABiIt0SGOAbA3frd7BruYwu7M3cNoYO3YjIWYUeGSefxK6-AQFE9BJ6QbBr5Yo8lTZ23rruPafKtl67aQdr4QPg3P_N72KDOpk9kztTgMv30SEKjVE1Kox0-J1JoHmr7Qeimcy9SpZu6tIQSh-aC3At7Yz-yGan_AtusjpeKWPcS5qOwSSRmIArlF8=w800-h600-no--no?authuser=0\" data-link=\"https:\/\/photos.google.com\/u\/0\/share\/AF1QipP26hZuwxIqnr2HaN0zUzxCFXh4972wNu0256QgNLCbIsBLr7GePhJq4t1pgXYU5Q\/photo\/AF1QipNuh7YR73L9UvfjkUS3MsmbUgxrhTk-7GOAKCrb?key=d2h2MEJ2VDdDNEhQRktUaXI3aTlkdzlNb1RwZW1B\"><br \/>\n<img decoding=\"async\" src=\"https:\/\/lh3.googleusercontent.com\/pw\/AP1GczMg1Hd-BMu0kolDx_gXLIwpMfNKveYmoC3k4mXQiK1rk7NnLSxsoJCRX63UAzV6fmCo4X-CdfTh_VhKkR70jPAUO9QZhAptF12rP4rvQAVoO28W256YLwMFvigBRjeAqb97MpA4Ll-EwjUznWS_q0g0mrllBlgBqTHqnsH3vatcq-cgqHvTJ4L76oAK-JIhN8H-oIMBi0b3coFZcwdL_TUX2TaYNfVMt-cORd63RWumPgUPCx2Eyw2K-zjVIoojinByOXqijXmIjWQIkVV2go_hL0Xw69QAlOmpcWRRmWPfoGE73z9XZBaloNW1Zu_cE36ldCyD8UUJ5-HX6ca22IDBbhPwRf8Ov-XdW8mP3KBxN056JlQj4uLLP1vuPQiV_gdL0tZqMcF4TFXQooRDot_jsxMfCJRjYUKKRjkz7n0TqspLWrfOM0a7q9wnW_Q0kqJ8LGe5gZD5UaT8_GTuLqlwYro0i6lOiZxV11nW2rwK15uMhkaRuIJE_yFX4exMnY_uhuwg_AgjnUauiFHkfprifM5S30_MhOr71VgwVqK1yZjkxexGuonaH77pZDuTLZRK1il8oatnt5AGdD4EEps3aiJbLi09zwIQqim7zw7-HK_vH2Iury8bor84O_k1HwhcD6LpxY4OZ3dzEga3jPdgyTwiMCush5U5E_60yoQdT9Ze7zpq3Ye8vyFNB8K5uZiLe2NnAsW3NduDKFCVjYQy35AXtYdvfYx1NPuydadw1EHCvuHSASnoLpns0HSAy1fql91ssjVVIcRxy5Hn43KtceYwwIYbWC4gXKwUw_bx_K59UK0SwsfIttwFNrYBFnBb42QlGAjHKFNL9mIbl_SBr9Y1QXASmUtXay6bXcGeLCCpJl4Q19af6Qlpn2R1HaH5Q4YzZeEZSP08J8tfHbDY4irPJkk5aY7bizLfkXfx0YzA2YCuJ4OG3qq_bCnZyKQ4v4cFxoJD7hE9=w800-h600-no--no?authuser=0\" data-link=\"https:\/\/photos.google.com\/u\/0\/share\/AF1QipP26hZuwxIqnr2HaN0zUzxCFXh4972wNu0256QgNLCbIsBLr7GePhJq4t1pgXYU5Q\/photo\/AF1QipNMdCT-R6FR7VwC5HnnJp2QQ8E1lEtCcTbWGbAs?key=d2h2MEJ2VDdDNEhQRktUaXI3aTlkdzlNb1RwZW1B\">\n<\/div>\n<p><script type=\"text\/javascript\" src=\"https:\/\/cdnjs.cloudflare.com\/ajax\/libs\/jquery\/3.6.1\/jquery.min.js\"><\/script><br \/>\n<script>\n  (MyGalleries=(typeof MyGalleries === 'undefined' ? [] : MyGalleries)).push({gallId:'#20986',autoplay:true,lightbox:true,debug:false,popupLinks:true});\n  if(typeof GalleryLoaded === 'undefined'){\n    GalleryLoaded = jQuery(function(){\n      jQuery.ajax({url:'https:\/\/cdnjs.cloudflare.com\/ajax\/libs\/galleria\/1.6.1\/galleria.min.js',dataType:'script',cache:true}).done(function(){\n        Galleria.loadTheme('https:\/\/cdnjs.cloudflare.com\/ajax\/libs\/galleria\/1.6.1\/themes\/classic\/galleria.classic.js');\n        for(var n in MyGalleries){\n          Galleria.run(MyGalleries[n].gallId, MyGalleries[n]);\n          jQuery(MyGalleries[n].gallId).css('display','block');\n        }\n      });\n    });\n  }\n<\/script><\/p>\n<p data-start=\"1457\" data-end=\"1663\">\n","protected":false},"excerpt":{"rendered":"<p>Un dels projectes m\u00e9s estimats de l\u2019escola \u00e9s, sens dubte, el dels apadrinaments. A partir de 4t de prim\u00e0ria, cada alumne apadrina un infant d\u2019I3, i aquest vincle es mant\u00e9 fins que el padr\u00ed o padrina deixa l&#8217;escola a sis\u00e8. \u00c9s un apadrinament pensat per&hellip;  <a href=\"https:\/\/agora.xtec.cat\/escoladelaconcepcio\/projectes\/apadrinaments\/\" title=\"Read Apadrinaments\">Llegeix m\u00e9s\u00bb<\/a><\/p>\n","protected":false},"author":1,"featured_media":0,"parent":1320,"menu_order":0,"comment_status":"closed","ping_status":"closed","template":"page-templates\/side-menu.php","meta":{"_bbp_topic_count":0,"_bbp_reply_count":0,"_bbp_total_topic_count":0,"_bbp_total_reply_count":0,"_bbp_voice_count":0,"_bbp_anonymous_reply_count":0,"_bbp_topic_count_hidden":0,"_bbp_reply_count_hidden":0,"_bbp_forum_subforum_count":0,"footnotes":""},"class_list":["post-1273","page","type-page","status-publish","hentry"],"post_mailing_queue_ids":[],"_links":{"self":[{"href":"https:\/\/agora.xtec.cat\/escoladelaconcepcio\/wp-json\/wp\/v2\/pages\/1273","targetHints":{"allow":["GET"]}}],"collection":[{"href":"https:\/\/agora.xtec.cat\/escoladelaconcepcio\/wp-json\/wp\/v2\/pages"}],"about":[{"href":"https:\/\/agora.xtec.cat\/escoladelaconcepcio\/wp-json\/wp\/v2\/types\/page"}],"author":[{"embeddable":true,"href":"https:\/\/agora.xtec.cat\/escoladelaconcepcio\/wp-json\/wp\/v2\/users\/1"}],"replies":[{"embeddable":true,"href":"https:\/\/agora.xtec.cat\/escoladelaconcepcio\/wp-json\/wp\/v2\/comments?post=1273"}],"version-history":[{"count":6,"href":"https:\/\/agora.xtec.cat\/escoladelaconcepcio\/wp-json\/wp\/v2\/pages\/1273\/revisions"}],"predecessor-version":[{"id":3612,"href":"https:\/\/agora.xtec.cat\/escoladelaconcepcio\/wp-json\/wp\/v2\/pages\/1273\/revisions\/3612"}],"up":[{"embeddable":true,"href":"https:\/\/agora.xtec.cat\/escoladelaconcepcio\/wp-json\/wp\/v2\/pages\/1320"}],"wp:attachment":[{"href":"https:\/\/agora.xtec.cat\/escoladelaconcepcio\/wp-json\/wp\/v2\/media?parent=1273"}],"curies":[{"name":"wp","href":"https:\/\/api.w.org\/{rel}","templated":true}]}}