{"id":1267,"date":"2017-02-24T11:31:38","date_gmt":"2017-02-24T10:31:38","guid":{"rendered":"http:\/\/agora.xtec.cat\/escoladelaconcepcio\/?page_id=1267"},"modified":"2025-04-25T08:58:18","modified_gmt":"2025-04-25T06:58:18","slug":"eix-transversal","status":"publish","type":"page","link":"https:\/\/agora.xtec.cat\/escoladelaconcepcio\/projectes\/eix-transversal\/","title":{"rendered":"Eix Transversal"},"content":{"rendered":"<p class=\"\" data-start=\"285\" data-end=\"526\">A l\u2019Escola de la Concepci\u00f3 treballem cada any un <strong data-start=\"334\" data-end=\"354\">eix tem\u00e0tic com\u00fa<\/strong> que vertebra moltes de les activitats del curs: l\u2019<strong data-start=\"405\" data-end=\"424\">Eix Transversal<\/strong>. Aquesta proposta ens permet connectar aprenentatges i <strong data-start=\"480\" data-end=\"525\">fomentar la cohesi\u00f3 entre tots els cursos<\/strong>.<\/p>\n<p class=\"\" data-start=\"528\" data-end=\"654\">Durant el curs es dediquen <strong data-start=\"555\" data-end=\"572\">tres setmanes<\/strong>, una per trimestre, a treballar intensament aquest eix. Durant aquestes setmanes:<\/p>\n<ul data-start=\"656\" data-end=\"926\">\n<li class=\"\" data-start=\"656\" data-end=\"749\">\n<p class=\"\" data-start=\"658\" data-end=\"749\">Es fan <strong data-start=\"665\" data-end=\"692\">activitats internivells<\/strong>, on els infants col\u00b7laboren amb companys d\u2019altres edats.<\/p>\n<\/li>\n<li class=\"\" data-start=\"750\" data-end=\"828\">\n<p class=\"\" data-start=\"752\" data-end=\"828\">S\u2019organitzen <strong data-start=\"765\" data-end=\"798\">sortides i propostes a l\u2019aula<\/strong> relacionades amb la tem\u00e0tica.<\/p>\n<\/li>\n<li class=\"\" data-start=\"829\" data-end=\"926\">\n<p class=\"\" data-start=\"831\" data-end=\"926\">Es convida <strong data-start=\"842\" data-end=\"870\">una tarda a les fam\u00edlies<\/strong>, per compartir experi\u00e8ncies i fer activitats conjuntes.<\/p>\n<\/li>\n<\/ul>\n<p class=\"\" data-start=\"928\" data-end=\"1131\">El curs finalitza amb una <strong data-start=\"954\" data-end=\"995\">activitat de cloenda de tota l\u2019escola<\/strong>, inspirada en el tema de l\u2019any. Alguns exemples han estat unes <strong data-start=\"1059\" data-end=\"1082\">olimp\u00edades escolars<\/strong> (curs 23-24) i una <strong data-start=\"1102\" data-end=\"1117\">festa major<\/strong> (curs 24-25).<\/p>\n<p class=\"\" data-start=\"1133\" data-end=\"1235\">L\u2019eix transversal ens ajuda a <strong data-start=\"1163\" data-end=\"1235\">viure l\u2019aprenentatge de forma significativa, creativa i col\u00b7lectiva.<\/strong><\/p>\n<div id=\"2A7FA\" style=\"width: 100%; max-width: 600px; height: 400px; display: none;\"><img decoding=\"async\" src=\"https:\/\/lh3.googleusercontent.com\/pw\/AP1GczPwJmHHSLY2T6LpNgSbG-8otCdzctthvVtwpGBRU2eu7K6iuHsMaFKcxbSYMyVuJn1Bjp-x6k-j2_C5c7P-2chqlvQxe2cdLtpYSBrLJ5STXKr3Aw96aAFixfrgeU1R_aDhvOi-7WI_y8lZ8wX6KxSS_kkxf4Rw8uM5n5puhFjfZCuUgKqXDWfkSJnrluGHdQnMTVI3zVzXdKlxkxnc377Ris66oO5CSIq4z1Yv8fYRuye_MrIvkzOQybi7JHoAsrtM2c7itdF_Pikg1QRZq0hfOZl02qI6Wtg7WYAEJBGj6AhSm7tgVIH-wAx7mDlbT8yp_P7LIVxwyWqq_c87CzwAYnZlNNmPvJocyLVVJesCy64YILBBlvTqI-ARvmb4eHX14yJP6ICyyrctN3RuDT1fVioZCbfCVQ0HS5DUMdXKy50fZEzvgLdIw6b5L7EI2K6_p6T4BKCEhTnXk6sOLUXHVQzAdXeM0ZTN7c0WvK5X3HM2riYiA4RV9bUkR8MP-xK6YSN5W-zJ3O8GDty9-j8d_wZhTf6S_6T54umVPiAgizt8m6e-YLgXhfRbhIvSRaN7iWRBQT3XkjjOfUbUmJ1Tfqw0jdvsPCuCgaZ6gQeB4kRcNm353lfbofNy_QkrEt5FstDGzajV1ciQAcAim-z-lJqo7_B_mCAEizcXHbaq8Lcrk2bkL5cYCwjK9sAnXM0MUS5Lr9QfQSRZI-va8HHfhA4hmfIE2g1kDjybxLZiD9wfX7y03vFPEst5NVLbiLOq6AVa_8gxyAV3P9GBjgsCL7gvF-TnYZOhvHUyl7cVBBa0U9DIBpcqDLhJiejzPfELOfz355U5OvUFvHrVSnWfMlvG62xsMwxJpEoypcDLo4DOZqcK_i_I1n9TP8DtCIHwQrj5mNSnmsyvgM4apA8JC67S-0PFtgGtz5810B55UVIzNIawygeXk3IxZnUMulcgHFsdOutboLid=w800-h600-no--no?authuser=0\" data-link=\"https:\/\/photos.google.com\/u\/0\/share\/AF1QipNY0jO_g8HuZkpSCx36QS5kjNu692Ss0ovivjSLwM5ADtVGVeppwtvTcVGV2-P87g\/photo\/AF1QipMqj3cfK4rq-Yni3XDn9Etsfw68viovjZx6ukQu?key=ekpLejU0NGZqb3BRem5Lci10LW9nc2xicVpOV0Fn\" \/><br \/>\n<img decoding=\"async\" src=\"https:\/\/lh3.googleusercontent.com\/pw\/AP1GczNT1KrwW2qrqstz_q1n5IxbbGhjPWjrZ6YvLypp6J3hvTwA63LmnjWChOMvto1t1xdUMrBg7syezzdLFfWpItIyPCvT9eSaTX5xYIZHmCroPzOPL7XSRjAlPeNyyD3hWHn3qxOMiQ6SavSOclRpRc8C1fIicffzuGlMEzETTjdENxc-A3Lg3_laVvf1NS8ORhmnWppagxLwJUZWM8TEPwmsDFoDL1I5KyK_3BtAkVk6Vb5J9rnhtBcesD8-Pc_tYQMPanBzyWWgcbj7iE7A1mHINHxk7uecrt8ySfYFm0o25_Ps7w1RZEcZFsZMyKs3qY35VatSYLu-GCbVv86m8gFntNjfULO32O1psnIP2eHHbqWT8XxOo6dUGtyAIz-NNGBoGPx1B6t0XWyQfiKmbnwpqBFxip4o5xxHiglOiJw4Ee9oG44icd4wxaJkRZWMBaGq5NvHDCndSgeKaFPMYGiLoiWgGGkKlOOEZdY24BnlkMbGgee_483qw0vxy-1JaeZ-0KQLqrChyZfcOOpxrwEs5dhKZHeFpcirSheWuTKDS1lsCFO2kUJJY2yfbiohte2BEhXdcp20rn7EbNXmBjHvY0IzICAT8r7I4IHImLX81T5Hb_DJ8imB7gzJ_-YihU65UY8t6YLEVuJux-IQRNscg1sdruBQutp3kid8lxMmOib54aW4edUQVeyDtjcs58JBKaXobIRRULUGeV8_mz_Twtz9n2FZEfvNgwHl7Zt3t-eN1YwgghOa1a4LbCq5fM1Yq86ry_iCpJFyCCdy0LVqNcBHoQCqrXlC6M6aG-l22ad0N3dZSym-z8kNfHNc98L3jNT2TiUmsKKA3v8CqsMKPv5oTwArMZIezv_JELFG2zVmaZLA5ykwnmd6mpHqBtEt-_dFhxEms3nFbVwKGDBn3yAiCsAm01MNk1W0WU0zrzz02CIAU4O6KFc-tPcQplmCTgEkYLycr_0M=w800-h600-no--no?authuser=0\" data-link=\"https:\/\/photos.google.com\/u\/0\/share\/AF1QipNY0jO_g8HuZkpSCx36QS5kjNu692Ss0ovivjSLwM5ADtVGVeppwtvTcVGV2-P87g\/photo\/AF1QipPGw9zEZTK9RfxwHm89tw-bNdqdK8iVECVHILOn?key=ekpLejU0NGZqb3BRem5Lci10LW9nc2xicVpOV0Fn\" \/><br \/>\n<img decoding=\"async\" src=\"https:\/\/lh3.googleusercontent.com\/pw\/AP1GczM1QmCNGWd73OsKXWoE_y73EluKcjCSu4ocR1XHU4ekLSDQut2OtjEYg5lKoheppi0sDq7jrkqj8QKeEioFpV2_wmHGQ7Q8WIvs0Xb5TCBrmrYAi1VADlNdqOt_GFRC8GitzsdZqmUlpjwi2dJXsNqBCU1PckHJyqpyJxjgKsBTdhci6CB82zKtIFD2mVxJIlljnBRF57WaSTzsNSUaFaHaYhb89IApvdnxe8uGO_jjRGPetZRd3qLvViIcVgR2Y3gOBl2ts8w72SqMckSlOzN2rIC79-prOv8cAnG0gNG0nQdHczDugsmmmgoHY_2sw3ueBHycCPLMLZevURV91so2NcQ-FfEjXnIuG3_8N1p5-O1GMShrpChmV5yBvLQOA5cx89nbKcgJH_4_EF4JA6aNhOQNpxRh47gLnbTMduULmN5XYdjT0dCjk0EYVTUhS1ioaXWyobQep0WP67qRrANfd5ckewSLjctaUk6bFTqxCSdHBO4SBdzj-ARP4oD91jjwCzcDqWM8__t-a1gwyPWqVS4cQvB-j0JvIWAJCBAv091_uPl8uJDHUtWO0eFAYaoBoRwo4bmnPWEFcnYWyqtZS0P2CSMNEyKga1Mjn9Ymb2ZemctpPl1JBP2kaQATFxJbdPf0KFakGOV6dyFt44BPVvo5zeVgYrttrtFZDWsgJ0LzpgO8NtjL-5FJ5kS4KUTLGPcRALiJlShX7B-PZFZ_MpNnvmJvcTdGPBHZO4PUucuaV62WlfWswNUNX3ZkrpJ1x_tIVwdgSS_fbgqYkWCRgRBsFNZtDqKP0hV8VfftEOL1aVnl7L-IybUS-9lbLIGsyyb_73iXvIKR7aWrl4p0F2Y6ciL73t1_MtocmmMA2RbJxv6iQIB3SLXMi-iN4Xe4WsY0YGD1UjyabGIgouWKBkr3oMggALGCFf9MatB8VOmGDmCq9bHZBmdLlMHQ8-Kl1cV2DB7ugV13=w800-h600-no--no?authuser=0\" data-link=\"https:\/\/photos.google.com\/u\/0\/share\/AF1QipNY0jO_g8HuZkpSCx36QS5kjNu692Ss0ovivjSLwM5ADtVGVeppwtvTcVGV2-P87g\/photo\/AF1QipO8WJpF5Gusugc9elJnIpDNlY9hMxBgbTNzzMpS?key=ekpLejU0NGZqb3BRem5Lci10LW9nc2xicVpOV0Fn\" \/><br \/>\n<img decoding=\"async\" src=\"https:\/\/lh3.googleusercontent.com\/pw\/AP1GczMDebb5-T5Bijx3UuLKIOBXsoJsWc7Ycb7Pp0ylAdnt9Ka5CKwLG0l69D46U0ya7gzZrW3ARwlTYZ8oYEgPLV6bHvp8iH9jxBk1yeeOFhEhGPtfs1cB1eeY3m-jq_qF0XjnGPvi58FGXhUfiRWgP6qJ_5-41cuHUo0Fysym1u-uS3vP12_ovIrWgawe5u-sjvfSCEH1lkEDMsg582A8DooJJIyqPsXG-kVTx-NIbAt1UCbfpoIys8iFOmNHJb3lF7Xc5H9YCcNQS4sPZUFsU-vKI0QebcIazgWgmmgJQaB_rVHgoDDFZs6o9aTrGtwa1R27PtRlKOaAssha_VVek4GE3EJvw1IMOoE7PCaXIfBWVzibpezQk4iAYNRbowxfj4jAMIi2hiNgCocReAlSJfa_GRupEVCkCJhvHWvnixOQhAUwuuBnOuxi8DsgtCGzxspzjnWhyQZPuclKPgFBW2vt9vq2FOmQA_8oOHlsj6HFUgD0IM3deNRIQ2VPTol0ylWUfGgQ95sfeWCmQsg3a7ZpD4u5BbGFE-BvgvX-QmWImIPTBjTI5AhspfrlW6KPEpYRjLu6Ch_BKCmYP2nlZvgpnS6_X7mCAHX5vwv7LfxELbDUjPFTHM7rl39m2IagpT9hpuhUSJuDJU0XbOVlnBPiB5a-lnQCtWjZ57pnfZwwLMdC2Jtbv-UjUWEsniI9EDmfldXFfI_TtQBP1bbkHAcFw2BfL5zjaPbZ48v5Wq4xS3gonodW21vhHKTH9DSZokOCeg41o3KB1dm86SiXTxZ6OnjnTC5n77bYFjTcNIoLevy0ID0S3frXCUzjo0ztPhSA2JFxJD753tC4fEPvNLLZRnCMDVc9vwWoiZylzY14syuR-R0kAvHKA3IW8w9Df7NAJMNI5SJRapxLDi5eezhuvawXJISm58tAuo7_rah3UydZeOsakNEvwk1ixnpVfryRVLqTH0oRPKyE=w800-h600-no--no?authuser=0\" data-link=\"https:\/\/photos.google.com\/u\/0\/share\/AF1QipNY0jO_g8HuZkpSCx36QS5kjNu692Ss0ovivjSLwM5ADtVGVeppwtvTcVGV2-P87g\/photo\/AF1QipP3e1Alb9dXN9_G2uZZFPT2819SpkDsXMgc8-lx?key=ekpLejU0NGZqb3BRem5Lci10LW9nc2xicVpOV0Fn\" \/><br \/>\n<img decoding=\"async\" src=\"https:\/\/lh3.googleusercontent.com\/pw\/AP1GczMYzCSV6Pv88hD1ro1LiwrvTc3yLKqUvb7hXP7ak5v7Hbv-R0khndzz-3RqGQ5jb212f3TZtlxiQMkRa5L4cf9rfGHJgJz-W8ra8CJS9xUybTBiO3oGtGACi7NOvjSUG1j0U00KUIkJIrv78luRi4IcGyyBbHofOcvd-1g6xknEUUeu_MfLzL9IQjqRykyKSMkVmfduH8KpT4ZObpPuDM0IyCVdK1a0dfZJAMTr-Zc4_8Y8hkPzS3hfInTvndy2Gd9YcYSKIlgeAraJskJolwdDEAOA0XjeGierbhNYHckkpFSaxF9-puvOEZarhaHXBoeWL_x_ZUAGYsRTVvLTbSWl6y2X_Sj-JyMpYXEZSbpKaeDm4Bm7RcWk6WZBvvVA2EOUK8QBchAgqq4cVdq4z1Fz1-bYnVCDvBdYYmLxHT6StW3SUB3WUCdeUG2dRrPY5UIWzyLVqP6E6pbEoT16etx-4POt8EoVXDna6bf551HouIp6Zu_qFDJ4q2dJxNkuyP9wN14xixVOOu_nBpSMcZeY1G5ORbmQJh3S4H0TlS2fh0l6iku3B1tQsPfsxVXTynV7Vk0LV1xOqyAMm2qA9bboEq121etmmQOcFxQocKmd7Hn-Oxt_gSi95vWA2RvzXRwZ5vdq1B4d3Recbjf_A8fydpgUO2UVwy_xSCkQm6EYWAOiAI3eQEZ7u5BGn5YaGILnvLqLyTmEQwMKxnBXnkwW8kaGUO0nWNjHV2v5vBCkhuTINiEqxdSSlyX6itj2OK0NN2fkOBJAjjL8dpc5jq6NCUNFkSI8pstE7GcL349zACRYg9jaaV4lq_8yy405YFPdaZoeb0N7MjSSwKJ04iQ8Q9N-pr8E-NdtDkl0vb6XLhBaUaRWBwctwa6fAgEkNZ_Zpikna-QJbFlDtp7rnYrxo-gW94jXdem-hiRqQBYBrgJihn9ZdWEOHHDWIfJdiL9_sSFfNBMv9qBO=w800-h600-no--no?authuser=0\" data-link=\"https:\/\/photos.google.com\/u\/0\/share\/AF1QipNY0jO_g8HuZkpSCx36QS5kjNu692Ss0ovivjSLwM5ADtVGVeppwtvTcVGV2-P87g\/photo\/AF1QipOZRW3ggUeVNeZGCljGUlID6f1ryaMmmCYFa4HS?key=ekpLejU0NGZqb3BRem5Lci10LW9nc2xicVpOV0Fn\" \/><br \/>\n<img decoding=\"async\" src=\"https:\/\/lh3.googleusercontent.com\/pw\/AP1GczPmX-rjIszcaifH99pmz5OCs727Up390T7s2H2dArFhLFGMC-tmyEyo6Sr7mcM5varqL1Rnd_j-plxZBsA0OTrOSkcq3Cn9ZM4jZcu26Xk5TFoQwev2HNwOJN-d4oaULnM2xrKK8j_ot0hZfkrDmPCC7hWa7zLxef9jj8jusnBRNWbYIOydHUWtmUAjOG-0aoanA5Sd5qsXxUVATqarfmfUR604YxqGZo9I8Kb8mGm-ZYXWMsh7-_Nda4lRFReoZuVKDB945fO7O2-DGabtoQFjxnJrTZP037lb1FyQK3bq0V0S0Nb-4TsfIKrN_vRtg0I2pmvXjrWwAm5Jokm7x1H-qrhgfNu4Bh9fzMs5RP-EGI28ixntHVXkfbzo_V3oabhV1MC994le4wvIR4MkCona8N6vY5-f9HsEKg-LPFHCmcutmnexjlOtqqmlC3owOckLjovHsShz2nUOX34DjbTFEe_Z7hT4Oi330BTs70sEe_EbFs2RI7flngARHMcGiRr_6RVT8tX47bsC03jTIcovl-mM60UE9Cyy2bxGljq4E4N3GYxKLpB5Ex75Tq-iOWxO-ZwyANTwYIbbR_dbvdgJ-e3n0r903QBYgHrOJm0QlnWNdrSUZVvPZ3hJqswqOndNA1544FVzOcsPaSS938JElY7zLV_OK5ALcW58iqmOAWKKWyljBLposJsaODBw9cJ0W2nvBMQqjMS8zV7tmZ-swWF1Fkv8EfH_CpdlfuGXddJErcKuckGX-Ol-v2j7BfOlf6UpgTkF0APWhhBErqvQubtywHUwEKk4-jOL5eXmjP7h1pkPSmqgBhY9jgRa-2F1hHDlbJZAcwwc-XpuXYT7CNSlVWA8S1BtxiuCyaLGPvBi9N6PHOBtYTlA897EJmUmejcUTXCEUsc4aki7H-X8ycy5qzhGM3zTNKjCgC_j-RinEEVlQMfUuD6YAaF2Mkb2Zu7aTQPPRn4-=w800-h600-no--no?authuser=0\" data-link=\"https:\/\/photos.google.com\/u\/0\/share\/AF1QipNY0jO_g8HuZkpSCx36QS5kjNu692Ss0ovivjSLwM5ADtVGVeppwtvTcVGV2-P87g\/photo\/AF1QipPQ5LBcnp4e1Bhjh5lJPEHVHt0VBEVAXv_afqs1?key=ekpLejU0NGZqb3BRem5Lci10LW9nc2xicVpOV0Fn\" \/><br \/>\n<img decoding=\"async\" src=\"https:\/\/lh3.googleusercontent.com\/pw\/AP1GczO-uyMuzbkZIXRcNlM3Xr8nyBvCod66nWYIqNtxXxDsXPmeBjre-rwKLC5SI-2l8m1mSamZ2PWjky6LYyUIJk90OGjaQUBHLfKGpw6NnVIP3CI4tSXRuRSSMm1bZX8icSUBulxanUNyvClysb4_s4mqfqN4UAh0iE5CbGv1K4IcmLFyHWxFcZW-_Q4eXStJHve8Nzjyqeq6_3Dyj1exIeWF7R2H8ZRIVOAQpXAuFtG7d85fm6-7eecaVFLvJk3lsazVcuz_O4wjgyFs_EFp1ZHncDsKsvFzModuWQMFmB4Dq0CfUe2hXHxn7jYov9pghVixP0but5PTwK30SHF_2yax21Qbr72n_vmThDPGufob1mKFfRjfjpSecswH5Y7twpcCIOxVFyT1_rWYAkKEJgJlKeEzJBgXsNne9HiNQuMyd6-Lfiz127kWktNCyJ24bS2x0Vxyp6jKrvcmFjUt4ldoT6X603iB7L9kH1dEFWw4fu_u2hYAZbG6Ede4Bif25aIP5RQ2tKcqZqZgPQb1gi7yMnc1h586Te57DfD36_84qLYh5FKqIutfMNE4I6C1m8_0OK0Tjcr_7is0o-ZhX3PpKBFS0xaykmdMgQpZC6m-AMA9pI3rZPHWgiWXoql6O-07t9-ArD0g0wcykXl90bWfJyLVXvBrD-hhS0Nb_5ytTj2_OGpN1CtAFJjX5oqjhc-8ObIEiyImKjd73WPaHBx5FUASbFzF4iCWBKwZwI7mkq7FVvISfWxn12I75ixdH9an53v2KrG_AFnhGEFwTFM8Eoq8c1t93S9EYsJ4vGGu-YaCPa9HHwZi7pnsyRFGoHCb22Hn1BQAXI8EJXFfrgRp3qQA-Neg7517m3IeMpa0CaYzfF_R0R0cF7zHyDSS3Z4tQT8CErh8uXIRQO2n75PdhM-QSog3clEHnWU4ri5ArwiSuIayl6yB4eTyh9U7O-daY6xNwHabHSMo=w800-h600-no--no?authuser=0\" data-link=\"https:\/\/photos.google.com\/u\/0\/share\/AF1QipNY0jO_g8HuZkpSCx36QS5kjNu692Ss0ovivjSLwM5ADtVGVeppwtvTcVGV2-P87g\/photo\/AF1QipMlHbVaanBzg8zAup-g3nasBh-KqoMx_0ALZBLS?key=ekpLejU0NGZqb3BRem5Lci10LW9nc2xicVpOV0Fn\" \/><br \/>\n<img decoding=\"async\" src=\"https:\/\/lh3.googleusercontent.com\/pw\/AP1GczMr51wmRILxuDHmfiw-MWD24wq93c6VvaHcgMFG21feVov6fprQ4tpzxl1Q-JrQ8DChwMPZwxwajnYlWEZJuwBSRik0CbRncVhWSVF6-VV-8MtvJdl05tAbO5jl9_LdOGiPmBScKwLx9cB25Ce8xdtCSs8Vp1_OC3Dm1v1kZcCz730H6_Rn5D9s2tMJOvURFRAq5F9BdgDX4mwPSa16nB9ke7WNqiqS554vpxEk8F2H_IrFdQpGy4Xz14QnS8PdkC0mUsKSz5LNYY9POn8Y7K464vi8dpUpLzgkNC1-3NnkkAx6adtpLesaTK-B-6FiMglNEBVwejyjXcnVqV232rVE69jChiEuJc5_OyfJG0OrT0ym6L0PXeisIjCUxZy0AhtQREb2GqTwhZOwZITwXaX3dT5aqdlM5MK1j1kM4onnX_czBN-p9nDKMOyar0MMFWVhkp3FMv3QBzYdOA1vN5yPz886PO5_QImbGtvr-517qR0CePE2VMDXCVfPbPzoxmWwWp8TUP1lA0n0esAKFLjk5EM4Tz4qtmxP2aRboBynlMixkd2vAMNJHgetzWlHbZLGb5N4xrt55H9btwfqnqjSDMYWWYvoBLCQ0uNoba-DgxLU2Idlx_zRokxKStetWFrEcwV5kv5vpnC8Ptn463sWed3rUlvDw7xRtrbw_mIkm4d9a6p4tHrK87waUVlwZBuMdPP5sX0q1HxQkCu5kkfuHJYVr1U31Djrtc3gnrle9DG9dXsR-g4xRKZ5KiwITUs4mhn9hR26NFtZUgJT1zA_QeA8FBZkuYnlyHwUrrNvJjWc738_kHoTePOkMa84bJpoJuitAkJAPH1I0xNboZjNaH41r1DskSi4kMoSpfCmSf3PqMXJj7a6UyKnotU6M4PAMNnuGb-p9cM7yvKhziKqUEuLIz0LjTqHp7St4z2pBwMq691eMnXj-5giVP6LQU9m-8QGYpLNnDvS=w800-h600-no--no?authuser=0\" data-link=\"https:\/\/photos.google.com\/u\/0\/share\/AF1QipNY0jO_g8HuZkpSCx36QS5kjNu692Ss0ovivjSLwM5ADtVGVeppwtvTcVGV2-P87g\/photo\/AF1QipMCEQg452kFIhGe1LuLz7-UpRPouPw86PHHHEtE?key=ekpLejU0NGZqb3BRem5Lci10LW9nc2xicVpOV0Fn\" \/><\/div>\n<p><script type=\"text\/javascript\" src=\"https:\/\/cdnjs.cloudflare.com\/ajax\/libs\/jquery\/3.6.1\/jquery.min.js\"><\/script><br \/>\n<script>\n  (MyGalleries=(typeof MyGalleries === 'undefined' ? [] : MyGalleries)).push({gallId:'#2A7FA',autoplay:true,lightbox:true,debug:false,popupLinks:true});\n  if(typeof GalleryLoaded === 'undefined'){\n    GalleryLoaded = jQuery(function(){\n      jQuery.ajax({url:'https:\/\/cdnjs.cloudflare.com\/ajax\/libs\/galleria\/1.6.1\/galleria.min.js',dataType:'script',cache:true}).done(function(){\n        Galleria.loadTheme('https:\/\/cdnjs.cloudflare.com\/ajax\/libs\/galleria\/1.6.1\/themes\/classic\/galleria.classic.js');\n        for(var n in MyGalleries){\n          Galleria.run(MyGalleries[n].gallId, MyGalleries[n]);\n          jQuery(MyGalleries[n].gallId).css('display','block');\n        }\n      });\n    });\n  }\n<\/script><\/p>\n","protected":false},"excerpt":{"rendered":"<p>A l\u2019Escola de la Concepci\u00f3 treballem cada any un eix tem\u00e0tic com\u00fa que vertebra moltes de les activitats del curs: l\u2019Eix Transversal. Aquesta proposta ens permet connectar aprenentatges i fomentar la cohesi\u00f3 entre tots els cursos.<br \/>\nDurant el curs es dediquen tres setmanes, una per trimestre,&hellip;  <a href=\"https:\/\/agora.xtec.cat\/escoladelaconcepcio\/projectes\/eix-transversal\/\" title=\"Read Eix Transversal\">Llegeix m\u00e9s\u00bb<\/a><\/p>\n","protected":false},"author":1,"featured_media":0,"parent":1320,"menu_order":0,"comment_status":"closed","ping_status":"closed","template":"page-templates\/side-menu.php","meta":{"_bbp_topic_count":0,"_bbp_reply_count":0,"_bbp_total_topic_count":0,"_bbp_total_reply_count":0,"_bbp_voice_count":0,"_bbp_anonymous_reply_count":0,"_bbp_topic_count_hidden":0,"_bbp_reply_count_hidden":0,"_bbp_forum_subforum_count":0,"footnotes":""},"class_list":["post-1267","page","type-page","status-publish","hentry"],"post_mailing_queue_ids":[],"_links":{"self":[{"href":"https:\/\/agora.xtec.cat\/escoladelaconcepcio\/wp-json\/wp\/v2\/pages\/1267","targetHints":{"allow":["GET"]}}],"collection":[{"href":"https:\/\/agora.xtec.cat\/escoladelaconcepcio\/wp-json\/wp\/v2\/pages"}],"about":[{"href":"https:\/\/agora.xtec.cat\/escoladelaconcepcio\/wp-json\/wp\/v2\/types\/page"}],"author":[{"embeddable":true,"href":"https:\/\/agora.xtec.cat\/escoladelaconcepcio\/wp-json\/wp\/v2\/users\/1"}],"replies":[{"embeddable":true,"href":"https:\/\/agora.xtec.cat\/escoladelaconcepcio\/wp-json\/wp\/v2\/comments?post=1267"}],"version-history":[{"count":6,"href":"https:\/\/agora.xtec.cat\/escoladelaconcepcio\/wp-json\/wp\/v2\/pages\/1267\/revisions"}],"predecessor-version":[{"id":3606,"href":"https:\/\/agora.xtec.cat\/escoladelaconcepcio\/wp-json\/wp\/v2\/pages\/1267\/revisions\/3606"}],"up":[{"embeddable":true,"href":"https:\/\/agora.xtec.cat\/escoladelaconcepcio\/wp-json\/wp\/v2\/pages\/1320"}],"wp:attachment":[{"href":"https:\/\/agora.xtec.cat\/escoladelaconcepcio\/wp-json\/wp\/v2\/media?parent=1267"}],"curies":[{"name":"wp","href":"https:\/\/api.w.org\/{rel}","templated":true}]}}