{"id":1168,"date":"2017-02-21T17:46:25","date_gmt":"2017-02-21T16:46:25","guid":{"rendered":"http:\/\/agora.xtec.cat\/escoladelaconcepcio\/?page_id=1168"},"modified":"2025-04-14T08:55:21","modified_gmt":"2025-04-14T06:55:21","slug":"serveis","status":"publish","type":"page","link":"https:\/\/agora.xtec.cat\/escoladelaconcepcio\/lescola\/serveis\/","title":{"rendered":"Serveis"},"content":{"rendered":"<p><strong>ACOLLIDA<\/strong><\/p>\n<p>Les fam\u00edlies disposen d\u2019un servei d\u2019acollida al mat\u00ed de 8h a 9h i a la tarda de 16,30h a 18h. Aquest servei es contracta de forma puntual i t\u00e9 per objectiu ajudar a les fam\u00edlies que ho requereixen.<\/p>\n<p><strong>ESPAI MIGDIA<\/strong><\/p>\n<p>L\u2019Espai Migdia de l\u2019Escola de la Concepci\u00f3 funciona de 12:30 a 15:00\u00a0 i ofereix un servei de menjador amb cuina pr\u00f2pia gestionada per<a href=\"https:\/\/menjadorsbiosca.cat\/\"> COBISA<\/a>.<\/p>\n<p>Els monitors promouen h\u00e0bits saludables i dinamitzen activitats relacionades amb l\u2019alimentaci\u00f3 i el medi ambient. Tamb\u00e9 se celebren jornades especials com Sant Jordi i Carnestoltes.<\/p>\n<p>Per informaci\u00f3 m\u00e9s detallada, preus i men\u00fas, podeu consultar l<a href=\"https:\/\/escolaconcepcio.com\/espai_migdia\/\">a web de L&#8217;AFA de l&#8217;escola\u200b<\/a><\/p>\n<p><strong>ACTIVITATS EXTRAESCOLARS<\/strong><\/p>\n<p>La comissi\u00f3 d&#8217;extraescolars de l&#8217;AFA de l&#8217;Escola de la Concepci\u00f3 organitza activitats per a infants de tots els cursos, estructurades en cinc \u00e0mbits principals: esports, arts esc\u00e8niques, i altres disciplines que fomenten el desenvolupament integral dels nens i nenes. Per a m\u00e9s informaci\u00f3, podeu accedir a la<a href=\"https:\/\/escolaconcepcio.com\/activitats2324\/\"> web de l&#8217;AFA de l&#8217;Escola.<\/a><\/p>\n<div><\/div>\n","protected":false},"excerpt":{"rendered":"<p>ACOLLIDA<br \/>\nLes fam\u00edlies disposen d\u2019un servei d\u2019acollida al mat\u00ed de 8h a 9h i a la tarda de 16,30h a 18h. Aquest servei es contracta de forma puntual i t\u00e9 per objectiu ajudar a les fam\u00edlies que ho requereixen.<br \/>\nESPAI MIGDIA<br \/>\nL\u2019Espai Migdia de l\u2019Escola de la Concepci\u00f3&hellip;  <a href=\"https:\/\/agora.xtec.cat\/escoladelaconcepcio\/lescola\/serveis\/\" title=\"Read Serveis\">Llegeix m\u00e9s\u00bb<\/a><\/p>\n","protected":false},"author":1,"featured_media":0,"parent":22,"menu_order":0,"comment_status":"closed","ping_status":"closed","template":"page-templates\/side-menu.php","meta":{"_bbp_topic_count":0,"_bbp_reply_count":0,"_bbp_total_topic_count":0,"_bbp_total_reply_count":0,"_bbp_voice_count":0,"_bbp_anonymous_reply_count":0,"_bbp_topic_count_hidden":0,"_bbp_reply_count_hidden":0,"_bbp_forum_subforum_count":0,"footnotes":""},"class_list":["post-1168","page","type-page","status-publish","hentry"],"post_mailing_queue_ids":[],"_links":{"self":[{"href":"https:\/\/agora.xtec.cat\/escoladelaconcepcio\/wp-json\/wp\/v2\/pages\/1168","targetHints":{"allow":["GET"]}}],"collection":[{"href":"https:\/\/agora.xtec.cat\/escoladelaconcepcio\/wp-json\/wp\/v2\/pages"}],"about":[{"href":"https:\/\/agora.xtec.cat\/escoladelaconcepcio\/wp-json\/wp\/v2\/types\/page"}],"author":[{"embeddable":true,"href":"https:\/\/agora.xtec.cat\/escoladelaconcepcio\/wp-json\/wp\/v2\/users\/1"}],"replies":[{"embeddable":true,"href":"https:\/\/agora.xtec.cat\/escoladelaconcepcio\/wp-json\/wp\/v2\/comments?post=1168"}],"version-history":[{"count":6,"href":"https:\/\/agora.xtec.cat\/escoladelaconcepcio\/wp-json\/wp\/v2\/pages\/1168\/revisions"}],"predecessor-version":[{"id":3561,"href":"https:\/\/agora.xtec.cat\/escoladelaconcepcio\/wp-json\/wp\/v2\/pages\/1168\/revisions\/3561"}],"up":[{"embeddable":true,"href":"https:\/\/agora.xtec.cat\/escoladelaconcepcio\/wp-json\/wp\/v2\/pages\/22"}],"wp:attachment":[{"href":"https:\/\/agora.xtec.cat\/escoladelaconcepcio\/wp-json\/wp\/v2\/media?parent=1168"}],"curies":[{"name":"wp","href":"https:\/\/api.w.org\/{rel}","templated":true}]}}