{"id":918,"date":"2024-02-16T21:02:24","date_gmt":"2024-02-16T20:02:24","guid":{"rendered":"https:\/\/agora.xtec.cat\/escoladecastellfollitdelboix\/?page_id=918"},"modified":"2024-02-16T21:08:54","modified_gmt":"2024-02-16T20:08:54","slug":"horari","status":"publish","type":"page","link":"https:\/\/agora.xtec.cat\/escoladecastellfollitdelboix\/horari\/","title":{"rendered":"Horari de l&#8217;escola"},"content":{"rendered":"<ul>\n<li><strong>Alumnat d&#8217;Educaci\u00f3 Infantil<\/strong><\/li>\n<\/ul>\n<p>L&#8217;horari de l&#8217;escola \u00e9s de les 8.30 a les 12h i de les 15 a les 16:30h.<\/p>\n<ul>\n<li><strong>Alumnat d&#8217;Educaci\u00f3 Prim\u00e0ria<\/strong><\/li>\n<\/ul>\n<p>L&#8217;horari de l&#8217;escola \u00e9s de les 8.30 a les 13h i de les 15 a les 16:30h.<\/p>\n<p>El centre fa sisena hora per l&#8217;alumnat d&#8217;educaci\u00f3 prim\u00e0ria.<\/p>\n<p><strong>Parlem una mica sobre la puntualitat? <img loading=\"lazy\" decoding=\"async\" class=\"alignright\" src=\"https:\/\/3.bp.blogspot.com\/-1sCk2Fvbxs8\/UmbBeWWfd7I\/AAAAAAAAAKg\/icevZ6i8rOE\/s320\/rellotge_011+(1).gif\" alt=\"La puntualitat a l'escola | Escola Ciutat Cooperativa\" width=\"220\" height=\"220\" \/><\/strong><br \/>\n\u00c9sser puntual \u00e9s una norma d\u2019educaci\u00f3 b\u00e0sica: demostra respecte cap al temps dels altres , capacitat d\u2019organitzaci\u00f3 i planificaci\u00f3 del temps, responsabilitat, formalitat, rigor\u2026 \u00c9s important, doncs, ser puntual.<\/p>\n<p>Aquesta \u00e9s una virtut que cal ensenyar des dels primers anys de vida. \u00c9s un <strong>h\u00e0bit que cal treballar a casa<\/strong> junt amb la resta de normes i costums que ajuden a establir els nostres horaris i la nostra manera comportar-nos en societat.<\/p>\n<p>A l\u2019escola, com en qualsevol altre lloc, tenim us horaris i unes normes que haur\u00edem de complir tots i totes. A l&#8217;escola comencem a les 8.30h i per tant cal venir amb temps. Quan un alumne\/a\u00a0 arriba tard, ja comen\u00e7a malament el dia, li costa concentrar-se i, sovint, s\u2019avergonyeix d\u2019haver fet tard. A l&#8217;escola comencem amb els 15minuts di\u00e0ria de lectura i per tant si arriben tard, no tenen el temps suficient per treballar l&#8217;h\u00e0bit lector com tamb\u00e9 perjudica a la resta d&#8217;alumnes.<\/p>\n<p>Gr\u00e0cies per la vostra col\u00b7laboraci\u00f3.<\/p>\n<p>&nbsp;<\/p>\n<p>&nbsp;<\/p>\n<p><img loading=\"lazy\" decoding=\"async\" class=\"aligncenter\" src=\"https:\/\/agora.xtec.cat\/ceip-albert-vives\/wp-content\/uploads\/usu1841\/2018\/12\/TARD.jpg\" alt=\"PUNTUALITAT A L'ESCOLA | Escola Moss\u00e8n Albert Vives\" width=\"572\" height=\"489\" \/><\/p>\n<p>&nbsp;<\/p>\n","protected":false},"excerpt":{"rendered":"<ul>\n<li>Alumnat d&#8217;Educaci\u00f3 Infantil<\/li>\n<\/ul>\n<p>L&#8217;horari de l&#8217;escola \u00e9s de les 8.30 a les 12h i de les 15 a les 16:30h.<\/p>\n<ul>\n<li>Alumnat d&#8217;Educaci\u00f3 Prim\u00e0ria<\/li>\n<\/ul>\n<p>L&#8217;horari de l&#8217;escola \u00e9s de les 8.30 a les 13h i de les 15 a les 16:30h.<br \/>\nEl centre fa sisena hora per l&#8217;alumnat d&#8217;educaci\u00f3 prim\u00e0ria.<br \/>\nParlem&hellip;  <a href=\"https:\/\/agora.xtec.cat\/escoladecastellfollitdelboix\/horari\/\" title=\"Read Horari de l&#8217;escola\">Llegeix m\u00e9s\u00bb<\/a><\/p>\n","protected":false},"author":1,"featured_media":0,"parent":0,"menu_order":0,"comment_status":"closed","ping_status":"closed","template":"","meta":{"_bbp_topic_count":0,"_bbp_reply_count":0,"_bbp_total_topic_count":0,"_bbp_total_reply_count":0,"_bbp_voice_count":0,"_bbp_anonymous_reply_count":0,"_bbp_topic_count_hidden":0,"_bbp_reply_count_hidden":0,"_bbp_forum_subforum_count":0,"footnotes":""},"class_list":["post-918","page","type-page","status-publish","hentry"],"post_mailing_queue_ids":[],"_links":{"self":[{"href":"https:\/\/agora.xtec.cat\/escoladecastellfollitdelboix\/wp-json\/wp\/v2\/pages\/918","targetHints":{"allow":["GET"]}}],"collection":[{"href":"https:\/\/agora.xtec.cat\/escoladecastellfollitdelboix\/wp-json\/wp\/v2\/pages"}],"about":[{"href":"https:\/\/agora.xtec.cat\/escoladecastellfollitdelboix\/wp-json\/wp\/v2\/types\/page"}],"author":[{"embeddable":true,"href":"https:\/\/agora.xtec.cat\/escoladecastellfollitdelboix\/wp-json\/wp\/v2\/users\/1"}],"replies":[{"embeddable":true,"href":"https:\/\/agora.xtec.cat\/escoladecastellfollitdelboix\/wp-json\/wp\/v2\/comments?post=918"}],"version-history":[{"count":3,"href":"https:\/\/agora.xtec.cat\/escoladecastellfollitdelboix\/wp-json\/wp\/v2\/pages\/918\/revisions"}],"predecessor-version":[{"id":924,"href":"https:\/\/agora.xtec.cat\/escoladecastellfollitdelboix\/wp-json\/wp\/v2\/pages\/918\/revisions\/924"}],"wp:attachment":[{"href":"https:\/\/agora.xtec.cat\/escoladecastellfollitdelboix\/wp-json\/wp\/v2\/media?parent=918"}],"curies":[{"name":"wp","href":"https:\/\/api.w.org\/{rel}","templated":true}]}}