{"id":73,"date":"2014-09-18T14:01:51","date_gmt":"2014-09-18T13:01:51","guid":{"rendered":"http:\/\/agora.xtec.cat\/escoladecastellfollitdelboix\/?page_id=73"},"modified":"2024-02-16T21:00:31","modified_gmt":"2024-02-16T20:00:31","slug":"menjador-escolar","status":"publish","type":"page","link":"https:\/\/agora.xtec.cat\/escoladecastellfollitdelboix\/serveis\/menjador-escolar\/","title":{"rendered":"Menjador escolar"},"content":{"rendered":"<p>L\u2019AFA \u00e9s l\u2019associaci\u00f3 de pares\u00a0 i mares\u00a0 d\u2019alumnes. Representa una possibilitat de participar en la vida escolar.\u00a0 Est\u00e0 formada per tots els pares i mares, i t\u00e9 una junta que representa tot el col\u00b7lectiu.\u00a0 El seu objectiu \u00e9s p<em><strong>otenciar, dinamitzar i promoure activitats al voltant de l\u2019\u00e0mbit escolar.<\/strong><\/em><\/p>\n<p>Per posar-se en contacte amb l\u2019AFA podeu trucar a l\u2019escola o b\u00e9 parlar directament amb algun membre de la seva junta.<\/p>\n<p>La junta de l\u2019AFA de l&#8217;Escola El Boix est\u00e0 formada per:<\/p>\n<p>Presidenta: Aitzane Ramos<\/p>\n<p>Tresorera: Susanna Serrano<\/p>\n<p>Secret\u00e0ria:\u00a0 \u00a0Veronica Iglesias<\/p>\n<p>Vocals: Gisela Carrer i Gloudina Greenacre<\/p>\n<p><u>L\u2019AMPA gestiona el menjador escolar.<\/u><\/p>\n<p>La monitora del menjador de l&#8217;edifici de Maians (cicle mitj\u00e0 i superior) s\u00f3n la Consol i l&#8217;Esther . Les monitores de l&#8217;edifici de Castelfollit del Boix (educaci\u00f3 infantil i cicle inicial) s\u00f3n la Zoe i la Sandra.<\/p>\n<p>&nbsp;<\/p>\n<p><u>Funcionament del menjador<\/u><\/p>\n<p>Per tal de donar continu\u00eftat als h\u00e0bits treballats a casa i a l\u2019escola, els nens han de portar un raspall de dents, un tub de pasta de dents d\u2019 \u00fas individual i un tovall\u00f3.<\/p>\n<p>Cal recordar que el servei de menjador \u00e9s opcional, i s\u2019han de complir unes normes b\u00e0siques de comportament. En cas que s\u2019incompleixin, la comissi\u00f3 de conviv\u00e8ncia decidir\u00e0 les mesures a seguir.<\/p>\n<p>Cal recordar que els alumnes porten el dinar en\u00a0<u>carmanyoles<\/u>\u00a0que han d\u2019anar ben tancades i amb el nom en lloc visible.\u00a0<strong>El menjar ha d\u2019arribar fred a l\u2019escola\u00a0<\/strong>per seguretat aliment\u00e0ria. \u00c9s important tenir cura de la higiene de les bosses on es transporta el menjar.<\/p>\n","protected":false},"excerpt":{"rendered":"<p>L\u2019AFA \u00e9s l\u2019associaci\u00f3 de pares\u00a0 i mares\u00a0 d\u2019alumnes. Representa una possibilitat de participar en la vida escolar.\u00a0 Est\u00e0 formada per tots els pares i mares, i t\u00e9 una junta que representa tot el col\u00b7lectiu.\u00a0 El seu objectiu \u00e9s potenciar, dinamitzar i promoure activitats al voltant&hellip;  <a href=\"https:\/\/agora.xtec.cat\/escoladecastellfollitdelboix\/serveis\/menjador-escolar\/\" title=\"Read Menjador escolar\">Llegeix m\u00e9s\u00bb<\/a><\/p>\n","protected":false},"author":1,"featured_media":0,"parent":66,"menu_order":30,"comment_status":"closed","ping_status":"closed","template":"page-templates\/side-menu.php","meta":{"_bbp_topic_count":0,"_bbp_reply_count":0,"_bbp_total_topic_count":0,"_bbp_total_reply_count":0,"_bbp_voice_count":0,"_bbp_anonymous_reply_count":0,"_bbp_topic_count_hidden":0,"_bbp_reply_count_hidden":0,"_bbp_forum_subforum_count":0,"footnotes":""},"class_list":["post-73","page","type-page","status-publish","hentry"],"post_mailing_queue_ids":[],"_links":{"self":[{"href":"https:\/\/agora.xtec.cat\/escoladecastellfollitdelboix\/wp-json\/wp\/v2\/pages\/73","targetHints":{"allow":["GET"]}}],"collection":[{"href":"https:\/\/agora.xtec.cat\/escoladecastellfollitdelboix\/wp-json\/wp\/v2\/pages"}],"about":[{"href":"https:\/\/agora.xtec.cat\/escoladecastellfollitdelboix\/wp-json\/wp\/v2\/types\/page"}],"author":[{"embeddable":true,"href":"https:\/\/agora.xtec.cat\/escoladecastellfollitdelboix\/wp-json\/wp\/v2\/users\/1"}],"replies":[{"embeddable":true,"href":"https:\/\/agora.xtec.cat\/escoladecastellfollitdelboix\/wp-json\/wp\/v2\/comments?post=73"}],"version-history":[{"count":4,"href":"https:\/\/agora.xtec.cat\/escoladecastellfollitdelboix\/wp-json\/wp\/v2\/pages\/73\/revisions"}],"predecessor-version":[{"id":917,"href":"https:\/\/agora.xtec.cat\/escoladecastellfollitdelboix\/wp-json\/wp\/v2\/pages\/73\/revisions\/917"}],"up":[{"embeddable":true,"href":"https:\/\/agora.xtec.cat\/escoladecastellfollitdelboix\/wp-json\/wp\/v2\/pages\/66"}],"wp:attachment":[{"href":"https:\/\/agora.xtec.cat\/escoladecastellfollitdelboix\/wp-json\/wp\/v2\/media?parent=73"}],"curies":[{"name":"wp","href":"https:\/\/api.w.org\/{rel}","templated":true}]}}