{"id":71,"date":"2014-09-18T12:44:56","date_gmt":"2014-09-18T11:44:56","guid":{"rendered":"http:\/\/agora.xtec.cat\/escoladecastellfollitdelboix\/?page_id=71"},"modified":"2023-02-13T13:00:18","modified_gmt":"2023-02-13T12:00:18","slug":"serveis-digitals","status":"publish","type":"page","link":"https:\/\/agora.xtec.cat\/escoladecastellfollitdelboix\/serveis\/serveis-digitals\/","title":{"rendered":"Serveis digitals"},"content":{"rendered":"<p>L&#8217;oferta de <strong>serveis\u00a0digitals<\/strong>\u00a0constitueix un element\u00a0molt important de l&#8217;engranatge d&#8217;un centre educatiu.<\/p>\n<p>L&#8217;alumnat a partir de 3r de PRIM\u00c0RIA fa uns del Google Classroom.<\/p>\n<p>El Centre utilitza la PLATAFORMA EDVOCIE com a mitj\u00e0 de comunicaci\u00f3 amb les fam\u00edlies (autoritzacions de sortides i gesti\u00f3 de pagaments).<\/p>\n","protected":false},"excerpt":{"rendered":"<p>L&#8217;oferta de serveis\u00a0digitals\u00a0constitueix un element\u00a0molt important de l&#8217;engranatge d&#8217;un centre educatiu.<br \/>\nL&#8217;alumnat a partir de 3r de PRIM\u00c0RIA fa uns del Google Classroom.<br \/>\nEl Centre utilitza la PLATAFORMA EDVOCIE com a mitj\u00e0 de comunicaci\u00f3 amb les fam\u00edlies (autoritzacions de sortides i gesti\u00f3 de pagaments).<\/p>\n","protected":false},"author":1,"featured_media":0,"parent":66,"menu_order":10,"comment_status":"closed","ping_status":"closed","template":"page-templates\/side-menu.php","meta":{"_bbp_topic_count":0,"_bbp_reply_count":0,"_bbp_total_topic_count":0,"_bbp_total_reply_count":0,"_bbp_voice_count":0,"_bbp_anonymous_reply_count":0,"_bbp_topic_count_hidden":0,"_bbp_reply_count_hidden":0,"_bbp_forum_subforum_count":0,"footnotes":""},"class_list":["post-71","page","type-page","status-publish","hentry"],"post_mailing_queue_ids":[],"_links":{"self":[{"href":"https:\/\/agora.xtec.cat\/escoladecastellfollitdelboix\/wp-json\/wp\/v2\/pages\/71","targetHints":{"allow":["GET"]}}],"collection":[{"href":"https:\/\/agora.xtec.cat\/escoladecastellfollitdelboix\/wp-json\/wp\/v2\/pages"}],"about":[{"href":"https:\/\/agora.xtec.cat\/escoladecastellfollitdelboix\/wp-json\/wp\/v2\/types\/page"}],"author":[{"embeddable":true,"href":"https:\/\/agora.xtec.cat\/escoladecastellfollitdelboix\/wp-json\/wp\/v2\/users\/1"}],"replies":[{"embeddable":true,"href":"https:\/\/agora.xtec.cat\/escoladecastellfollitdelboix\/wp-json\/wp\/v2\/comments?post=71"}],"version-history":[{"count":1,"href":"https:\/\/agora.xtec.cat\/escoladecastellfollitdelboix\/wp-json\/wp\/v2\/pages\/71\/revisions"}],"predecessor-version":[{"id":731,"href":"https:\/\/agora.xtec.cat\/escoladecastellfollitdelboix\/wp-json\/wp\/v2\/pages\/71\/revisions\/731"}],"up":[{"embeddable":true,"href":"https:\/\/agora.xtec.cat\/escoladecastellfollitdelboix\/wp-json\/wp\/v2\/pages\/66"}],"wp:attachment":[{"href":"https:\/\/agora.xtec.cat\/escoladecastellfollitdelboix\/wp-json\/wp\/v2\/media?parent=71"}],"curies":[{"name":"wp","href":"https:\/\/api.w.org\/{rel}","templated":true}]}}