{"id":34,"date":"2014-09-18T12:32:18","date_gmt":"2014-09-18T11:32:18","guid":{"rendered":"http:\/\/agora.xtec.cat\/escoladecastellfollitdelboix\/?page_id=34"},"modified":"2025-10-09T19:26:59","modified_gmt":"2025-10-09T17:26:59","slug":"oferta-educativa","status":"publish","type":"page","link":"https:\/\/agora.xtec.cat\/escoladecastellfollitdelboix\/lescola\/oferta-educativa\/","title":{"rendered":"Oferta educativa"},"content":{"rendered":"<p><strong>ESPAI LLAR:<\/strong> 1 I 2 anys<\/p>\n<p><strong>COMUNITAT DE PETITS:<\/strong> 3, 4 i 5 anys<\/p>\n<p><strong>COMUNITAT DE MITJANS:<\/strong> 1r, 2n i 3r de PRIM\u00c0RIA<\/p>\n<p><strong>COMUNITAT DE GRANS:<\/strong> 4t, 5\u00e8 i 6\u00e8 de PRIM\u00c0RIA<\/p>\n<address>\n<hr \/>\n<\/address>\n<ul>\n<li>Educaci\u00f3 musical amb mestres especialistes<\/li>\n<li>Psicomotricitat (de P-3 a 2n) i educaci\u00f3 f\u00edsica\u00a0 amb mestres especialistes<\/li>\n<li>Ensenyament de llengua angles a partir de P3 amb un\u00a0 mestre especialista<\/li>\n<li>Impartici\u00f3 d&#8217;una \u00e0rea no ling\u00fc\u00edstica en angl\u00e8s a partir de 5\u00e8<\/li>\n<li>Servei psicopedag\u00f2gic\u00a0 (EAP)<\/li>\n<li>Atenci\u00f3 individualitzada i especialitzada pels alumnes que presenten necessitats en els aprenentatges, realitzada peR una\u00a0 mestra especialista en educaci\u00f3 especial<\/li>\n<\/ul>\n","protected":false},"excerpt":{"rendered":"<p>ESPAI LLAR: 1 I 2 anys<br \/>\nCOMUNITAT DE PETITS: 3, 4 i 5 anys<br \/>\nCOMUNITAT DE MITJANS: 1r, 2n i 3r de PRIM\u00c0RIA<br \/>\nCOMUNITAT DE GRANS: 4t, 5\u00e8 i 6\u00e8 de PRIM\u00c0RIA<\/p>\n<ul>\n<li>Educaci\u00f3 musical amb mestres especialistes<\/li>\n<li>Psicomotricitat (de P-3 a 2n) i educaci\u00f3 f\u00edsica\u00a0 amb mestres especialistes<\/li>\n<li>Ensenyament de llengua&hellip;  <a href=\"https:\/\/agora.xtec.cat\/escoladecastellfollitdelboix\/lescola\/oferta-educativa\/\" title=\"Read Oferta educativa\">Llegeix m\u00e9s\u00bb<\/a><br \/>\n","protected":false},"author":1,"featured_media":0,"parent":22,"menu_order":60,"comment_status":"closed","ping_status":"closed","template":"page-templates\/side-menu.php","meta":{"_bbp_topic_count":0,"_bbp_reply_count":0,"_bbp_total_topic_count":0,"_bbp_total_reply_count":0,"_bbp_voice_count":0,"_bbp_anonymous_reply_count":0,"_bbp_topic_count_hidden":0,"_bbp_reply_count_hidden":0,"_bbp_forum_subforum_count":0,"footnotes":""},"class_list":["post-34","page","type-page","status-publish","hentry"],"post_mailing_queue_ids":[],"_links":{"self":[{"href":"https:\/\/agora.xtec.cat\/escoladecastellfollitdelboix\/wp-json\/wp\/v2\/pages\/34","targetHints":{"allow":["GET"]}}],"collection":[{"href":"https:\/\/agora.xtec.cat\/escoladecastellfollitdelboix\/wp-json\/wp\/v2\/pages"}],"about":[{"href":"https:\/\/agora.xtec.cat\/escoladecastellfollitdelboix\/wp-json\/wp\/v2\/types\/page"}],"author":[{"embeddable":true,"href":"https:\/\/agora.xtec.cat\/escoladecastellfollitdelboix\/wp-json\/wp\/v2\/users\/1"}],"replies":[{"embeddable":true,"href":"https:\/\/agora.xtec.cat\/escoladecastellfollitdelboix\/wp-json\/wp\/v2\/comments?post=34"}],"version-history":[{"count":4,"href":"https:\/\/agora.xtec.cat\/escoladecastellfollitdelboix\/wp-json\/wp\/v2\/pages\/34\/revisions"}],"predecessor-version":[{"id":1165,"href":"https:\/\/agora.xtec.cat\/escoladecastellfollitdelboix\/wp-json\/wp\/v2\/pages\/34\/revisions\/1165"}],"up":[{"embeddable":true,"href":"https:\/\/agora.xtec.cat\/escoladecastellfollitdelboix\/wp-json\/wp\/v2\/pages\/22"}],"wp:attachment":[{"href":"https:\/\/agora.xtec.cat\/escoladecastellfollitdelboix\/wp-json\/wp\/v2\/media?parent=34"}],"curies":[{"name":"wp","href":"https:\/\/api.w.org\/{rel}","templated":true}]}}