{"id":26,"date":"2014-09-18T12:24:32","date_gmt":"2014-09-18T11:24:32","guid":{"rendered":"http:\/\/agora.xtec.cat\/escoladecastellfollitdelboix\/?page_id=26"},"modified":"2025-10-16T12:34:31","modified_gmt":"2025-10-16T10:34:31","slug":"historia","status":"publish","type":"page","link":"https:\/\/agora.xtec.cat\/escoladecastellfollitdelboix\/lescola\/historia\/","title":{"rendered":"Qui Som"},"content":{"rendered":"<p>L&#8217;Escola El Boix \u00e9s un centre &#8220;de nova creaci\u00f3&#8221; fruit de la fusi\u00f3 de l&#8217;Escola Coll de Gossem i l&#8217;Escola de Maians el curs 2022-2023. Tot i que som un sol centre educatiu mantenim els dos edificis de les escoles. En un edifici situat a Castellfollit del Boix, actualment, hi assisteixen els nens i nenes d&#8217;Educaci\u00f3 Infantil i Cicle Inicial. En l&#8217;edifici de Maians (situat a 5km) hi assisteixen els alumnes de Cicle Mitj\u00e0 i Cicle Superior.<\/p>\n<p>El curs 2024-2025 es va incorporar l<em><strong>&#8216;Espai Llar<\/strong><\/em> a l&#8217;escola, que acollir\u00e0 petits i petites d&#8217;1 i 2 anys.<\/p>\n<p>L&#8217;Escola El Boix forma part de la ZER Tres Branques juntament amb l&#8217;escola Les Passeres de Castellol\u00ed.<\/p>\n<p>Aquest curs 2025-2026 a l&#8217;escola som 41 alumnes repartits en els agrupaments seg\u00fcents:<\/p>\n<ul>\n<li>Espai Llar (EI1-EI2)<\/li>\n<li>Comunitat de petits (EI3-EI4-EI5)<\/li>\n<li>Comunitat de mitjans (1r-2n-3r)<\/li>\n<li>Comunitat de grans (4t-5\u00e8-6\u00e8)<\/li>\n<\/ul>\n","protected":false},"excerpt":{"rendered":"<p>L&#8217;Escola El Boix \u00e9s un centre &#8220;de nova creaci\u00f3&#8221; fruit de la fusi\u00f3 de l&#8217;Escola Coll de Gossem i l&#8217;Escola de Maians el curs 2022-2023. Tot i que som un sol centre educatiu mantenim els dos edificis de les escoles. En un edifici situat a&hellip;  <a href=\"https:\/\/agora.xtec.cat\/escoladecastellfollitdelboix\/lescola\/historia\/\" title=\"Read Qui Som\">Llegeix m\u00e9s\u00bb<\/a><\/p>\n","protected":false},"author":1,"featured_media":0,"parent":22,"menu_order":20,"comment_status":"closed","ping_status":"closed","template":"page-templates\/side-menu.php","meta":{"_bbp_topic_count":0,"_bbp_reply_count":0,"_bbp_total_topic_count":0,"_bbp_total_reply_count":0,"_bbp_voice_count":0,"_bbp_anonymous_reply_count":0,"_bbp_topic_count_hidden":0,"_bbp_reply_count_hidden":0,"_bbp_forum_subforum_count":0,"footnotes":""},"class_list":["post-26","page","type-page","status-publish","hentry"],"post_mailing_queue_ids":[],"_links":{"self":[{"href":"https:\/\/agora.xtec.cat\/escoladecastellfollitdelboix\/wp-json\/wp\/v2\/pages\/26","targetHints":{"allow":["GET"]}}],"collection":[{"href":"https:\/\/agora.xtec.cat\/escoladecastellfollitdelboix\/wp-json\/wp\/v2\/pages"}],"about":[{"href":"https:\/\/agora.xtec.cat\/escoladecastellfollitdelboix\/wp-json\/wp\/v2\/types\/page"}],"author":[{"embeddable":true,"href":"https:\/\/agora.xtec.cat\/escoladecastellfollitdelboix\/wp-json\/wp\/v2\/users\/1"}],"replies":[{"embeddable":true,"href":"https:\/\/agora.xtec.cat\/escoladecastellfollitdelboix\/wp-json\/wp\/v2\/comments?post=26"}],"version-history":[{"count":6,"href":"https:\/\/agora.xtec.cat\/escoladecastellfollitdelboix\/wp-json\/wp\/v2\/pages\/26\/revisions"}],"predecessor-version":[{"id":1190,"href":"https:\/\/agora.xtec.cat\/escoladecastellfollitdelboix\/wp-json\/wp\/v2\/pages\/26\/revisions\/1190"}],"up":[{"embeddable":true,"href":"https:\/\/agora.xtec.cat\/escoladecastellfollitdelboix\/wp-json\/wp\/v2\/pages\/22"}],"wp:attachment":[{"href":"https:\/\/agora.xtec.cat\/escoladecastellfollitdelboix\/wp-json\/wp\/v2\/media?parent=26"}],"curies":[{"name":"wp","href":"https:\/\/api.w.org\/{rel}","templated":true}]}}