{"id":961,"date":"2020-04-22T19:59:19","date_gmt":"2020-04-22T17:59:19","guid":{"rendered":"https:\/\/agora.xtec.cat\/escoladecalders\/?page_id=961"},"modified":"2020-04-22T20:44:19","modified_gmt":"2020-04-22T18:44:19","slug":"recomanacions-per-un-sant-jordi-confinats","status":"publish","type":"page","link":"https:\/\/agora.xtec.cat\/escoladecalders\/recomanacions-per-un-sant-jordi-confinats\/","title":{"rendered":"Recomanacions per un Sant Jordi confinats"},"content":{"rendered":"<p><strong>Benvolgudes fam\u00edlies,<\/strong><br \/>\n<strong>Com que aquest any no ens podem trobar al peu de la parada, triant i remenant llibres, ni compartint propostes i recomanacions, deixem aquesta\u00a0<em>finestra\u00a0<\/em>oberta perqu\u00e8 tots plegats, grans i petits, puguem compartir els nostres gustos literaris!<\/strong><\/p>\n<p><a href=\"https:\/\/drive.google.com\/file\/d\/1kl-3uC3mZd8Y1jdVC__D71IW0-DDAPoz\/view\"><img loading=\"lazy\" decoding=\"async\" class=\"wp-image-962 alignleft\" src=\"https:\/\/agora.xtec.cat\/escoladecalders\/wp-content\/uploads\/usu2083\/2020\/04\/Nana-Bunilda-Portada-web-756x1024.jpg\" alt=\"\" width=\"160\" height=\"217\" srcset=\"https:\/\/agora.xtec.cat\/escoladecalders\/wp-content\/uploads\/usu2083\/2020\/04\/Nana-Bunilda-Portada-web-756x1024.jpg 756w, https:\/\/agora.xtec.cat\/escoladecalders\/wp-content\/uploads\/usu2083\/2020\/04\/Nana-Bunilda-Portada-web-221x300.jpg 221w, https:\/\/agora.xtec.cat\/escoladecalders\/wp-content\/uploads\/usu2083\/2020\/04\/Nana-Bunilda-Portada-web-768x1040.jpg 768w\" sizes=\"auto, (max-width: 160px) 100vw, 160px\" \/><\/a>\u00c9s molt possible que la situaci\u00f3 d&#8217;aquesta pand\u00e8mia hagi generat algun neguit en els m\u00e9s menuts (i no tan menuts&#8230;) de la casa. Per encetar aquestes recomanacions us ofereixo un cl\u00e0ssic \u00e0lbum il\u00b7lustrat dels que ajuden a v\u00e8ncer pors, mereixedor d&#8217;importants premis de la literatura infantil, per si la Nana Bunilda pot aixecar la seva trena i ajudar a alguns dels vostres fills i filles!<\/p>\n<p>&nbsp;<\/p>\n<p>Cliqueu damunt de la imatge i a gaudir-ne!!<\/p>\n","protected":false},"excerpt":{"rendered":"<p>Benvolgudes fam\u00edlies,<br \/>\nCom que aquest any no ens podem trobar al peu de la parada, triant i remenant llibres, ni compartint propostes i recomanacions, deixem aquesta\u00a0finestra\u00a0oberta perqu\u00e8 tots plegats, grans i petits, puguem compartir els nostres gustos literaris!<br \/>\n<a href=\"https:\/\/drive.google.com\/file\/d\/1kl-3uC3mZd8Y1jdVC__D71IW0-DDAPoz\/view\"><\/a>\u00c9s molt possible que la situaci\u00f3 d&#8217;aquesta pand\u00e8mia&hellip;  <a href=\"https:\/\/agora.xtec.cat\/escoladecalders\/recomanacions-per-un-sant-jordi-confinats\/\" title=\"Read Recomanacions per un Sant Jordi confinats\">Llegeix m\u00e9s\u00bb<\/a><\/p>\n","protected":false},"author":1,"featured_media":0,"parent":0,"menu_order":0,"comment_status":"closed","ping_status":"closed","template":"","meta":{"_bbp_topic_count":0,"_bbp_reply_count":0,"_bbp_total_topic_count":0,"_bbp_total_reply_count":0,"_bbp_voice_count":0,"_bbp_anonymous_reply_count":0,"_bbp_topic_count_hidden":0,"_bbp_reply_count_hidden":0,"_bbp_forum_subforum_count":0,"footnotes":""},"class_list":["post-961","page","type-page","status-publish","hentry"],"post_mailing_queue_ids":[],"_links":{"self":[{"href":"https:\/\/agora.xtec.cat\/escoladecalders\/wp-json\/wp\/v2\/pages\/961","targetHints":{"allow":["GET"]}}],"collection":[{"href":"https:\/\/agora.xtec.cat\/escoladecalders\/wp-json\/wp\/v2\/pages"}],"about":[{"href":"https:\/\/agora.xtec.cat\/escoladecalders\/wp-json\/wp\/v2\/types\/page"}],"author":[{"embeddable":true,"href":"https:\/\/agora.xtec.cat\/escoladecalders\/wp-json\/wp\/v2\/users\/1"}],"replies":[{"embeddable":true,"href":"https:\/\/agora.xtec.cat\/escoladecalders\/wp-json\/wp\/v2\/comments?post=961"}],"version-history":[{"count":3,"href":"https:\/\/agora.xtec.cat\/escoladecalders\/wp-json\/wp\/v2\/pages\/961\/revisions"}],"predecessor-version":[{"id":973,"href":"https:\/\/agora.xtec.cat\/escoladecalders\/wp-json\/wp\/v2\/pages\/961\/revisions\/973"}],"wp:attachment":[{"href":"https:\/\/agora.xtec.cat\/escoladecalders\/wp-json\/wp\/v2\/media?parent=961"}],"curies":[{"name":"wp","href":"https:\/\/api.w.org\/{rel}","templated":true}]}}