{"id":77,"date":"2014-09-18T14:05:08","date_gmt":"2014-09-18T13:05:08","guid":{"rendered":"http:\/\/agora.xtec.cat\/escoladecalders\/?page_id=77"},"modified":"2020-03-18T18:17:15","modified_gmt":"2020-03-18T17:17:15","slug":"acollida","status":"publish","type":"page","link":"https:\/\/agora.xtec.cat\/escoladecalders\/serveis\/acollida\/","title":{"rendered":"Acollida"},"content":{"rendered":"<p style=\"color: #666666;\">L&#8217;escola ofereix servei d&#8217;acollida matinal a trav\u00e9s de l&#8217;AMPA que \u00e9s qui la gestiona. L&#8217;horari \u00e9s de 8:00 a 8:30.<\/p>\n<p style=\"color: #666666;\">\n","protected":false},"excerpt":{"rendered":"<p>L&#8217;escola ofereix servei d&#8217;acollida matinal a trav\u00e9s de l&#8217;AMPA que \u00e9s qui la gestiona. L&#8217;horari \u00e9s de 8:00 a 8:30.<\/p>\n","protected":false},"author":1,"featured_media":0,"parent":66,"menu_order":20,"comment_status":"closed","ping_status":"closed","template":"page-templates\/side-menu.php","meta":{"_bbp_topic_count":0,"_bbp_reply_count":0,"_bbp_total_topic_count":0,"_bbp_total_reply_count":0,"_bbp_voice_count":0,"_bbp_anonymous_reply_count":0,"_bbp_topic_count_hidden":0,"_bbp_reply_count_hidden":0,"_bbp_forum_subforum_count":0,"footnotes":""},"class_list":["post-77","page","type-page","status-publish","hentry"],"post_mailing_queue_ids":[],"_links":{"self":[{"href":"https:\/\/agora.xtec.cat\/escoladecalders\/wp-json\/wp\/v2\/pages\/77","targetHints":{"allow":["GET"]}}],"collection":[{"href":"https:\/\/agora.xtec.cat\/escoladecalders\/wp-json\/wp\/v2\/pages"}],"about":[{"href":"https:\/\/agora.xtec.cat\/escoladecalders\/wp-json\/wp\/v2\/types\/page"}],"author":[{"embeddable":true,"href":"https:\/\/agora.xtec.cat\/escoladecalders\/wp-json\/wp\/v2\/users\/1"}],"replies":[{"embeddable":true,"href":"https:\/\/agora.xtec.cat\/escoladecalders\/wp-json\/wp\/v2\/comments?post=77"}],"version-history":[{"count":1,"href":"https:\/\/agora.xtec.cat\/escoladecalders\/wp-json\/wp\/v2\/pages\/77\/revisions"}],"predecessor-version":[{"id":545,"href":"https:\/\/agora.xtec.cat\/escoladecalders\/wp-json\/wp\/v2\/pages\/77\/revisions\/545"}],"up":[{"embeddable":true,"href":"https:\/\/agora.xtec.cat\/escoladecalders\/wp-json\/wp\/v2\/pages\/66"}],"wp:attachment":[{"href":"https:\/\/agora.xtec.cat\/escoladecalders\/wp-json\/wp\/v2\/media?parent=77"}],"curies":[{"name":"wp","href":"https:\/\/api.w.org\/{rel}","templated":true}]}}